{"id":4281,"date":"2021-12-09T18:17:28","date_gmt":"2021-12-09T17:17:28","guid":{"rendered":"https:\/\/www.smilers.com\/como-funciona-el-tratamiento-de-ortodoncia-de-smilers\/"},"modified":"2024-04-18T16:35:33","modified_gmt":"2024-04-18T14:35:33","slug":"como-funciona-el-tratamiento-de-ortodoncia-de-smilers","status":"publish","type":"page","link":"https:\/\/www.smilers.com\/es\/como-funciona-el-tratamiento-de-ortodoncia-de-smilers\/","title":{"rendered":"\u00bfC\u00f3mo funciona el tratamiento de ortodoncia de Smilers\u00ae?"},"content":{"rendered":"<p>[vc_row content_placement=\u00bbmiddle\u00bb use_container=\u00bbyes\u00bb conter_content=\u00bbyes\u00bb el_class=\u00bbhide-on-mobile\u00bb][vc_column width=\u00bb5\/6&#8243; offset=\u00bbvc_col-lg-offset-0 vc_col-lg-8 vc_col-md-offset-1 vc_col-md-10 vc_col-sm-offset-1 vc_col-xs-12 vc_hidden-xs\u00bb][ts_side_image_left_custom image=\u00bb3880&#8243;][\/vc_column][vc_column css_animation=\u00bbfadeInRight\u00bb width=\u00bb5\/6&#8243; el_class=\u00bbside-text-column side-up\u00bb offset=\u00bbvc_col-lg-offset-0 vc_col-lg-4 vc_col-md-offset-1 vc_col-md-10 vc_col-sm-offset-1 vc_col-xs-12 vc_hidden-xs\u00bb][ts_side_text_block position=\u00bbright\u00bb new_tab=\u00bbyes\u00bb image=\u00bb1046&#8243; title=\u00bbUna <strong>asociaci\u00f3n<\/strong> entre <strong>Smilers\u00ae y su dentista u ortodoncista<\/strong>\u00bb link=\u00bbhttps:\/\/www.youtube.com\/watch?v=11Pa4OL45HU\u00bb]Cuando acuda a la primera cita con su dentista u ortodoncista Smilers\u00ae, y le confirme que puede realizar el tratamiento de ortodoncia con alineadores, <strong>la impresi\u00f3n<\/strong> f\u00edsica o digital de sus dientes se enviar\u00e1 a Smilers\u00ae en <strong>Salon-de-Provence<\/strong>.<\/p>\n<p>Su <strong>plan de tratamiento<\/strong> se realizar\u00e1 en colaboraci\u00f3n entre <strong>su dentista u ortodoncista y los ortodoncistas de Smilers\u00ae. <\/strong>Este peritaje doble le garantiza un tratamiento personalizado y adaptado a su morfolog\u00eda.<\/p>\n<p>Se crear\u00e1 el <strong>escenario de alineaci\u00f3n de sus dientes<\/strong>, con todas las fases. Cada una de ellas corresponde a un <strong>alineador transparente<\/strong>, que, al aplicar <strong>fuerzas mec\u00e1nicas suaves<\/strong>, desplazar\u00e1 algunos dientes hasta la siguiente fase.<\/p>\n<p>Se crear\u00e1 la <strong>Smilers\u00ae Story<\/strong>, v\u00eddeo de simulaci\u00f3n de su plan de tratamiento ortod\u00f3ntico. Se enviar\u00e1 a su profesional dental para que pueda confirmar con usted el plan de tratamiento realizado.*[\/ts_side_text_block][\/vc_column][vc_column offset=\u00bbvc_hidden-xs\u00bb][ts_about_text_content]<\/p>\n<p style=\"text-align: left;\"><em class=\"note\">* El resultado no puede ser garantizado por Smilers\u00ae y permanece sujeto al cumplimiento de las instrucciones sobre el uso y mantenimiento de alineadores, variando la biolog\u00eda humana de un individuo a otro. A veces, pueden ser necesarias fases adicionales<\/em><\/p>\n<p>[\/ts_about_text_content][\/vc_column][\/vc_row][vc_row content_placement=\u00bbmiddle\u00bb use_container=\u00bbyes\u00bb conter_content=\u00bbyes\u00bb el_class=\u00bbhide-on-desktop\u00bb][vc_column width=\u00bb5\/6&#8243; offset=\u00bbvc_col-lg-offset-0 vc_col-lg-8 vc_hidden-lg vc_col-md-offset-1 vc_col-md-10 vc_col-sm-offset-1 vc_col-xs-12&#8243;][ts_side_image_left_custom image=\u00bb3880&#8243;][\/vc_column][vc_column css_animation=\u00bbfadeInRight\u00bb width=\u00bb5\/6&#8243; el_class=\u00bbside-text-column side-up\u00bb offset=\u00bbvc_col-lg-offset-0 vc_col-lg-4 vc_hidden-lg vc_col-md-offset-1 vc_col-md-10 vc_col-sm-offset-1 vc_col-xs-12&#8243;][ts_side_text_block position=\u00bbright\u00bb image=\u00bb1046&#8243; title=\u00bbUna <strong>asociaci\u00f3n<\/strong> entre <strong>Smilers\u00ae y su dentista u ortodoncista<\/strong>\u00ab]Cuando acuda a la primera cita con su dentista u ortodoncista Smilers\u00ae, y le confirme que puede realizar el tratamiento de ortodoncia con alineadores, <strong>la impresi\u00f3n<\/strong> f\u00edsica o digital de sus dientes se enviar\u00e1 a Smilers\u00ae en <strong>Salon-de-Provence<\/strong>.<\/p>\n<p>Su <strong>plan de tratamiento<\/strong> se realizar\u00e1 en colaboraci\u00f3n entre <strong>su dentista u ortodoncista y los ortodoncistas de Smilers\u00ae. <\/strong>Este peritaje doble le garantiza un tratamiento personalizado y adaptado a su morfolog\u00eda.[\/ts_side_text_block][\/vc_column][\/vc_row][vc_row full_width=\u00bbstretch_row_content\u00bb content_placement=\u00bbmiddle\u00bb conter_content=\u00bbyes\u00bb el_class=\u00bbhide-on-desktop\u00bb css=\u00bb.vc_custom_1631289799577{margin-bottom: 25px !important;}\u00bb][vc_column offset=\u00bbvc_hidden-lg\u00bb css=\u00bb.vc_custom_1631289813440{padding-right: 0px !important;padding-left: 0px !important;}\u00bb][vc_single_image image=\u00bb3529&#8243; img_size=\u00bbfull\u00bb][\/vc_column][vc_column css_animation=\u00bbfadeInRight\u00bb el_class=\u00bbsmall-text\u00bb offset=\u00bbvc_hidden-lg\u00bb][vc_column_text css_animation=\u00bbnone\u00bb]<\/p>\n<p style=\"text-align: left;\">Se crear\u00e1 el <strong>escenario de alineaci\u00f3n de sus dientes<\/strong>, con todas las fases. Cada una de ellas corresponde a un <strong>alineador transparente<\/strong>, que, al aplicar <strong>fuerzas mec\u00e1nicas suaves<\/strong>, desplazar\u00e1 algunos dientes hasta la siguiente fase.<\/p>\n<p style=\"text-align: left;\">Se crear\u00e1 la <strong>Smilers\u00ae Story<\/strong>, v\u00eddeo de simulaci\u00f3n de su plan de tratamiento ortod\u00f3ntico. Se enviar\u00e1 a su profesional dental para que pueda confirmar con usted el plan de tratamiento realizado.*<\/p>\n<div class=\"black-link-div\">\n<div class=\"black-link\"><a href=\"https:\/\/www.youtube.com\/watch?v=11Pa4OL45HU\" target=\"_blank\" rel=\"noopener\">Descubrir<\/a><\/div>\n<\/div>\n<p>[\/vc_column_text][\/vc_column][vc_column offset=\u00bbvc_hidden-lg\u00bb][ts_about_text_content]<\/p>\n<p style=\"text-align: left;\"><em class=\"note\">* El resultado no puede ser garantizado por Smilers\u00ae y permanece sujeto al cumplimiento de las instrucciones sobre el uso y mantenimiento de alineadores, variando la biolog\u00eda humana de un individuo a otro. A veces, pueden ser necesarias fases adicionales<\/em><\/p>\n<p>[\/ts_about_text_content][\/vc_column][\/vc_row][vc_row content_placement=\u00bbmiddle\u00bb anchor_wrap_section=\u00bbno\u00bb conter_content=\u00bbyes\u00bb el_class=\u00bbunique-process\u00bb][vc_column css_animation=\u00bbfadeInLeft\u00bb css=\u00bb.vc_custom_1630583687201{padding-right: 0px !important;padding-left: 0px !important;}\u00bb offset=\u00bbvc_col-lg-4 vc_col-md-6 vc_col-xs-12&#8243;][ts_right_article new_tab=\u00bbyes\u00bb title=\u00bb<strong>Etapas del proceso de fabricaci\u00f3n<\/strong> de los alineadores dentales Smilers\u00ae\u00bb image=\u00bb1052&#8243; link=\u00bbhttps:\/\/www.youtube.com\/watch?v=3KBkTgAhKTg\u00bb]<\/p>\n<p style=\"font-weight: 400;\">Cuando el plan de tratamiento ortod\u00f3ntico haya finalizado se haya aprobado por usted y su ortodoncista viene la fase de la\u00a0<b><strong>producci\u00f3n<\/strong><\/b> de sus alineadores. Esto se realiza en <b><strong>nuestra f\u00e1brica de Salon-de-Provence<\/strong><\/b>.<\/p>\n<p style=\"font-weight: 400;\">Fruto\u00a0<b><strong>de a\u00f1os de experiencia<\/strong><\/b>\u00a0adquirida en los sectores\u00a0<b><strong>aeroespacial<\/strong><\/b>\u00a0y de <b><strong>veh\u00edculos de carreras<\/strong><\/b>, aplicamos en la actualidad a los alineadores transparentes nuestra t\u00e9cnica\u00a0<b><strong>de impresi\u00f3n 3D mediante estereolitograf\u00eda<\/strong><\/b>.<\/p>\n<p style=\"font-weight: 400;\">Este m\u00e9todo de producci\u00f3n aditiva permite obtener alineadores <b><strong>lisos y transparentes<\/strong><\/b>.<\/p>\n<p>[\/ts_right_article][\/vc_column][vc_column offset=\u00bbvc_col-lg-8 vc_col-md-6 vc_col-xs-12&#8243;][\/vc_column][\/vc_row][vc_row content_placement=\u00bbmiddle\u00bb use_container=\u00bbyes\u00bb conter_content=\u00bbyes\u00bb][vc_column width=\u00bb5\/6&#8243; offset=\u00bbvc_col-lg-offset-1 vc_col-lg-7 vc_col-md-offset-1 vc_col-md-10 vc_col-sm-offset-1 vc_col-xs-12&#8243;][ts_side_image_left_custom image=\u00bb2854&#8243;][\/vc_column][vc_column css_animation=\u00bbfadeInRight\u00bb width=\u00bb5\/6&#8243; el_class=\u00bbside-text-column side-up\u00bb offset=\u00bbvc_col-lg-offset-0 vc_col-lg-4 vc_col-md-offset-1 vc_col-md-10 vc_col-sm-offset-1 vc_col-xs-12&#8243;][ts_side_text_block position=\u00bbright\u00bb image=\u00bb1046&#8243; title=\u00bbTopes\u00bb]<\/p>\n<p style=\"font-weight: 400;\">Todos los movimientos dentales pueden realizarse con alineadores. Sin embargo, y para <b><strong>acelerarlos<\/strong><\/b>\u00a0(y, por lo tanto, minimizar el n\u00famero de alineadores y la duraci\u00f3n del tratamiento) su plan de tratamiento incluye\u00a0<b><strong>topes<\/strong><\/b>.<\/p>\n<p style=\"font-weight: 400;\">Son <b><strong>relieves de material compuesto<\/strong><\/b> que se colocan en sus dientes para ejercer un presi\u00f3n precisa. Tienen el <b><strong>mismo color que el diente <\/strong><\/b>y son poco <b><strong>visibles<\/strong><\/b>. Su forma puede variar al personalizar el tratamiento, en funci\u00f3n de sus necesidades y del tipo de movimiento que desee realizar.<\/p>\n<p>[\/ts_side_text_block][\/vc_column][\/vc_row][vc_row content_placement=\u00bbmiddle\u00bb anchor_wrap_section=\u00bbno\u00bb conter_content=\u00bbyes\u00bb el_class=\u00bbstripping\u00bb][vc_column css_animation=\u00bbfadeInLeft\u00bb css=\u00bb.vc_custom_1633679835411{padding-right: 0px !important;padding-left: 0px !important;}\u00bb offset=\u00bbvc_col-lg-4 vc_col-md-6 vc_col-xs-12&#8243; el_class=\u00bbright-article-no-hover\u00bb][ts_right_article title=\u00bbUn stripping ajustado para preservar el esmalte de sus dientes\u00bb image=\u00bb1052&#8243;]<\/p>\n<p style=\"font-weight: 400;\">Para <b><strong>liberar espacio<\/strong><\/b>\u00a0para\u00a0<b><strong>permitir ciertos movimientos<\/strong><\/b>\u00a0por alineadores, la reducci\u00f3n interproximal del esmalte, o\u00a0<b><strong>stripping<\/strong><\/b>, es una fase necesaria en su plan de tratamiento.<\/p>\n<p style=\"font-weight: 400;\">Su ortodoncista\u00a0<b><strong>limar\u00e1 los laterales de algunos dientes<\/strong><\/b>\u00a0para despejar unas d\u00e9cimas de mil\u00edmetros.<\/p>\n<p style=\"font-weight: 400;\">Esta pr\u00e1ctica es\u00a0<b><strong>indolora<\/strong><\/b>, pero <b><strong>Smilers\u00ae, una empresa que respeta los valores m\u00e9dicos<\/strong><\/b>, hace todo lo posible para que su tratamiento se realice en <b><strong>cumplimiento de la integridad de sus dientes y su esmalte<\/strong><\/b>. Con nosotros, el stripping estar\u00e1 ajustado y limitado.<\/p>\n<p>[\/ts_right_article][\/vc_column][vc_column offset=\u00bbvc_col-lg-8 vc_col-md-6 vc_col-xs-12&#8243;][\/vc_column][\/vc_row]<\/p>\n","protected":false},"excerpt":{"rendered":"<p>[vc_row content_placement=\u00bbmiddle\u00bb use_container=\u00bbyes\u00bb conter_content=\u00bbyes\u00bb el_class=\u00bbhide-on-mobile\u00bb][vc_column width=\u00bb5\/6&#8243; offset=\u00bbvc_col-lg-offset-0 vc_col-lg-8 vc_col-md-offset-1 vc_col-md-10 vc_col-sm-offset-1 vc_col-xs-12 vc_hidden-xs\u00bb][ts_side_image_left_custom image=\u00bb3880&#8243;][\/vc_column][vc_column css_animation=\u00bbfadeInRight\u00bb width=\u00bb5\/6&#8243; el_class=\u00bbside-text-column side-up\u00bb offset=\u00bbvc_col-lg-offset-0 vc_col-lg-4 vc_col-md-offset-1 vc_col-md-10 vc_col-sm-offset-1 vc_col-xs-12 vc_hidden-xs\u00bb][ts_side_text_block position=\u00bbright\u00bb new_tab=\u00bbyes\u00bb image=\u00bb1046&#8243; title=\u00bbUna asociaci\u00f3n entre Smilers\u00ae y su dentista u ortodoncista\u00bb link=\u00bbhttps:\/\/www.youtube.com\/watch?v=11Pa4OL45HU\u00bb]Cuando acuda a la primera cita con su dentista u ortodoncista Smilers\u00ae, y le confirme que puede realizar [&hellip;]<\/p>\n","protected":false},"author":1,"featured_media":0,"parent":0,"menu_order":0,"comment_status":"closed","ping_status":"closed","template":"page-portfolio.php","meta":{"pgc_sgb_lightbox_settings":"","footnotes":""},"class_list":["post-4281","page","type-page","status-publish","hentry"],"yoast_head":"<!-- This site is optimized with the Yoast SEO plugin v22.0 - https:\/\/yoast.com\/wordpress\/plugins\/seo\/ -->\n<title>\u00bfC\u00f3mo funciona el tratamiento de ortodoncia de Smilers\u00ae? - Smilers<\/title>\n<meta name=\"description\" content=\"\u00bfC\u00f3mo funciona el tratamiento de ortodoncia Smilers? | Descubre el proceso de tratamiento de tus alineadores transparentes Smilers\" \/>\n<meta name=\"robots\" content=\"index, follow, max-snippet:-1, max-image-preview:large, max-video-preview:-1\" \/>\n<link rel=\"canonical\" href=\"https:\/\/www.smilers.com\/es\/como-funciona-el-tratamiento-de-ortodoncia-de-smilers\/\" \/>\n<meta property=\"og:locale\" content=\"es_ES\" \/>\n<meta property=\"og:type\" content=\"article\" \/>\n<meta property=\"og:title\" content=\"\u00bfC\u00f3mo funciona el tratamiento de ortodoncia de Smilers\u00ae? - Smilers\" \/>\n<meta property=\"og:description\" content=\"\u00bfC\u00f3mo funciona el tratamiento de ortodoncia Smilers? | Descubre el proceso de tratamiento de tus alineadores transparentes Smilers\" \/>\n<meta property=\"og:url\" content=\"https:\/\/www.smilers.com\/es\/como-funciona-el-tratamiento-de-ortodoncia-de-smilers\/\" \/>\n<meta property=\"og:site_name\" content=\"Smilers\" \/>\n<meta property=\"article:publisher\" content=\"https:\/\/www.facebook.com\/SmilersAligners\/\" \/>\n<meta property=\"article:modified_time\" content=\"2024-04-18T14:35:33+00:00\" \/>\n<meta name=\"twitter:card\" content=\"summary_large_image\" \/>\n<meta name=\"twitter:label1\" content=\"Tiempo de lectura\" \/>\n\t<meta name=\"twitter:data1\" content=\"4 minutos\" \/>\n<script type=\"application\/ld+json\" class=\"yoast-schema-graph\">{\"@context\":\"https:\/\/schema.org\",\"@graph\":[{\"@type\":\"WebPage\",\"@id\":\"https:\/\/www.smilers.com\/es\/como-funciona-el-tratamiento-de-ortodoncia-de-smilers\/\",\"url\":\"https:\/\/www.smilers.com\/es\/como-funciona-el-tratamiento-de-ortodoncia-de-smilers\/\",\"name\":\"\u00bfC\u00f3mo funciona el tratamiento de ortodoncia de Smilers\u00ae? - Smilers\",\"isPartOf\":{\"@id\":\"https:\/\/www.smilers.com\/en\/#website\"},\"datePublished\":\"2021-12-09T17:17:28+00:00\",\"dateModified\":\"2024-04-18T14:35:33+00:00\",\"description\":\"\u00bfC\u00f3mo funciona el tratamiento de ortodoncia Smilers? | Descubre el proceso de tratamiento de tus alineadores transparentes Smilers\",\"breadcrumb\":{\"@id\":\"https:\/\/www.smilers.com\/es\/como-funciona-el-tratamiento-de-ortodoncia-de-smilers\/#breadcrumb\"},\"inLanguage\":\"es\",\"potentialAction\":[{\"@type\":\"ReadAction\",\"target\":[\"https:\/\/www.smilers.com\/es\/como-funciona-el-tratamiento-de-ortodoncia-de-smilers\/\"]}]},{\"@type\":\"BreadcrumbList\",\"@id\":\"https:\/\/www.smilers.com\/es\/como-funciona-el-tratamiento-de-ortodoncia-de-smilers\/#breadcrumb\",\"itemListElement\":[{\"@type\":\"ListItem\",\"position\":1,\"name\":\"Accueil\",\"item\":\"https:\/\/www.smilers.com\/es\/\"},{\"@type\":\"ListItem\",\"position\":2,\"name\":\"\u00bfC\u00f3mo funciona el tratamiento de ortodoncia de Smilers\u00ae?\"}]},{\"@type\":\"WebSite\",\"@id\":\"https:\/\/www.smilers.com\/en\/#website\",\"url\":\"https:\/\/www.smilers.com\/en\/\",\"name\":\"Smilers\",\"description\":\"Le sourire chic \u00e0 la fran\u00e7aise\",\"publisher\":{\"@id\":\"https:\/\/www.smilers.com\/en\/#organization\"},\"potentialAction\":[{\"@type\":\"SearchAction\",\"target\":{\"@type\":\"EntryPoint\",\"urlTemplate\":\"https:\/\/www.smilers.com\/en\/?s={search_term_string}\"},\"query-input\":\"required name=search_term_string\"}],\"inLanguage\":\"es\"},{\"@type\":\"Organization\",\"@id\":\"https:\/\/www.smilers.com\/en\/#organization\",\"name\":\"Smilers\",\"url\":\"https:\/\/www.smilers.com\/en\/\",\"logo\":{\"@type\":\"ImageObject\",\"inLanguage\":\"es\",\"@id\":\"https:\/\/www.smilers.com\/en\/#\/schema\/logo\/image\/\",\"url\":\"https:\/\/www.smilers.com\/wp-content\/uploads\/2021\/08\/logo-detoure-noir.png\",\"contentUrl\":\"https:\/\/www.smilers.com\/wp-content\/uploads\/2021\/08\/logo-detoure-noir.png\",\"width\":784,\"height\":169,\"caption\":\"Smilers\"},\"image\":{\"@id\":\"https:\/\/www.smilers.com\/en\/#\/schema\/logo\/image\/\"},\"sameAs\":[\"https:\/\/www.facebook.com\/SmilersAligners\/\",\"https:\/\/www.instagram.com\/smilers_aligners\/?hl=fr\",\"https:\/\/www.youtube.com\/channel\/UCBKtCNaiCfi8H-aHS7ZZdJQ\"]}]}<\/script>\n<!-- \/ Yoast SEO plugin. -->","yoast_head_json":{"title":"\u00bfC\u00f3mo funciona el tratamiento de ortodoncia de Smilers\u00ae? - Smilers","description":"\u00bfC\u00f3mo funciona el tratamiento de ortodoncia Smilers? | Descubre el proceso de tratamiento de tus alineadores transparentes Smilers","robots":{"index":"index","follow":"follow","max-snippet":"max-snippet:-1","max-image-preview":"max-image-preview:large","max-video-preview":"max-video-preview:-1"},"canonical":"https:\/\/www.smilers.com\/es\/como-funciona-el-tratamiento-de-ortodoncia-de-smilers\/","og_locale":"es_ES","og_type":"article","og_title":"\u00bfC\u00f3mo funciona el tratamiento de ortodoncia de Smilers\u00ae? - Smilers","og_description":"\u00bfC\u00f3mo funciona el tratamiento de ortodoncia Smilers? | Descubre el proceso de tratamiento de tus alineadores transparentes Smilers","og_url":"https:\/\/www.smilers.com\/es\/como-funciona-el-tratamiento-de-ortodoncia-de-smilers\/","og_site_name":"Smilers","article_publisher":"https:\/\/www.facebook.com\/SmilersAligners\/","article_modified_time":"2024-04-18T14:35:33+00:00","twitter_card":"summary_large_image","twitter_misc":{"Tiempo de lectura":"4 minutos"},"schema":{"@context":"https:\/\/schema.org","@graph":[{"@type":"WebPage","@id":"https:\/\/www.smilers.com\/es\/como-funciona-el-tratamiento-de-ortodoncia-de-smilers\/","url":"https:\/\/www.smilers.com\/es\/como-funciona-el-tratamiento-de-ortodoncia-de-smilers\/","name":"\u00bfC\u00f3mo funciona el tratamiento de ortodoncia de Smilers\u00ae? - Smilers","isPartOf":{"@id":"https:\/\/www.smilers.com\/en\/#website"},"datePublished":"2021-12-09T17:17:28+00:00","dateModified":"2024-04-18T14:35:33+00:00","description":"\u00bfC\u00f3mo funciona el tratamiento de ortodoncia Smilers? | Descubre el proceso de tratamiento de tus alineadores transparentes Smilers","breadcrumb":{"@id":"https:\/\/www.smilers.com\/es\/como-funciona-el-tratamiento-de-ortodoncia-de-smilers\/#breadcrumb"},"inLanguage":"es","potentialAction":[{"@type":"ReadAction","target":["https:\/\/www.smilers.com\/es\/como-funciona-el-tratamiento-de-ortodoncia-de-smilers\/"]}]},{"@type":"BreadcrumbList","@id":"https:\/\/www.smilers.com\/es\/como-funciona-el-tratamiento-de-ortodoncia-de-smilers\/#breadcrumb","itemListElement":[{"@type":"ListItem","position":1,"name":"Accueil","item":"https:\/\/www.smilers.com\/es\/"},{"@type":"ListItem","position":2,"name":"\u00bfC\u00f3mo funciona el tratamiento de ortodoncia de Smilers\u00ae?"}]},{"@type":"WebSite","@id":"https:\/\/www.smilers.com\/en\/#website","url":"https:\/\/www.smilers.com\/en\/","name":"Smilers","description":"Le sourire chic \u00e0 la fran\u00e7aise","publisher":{"@id":"https:\/\/www.smilers.com\/en\/#organization"},"potentialAction":[{"@type":"SearchAction","target":{"@type":"EntryPoint","urlTemplate":"https:\/\/www.smilers.com\/en\/?s={search_term_string}"},"query-input":"required name=search_term_string"}],"inLanguage":"es"},{"@type":"Organization","@id":"https:\/\/www.smilers.com\/en\/#organization","name":"Smilers","url":"https:\/\/www.smilers.com\/en\/","logo":{"@type":"ImageObject","inLanguage":"es","@id":"https:\/\/www.smilers.com\/en\/#\/schema\/logo\/image\/","url":"https:\/\/www.smilers.com\/wp-content\/uploads\/2021\/08\/logo-detoure-noir.png","contentUrl":"https:\/\/www.smilers.com\/wp-content\/uploads\/2021\/08\/logo-detoure-noir.png","width":784,"height":169,"caption":"Smilers"},"image":{"@id":"https:\/\/www.smilers.com\/en\/#\/schema\/logo\/image\/"},"sameAs":["https:\/\/www.facebook.com\/SmilersAligners\/","https:\/\/www.instagram.com\/smilers_aligners\/?hl=fr","https:\/\/www.youtube.com\/channel\/UCBKtCNaiCfi8H-aHS7ZZdJQ"]}]}},"_links":{"self":[{"href":"https:\/\/www.smilers.com\/es\/wp-json\/wp\/v2\/pages\/4281","targetHints":{"allow":["GET"]}}],"collection":[{"href":"https:\/\/www.smilers.com\/es\/wp-json\/wp\/v2\/pages"}],"about":[{"href":"https:\/\/www.smilers.com\/es\/wp-json\/wp\/v2\/types\/page"}],"author":[{"embeddable":true,"href":"https:\/\/www.smilers.com\/es\/wp-json\/wp\/v2\/users\/1"}],"replies":[{"embeddable":true,"href":"https:\/\/www.smilers.com\/es\/wp-json\/wp\/v2\/comments?post=4281"}],"version-history":[{"count":10,"href":"https:\/\/www.smilers.com\/es\/wp-json\/wp\/v2\/pages\/4281\/revisions"}],"predecessor-version":[{"id":29322,"href":"https:\/\/www.smilers.com\/es\/wp-json\/wp\/v2\/pages\/4281\/revisions\/29322"}],"wp:attachment":[{"href":"https:\/\/www.smilers.com\/es\/wp-json\/wp\/v2\/media?parent=4281"}],"curies":[{"name":"wp","href":"https:\/\/api.w.org\/{rel}","templated":true}]}}