{"id":4289,"date":"2021-12-09T18:18:43","date_gmt":"2021-12-09T17:18:43","guid":{"rendered":"https:\/\/www.smilers.com\/mi-vida-diaria\/"},"modified":"2024-04-18T17:02:53","modified_gmt":"2024-04-18T15:02:53","slug":"mi-vida-diaria","status":"publish","type":"page","link":"https:\/\/www.smilers.com\/es\/mi-vida-diaria\/","title":{"rendered":"Mi vida diaria"},"content":{"rendered":"<p>[vc_row][vc_column][ts_about_text_content]<\/p>\n<h3><span class=\"text-gold-gradient\">Ponerme o quitarme <\/span>mis alineadores Smilers\u00ae<\/h3>\n<p>[\/ts_about_text_content][vc_row_inner content_placement=\u00bbmiddle\u00bb][vc_column_inner offset=\u00bbvc_col-lg-4 vc_col-md-12 vc_col-xs-12&#8243; css=\u00bb.vc_custom_1634802730994{padding-top: 15px !important;padding-bottom: 15px !important;}\u00bb][ts_about_text_content]<img loading=\"lazy\" decoding=\"async\" class=\"alignnone size-full wp-image-3101\" src=\"https:\/\/www.smilers.com\/wp-content\/uploads\/2021\/06\/one.png\" alt=\"\" width=\"24\" height=\"24\" \/> Inserci\u00f3n del alineador:<\/p>\n<ul>\n<li>Aseg\u00farese de que dispone del alineador correcto.<\/li>\n<li>Enjuague los alineadores con agua fr\u00eda y seque el exceso de agua.<\/li>\n<li>Inserte su alineador presion\u00e1ndolo con suavidad contra los dientes delanteros. A continuaci\u00f3n, realice la misma presi\u00f3n con la punta de sus dedos sobre los molares izquierdos y derechos hasta que el alineador se coloque correctamente.<\/li>\n<\/ul>\n<p><img loading=\"lazy\" decoding=\"async\" class=\"alignnone size-full wp-image-3097\" src=\"https:\/\/www.smilers.com\/wp-content\/uploads\/2021\/06\/two.png\" alt=\"\" width=\"24\" height=\"24\" \/> Retirada del alineador:<\/p>\n<ul>\n<li>Con sus dedos, comience por un lado a la altura de los molares y eleve el alineador por cada lado tirando con suavidad.<\/li>\n<li>Puede usar ganchos de extracci\u00f3n espec\u00edficos para alineadores.<\/li>\n<li>Lave el alineador con agua y un cepillo de dientes neutro, es decir, que no haya estado en contacto con pasta de dientes, y gu\u00e1rdelo en la caja de protecci\u00f3n.<\/li>\n<li>No aplique excesiva fuerza para doblar o torcer los alineadores.<\/li>\n<\/ul>\n<p>[\/ts_about_text_content][\/vc_column_inner][vc_column_inner css=\u00bb.vc_custom_1634801929292{padding-top: 25px !important;}\u00bb offset=\u00bbvc_col-lg-8 vc_col-md-12 vc_col-xs-12&#8243;][ts_video_custom video_url=\u00bbhttps:\/\/www.smilers.com\/wp-content\/uploads\/2022\/02\/VIDEO-5-SMILERS-CA-DURE-COMBIEN-DE-TEMPS_02-2022.mp4&#8243; video_class=\u00bbw-100 homepageVideo\u00bb poster_url=\u00bbhttps:\/\/www.smilers.com\/wp-content\/uploads\/2022\/02\/Capture-decran-de-2022-02-10-20-35-13.png\u00bb video_ogg=\u00bbhttps:\/\/www.smilers.com\/wp-content\/uploads\/2022\/02\/VIDEO-5-SMILERS-CA-DURE-COMBIEN-DE-TEMPS_02-2022.ogv\u00bb video_webm=\u00bbhttps:\/\/www.smilers.com\/wp-content\/uploads\/2022\/02\/VIDEO-5-SMILERS-CA-DURE-COMBIEN-DE-TEMPS_02-2022.webm\u00bb][\/vc_column_inner][\/vc_row_inner][\/vc_column][\/vc_row][vc_row full_width=\u00bbstretch_row\u00bb content_placement=\u00bbmiddle\u00bb anchor_wrap_section=\u00bbno\u00bb css=\u00bb.vc_custom_1633677899753{background-color: #000000 !important;}\u00bb][vc_column][ts_about_text_content]<\/p>\n<h3 style=\"color: white;\"><span class=\"text-gold-gradient\">Limpiar <\/span>mis alineadores Smilers\u00ae<\/h3>\n<p>[\/ts_about_text_content][vc_row_inner content_placement=\u00bbmiddle\u00bb][vc_column_inner offset=\u00bbvc_col-lg-6 vc_col-md-12 vc_col-xs-12&#8243;][vc_single_image image=\u00bb8351&#8243; img_size=\u00bblarge\u00bb alignment=\u00bbcenter\u00bb][\/vc_column_inner][vc_column_inner offset=\u00bbvc_col-lg-6 vc_col-md-12 vc_col-xs-12&#8243; css=\u00bb.vc_custom_1634802737302{padding-top: 15px !important;padding-bottom: 15px !important;}\u00bb][ts_about_text_content]<\/p>\n<div style=\"color: white;\">\n<p>La higiene bucodental es fundamental a lo largo de su tratamiento de ortodoncia Smilers\u00ae. Los alineadores transparentes Smilers\u00ae son extra\u00edbles, lo que le permite continuar cepill\u00e1ndose los dientes como lo har\u00eda normalmente. Para limpiar sus alineadores dentales Smilers\u00ae:<\/p>\n<ul>\n<li>Cepille suavemente su alineador con un cepillo de dientes neutro (nunca usado con pasta de dientes) y jab\u00f3n de Marsella.<\/li>\n<li>Enjuague bien cada alineador con agua limpia despu\u00e9s de cada limpieza. \u00a1Eso es todo!<\/li>\n<\/ul>\n<\/div>\n<p>[\/ts_about_text_content][\/vc_column_inner][\/vc_row_inner][\/vc_column][\/vc_row][vc_row][vc_column][ts_about_text_content]<\/p>\n<h3>Frecuencia de <span class=\"text-gold-gradient\">visitas a mi odont\u00f3logo <\/span>Smilers\u00ae<\/h3>\n<p>[\/ts_about_text_content][vc_row_inner content_placement=\u00bbmiddle\u00bb][vc_column_inner offset=\u00bbvc_col-lg-6 vc_col-md-12 vc_col-xs-12&#8243; css=\u00bb.vc_custom_1634802743017{padding-top: 15px !important;padding-bottom: 15px !important;}\u00bb][ts_about_text_content]Le recomendamos que consulte a su odont\u00f3logo para comprobar que el tratamiento de ortodoncia Smilers\u00ae se desarrolla seg\u00fan lo planeado. Su dentista u ortodoncista le proporcionar\u00e1 todos los detalles sobre el curso del tratamiento y las visitas. Si el tratamiento se acelera con sesiones de<a title=\"Acelere el tratamiento\" href=\"https:\/\/www.smilers.com\/accelerez-le-traitement\/\">fotobioestimulaci\u00f3n<\/a>, la frecuencia de las visitas puede aumentar.[\/ts_about_text_content][\/vc_column_inner][vc_column_inner offset=\u00bbvc_col-lg-6 vc_col-md-12 vc_col-xs-12&#8243;][vc_single_image image=\u00bb3433&#8243; img_size=\u00bblarge\u00bb alignment=\u00bbcenter\u00bb][\/vc_column_inner][\/vc_row_inner][\/vc_column][\/vc_row][vc_row full_width=\u00bbstretch_row\u00bb content_placement=\u00bbmiddle\u00bb anchor_wrap_section=\u00bbno\u00bb css=\u00bb.vc_custom_1633678293110{background-color: #000000 !important;}\u00bb][vc_column][ts_about_text_content]<\/p>\n<h3 style=\"color: white;\"><span class=\"text-gold-gradient\">Fumar <\/span>con mis alineadores Smilers\u00ae<\/h3>\n<p>[\/ts_about_text_content][vc_row_inner content_placement=\u00bbmiddle\u00bb][vc_column_inner width=\u00bb1\/2&#8243; offset=\u00bbvc_col-lg-6 vc_col-md-12 vc_col-xs-12&#8243;][vc_single_image image=\u00bb3425&#8243; img_size=\u00bblarge\u00bb alignment=\u00bbcenter\u00bb][\/vc_column_inner][vc_column_inner offset=\u00bbvc_col-lg-6 vc_col-md-12 vc_col-xs-12&#8243; css=\u00bb.vc_custom_1634802749059{padding-top: 15px !important;padding-bottom: 15px !important;}\u00bb][ts_about_text_content]<\/p>\n<div style=\"color: white;\">\n<p>Fumar con sus alineadores transparentes podr\u00eda alterar su transparencia y te\u00f1irlos. No obstante, para no alterar la eficacia del tratamiento, es recomendable llevar los alineadores al menos 22 horas al d\u00eda y quit\u00e1rselos solo para comer, beber bebidas muy calientes y cepillarse los dientes.<\/p>\n<\/div>\n<p>[\/ts_about_text_content][\/vc_column_inner][\/vc_row_inner][\/vc_column][\/vc_row][vc_row][vc_column][ts_about_text_content]<\/p>\n<h3>Beber <span class=\"text-gold-gradient\">t\u00e9 o caf\u00e9 <\/span>con mis alineadores Smilers\u00ae<\/h3>\n<p>[\/ts_about_text_content][vc_row_inner content_placement=\u00bbmiddle\u00bb][vc_column_inner offset=\u00bbvc_col-lg-6 vc_col-md-12 vc_col-xs-12&#8243; css=\u00bb.vc_custom_1634802756481{padding-top: 15px !important;padding-bottom: 15px !important;}\u00bb][ts_about_text_content]<b>Puede beber t\u00e9 o caf\u00e9<\/b> con sus alineadores transparentes Smilers\u00ae. Solo las bebidas <b>muy calientes <\/b> no est\u00e1n recomendadas con sus alineadores transparentes Smilers\u00ae ya que pueden causar una ligera deformaci\u00f3n de sus alineadores dentales invisibles.[\/ts_about_text_content][\/vc_column_inner][vc_column_inner css=\u00bb.vc_custom_1634802661394{padding-top: 25px !important;}\u00bb offset=\u00bbvc_col-lg-6 vc_col-md-12 vc_col-xs-12&#8243;][vc_single_image image=\u00bb3233&#8243; img_size=\u00bblarge\u00bb alignment=\u00bbcenter\u00bb][\/vc_column_inner][\/vc_row_inner][\/vc_column][\/vc_row][vc_row full_width=\u00bbstretch_row\u00bb anchor_wrap_section=\u00bbno\u00bb css=\u00bb.vc_custom_1633677987619{background-color: #000000 !important;}\u00bb][vc_column][ts_about_text_content]<\/p>\n<h3 style=\"color: white;\"><span class=\"text-gold-gradient\">Comer <\/span>con mis alineadores Smilers\u00ae<\/h3>\n<p>[\/ts_about_text_content][vc_row_inner content_placement=\u00bbmiddle\u00bb][vc_column_inner offset=\u00bbvc_col-lg-6 vc_col-md-12 vc_col-xs-12&#8243;][vc_single_image image=\u00bb3237&#8243; img_size=\u00bblarge\u00bb alignment=\u00bbcenter\u00bb][\/vc_column_inner][vc_column_inner offset=\u00bbvc_col-lg-6 vc_col-md-12 vc_col-xs-12&#8243; css=\u00bb.vc_custom_1634802763346{padding-top: 15px !important;padding-bottom: 15px !important;}\u00bb][ts_about_text_content]<\/p>\n<div style=\"color: white;\">\n<p>Debe usar sus alineadores transparentes Smilers\u00ae en todo momento durante la duraci\u00f3n del tratamiento de ortodoncia, excepto cuando coma, consuma bebidas calientes o se cepille los dientes. Debe <strong>quitarse sus alineadores invisibles Smilers\u00ae<\/strong> durante las comidas, enjuagarlos y colocarlos en su caja de almacenamiento. Cuando est\u00e9n colocados&#8230; <strong>\u00a1puede probar todo lo que quiera!<\/strong><\/p>\n<\/div>\n<p>[\/ts_about_text_content][\/vc_column_inner][\/vc_row_inner][\/vc_column][\/vc_row][vc_row][vc_column][ts_about_text_content]<\/p>\n<h3>Impacto en mi <span class=\"text-gold-gradient\">habla<\/span><\/h3>\n<p>[\/ts_about_text_content][vc_row_inner content_placement=\u00bbmiddle\u00bb][vc_column_inner offset=\u00bbvc_col-lg-6 vc_col-md-12 vc_col-xs-12&#8243; css=\u00bb.vc_custom_1634802768164{padding-top: 15px !important;padding-bottom: 15px !important;}\u00bb][ts_about_text_content]<strong>La mayor\u00eda de los pacientes no constatan ning\u00fan efecto en su habla.<\/strong> Sin embargo, al igual que con todos los aparatos ortop\u00e9dicos tradicionales para adultos y adolescentes, es necesario un per\u00edodo de adaptaci\u00f3n durante los primeros d\u00edas de uso de los alineadores invisibles Smilers\u00ae .[\/ts_about_text_content][\/vc_column_inner][vc_column_inner offset=\u00bbvc_col-lg-6 vc_col-md-12 vc_col-xs-12&#8243;][vc_single_image image=\u00bb3421&#8243; img_size=\u00bblarge\u00bb alignment=\u00bbcenter\u00bb][\/vc_column_inner][\/vc_row_inner][\/vc_column][\/vc_row][vc_row full_width=\u00bbstretch_row\u00bb anchor_wrap_section=\u00bbno\u00bb css=\u00bb.vc_custom_1633678035659{background-color: #000000 !important;}\u00bb][vc_column][ts_about_text_content]<\/p>\n<h3 style=\"color: white;\">Sensaciones <span class=\"text-gold-gradient\">de dolor<\/span><\/h3>\n<p>[\/ts_about_text_content][vc_row_inner content_placement=\u00bbmiddle\u00bb][vc_column_inner css=\u00bb.vc_custom_1634802356584{padding-top: 25px !important;}\u00bb offset=\u00bbvc_col-lg-6 vc_col-md-12 vc_col-xs-12&#8243;][vc_single_image image=\u00bb3241&#8243; img_size=\u00bblarge\u00bb alignment=\u00bbcenter\u00bb][\/vc_column_inner][vc_column_inner offset=\u00bbvc_col-lg-6 vc_col-md-12 vc_col-xs-12&#8243; css=\u00bb.vc_custom_1634802773849{padding-top: 15px !important;padding-bottom: 15px !important;}\u00bb][ts_about_text_content]<span style=\"color: white;\">El tratamiento con alineador transparente Smilers\u00ae permite la aplicaci\u00f3n de fuerzas suaves y constantes. Algunas personas pueden experimentar una incomodidad temporal y m\u00ednima durante unos d\u00edas al usar sus nuevos alineadores invisibles Smilers\u00ae, al comienzo de cada nueva fase del tratamiento de ortodoncia. Los pacientes generalmente describen una sensaci\u00f3n de presi\u00f3n que es bastante normal. Esto indica que el tratamiento de ortodoncia Smilers\u00ae est\u00e1 funcionando correctamente y esta sensaci\u00f3n suele desaparecer despu\u00e9s de unos d\u00edas. Sin embargo, si el dolor persiste, comun\u00edquese con su dentista u ortodoncista.<\/span>[\/ts_about_text_content][\/vc_column_inner][\/vc_row_inner][\/vc_column][\/vc_row]<\/p>\n","protected":false},"excerpt":{"rendered":"<p>[vc_row][vc_column][ts_about_text_content] Ponerme o quitarme mis alineadores Smilers\u00ae [\/ts_about_text_content][vc_row_inner content_placement=\u00bbmiddle\u00bb][vc_column_inner offset=\u00bbvc_col-lg-4 vc_col-md-12 vc_col-xs-12&#8243; css=\u00bb.vc_custom_1634802730994{padding-top: 15px !important;padding-bottom: 15px !important;}\u00bb][ts_about_text_content] Inserci\u00f3n del alineador: Aseg\u00farese de que dispone del alineador correcto. Enjuague los alineadores con agua fr\u00eda y seque el exceso de agua. Inserte su alineador presion\u00e1ndolo con suavidad contra los dientes delanteros. A continuaci\u00f3n, realice la misma presi\u00f3n [&hellip;]<\/p>\n","protected":false},"author":1,"featured_media":0,"parent":0,"menu_order":0,"comment_status":"closed","ping_status":"closed","template":"","meta":{"pgc_sgb_lightbox_settings":"","footnotes":""},"class_list":["post-4289","page","type-page","status-publish","hentry"],"yoast_head":"<!-- This site is optimized with the Yoast SEO plugin v22.0 - https:\/\/yoast.com\/wordpress\/plugins\/seo\/ -->\n<title>Mi vida diaria - Smilers<\/title>\n<meta name=\"description\" content=\"Mi vida diaria | Descubre c\u00f3mo ponerte, limpiarte y vivir con nuestros alineadores transparentes durante todo el tratamiento.\" \/>\n<meta name=\"robots\" content=\"index, follow, max-snippet:-1, max-image-preview:large, max-video-preview:-1\" \/>\n<link rel=\"canonical\" href=\"https:\/\/www.smilers.com\/es\/mi-vida-diaria\/\" \/>\n<meta property=\"og:locale\" content=\"es_ES\" \/>\n<meta property=\"og:type\" content=\"article\" \/>\n<meta property=\"og:title\" content=\"Mi vida diaria - Smilers\" \/>\n<meta property=\"og:description\" content=\"Mi vida diaria | Descubre c\u00f3mo ponerte, limpiarte y vivir con nuestros alineadores transparentes durante todo el tratamiento.\" \/>\n<meta property=\"og:url\" content=\"https:\/\/www.smilers.com\/es\/mi-vida-diaria\/\" \/>\n<meta property=\"og:site_name\" content=\"Smilers\" \/>\n<meta property=\"article:publisher\" content=\"https:\/\/www.facebook.com\/SmilersAligners\/\" \/>\n<meta property=\"article:modified_time\" content=\"2024-04-18T15:02:53+00:00\" \/>\n<meta property=\"og:image\" content=\"https:\/\/www.smilers.com\/wp-content\/uploads\/2021\/06\/one.png\" \/>\n<meta name=\"twitter:card\" content=\"summary_large_image\" \/>\n<meta name=\"twitter:label1\" content=\"Tiempo de lectura\" \/>\n\t<meta name=\"twitter:data1\" content=\"5 minutos\" \/>\n<script type=\"application\/ld+json\" class=\"yoast-schema-graph\">{\"@context\":\"https:\/\/schema.org\",\"@graph\":[{\"@type\":\"WebPage\",\"@id\":\"https:\/\/www.smilers.com\/es\/mi-vida-diaria\/\",\"url\":\"https:\/\/www.smilers.com\/es\/mi-vida-diaria\/\",\"name\":\"Mi vida diaria - Smilers\",\"isPartOf\":{\"@id\":\"https:\/\/www.smilers.com\/en\/#website\"},\"datePublished\":\"2021-12-09T17:18:43+00:00\",\"dateModified\":\"2024-04-18T15:02:53+00:00\",\"description\":\"Mi vida diaria | Descubre c\u00f3mo ponerte, limpiarte y vivir con nuestros alineadores transparentes durante todo el tratamiento.\",\"breadcrumb\":{\"@id\":\"https:\/\/www.smilers.com\/es\/mi-vida-diaria\/#breadcrumb\"},\"inLanguage\":\"es\",\"potentialAction\":[{\"@type\":\"ReadAction\",\"target\":[\"https:\/\/www.smilers.com\/es\/mi-vida-diaria\/\"]}]},{\"@type\":\"BreadcrumbList\",\"@id\":\"https:\/\/www.smilers.com\/es\/mi-vida-diaria\/#breadcrumb\",\"itemListElement\":[{\"@type\":\"ListItem\",\"position\":1,\"name\":\"Accueil\",\"item\":\"https:\/\/www.smilers.com\/es\/\"},{\"@type\":\"ListItem\",\"position\":2,\"name\":\"Mi vida diaria\"}]},{\"@type\":\"WebSite\",\"@id\":\"https:\/\/www.smilers.com\/en\/#website\",\"url\":\"https:\/\/www.smilers.com\/en\/\",\"name\":\"Smilers\",\"description\":\"Le sourire chic \u00e0 la fran\u00e7aise\",\"publisher\":{\"@id\":\"https:\/\/www.smilers.com\/en\/#organization\"},\"potentialAction\":[{\"@type\":\"SearchAction\",\"target\":{\"@type\":\"EntryPoint\",\"urlTemplate\":\"https:\/\/www.smilers.com\/en\/?s={search_term_string}\"},\"query-input\":\"required name=search_term_string\"}],\"inLanguage\":\"es\"},{\"@type\":\"Organization\",\"@id\":\"https:\/\/www.smilers.com\/en\/#organization\",\"name\":\"Smilers\",\"url\":\"https:\/\/www.smilers.com\/en\/\",\"logo\":{\"@type\":\"ImageObject\",\"inLanguage\":\"es\",\"@id\":\"https:\/\/www.smilers.com\/en\/#\/schema\/logo\/image\/\",\"url\":\"https:\/\/www.smilers.com\/wp-content\/uploads\/2021\/08\/logo-detoure-noir.png\",\"contentUrl\":\"https:\/\/www.smilers.com\/wp-content\/uploads\/2021\/08\/logo-detoure-noir.png\",\"width\":784,\"height\":169,\"caption\":\"Smilers\"},\"image\":{\"@id\":\"https:\/\/www.smilers.com\/en\/#\/schema\/logo\/image\/\"},\"sameAs\":[\"https:\/\/www.facebook.com\/SmilersAligners\/\",\"https:\/\/www.instagram.com\/smilers_aligners\/?hl=fr\",\"https:\/\/www.youtube.com\/channel\/UCBKtCNaiCfi8H-aHS7ZZdJQ\"]}]}<\/script>\n<!-- \/ Yoast SEO plugin. -->","yoast_head_json":{"title":"Mi vida diaria - Smilers","description":"Mi vida diaria | Descubre c\u00f3mo ponerte, limpiarte y vivir con nuestros alineadores transparentes durante todo el tratamiento.","robots":{"index":"index","follow":"follow","max-snippet":"max-snippet:-1","max-image-preview":"max-image-preview:large","max-video-preview":"max-video-preview:-1"},"canonical":"https:\/\/www.smilers.com\/es\/mi-vida-diaria\/","og_locale":"es_ES","og_type":"article","og_title":"Mi vida diaria - Smilers","og_description":"Mi vida diaria | Descubre c\u00f3mo ponerte, limpiarte y vivir con nuestros alineadores transparentes durante todo el tratamiento.","og_url":"https:\/\/www.smilers.com\/es\/mi-vida-diaria\/","og_site_name":"Smilers","article_publisher":"https:\/\/www.facebook.com\/SmilersAligners\/","article_modified_time":"2024-04-18T15:02:53+00:00","og_image":[{"url":"https:\/\/www.smilers.com\/wp-content\/uploads\/2021\/06\/one.png"}],"twitter_card":"summary_large_image","twitter_misc":{"Tiempo de lectura":"5 minutos"},"schema":{"@context":"https:\/\/schema.org","@graph":[{"@type":"WebPage","@id":"https:\/\/www.smilers.com\/es\/mi-vida-diaria\/","url":"https:\/\/www.smilers.com\/es\/mi-vida-diaria\/","name":"Mi vida diaria - Smilers","isPartOf":{"@id":"https:\/\/www.smilers.com\/en\/#website"},"datePublished":"2021-12-09T17:18:43+00:00","dateModified":"2024-04-18T15:02:53+00:00","description":"Mi vida diaria | Descubre c\u00f3mo ponerte, limpiarte y vivir con nuestros alineadores transparentes durante todo el tratamiento.","breadcrumb":{"@id":"https:\/\/www.smilers.com\/es\/mi-vida-diaria\/#breadcrumb"},"inLanguage":"es","potentialAction":[{"@type":"ReadAction","target":["https:\/\/www.smilers.com\/es\/mi-vida-diaria\/"]}]},{"@type":"BreadcrumbList","@id":"https:\/\/www.smilers.com\/es\/mi-vida-diaria\/#breadcrumb","itemListElement":[{"@type":"ListItem","position":1,"name":"Accueil","item":"https:\/\/www.smilers.com\/es\/"},{"@type":"ListItem","position":2,"name":"Mi vida diaria"}]},{"@type":"WebSite","@id":"https:\/\/www.smilers.com\/en\/#website","url":"https:\/\/www.smilers.com\/en\/","name":"Smilers","description":"Le sourire chic \u00e0 la fran\u00e7aise","publisher":{"@id":"https:\/\/www.smilers.com\/en\/#organization"},"potentialAction":[{"@type":"SearchAction","target":{"@type":"EntryPoint","urlTemplate":"https:\/\/www.smilers.com\/en\/?s={search_term_string}"},"query-input":"required name=search_term_string"}],"inLanguage":"es"},{"@type":"Organization","@id":"https:\/\/www.smilers.com\/en\/#organization","name":"Smilers","url":"https:\/\/www.smilers.com\/en\/","logo":{"@type":"ImageObject","inLanguage":"es","@id":"https:\/\/www.smilers.com\/en\/#\/schema\/logo\/image\/","url":"https:\/\/www.smilers.com\/wp-content\/uploads\/2021\/08\/logo-detoure-noir.png","contentUrl":"https:\/\/www.smilers.com\/wp-content\/uploads\/2021\/08\/logo-detoure-noir.png","width":784,"height":169,"caption":"Smilers"},"image":{"@id":"https:\/\/www.smilers.com\/en\/#\/schema\/logo\/image\/"},"sameAs":["https:\/\/www.facebook.com\/SmilersAligners\/","https:\/\/www.instagram.com\/smilers_aligners\/?hl=fr","https:\/\/www.youtube.com\/channel\/UCBKtCNaiCfi8H-aHS7ZZdJQ"]}]}},"_links":{"self":[{"href":"https:\/\/www.smilers.com\/es\/wp-json\/wp\/v2\/pages\/4289","targetHints":{"allow":["GET"]}}],"collection":[{"href":"https:\/\/www.smilers.com\/es\/wp-json\/wp\/v2\/pages"}],"about":[{"href":"https:\/\/www.smilers.com\/es\/wp-json\/wp\/v2\/types\/page"}],"author":[{"embeddable":true,"href":"https:\/\/www.smilers.com\/es\/wp-json\/wp\/v2\/users\/1"}],"replies":[{"embeddable":true,"href":"https:\/\/www.smilers.com\/es\/wp-json\/wp\/v2\/comments?post=4289"}],"version-history":[{"count":16,"href":"https:\/\/www.smilers.com\/es\/wp-json\/wp\/v2\/pages\/4289\/revisions"}],"predecessor-version":[{"id":29352,"href":"https:\/\/www.smilers.com\/es\/wp-json\/wp\/v2\/pages\/4289\/revisions\/29352"}],"wp:attachment":[{"href":"https:\/\/www.smilers.com\/es\/wp-json\/wp\/v2\/media?parent=4289"}],"curies":[{"name":"wp","href":"https:\/\/api.w.org\/{rel}","templated":true}]}}