{"id":4311,"date":"2021-12-09T18:37:13","date_gmt":"2021-12-09T17:37:13","guid":{"rendered":"https:\/\/www.smilers.com\/respeto-del-medio-ambiente\/"},"modified":"2024-04-18T17:13:15","modified_gmt":"2024-04-18T15:13:15","slug":"respeto-del-medio-ambiente","status":"publish","type":"page","link":"https:\/\/www.smilers.com\/es\/respeto-del-medio-ambiente\/","title":{"rendered":"Respeto del medio ambiente"},"content":{"rendered":"<p>[vc_row content_placement=\u00bbmiddle\u00bb use_container=\u00bbyes\u00bb conter_content=\u00bbyes\u00bb][vc_column offset=\u00bbvc_col-lg-offset-0 vc_col-lg-8 vc_col-md-offset-1 vc_col-md-10 vc_col-sm-offset-0 vc_col-xs-12&#8243;][ts_side_image_left_custom image=\u00bb2567&#8243;][\/vc_column][vc_column css_animation=\u00bbfadeInRight\u00bb width=\u00bb5\/6&#8243; el_class=\u00bbside-text-column side-up\u00bb offset=\u00bbvc_col-lg-offset-0 vc_col-lg-4 vc_col-md-offset-1 vc_col-md-10 vc_col-sm-offset-1 vc_col-xs-12&#8243;][ts_side_text_block position=\u00bbright\u00bb title=\u00bbREDUCIR NUESTRA HUELLA DE CARBONO\u00bb image=\u00bb1052&#8243;]Si vives en Francia, nuestros alineadores no dan la vuelta al mundo antes de usarlos:<a href=\"https:\/\/www.smilers.com\/es\/conocimientos-especializados-exclusivos\/\"><strong> solo producimos en Francia<\/strong>.<\/a>[\/ts_side_text_block][\/vc_column][\/vc_row][vc_row full_width=\u00bbstretch_row_content\u00bb content_placement=\u00bbmiddle\u00bb anchor_wrap_section=\u00bbno\u00bb el_id=\u00bbrespeto-medio-ambiente\u00bb el_class=\u00bbrespect-environnement\u00bb][vc_column css_animation=\u00bbfadeInLeft\u00bb el_class=\u00bbright-article-no-hover\u00bb css=\u00bb.vc_custom_1633681522473{padding-right: 0px !important;padding-left: 0px !important;}\u00bb offset=\u00bbvc_col-lg-4 vc_col-md-6 vc_col-xs-12&#8243;][ts_right_article title=\u00bbRespeto del <strong>medio ambiente<\/strong>\u00bb image=\u00bb1052&#8243;]El futuro est\u00e1 en nuestras manos. Smilers\u00ae se compromete a <strong>reducir su huella ecol\u00f3gica<\/strong> y su impacto en el medio ambiente desarrollando <strong>acciones sostenibles<\/strong>, desde la elecci\u00f3n de los materiales hasta las diferentes etapas del proceso de fabricaci\u00f3n. Nuestros alineadores transparentes Smilers\u00ae no tienen <strong>bisfenol<\/strong>, su embalaje es reciclable y nuestros folletos publicitarios est\u00e1n impresos con <strong>tinta vegetal<\/strong>, respetuosa con el medio ambiente.[\/ts_right_article][\/vc_column][vc_column offset=\u00bbvc_col-lg-8 vc_col-md-6 vc_col-xs-12&#8243;][\/vc_column][\/vc_row]<\/p>\n","protected":false},"excerpt":{"rendered":"<p>[vc_row content_placement=\u00bbmiddle\u00bb use_container=\u00bbyes\u00bb conter_content=\u00bbyes\u00bb][vc_column offset=\u00bbvc_col-lg-offset-0 vc_col-lg-8 vc_col-md-offset-1 vc_col-md-10 vc_col-sm-offset-0 vc_col-xs-12&#8243;][ts_side_image_left_custom image=\u00bb2567&#8243;][\/vc_column][vc_column css_animation=\u00bbfadeInRight\u00bb width=\u00bb5\/6&#8243; el_class=\u00bbside-text-column side-up\u00bb offset=\u00bbvc_col-lg-offset-0 vc_col-lg-4 vc_col-md-offset-1 vc_col-md-10 vc_col-sm-offset-1 vc_col-xs-12&#8243;][ts_side_text_block position=\u00bbright\u00bb title=\u00bbREDUCIR NUESTRA HUELLA DE CARBONO\u00bb image=\u00bb1052&#8243;]Si vives en Francia, nuestros alineadores no dan la vuelta al mundo antes de usarlos: solo producimos en Francia.[\/ts_side_text_block][\/vc_column][\/vc_row][vc_row full_width=\u00bbstretch_row_content\u00bb content_placement=\u00bbmiddle\u00bb anchor_wrap_section=\u00bbno\u00bb el_id=\u00bbrespeto-medio-ambiente\u00bb el_class=\u00bbrespect-environnement\u00bb][vc_column css_animation=\u00bbfadeInLeft\u00bb el_class=\u00bbright-article-no-hover\u00bb css=\u00bb.vc_custom_1633681522473{padding-right: 0px [&hellip;]<\/p>\n","protected":false},"author":1,"featured_media":0,"parent":0,"menu_order":0,"comment_status":"closed","ping_status":"closed","template":"","meta":{"pgc_sgb_lightbox_settings":"","footnotes":""},"class_list":["post-4311","page","type-page","status-publish","hentry"],"yoast_head":"<!-- This site is optimized with the Yoast SEO plugin v22.0 - https:\/\/yoast.com\/wordpress\/plugins\/seo\/ -->\n<title>Respeto del medio ambiente - Smilers<\/title>\n<meta name=\"description\" content=\"Respeto por el medio ambiente | SmilersCARES| Por una pr\u00e1ctica dental y un tratamiento de ortodoncia m\u00e1s \u00e9ticos y ecorresponsables\" \/>\n<meta name=\"robots\" content=\"index, follow, max-snippet:-1, max-image-preview:large, max-video-preview:-1\" \/>\n<link rel=\"canonical\" href=\"https:\/\/www.smilers.com\/es\/respeto-del-medio-ambiente\/\" \/>\n<meta property=\"og:locale\" content=\"es_ES\" \/>\n<meta property=\"og:type\" content=\"article\" \/>\n<meta property=\"og:title\" content=\"Respeto del medio ambiente - Smilers\" \/>\n<meta property=\"og:description\" content=\"Respeto por el medio ambiente | SmilersCARES| Por una pr\u00e1ctica dental y un tratamiento de ortodoncia m\u00e1s \u00e9ticos y ecorresponsables\" \/>\n<meta property=\"og:url\" content=\"https:\/\/www.smilers.com\/es\/respeto-del-medio-ambiente\/\" \/>\n<meta property=\"og:site_name\" content=\"Smilers\" \/>\n<meta property=\"article:publisher\" content=\"https:\/\/www.facebook.com\/SmilersAligners\/\" \/>\n<meta property=\"article:modified_time\" content=\"2024-04-18T15:13:15+00:00\" \/>\n<meta name=\"twitter:card\" content=\"summary_large_image\" \/>\n<meta name=\"twitter:label1\" content=\"Tiempo de lectura\" \/>\n\t<meta name=\"twitter:data1\" content=\"2 minutos\" \/>\n<script type=\"application\/ld+json\" class=\"yoast-schema-graph\">{\"@context\":\"https:\/\/schema.org\",\"@graph\":[{\"@type\":\"WebPage\",\"@id\":\"https:\/\/www.smilers.com\/es\/respeto-del-medio-ambiente\/\",\"url\":\"https:\/\/www.smilers.com\/es\/respeto-del-medio-ambiente\/\",\"name\":\"Respeto del medio ambiente - Smilers\",\"isPartOf\":{\"@id\":\"https:\/\/www.smilers.com\/en\/#website\"},\"datePublished\":\"2021-12-09T17:37:13+00:00\",\"dateModified\":\"2024-04-18T15:13:15+00:00\",\"description\":\"Respeto por el medio ambiente | SmilersCARES| Por una pr\u00e1ctica dental y un tratamiento de ortodoncia m\u00e1s \u00e9ticos y ecorresponsables\",\"breadcrumb\":{\"@id\":\"https:\/\/www.smilers.com\/es\/respeto-del-medio-ambiente\/#breadcrumb\"},\"inLanguage\":\"es\",\"potentialAction\":[{\"@type\":\"ReadAction\",\"target\":[\"https:\/\/www.smilers.com\/es\/respeto-del-medio-ambiente\/\"]}]},{\"@type\":\"BreadcrumbList\",\"@id\":\"https:\/\/www.smilers.com\/es\/respeto-del-medio-ambiente\/#breadcrumb\",\"itemListElement\":[{\"@type\":\"ListItem\",\"position\":1,\"name\":\"Accueil\",\"item\":\"https:\/\/www.smilers.com\/es\/\"},{\"@type\":\"ListItem\",\"position\":2,\"name\":\"Respeto del medio ambiente\"}]},{\"@type\":\"WebSite\",\"@id\":\"https:\/\/www.smilers.com\/en\/#website\",\"url\":\"https:\/\/www.smilers.com\/en\/\",\"name\":\"Smilers\",\"description\":\"Le sourire chic \u00e0 la fran\u00e7aise\",\"publisher\":{\"@id\":\"https:\/\/www.smilers.com\/en\/#organization\"},\"potentialAction\":[{\"@type\":\"SearchAction\",\"target\":{\"@type\":\"EntryPoint\",\"urlTemplate\":\"https:\/\/www.smilers.com\/en\/?s={search_term_string}\"},\"query-input\":\"required name=search_term_string\"}],\"inLanguage\":\"es\"},{\"@type\":\"Organization\",\"@id\":\"https:\/\/www.smilers.com\/en\/#organization\",\"name\":\"Smilers\",\"url\":\"https:\/\/www.smilers.com\/en\/\",\"logo\":{\"@type\":\"ImageObject\",\"inLanguage\":\"es\",\"@id\":\"https:\/\/www.smilers.com\/en\/#\/schema\/logo\/image\/\",\"url\":\"https:\/\/www.smilers.com\/wp-content\/uploads\/2021\/08\/logo-detoure-noir.png\",\"contentUrl\":\"https:\/\/www.smilers.com\/wp-content\/uploads\/2021\/08\/logo-detoure-noir.png\",\"width\":784,\"height\":169,\"caption\":\"Smilers\"},\"image\":{\"@id\":\"https:\/\/www.smilers.com\/en\/#\/schema\/logo\/image\/\"},\"sameAs\":[\"https:\/\/www.facebook.com\/SmilersAligners\/\",\"https:\/\/www.instagram.com\/smilers_aligners\/?hl=fr\",\"https:\/\/www.youtube.com\/channel\/UCBKtCNaiCfi8H-aHS7ZZdJQ\"]}]}<\/script>\n<!-- \/ Yoast SEO plugin. -->","yoast_head_json":{"title":"Respeto del medio ambiente - Smilers","description":"Respeto por el medio ambiente | SmilersCARES| Por una pr\u00e1ctica dental y un tratamiento de ortodoncia m\u00e1s \u00e9ticos y ecorresponsables","robots":{"index":"index","follow":"follow","max-snippet":"max-snippet:-1","max-image-preview":"max-image-preview:large","max-video-preview":"max-video-preview:-1"},"canonical":"https:\/\/www.smilers.com\/es\/respeto-del-medio-ambiente\/","og_locale":"es_ES","og_type":"article","og_title":"Respeto del medio ambiente - Smilers","og_description":"Respeto por el medio ambiente | SmilersCARES| Por una pr\u00e1ctica dental y un tratamiento de ortodoncia m\u00e1s \u00e9ticos y ecorresponsables","og_url":"https:\/\/www.smilers.com\/es\/respeto-del-medio-ambiente\/","og_site_name":"Smilers","article_publisher":"https:\/\/www.facebook.com\/SmilersAligners\/","article_modified_time":"2024-04-18T15:13:15+00:00","twitter_card":"summary_large_image","twitter_misc":{"Tiempo de lectura":"2 minutos"},"schema":{"@context":"https:\/\/schema.org","@graph":[{"@type":"WebPage","@id":"https:\/\/www.smilers.com\/es\/respeto-del-medio-ambiente\/","url":"https:\/\/www.smilers.com\/es\/respeto-del-medio-ambiente\/","name":"Respeto del medio ambiente - Smilers","isPartOf":{"@id":"https:\/\/www.smilers.com\/en\/#website"},"datePublished":"2021-12-09T17:37:13+00:00","dateModified":"2024-04-18T15:13:15+00:00","description":"Respeto por el medio ambiente | SmilersCARES| Por una pr\u00e1ctica dental y un tratamiento de ortodoncia m\u00e1s \u00e9ticos y ecorresponsables","breadcrumb":{"@id":"https:\/\/www.smilers.com\/es\/respeto-del-medio-ambiente\/#breadcrumb"},"inLanguage":"es","potentialAction":[{"@type":"ReadAction","target":["https:\/\/www.smilers.com\/es\/respeto-del-medio-ambiente\/"]}]},{"@type":"BreadcrumbList","@id":"https:\/\/www.smilers.com\/es\/respeto-del-medio-ambiente\/#breadcrumb","itemListElement":[{"@type":"ListItem","position":1,"name":"Accueil","item":"https:\/\/www.smilers.com\/es\/"},{"@type":"ListItem","position":2,"name":"Respeto del medio ambiente"}]},{"@type":"WebSite","@id":"https:\/\/www.smilers.com\/en\/#website","url":"https:\/\/www.smilers.com\/en\/","name":"Smilers","description":"Le sourire chic \u00e0 la fran\u00e7aise","publisher":{"@id":"https:\/\/www.smilers.com\/en\/#organization"},"potentialAction":[{"@type":"SearchAction","target":{"@type":"EntryPoint","urlTemplate":"https:\/\/www.smilers.com\/en\/?s={search_term_string}"},"query-input":"required name=search_term_string"}],"inLanguage":"es"},{"@type":"Organization","@id":"https:\/\/www.smilers.com\/en\/#organization","name":"Smilers","url":"https:\/\/www.smilers.com\/en\/","logo":{"@type":"ImageObject","inLanguage":"es","@id":"https:\/\/www.smilers.com\/en\/#\/schema\/logo\/image\/","url":"https:\/\/www.smilers.com\/wp-content\/uploads\/2021\/08\/logo-detoure-noir.png","contentUrl":"https:\/\/www.smilers.com\/wp-content\/uploads\/2021\/08\/logo-detoure-noir.png","width":784,"height":169,"caption":"Smilers"},"image":{"@id":"https:\/\/www.smilers.com\/en\/#\/schema\/logo\/image\/"},"sameAs":["https:\/\/www.facebook.com\/SmilersAligners\/","https:\/\/www.instagram.com\/smilers_aligners\/?hl=fr","https:\/\/www.youtube.com\/channel\/UCBKtCNaiCfi8H-aHS7ZZdJQ"]}]}},"_links":{"self":[{"href":"https:\/\/www.smilers.com\/es\/wp-json\/wp\/v2\/pages\/4311","targetHints":{"allow":["GET"]}}],"collection":[{"href":"https:\/\/www.smilers.com\/es\/wp-json\/wp\/v2\/pages"}],"about":[{"href":"https:\/\/www.smilers.com\/es\/wp-json\/wp\/v2\/types\/page"}],"author":[{"embeddable":true,"href":"https:\/\/www.smilers.com\/es\/wp-json\/wp\/v2\/users\/1"}],"replies":[{"embeddable":true,"href":"https:\/\/www.smilers.com\/es\/wp-json\/wp\/v2\/comments?post=4311"}],"version-history":[{"count":6,"href":"https:\/\/www.smilers.com\/es\/wp-json\/wp\/v2\/pages\/4311\/revisions"}],"predecessor-version":[{"id":6797,"href":"https:\/\/www.smilers.com\/es\/wp-json\/wp\/v2\/pages\/4311\/revisions\/6797"}],"wp:attachment":[{"href":"https:\/\/www.smilers.com\/es\/wp-json\/wp\/v2\/media?parent=4311"}],"curies":[{"name":"wp","href":"https:\/\/api.w.org\/{rel}","templated":true}]}}