{"id":4314,"date":"2021-12-09T18:38:07","date_gmt":"2021-12-09T17:38:07","guid":{"rendered":"https:\/\/www.smilers.com\/aviso-legal\/"},"modified":"2025-08-04T10:11:45","modified_gmt":"2025-08-04T08:11:45","slug":"aviso-legal","status":"publish","type":"page","link":"https:\/\/www.smilers.com\/es\/aviso-legal\/","title":{"rendered":"Aviso legal"},"content":{"rendered":"<p>[vc_row][vc_column][vc_column_text]<\/p>\n<p style=\"text-align: center;\"><strong>Aviso legal Smilers\u00ae<\/strong><\/p>\n<p>Actualmente, est\u00e1 visitando la web de Biotech Dental Smilers. 305, All\u00e9es de Craponne &#8211; 13300 Salon de Provence &#8211; Francia. S.A.S con un capital de 125 000 \u20ac. RCS Salon de Provence : 801 674 375 &#8211; SIRET : 801 674 375 00010 &#8211; N\u00b0 TVA : FR 93 80 167 437 5. Im\u00e1genes no contractuales.<\/p>\n<p>Fabricante: Biotech Dental Smilers. Productos sanitarios personalizados de clase IIa, destinados a la alineaci\u00f3n dental. Leer atentamente las instrucciones que figuran en el manual de instrucciones. No reembolsado por la Seguridad Social.<br \/>\nDirector: Philippe VERAN<br \/>\nDirector de la publicaci\u00f3n : Philippe VERAN<\/p>\n<p><strong>Dise\u00f1o y desarrollo de la web<\/strong><br \/>\nGrupo Biotech Dental Smilers<\/p>\n<p><strong>Alojamiento<\/strong><br \/>\nNombre : Secure 4 All<br \/>\nDirecci\u00f3n : 305, All\u00e9es de Craponne \u2013 13300 Salon de Provence<\/p>\n<p><strong>Derechos de propiedad intelectual<\/strong><br \/>\nLos productos, nombres de productos o servicios, logotipos, im\u00e1genes, v\u00eddeos, documentos y cualquier otro signo distintivo de la empresa Biotech Dental, que aparecen en la Web est\u00e1n protegidos por la legislaci\u00f3n francesa, europea o cualquier otra aplicable.<\/p>\n<p>Cualquier uso o reproducci\u00f3n no autorizados est\u00e1n estrictamente prohibidos.<\/p>\n<p><strong>Enlaces externos<\/strong><br \/>\nEsta web contiene enlaces a sitios de terceros (\u00abenlaces externos\u00bb). Estos sitios web son responsabilidad de sus respectivos operadores. La presencia de enlaces externos en el sitio no significa que Biotech Dental respalde los contenidos enlazados. Biotech Dental verific\u00f3 los contenidos de los sitios enlazados para detectar violaciones de las leyes aplicables cuando se enlazaron por primera vez. Hasta la fecha, no se ha detectado ninguna infracci\u00f3n de la ley. Biotech Dental no tiene ninguna influencia sobre el dise\u00f1o y los contenidos actuales y futuros de las p\u00e1ginas enlazadas. No obstante, si el grupo tiene conocimiento de una infracci\u00f3n legal, Biotech Dental eliminar\u00e1 los enlaces correspondientes lo antes posible.<\/p>\n<p><strong>Datos personales <\/strong><\/p>\n<p>Antes el desarrollo de nuevas herramientas de comunicaci\u00f3n, es necesario prestar especial atenci\u00f3n a la protecci\u00f3n de la privacidad. Biotech Dental Smilers\u00ae, en su calidad de responsable del tratamiento, se compromete a respetar la confidencialidad de la informaci\u00f3n personal que recoge y la legislaci\u00f3n vigente en materia de tratamiento de datos personales, en particular, el Reglamento General de Protecci\u00f3n de Datos Europeo n\u00ba 2016\/679 (\u00abGDPR\u00bb). Esta pol\u00edtica (junto con nuestros t\u00e9rminos y condiciones) tiene como objetivo informarle de nuestras pr\u00e1cticas en cuanto a la recopilaci\u00f3n, el uso y el uso compartido de la informaci\u00f3n que pueda proporcionarnos a trav\u00e9s de nuestra plataforma accesible desde la p\u00e1gina web https:\/\/www.smilers.com (en adelante, el \u00abSitio\u00bb). Establece c\u00f3mo tratamos los datos personales que recogemos y que usted nos proporciona. Le recomendamos que lo lea detenidamente.<\/p>\n<p><strong>1.Informaci\u00f3n recopilada<\/strong><br \/>\nCuando usted utiliza nuestro Sitio, puede proporcionarnos informaci\u00f3n, parte de la cual puede identificarle (\u00abInformaci\u00f3n personal\u00bb). Esto puede incluir:<\/p>\n<ul>\n<li style=\"list-style-type: none;\">\n<ul>\n<li>Los datos necesarios para registrarse en el servicio que ofrecemos en nuestro Sitio. Estos datos incluyen su nombre y apellidos, direcci\u00f3n de correo electr\u00f3nico, direcci\u00f3n postal, sexo, n\u00famero de tel\u00e9fono y contrase\u00f1a. Esta informaci\u00f3n es obligatoria. De lo contrario, no podremos proporcionarle los productos o servicios que ofrece nuestro Sitio y no estar\u00e1 autorizado a crear una cuenta en nuestro Sitio.<\/li>\n<li>Los datos relativos a las consultas. Cuando nos env\u00eda una pregunta, por correo electr\u00f3nico o por tel\u00e9fono, podemos recoger su nombre y su direcci\u00f3n de correo electr\u00f3nico. Esta informaci\u00f3n nos permite responder a su pregunta y ponernos de nuevo en contacto con usted.<\/li>\n<li>Los datos relativos a su uso de nuestros servicios en l\u00ednea. Nuestros servicios en l\u00ednea recogen datos de navegaci\u00f3n que pueden permitir identificar su terminal cuando accede o consulta nuestro Sitio. En este contexto, podemos recopilar la direcci\u00f3n IP del terminal conectado a Internet, el tipo de navegador y el sistema operativo utilizados, as\u00ed como otros datos procesados autom\u00e1ticamente, como su proveedor de servicios de Internet, el sitio web desde el que accedi\u00f3 a nuestro Sitio, el n\u00famero de p\u00e1ginas consultadas en nuestro Sitio, el uso de nuestro Sitio, el tiempo empleado en cada p\u00e1gina de nuestro Sitio, etc. Estos datos pueden utilizarse para el funcionamiento de nuestro Sitio, la prestaci\u00f3n de nuestros servicios y el seguimiento del an\u00e1lisis del tr\u00e1fico de nuestro Sitio. Esta secci\u00f3n proporciona ejemplos de los datos personales que podemos recoger en nuestro Sitio y c\u00f3mo podemos utilizar esos datos personales. Si no desea que recopilemos sus datos personales, no nos los facilite, no utilice nuestros servicios y no acceda a nuestro Sitio. Con su consentimiento previo, podemos transmitir sus datos personales a nuestros socios comerciales, miembros del grupo Biotech Dental.<\/li>\n<\/ul>\n<\/li>\n<\/ul>\n<p><strong>2. Responsable del tratamiento de los datos personales<\/strong><br \/>\nEl responsable del tratamiento de sus datos personales es: Biotech Dental Smilers, 305, All\u00e9es de Craponne &#8211; 13300 Salon de Provence &#8211; Francia. S.A.S con un capital de 125.000 \u20ac<br \/>\nRCS Salon de Provence: 801 674 375 &#8211; SIRET: 801 674 375 00010 &#8211; N\u00b0 IVA: FR 93 80 167 437 5<br \/>\nCorreo electr\u00f3nico: info@smilers.com<br \/>\nN\u00famero de tel\u00e9fono: +33 (0)4 13 22 82 40<br \/>\nNuestro delegado para la protecci\u00f3n de datos es: Aur\u00e9lia DUBOIS (<a href=\"mailto:dpo.bd@biotech-dental.com\">dpo.bd@biotech-dental.com)<\/a>.<\/p>\n<p><strong>3. Modalidad de recopilaci\u00f3n de datos personales<\/strong><br \/>\nRecopilaci\u00f3n pasiva: Cuando usted visita e interact\u00faa con nuestro Sitio, los datos personales pueden ser recogidos de forma pasiva, ya que usted puede no ser consciente de que los datos est\u00e1n siendo recogidos durante esas visitas o interacciones. La informaci\u00f3n recopilada puede incluir, entre otras cosas, lo siguiente: direcci\u00f3n IP de los visitantes del Sitio, informaci\u00f3n relacionada con la direcci\u00f3n IP, direcci\u00f3n MAC (Media Access Control) del sistema, informaci\u00f3n de configuraci\u00f3n de la red, etc. Tambi\u00e9n utilizamos tecnolog\u00eda de \u00abcookies\u00bb para recoger informaci\u00f3n an\u00f3nima sobre los visitantes. Las cookies son identificadores alfanum\u00e9ricos que se transfieren al disco duro del ordenador del usuario a trav\u00e9s de su navegador web. De este modo, podemos personalizar sus futuras visitas y ahorrarle tiempo de navegaci\u00f3n. Es posible evitar el uso de cookies en su navegador desactivando esta funci\u00f3n. Recopilaci\u00f3n directa: Tambi\u00e9n podemos recoger datos de usted cuando nos proporciona informaci\u00f3n a trav\u00e9s del Sitio. Por ejemplo, si se pone en contacto con nosotros para solicitar productos y servicios, hacer preguntas o proporcionar opiniones o comentarios sobre el Sitio o nuestros productos y servicios, podemos registrar la informaci\u00f3n que nos proporcione, incluidos los datos personales, con el fin de procesar su solicitud de manera eficiente. Si no desea que sus datos personales sean recogidos directamente, le pedimos que no nos los facilite.<\/p>\n<p><strong>4. Duraci\u00f3n de conservaci\u00f3n de los datos personales<\/strong><br \/>\nLos datos personales recopilados en nuestro Sitio se archivan 5 a\u00f1os despu\u00e9s de la \u00faltima utilizaci\u00f3n de nuestro Sitio, sin perjuicio de las obligaciones de conservaci\u00f3n o de los plazos de prescripci\u00f3n. Se conservan durante 3 a\u00f1os con fines de animaci\u00f3n y prospecci\u00f3n. Ciertas categor\u00edas de datos personales pueden conservarse durante distintos periodos de tiempo y, en particular, los datos financieros, que se conservan durante el periodo de tiempo exigido por la legislaci\u00f3n aplicable en materia fiscal y contable. Desde el punto de vista contable, se conservan durante 10 a\u00f1os a partir del final del periodo contable.<\/p>\n<p><strong>5. Uso de los datos personales recopilados<\/strong><br \/>\nUsamos los datos que recopilamos para:<\/p>\n<ul>\n<li>Ejecuci\u00f3n de contratos entre usted y nosotros o entre nosotros y nuestros socios comerciales y suministro de la informaci\u00f3n y los productos o servicios solicitados: tratamiento necesario para la ejecuci\u00f3n de nuestras respectivas obligaciones contractuales.<\/li>\n<li>Env\u00edo de informaci\u00f3n sobre nuestros productos o servicios por correo electr\u00f3nico o cualquier otro medio de comunicaci\u00f3n: tratamiento necesario para el cumplimiento de nuestras respectivas obligaciones contractuales. Se lleva a cabo con su consentimiento.<\/li>\n<li>Informarle de cambios en nuestros productos o servicios: tratamiento necesario para el cumplimiento de nuestras respectivas obligaciones contractuales, para el cumplimiento de nuestras obligaciones legales o para el establecimiento, ejercicio o defensa de reclamaciones legales.<\/li>\n<li>Para mejorar y optimizar nuestras Plataformas, en particular para garantizar que nuestro contenido se muestre en su dispositivo; tratamiento basado en nuestro inter\u00e9s leg\u00edtimo (ofrecerle contenido relevante).<\/li>\n<li>Ayudarnos a mantener un entorno seguro en nuestras Plataformas: tratamiento basado en nuestro inter\u00e9s leg\u00edtimo (garantizar la seguridad de nuestras Plataformas), necesario para cumplir con nuestras obligaciones legales o necesarias para el establecimiento, ejercicio o defensa de reclamaciones legales.<\/li>\n<\/ul>\n<p><strong>6. Uso compartido de los datos personales<\/strong><br \/>\nCuando lo exija la ley y la normativa, solicitaremos su consentimiento para divulgar su informaci\u00f3n. Sin embargo, en algunos casos su consentimiento se da como parte del contrato entre nosotros. Sus datos personales ser\u00e1n utilizados por las empresas del Grupo BIOTECH DENTAL, sus proveedores de servicios con sede en la Uni\u00f3n Europea o en terceros pa\u00edses y, en su caso, sus socios. Nos comprometemos a no vender, alquilar o divulgar sus datos personales a otras entidades sin su consentimiento o si ha expresado su oposici\u00f3n.<\/p>\n<p><strong>7. Derechos relativos a los datos personales<\/strong><br \/>\nEn aplicaci\u00f3n de los art\u00edculos 15 al 22 del Reglamento General de Protecci\u00f3n de datos del 27 de abril de 2016, siempre que se cumplan las condiciones establecidas por estos art\u00edculos, puede:<\/p>\n<ul>\n<li>Acceder a todos sus datos personales<\/li>\n<li>Rectificar datos inexactos o incompletos<\/li>\n<li>Borrar sus datos. Siempre que pueda demostrar su identidad, y cuando sea t\u00e9cnicamente posible, podr\u00e1 solicitar la portabilidad de sus datos personales. Tambi\u00e9n puede solicitar la limitaci\u00f3n del tratamiento y oponerse en cualquier momento al tratamiento de sus datos por motivos relacionados con su situaci\u00f3n personal. No obstante, el responsable podr\u00e1 no atender su solicitud si acredita motivos leg\u00edtimos e imperiosos que prevalezcan sobre los intereses y derechos y libertades del usuario o para el establecimiento, ejercicio o defensa de sus derechos legales. El responsable del tratamiento indica que este derecho de oposici\u00f3n tambi\u00e9n puede ser ejercido por el usuario cuando el tratamiento de los datos se realice \u00fanicamente con fines de prospecci\u00f3n. Adem\u00e1s, cuando la \u00fanica base legal para el tratamiento es el consentimiento dado por el usuario, este puede retirarlo en cualquier momento.<\/li>\n<\/ul>\n<p>Para poder ejercer estos derechos, puede hacerlo por correo postal: Biotech Dental Smilers &#8211; 305, All\u00e9es de Craponne \u2013 13300 Salon-de-Provence o por correo electr\u00f3nico a la direcci\u00f3n: info@smilers.com<\/p>\n<p><strong>8. Seguridad de los datos personales<\/strong><br \/>\nNos comprometemos a garantizar la seguridad de los datos que nos proporcione. Para evitar el acceso, la utilizaci\u00f3n, la modificaci\u00f3n, la destrucci\u00f3n, la p\u00e9rdida, el da\u00f1o o la divulgaci\u00f3n no autorizados, y para proteger los datos recopilados, se han adoptado las medidas t\u00e9cnicas y organizativas adecuadas. Los datos personales que recogemos se guardan en un entorno seguro. Nuestros empleados est\u00e1n obligados a respetar la confidencialidad de su informaci\u00f3n. Para garantizar la seguridad de sus datos personales, utilizamos las siguientes medidas: Protocolo SSL (Secure Sockets Layer), copia de seguridad inform\u00e1tica. Nos comprometemos a mantener un alto nivel de confidencialidad incorporando las \u00faltimas innovaciones tecnol\u00f3gicas para garantizar la confidencialidad de sus transacciones. Sin embargo, como ning\u00fan mecanismo ofrece la m\u00e1xima seguridad, siempre hay un grado de riesgo cuando se utiliza Internet para transmitir informaci\u00f3n personal. En caso de que se produzca una violaci\u00f3n de sus datos personales, estamos obligados a notificar a la autoridad de control correspondiente y a informarle, lo antes posible, de cualquier violaci\u00f3n de datos personales que pueda suponer un alto riesgo para sus derechos y libertades, para que pueda tomar las medidas oportunas.<\/p>\n<p><strong>09. Env\u00edo de datos personales fuera de la Uni\u00f3n Europea<\/strong><br \/>\nPor regla general, conservamos sus datos personales dentro de la Uni\u00f3n Europea. Si en algunos casos sus Datos Personales se transfieren fuera de la Uni\u00f3n Europea, nos aseguramos de que esta transferencia se realice en cumplimiento de la normativa aplicable y garantice un nivel suficiente de protecci\u00f3n de la privacidad y los derechos fundamentales de las personas.<\/p>\n<p><strong>10. Modificaci\u00f3n de la pol\u00edtica de confidentialidad<\/strong><br \/>\nEl Sitio y nuestra actividad pueden cambiar. En consecuencia (y por otras razones comerciales o tecnol\u00f3gicas), podemos cambiar esta Pol\u00edtica de Privacidad. Nos reservamos el derecho de actualizar, alterar, enmendar o modificar esta Pol\u00edtica de Privacidad en cualquier momento y sin previo aviso. Le recomendamos que revise esta pol\u00edtica peri\u00f3dicamente, especialmente antes de proporcionar cualquier informaci\u00f3n personal. Si consideramos que los cambios previstos constituyen una revisi\u00f3n importante de esta Pol\u00edtica de Privacidad, colocaremos un aviso en el Sitio para informar a los usuarios de dichos cambios y permitirles tomar ciertas medidas antes de la aplicaci\u00f3n de los mismos. En algunos casos, tambi\u00e9n podemos enviar un correo electr\u00f3nico para notificar a los usuarios registrados los pr\u00f3ximos cambios. Esta pol\u00edtica de privacidad se actualiz\u00f3 por \u00faltima vez en la fecha indicada anteriormente. Su uso continuado de los Sitios tras la aplicaci\u00f3n de cualquier cambio o revisi\u00f3n de esta Pol\u00edtica de Privacidad constituye la aceptaci\u00f3n de las disposiciones de la Pol\u00edtica revisada tal y como se aplica ahora.<\/p>\n<p>En Salon-de-Provence, a 1 de agosto de 2021[\/vc_column_text][\/vc_column][\/vc_row]<\/p>\n","protected":false},"excerpt":{"rendered":"<p>[vc_row][vc_column][vc_column_text] Aviso legal Smilers\u00ae Actualmente, est\u00e1 visitando la web de Biotech Dental Smilers. 305, All\u00e9es de Craponne &#8211; 13300 Salon de Provence &#8211; Francia. S.A.S con un capital de 125 000 \u20ac. RCS Salon de Provence : 801 674 375 &#8211; SIRET : 801 674 375 00010 &#8211; N\u00b0 TVA : FR 93 80 167 [&hellip;]<\/p>\n","protected":false},"author":1,"featured_media":0,"parent":0,"menu_order":0,"comment_status":"closed","ping_status":"closed","template":"","meta":{"pgc_sgb_lightbox_settings":"","footnotes":""},"class_list":["post-4314","page","type-page","status-publish","hentry"],"yoast_head":"<!-- This site is optimized with the Yoast SEO plugin v22.0 - https:\/\/yoast.com\/wordpress\/plugins\/seo\/ -->\n<title>Aviso legal - Smilers<\/title>\n<meta name=\"description\" content=\"Informaci\u00f3n jur\u00eddica | Dise\u00f1o y desarrollo | Alojamiento web | Derechos de propiedad | Descubra nuestra informaci\u00f3n jur\u00eddica\" \/>\n<meta name=\"robots\" content=\"index, follow, max-snippet:-1, max-image-preview:large, max-video-preview:-1\" \/>\n<link rel=\"canonical\" href=\"https:\/\/www.smilers.com\/es\/aviso-legal\/\" \/>\n<meta property=\"og:locale\" content=\"es_ES\" \/>\n<meta property=\"og:type\" content=\"article\" \/>\n<meta property=\"og:title\" content=\"Aviso legal - Smilers\" \/>\n<meta property=\"og:description\" content=\"Informaci\u00f3n jur\u00eddica | Dise\u00f1o y desarrollo | Alojamiento web | Derechos de propiedad | Descubra nuestra informaci\u00f3n jur\u00eddica\" \/>\n<meta property=\"og:url\" content=\"https:\/\/www.smilers.com\/es\/aviso-legal\/\" \/>\n<meta property=\"og:site_name\" content=\"Smilers\" \/>\n<meta property=\"article:publisher\" content=\"https:\/\/www.facebook.com\/SmilersAligners\/\" \/>\n<meta property=\"article:modified_time\" content=\"2025-08-04T08:11:45+00:00\" \/>\n<meta name=\"twitter:card\" content=\"summary_large_image\" \/>\n<meta name=\"twitter:label1\" content=\"Tiempo de lectura\" \/>\n\t<meta name=\"twitter:data1\" content=\"11 minutos\" \/>\n<script type=\"application\/ld+json\" class=\"yoast-schema-graph\">{\"@context\":\"https:\/\/schema.org\",\"@graph\":[{\"@type\":\"WebPage\",\"@id\":\"https:\/\/www.smilers.com\/es\/aviso-legal\/\",\"url\":\"https:\/\/www.smilers.com\/es\/aviso-legal\/\",\"name\":\"Aviso legal - Smilers\",\"isPartOf\":{\"@id\":\"https:\/\/www.smilers.com\/en\/#website\"},\"datePublished\":\"2021-12-09T17:38:07+00:00\",\"dateModified\":\"2025-08-04T08:11:45+00:00\",\"description\":\"Informaci\u00f3n jur\u00eddica | Dise\u00f1o y desarrollo | Alojamiento web | Derechos de propiedad | Descubra nuestra informaci\u00f3n jur\u00eddica\",\"breadcrumb\":{\"@id\":\"https:\/\/www.smilers.com\/es\/aviso-legal\/#breadcrumb\"},\"inLanguage\":\"es\",\"potentialAction\":[{\"@type\":\"ReadAction\",\"target\":[\"https:\/\/www.smilers.com\/es\/aviso-legal\/\"]}]},{\"@type\":\"BreadcrumbList\",\"@id\":\"https:\/\/www.smilers.com\/es\/aviso-legal\/#breadcrumb\",\"itemListElement\":[{\"@type\":\"ListItem\",\"position\":1,\"name\":\"Accueil\",\"item\":\"https:\/\/www.smilers.com\/es\/\"},{\"@type\":\"ListItem\",\"position\":2,\"name\":\"Aviso legal\"}]},{\"@type\":\"WebSite\",\"@id\":\"https:\/\/www.smilers.com\/en\/#website\",\"url\":\"https:\/\/www.smilers.com\/en\/\",\"name\":\"Smilers\",\"description\":\"Le sourire chic \u00e0 la fran\u00e7aise\",\"publisher\":{\"@id\":\"https:\/\/www.smilers.com\/en\/#organization\"},\"potentialAction\":[{\"@type\":\"SearchAction\",\"target\":{\"@type\":\"EntryPoint\",\"urlTemplate\":\"https:\/\/www.smilers.com\/en\/?s={search_term_string}\"},\"query-input\":\"required name=search_term_string\"}],\"inLanguage\":\"es\"},{\"@type\":\"Organization\",\"@id\":\"https:\/\/www.smilers.com\/en\/#organization\",\"name\":\"Smilers\",\"url\":\"https:\/\/www.smilers.com\/en\/\",\"logo\":{\"@type\":\"ImageObject\",\"inLanguage\":\"es\",\"@id\":\"https:\/\/www.smilers.com\/en\/#\/schema\/logo\/image\/\",\"url\":\"https:\/\/www.smilers.com\/wp-content\/uploads\/2021\/08\/logo-detoure-noir.png\",\"contentUrl\":\"https:\/\/www.smilers.com\/wp-content\/uploads\/2021\/08\/logo-detoure-noir.png\",\"width\":784,\"height\":169,\"caption\":\"Smilers\"},\"image\":{\"@id\":\"https:\/\/www.smilers.com\/en\/#\/schema\/logo\/image\/\"},\"sameAs\":[\"https:\/\/www.facebook.com\/SmilersAligners\/\",\"https:\/\/www.instagram.com\/smilers_aligners\/?hl=fr\",\"https:\/\/www.youtube.com\/channel\/UCBKtCNaiCfi8H-aHS7ZZdJQ\"]}]}<\/script>\n<!-- \/ Yoast SEO plugin. -->","yoast_head_json":{"title":"Aviso legal - Smilers","description":"Informaci\u00f3n jur\u00eddica | Dise\u00f1o y desarrollo | Alojamiento web | Derechos de propiedad | Descubra nuestra informaci\u00f3n jur\u00eddica","robots":{"index":"index","follow":"follow","max-snippet":"max-snippet:-1","max-image-preview":"max-image-preview:large","max-video-preview":"max-video-preview:-1"},"canonical":"https:\/\/www.smilers.com\/es\/aviso-legal\/","og_locale":"es_ES","og_type":"article","og_title":"Aviso legal - Smilers","og_description":"Informaci\u00f3n jur\u00eddica | Dise\u00f1o y desarrollo | Alojamiento web | Derechos de propiedad | Descubra nuestra informaci\u00f3n jur\u00eddica","og_url":"https:\/\/www.smilers.com\/es\/aviso-legal\/","og_site_name":"Smilers","article_publisher":"https:\/\/www.facebook.com\/SmilersAligners\/","article_modified_time":"2025-08-04T08:11:45+00:00","twitter_card":"summary_large_image","twitter_misc":{"Tiempo de lectura":"11 minutos"},"schema":{"@context":"https:\/\/schema.org","@graph":[{"@type":"WebPage","@id":"https:\/\/www.smilers.com\/es\/aviso-legal\/","url":"https:\/\/www.smilers.com\/es\/aviso-legal\/","name":"Aviso legal - Smilers","isPartOf":{"@id":"https:\/\/www.smilers.com\/en\/#website"},"datePublished":"2021-12-09T17:38:07+00:00","dateModified":"2025-08-04T08:11:45+00:00","description":"Informaci\u00f3n jur\u00eddica | Dise\u00f1o y desarrollo | Alojamiento web | Derechos de propiedad | Descubra nuestra informaci\u00f3n jur\u00eddica","breadcrumb":{"@id":"https:\/\/www.smilers.com\/es\/aviso-legal\/#breadcrumb"},"inLanguage":"es","potentialAction":[{"@type":"ReadAction","target":["https:\/\/www.smilers.com\/es\/aviso-legal\/"]}]},{"@type":"BreadcrumbList","@id":"https:\/\/www.smilers.com\/es\/aviso-legal\/#breadcrumb","itemListElement":[{"@type":"ListItem","position":1,"name":"Accueil","item":"https:\/\/www.smilers.com\/es\/"},{"@type":"ListItem","position":2,"name":"Aviso legal"}]},{"@type":"WebSite","@id":"https:\/\/www.smilers.com\/en\/#website","url":"https:\/\/www.smilers.com\/en\/","name":"Smilers","description":"Le sourire chic \u00e0 la fran\u00e7aise","publisher":{"@id":"https:\/\/www.smilers.com\/en\/#organization"},"potentialAction":[{"@type":"SearchAction","target":{"@type":"EntryPoint","urlTemplate":"https:\/\/www.smilers.com\/en\/?s={search_term_string}"},"query-input":"required name=search_term_string"}],"inLanguage":"es"},{"@type":"Organization","@id":"https:\/\/www.smilers.com\/en\/#organization","name":"Smilers","url":"https:\/\/www.smilers.com\/en\/","logo":{"@type":"ImageObject","inLanguage":"es","@id":"https:\/\/www.smilers.com\/en\/#\/schema\/logo\/image\/","url":"https:\/\/www.smilers.com\/wp-content\/uploads\/2021\/08\/logo-detoure-noir.png","contentUrl":"https:\/\/www.smilers.com\/wp-content\/uploads\/2021\/08\/logo-detoure-noir.png","width":784,"height":169,"caption":"Smilers"},"image":{"@id":"https:\/\/www.smilers.com\/en\/#\/schema\/logo\/image\/"},"sameAs":["https:\/\/www.facebook.com\/SmilersAligners\/","https:\/\/www.instagram.com\/smilers_aligners\/?hl=fr","https:\/\/www.youtube.com\/channel\/UCBKtCNaiCfi8H-aHS7ZZdJQ"]}]}},"_links":{"self":[{"href":"https:\/\/www.smilers.com\/es\/wp-json\/wp\/v2\/pages\/4314","targetHints":{"allow":["GET"]}}],"collection":[{"href":"https:\/\/www.smilers.com\/es\/wp-json\/wp\/v2\/pages"}],"about":[{"href":"https:\/\/www.smilers.com\/es\/wp-json\/wp\/v2\/types\/page"}],"author":[{"embeddable":true,"href":"https:\/\/www.smilers.com\/es\/wp-json\/wp\/v2\/users\/1"}],"replies":[{"embeddable":true,"href":"https:\/\/www.smilers.com\/es\/wp-json\/wp\/v2\/comments?post=4314"}],"version-history":[{"count":22,"href":"https:\/\/www.smilers.com\/es\/wp-json\/wp\/v2\/pages\/4314\/revisions"}],"predecessor-version":[{"id":43731,"href":"https:\/\/www.smilers.com\/es\/wp-json\/wp\/v2\/pages\/4314\/revisions\/43731"}],"wp:attachment":[{"href":"https:\/\/www.smilers.com\/es\/wp-json\/wp\/v2\/media?parent=4314"}],"curies":[{"name":"wp","href":"https:\/\/api.w.org\/{rel}","templated":true}]}}