{"id":4316,"date":"2021-12-09T18:43:02","date_gmt":"2021-12-09T17:43:02","guid":{"rendered":"https:\/\/www.smilers.com\/acelere-el-tratamiento\/"},"modified":"2024-04-18T15:22:45","modified_gmt":"2024-04-18T13:22:45","slug":"acelere-el-tratamiento","status":"publish","type":"page","link":"https:\/\/www.smilers.com\/es\/acelere-el-tratamiento\/","title":{"rendered":"Acelere el tratamiento"},"content":{"rendered":"<p>[vc_row content_placement=\u00bbmiddle\u00bb use_container=\u00bbyes\u00bb conter_content=\u00bbyes\u00bb][vc_column css_animation=\u00bbnone\u00bb width=\u00bb5\/6&#8243; offset=\u00bbvc_col-lg-offset-0 vc_col-lg-7 vc_col-md-offset-1 vc_col-md-10 vc_col-sm-offset-1 vc_col-xs-12&#8243;][ts_side_image_left_custom image=\u00bb1714&#8243;][\/vc_column][vc_column css_animation=\u00bbfadeInRight\u00bb width=\u00bb5\/6&#8243; el_class=\u00bbside-text-column\u00bb offset=\u00bbvc_col-lg-offset-0 vc_col-lg-5 vc_col-md-offset-1 vc_col-md-10 vc_col-sm-offset-1 vc_col-xs-12&#8243;][ts_side_text_block_atp position=\u00bbright\u00bb new_tab=\u00bbyes\u00bb title=\u00bbFotobiomodulaci\u00f3n: <strong>ATP38\u00ae<\/strong>\u00bb image=\u00bb1801&#8243; link=\u00bbhttps:\/\/www.atp38.com\/patient\u00bb]Gracias la fotobiomodulaci\u00f3n puede acelerar <a href=\"https:\/\/www.smilers.com\/es\/mi-vida-diaria\/\">el tratamiento de ortodoncia Smilers\u00ae<\/a>. Pero, \u00bfc\u00f3mo funciona?[\/ts_side_text_block_atp][\/vc_column][\/vc_row][vc_row content_placement=\u00bbmiddle\u00bb el_class=\u00bbphotobiostim right-article-no-hover\u00bb][vc_column offset=\u00bbvc_col-lg-offset-0 vc_col-lg-8 vc_col-md-6 vc_col-xs-12&#8243;][\/vc_column][vc_column css_animation=\u00bbfadeInRight\u00bb offset=\u00bbvc_col-lg-4 vc_col-md-6 vc_col-xs-12&#8243; el_class=\u00bbright-article-no-hover\u00bb css=\u00bb.vc_custom_1630593581231{padding-right: 0px !important;padding-left: 0px !important;}\u00bb][ts_right_article]<\/p>\n<p style=\"text-align: left;\">La <strong>fotobiomodulaci\u00f3n (o terapia de bajo nivel de luz (LLLT)<\/strong>) es un m\u00e9todo de tratamiento at\u00e9rmico y no invasivo que se basa en el uso de <strong>siete longitudes de onda diferentes<\/strong>cada una con un campo de acci\u00f3n espec\u00edfico. Los fotones entran en la piel y son absorbidos por las c\u00e9lulas. Este <strong>aporte energ\u00e9tico<\/strong> participa en la <strong>regeneraci\u00f3n celular<\/strong>. Esta aplicaci\u00f3n cient\u00edfica de la luz en zonas del cuerpo permite:<\/p>\n<ul style=\"text-align: left;\">\n<li><strong>Reducir el dolor<\/strong><\/li>\n<li><strong>Acelerar la cicatrizaci\u00f3n<\/strong><\/li>\n<li><strong>Tratar la inflamaci\u00f3n<\/strong><\/li>\n<\/ul>\n<p style=\"text-align: left;\">Si su dentista dispone de un aparato de fotoestimulaci\u00f3n, puede beneficiarse de la aceleraci\u00f3n de su tratamiento de ortodoncia Smilers\u00ae.<\/p>\n<p style=\"text-align: left;\">Independientemente de su edad, cualquier persona puede recibir un tratamiento salvo en casos particulares: no dude en solicitar consejo a su cirujano odont\u00f3logo sobre las precauciones y contraindicaciones.<\/p>\n<p>[\/ts_right_article][\/vc_column][\/vc_row][vc_row content_placement=\u00bbmiddle\u00bb use_container=\u00bbyes\u00bb conter_content=\u00bbyes\u00bb el_class=\u00bbhide-on-mobile\u00bb][vc_column css_animation=\u00bbfadeInLeft\u00bb width=\u00bb5\/12&#8243; el_class=\u00bbside-text-column\u00bb offset=\u00bbvc_hidden-md vc_hidden-sm vc_hidden-xs\u00bb][ts_side_text_block_atp position=\u00bbleft\u00bb title=\u00bb<strong>Tiempo de tratamiento reducido<\/strong>\u00bb image=\u00bb1801&#8243;]<\/p>\n<div>Estudios cl\u00ednicos[1], [2] demuestran que las sesiones de fotobioestimulaci\u00f3n pueden reducir la duraci\u00f3n de un tratamiento de ortodoncia.<\/div>\n<p>[\/ts_side_text_block_atp][\/vc_column][vc_column width=\u00bb7\/12&#8243; offset=\u00bbvc_hidden-md vc_hidden-sm vc_hidden-xs\u00bb][ts_side_image_left_custom image=\u00bb1699&#8243;][\/vc_column][vc_column][ts_about_text_content]<\/p>\n<div class=\"note\"><em>[1]Al-Dboush, Ra\u2019ed, Anahita Naseri Esfahani, et Tarek El-Bialy. \u00abImpact of photobiomodulation and low-intensity pulsed ultrasound adjunctive interventions on orthodontic treatment duration during clear aligner therapy\u00bb: The Angle Orthodontist 91, n\u1d52 5 (septiembre 2021): 619 25. &#8211; [2]Caccianiga, G., C. Crestale, M. Cozzani, A. Piras, S. Mutinelli, A. Lo Giudice, et G. Cordasco. \u00abLow-Level Laser Therapy and Invisible Removal Aligners\u00bb. Journal of Biological Regulators and Homeostatic Agents 30, n\u1d52 2 Suppl 1 (junio 2016): 107 13.<\/em><\/div>\n<p>[\/ts_about_text_content][\/vc_column][\/vc_row][vc_row content_placement=\u00bbmiddle\u00bb use_container=\u00bbyes\u00bb conter_content=\u00bbyes\u00bb el_class=\u00bbhide-on-desktop\u00bb][vc_column width=\u00bb5\/6&#8243; offset=\u00bbvc_col-lg-offset-0 vc_col-lg-8 vc_hidden-lg vc_col-md-offset-1 vc_col-md-10 vc_col-sm-offset-1 vc_col-xs-12&#8243;][ts_side_image_left_custom image=\u00bb1699&#8243;][\/vc_column][vc_column css_animation=\u00bbfadeInRight\u00bb width=\u00bb5\/6&#8243; el_class=\u00bbside-text-column\u00bb offset=\u00bbvc_col-lg-offset-0 vc_col-lg-4 vc_hidden-lg vc_col-md-offset-1 vc_col-md-10 vc_col-sm-offset-1 vc_col-xs-12&#8243;][ts_side_text_block_atp position=\u00bbleft\u00bb title=\u00bb<strong>Tiempo de tratamiento reducido<\/strong>\u00bb image=\u00bb1801&#8243;]<\/p>\n<div>Estudios cl\u00ednicos[1], [2] demuestran que las sesiones de fotobioestimulaci\u00f3n pueden reducir la duraci\u00f3n de un tratamiento de ortodoncia.<\/div>\n<p>[\/ts_side_text_block_atp][\/vc_column][vc_column][ts_about_text_content]<\/p>\n<div class=\"note\"><em>[1]Al-Dboush, Ra\u2019ed, Anahita Naseri Esfahani, et Tarek El-Bialy. \u00abImpact of photobiomodulation and low-intensity pulsed ultrasound adjunctive interventions on orthodontic treatment duration during clear aligner therapy\u00bb: The Angle Orthodontist 91, n\u1d52 5 (septiembre 2021): 619 25. &#8211; [2]Caccianiga, G., C. Crestale, M. Cozzani, A. Piras, S. Mutinelli, A. Lo Giudice, et G. Cordasco. \u00abLow-Level Laser Therapy and Invisible Removal Aligners\u00bb. Journal of Biological Regulators and Homeostatic Agents 30, n\u1d52 2 Suppl 1 (junio 2016): 107 13.<\/em><\/div>\n<p>[\/ts_about_text_content][\/vc_column][\/vc_row][vc_row full_width=\u00bbstretch_row_content_no_spaces\u00bb content_placement=\u00bbmiddle\u00bb css=\u00bb.vc_custom_1632840733229{background-color: #040303 !important;}\u00bb][vc_column width=\u00bb1\/2&#8243; css=\u00bb.vc_custom_1632840675368{background-color: #040303 !important;}\u00bb][ts_about_text_content]<\/p>\n<h3 style=\"text-align: center; color: white;\"><a href=\"https:\/\/www.atp38.com\/patient\">El ATP38\u00ae<\/a>, el <b class=\"b4\">aliado d<\/b><b class=\"b3\">e Madonna<\/b><\/h3>\n<p style=\"text-align: center;\"><img loading=\"lazy\" decoding=\"async\" class=\"size-full wp-image-3117 aligncenter\" src=\"https:\/\/www.smilers.com\/wp-content\/uploads\/2021\/06\/separateur-gold.jpg\" alt=\"\" width=\"150\" height=\"4\" \/><\/p>\n<p>[\/ts_about_text_content][\/vc_column][vc_column width=\u00bb1\/2&#8243; css=\u00bb.vc_custom_1632840455348{background-color: #040303 !important;}\u00bb][ts_video_custom autoplay=\u00bbyes\u00bb video_url=\u00bbhttps:\/\/www.smilers.com\/wp-content\/uploads\/2021\/09\/smilers_madonna.mov\u00bb video_class=\u00bbw-100&#8243;][\/vc_column][\/vc_row]<\/p>\n","protected":false},"excerpt":{"rendered":"<p>[vc_row content_placement=\u00bbmiddle\u00bb use_container=\u00bbyes\u00bb conter_content=\u00bbyes\u00bb][vc_column css_animation=\u00bbnone\u00bb width=\u00bb5\/6&#8243; offset=\u00bbvc_col-lg-offset-0 vc_col-lg-7 vc_col-md-offset-1 vc_col-md-10 vc_col-sm-offset-1 vc_col-xs-12&#8243;][ts_side_image_left_custom image=\u00bb1714&#8243;][\/vc_column][vc_column css_animation=\u00bbfadeInRight\u00bb width=\u00bb5\/6&#8243; el_class=\u00bbside-text-column\u00bb offset=\u00bbvc_col-lg-offset-0 vc_col-lg-5 vc_col-md-offset-1 vc_col-md-10 vc_col-sm-offset-1 vc_col-xs-12&#8243;][ts_side_text_block_atp position=\u00bbright\u00bb new_tab=\u00bbyes\u00bb title=\u00bbFotobiomodulaci\u00f3n: ATP38\u00ae\u00bb image=\u00bb1801&#8243; link=\u00bbhttps:\/\/www.atp38.com\/patient\u00bb]Gracias la fotobiomodulaci\u00f3n puede acelerar el tratamiento de ortodoncia Smilers\u00ae. Pero, \u00bfc\u00f3mo funciona?[\/ts_side_text_block_atp][\/vc_column][\/vc_row][vc_row content_placement=\u00bbmiddle\u00bb el_class=\u00bbphotobiostim right-article-no-hover\u00bb][vc_column offset=\u00bbvc_col-lg-offset-0 vc_col-lg-8 vc_col-md-6 vc_col-xs-12&#8243;][\/vc_column][vc_column css_animation=\u00bbfadeInRight\u00bb offset=\u00bbvc_col-lg-4 vc_col-md-6 vc_col-xs-12&#8243; el_class=\u00bbright-article-no-hover\u00bb css=\u00bb.vc_custom_1630593581231{padding-right: 0px !important;padding-left: [&hellip;]<\/p>\n","protected":false},"author":1,"featured_media":0,"parent":0,"menu_order":0,"comment_status":"closed","ping_status":"closed","template":"page-portfolio.php","meta":{"pgc_sgb_lightbox_settings":"","footnotes":""},"class_list":["post-4316","page","type-page","status-publish","hentry"],"yoast_head":"<!-- This site is optimized with the Yoast SEO plugin v22.0 - https:\/\/yoast.com\/wordpress\/plugins\/seo\/ -->\n<title>Acelere el tratamiento - Smilers<\/title>\n<meta name=\"description\" content=\"Acelerar el tratamiento | ATP38 | Fotobiomodulaci\u00f3n | Descubra c\u00f3mo acelerar y curar m\u00e1s r\u00e1pido su tratamiento dental\" \/>\n<meta name=\"robots\" content=\"index, follow, max-snippet:-1, max-image-preview:large, max-video-preview:-1\" \/>\n<link rel=\"canonical\" href=\"https:\/\/www.smilers.com\/es\/acelere-el-tratamiento\/\" \/>\n<meta property=\"og:locale\" content=\"es_ES\" \/>\n<meta property=\"og:type\" content=\"article\" \/>\n<meta property=\"og:title\" content=\"Acelere el tratamiento - Smilers\" \/>\n<meta property=\"og:description\" content=\"Acelerar el tratamiento | ATP38 | Fotobiomodulaci\u00f3n | Descubra c\u00f3mo acelerar y curar m\u00e1s r\u00e1pido su tratamiento dental\" \/>\n<meta property=\"og:url\" content=\"https:\/\/www.smilers.com\/es\/acelere-el-tratamiento\/\" \/>\n<meta property=\"og:site_name\" content=\"Smilers\" \/>\n<meta property=\"article:publisher\" content=\"https:\/\/www.facebook.com\/SmilersAligners\/\" \/>\n<meta property=\"article:modified_time\" content=\"2024-04-18T13:22:45+00:00\" \/>\n<meta property=\"og:image\" content=\"https:\/\/www.smilers.com\/wp-content\/uploads\/2021\/06\/separateur-gold.jpg\" \/>\n<meta name=\"twitter:card\" content=\"summary_large_image\" \/>\n<meta name=\"twitter:label1\" content=\"Tiempo de lectura\" \/>\n\t<meta name=\"twitter:data1\" content=\"3 minutos\" \/>\n<script type=\"application\/ld+json\" class=\"yoast-schema-graph\">{\"@context\":\"https:\/\/schema.org\",\"@graph\":[{\"@type\":\"WebPage\",\"@id\":\"https:\/\/www.smilers.com\/es\/acelere-el-tratamiento\/\",\"url\":\"https:\/\/www.smilers.com\/es\/acelere-el-tratamiento\/\",\"name\":\"Acelere el tratamiento - Smilers\",\"isPartOf\":{\"@id\":\"https:\/\/www.smilers.com\/en\/#website\"},\"datePublished\":\"2021-12-09T17:43:02+00:00\",\"dateModified\":\"2024-04-18T13:22:45+00:00\",\"description\":\"Acelerar el tratamiento | ATP38 | Fotobiomodulaci\u00f3n | Descubra c\u00f3mo acelerar y curar m\u00e1s r\u00e1pido su tratamiento dental\",\"breadcrumb\":{\"@id\":\"https:\/\/www.smilers.com\/es\/acelere-el-tratamiento\/#breadcrumb\"},\"inLanguage\":\"es\",\"potentialAction\":[{\"@type\":\"ReadAction\",\"target\":[\"https:\/\/www.smilers.com\/es\/acelere-el-tratamiento\/\"]}]},{\"@type\":\"BreadcrumbList\",\"@id\":\"https:\/\/www.smilers.com\/es\/acelere-el-tratamiento\/#breadcrumb\",\"itemListElement\":[{\"@type\":\"ListItem\",\"position\":1,\"name\":\"Accueil\",\"item\":\"https:\/\/www.smilers.com\/es\/\"},{\"@type\":\"ListItem\",\"position\":2,\"name\":\"Acelere el tratamiento\"}]},{\"@type\":\"WebSite\",\"@id\":\"https:\/\/www.smilers.com\/en\/#website\",\"url\":\"https:\/\/www.smilers.com\/en\/\",\"name\":\"Smilers\",\"description\":\"Le sourire chic \u00e0 la fran\u00e7aise\",\"publisher\":{\"@id\":\"https:\/\/www.smilers.com\/en\/#organization\"},\"potentialAction\":[{\"@type\":\"SearchAction\",\"target\":{\"@type\":\"EntryPoint\",\"urlTemplate\":\"https:\/\/www.smilers.com\/en\/?s={search_term_string}\"},\"query-input\":\"required name=search_term_string\"}],\"inLanguage\":\"es\"},{\"@type\":\"Organization\",\"@id\":\"https:\/\/www.smilers.com\/en\/#organization\",\"name\":\"Smilers\",\"url\":\"https:\/\/www.smilers.com\/en\/\",\"logo\":{\"@type\":\"ImageObject\",\"inLanguage\":\"es\",\"@id\":\"https:\/\/www.smilers.com\/en\/#\/schema\/logo\/image\/\",\"url\":\"https:\/\/www.smilers.com\/wp-content\/uploads\/2021\/08\/logo-detoure-noir.png\",\"contentUrl\":\"https:\/\/www.smilers.com\/wp-content\/uploads\/2021\/08\/logo-detoure-noir.png\",\"width\":784,\"height\":169,\"caption\":\"Smilers\"},\"image\":{\"@id\":\"https:\/\/www.smilers.com\/en\/#\/schema\/logo\/image\/\"},\"sameAs\":[\"https:\/\/www.facebook.com\/SmilersAligners\/\",\"https:\/\/www.instagram.com\/smilers_aligners\/?hl=fr\",\"https:\/\/www.youtube.com\/channel\/UCBKtCNaiCfi8H-aHS7ZZdJQ\"]}]}<\/script>\n<!-- \/ Yoast SEO plugin. -->","yoast_head_json":{"title":"Acelere el tratamiento - Smilers","description":"Acelerar el tratamiento | ATP38 | Fotobiomodulaci\u00f3n | Descubra c\u00f3mo acelerar y curar m\u00e1s r\u00e1pido su tratamiento dental","robots":{"index":"index","follow":"follow","max-snippet":"max-snippet:-1","max-image-preview":"max-image-preview:large","max-video-preview":"max-video-preview:-1"},"canonical":"https:\/\/www.smilers.com\/es\/acelere-el-tratamiento\/","og_locale":"es_ES","og_type":"article","og_title":"Acelere el tratamiento - Smilers","og_description":"Acelerar el tratamiento | ATP38 | Fotobiomodulaci\u00f3n | Descubra c\u00f3mo acelerar y curar m\u00e1s r\u00e1pido su tratamiento dental","og_url":"https:\/\/www.smilers.com\/es\/acelere-el-tratamiento\/","og_site_name":"Smilers","article_publisher":"https:\/\/www.facebook.com\/SmilersAligners\/","article_modified_time":"2024-04-18T13:22:45+00:00","og_image":[{"url":"https:\/\/www.smilers.com\/wp-content\/uploads\/2021\/06\/separateur-gold.jpg"}],"twitter_card":"summary_large_image","twitter_misc":{"Tiempo de lectura":"3 minutos"},"schema":{"@context":"https:\/\/schema.org","@graph":[{"@type":"WebPage","@id":"https:\/\/www.smilers.com\/es\/acelere-el-tratamiento\/","url":"https:\/\/www.smilers.com\/es\/acelere-el-tratamiento\/","name":"Acelere el tratamiento - Smilers","isPartOf":{"@id":"https:\/\/www.smilers.com\/en\/#website"},"datePublished":"2021-12-09T17:43:02+00:00","dateModified":"2024-04-18T13:22:45+00:00","description":"Acelerar el tratamiento | ATP38 | Fotobiomodulaci\u00f3n | Descubra c\u00f3mo acelerar y curar m\u00e1s r\u00e1pido su tratamiento dental","breadcrumb":{"@id":"https:\/\/www.smilers.com\/es\/acelere-el-tratamiento\/#breadcrumb"},"inLanguage":"es","potentialAction":[{"@type":"ReadAction","target":["https:\/\/www.smilers.com\/es\/acelere-el-tratamiento\/"]}]},{"@type":"BreadcrumbList","@id":"https:\/\/www.smilers.com\/es\/acelere-el-tratamiento\/#breadcrumb","itemListElement":[{"@type":"ListItem","position":1,"name":"Accueil","item":"https:\/\/www.smilers.com\/es\/"},{"@type":"ListItem","position":2,"name":"Acelere el tratamiento"}]},{"@type":"WebSite","@id":"https:\/\/www.smilers.com\/en\/#website","url":"https:\/\/www.smilers.com\/en\/","name":"Smilers","description":"Le sourire chic \u00e0 la fran\u00e7aise","publisher":{"@id":"https:\/\/www.smilers.com\/en\/#organization"},"potentialAction":[{"@type":"SearchAction","target":{"@type":"EntryPoint","urlTemplate":"https:\/\/www.smilers.com\/en\/?s={search_term_string}"},"query-input":"required name=search_term_string"}],"inLanguage":"es"},{"@type":"Organization","@id":"https:\/\/www.smilers.com\/en\/#organization","name":"Smilers","url":"https:\/\/www.smilers.com\/en\/","logo":{"@type":"ImageObject","inLanguage":"es","@id":"https:\/\/www.smilers.com\/en\/#\/schema\/logo\/image\/","url":"https:\/\/www.smilers.com\/wp-content\/uploads\/2021\/08\/logo-detoure-noir.png","contentUrl":"https:\/\/www.smilers.com\/wp-content\/uploads\/2021\/08\/logo-detoure-noir.png","width":784,"height":169,"caption":"Smilers"},"image":{"@id":"https:\/\/www.smilers.com\/en\/#\/schema\/logo\/image\/"},"sameAs":["https:\/\/www.facebook.com\/SmilersAligners\/","https:\/\/www.instagram.com\/smilers_aligners\/?hl=fr","https:\/\/www.youtube.com\/channel\/UCBKtCNaiCfi8H-aHS7ZZdJQ"]}]}},"_links":{"self":[{"href":"https:\/\/www.smilers.com\/es\/wp-json\/wp\/v2\/pages\/4316","targetHints":{"allow":["GET"]}}],"collection":[{"href":"https:\/\/www.smilers.com\/es\/wp-json\/wp\/v2\/pages"}],"about":[{"href":"https:\/\/www.smilers.com\/es\/wp-json\/wp\/v2\/types\/page"}],"author":[{"embeddable":true,"href":"https:\/\/www.smilers.com\/es\/wp-json\/wp\/v2\/users\/1"}],"replies":[{"embeddable":true,"href":"https:\/\/www.smilers.com\/es\/wp-json\/wp\/v2\/comments?post=4316"}],"version-history":[{"count":10,"href":"https:\/\/www.smilers.com\/es\/wp-json\/wp\/v2\/pages\/4316\/revisions"}],"predecessor-version":[{"id":6800,"href":"https:\/\/www.smilers.com\/es\/wp-json\/wp\/v2\/pages\/4316\/revisions\/6800"}],"wp:attachment":[{"href":"https:\/\/www.smilers.com\/es\/wp-json\/wp\/v2\/media?parent=4316"}],"curies":[{"name":"wp","href":"https:\/\/api.w.org\/{rel}","templated":true}]}}