{"id":4340,"date":"2021-12-09T19:14:48","date_gmt":"2021-12-09T18:14:48","guid":{"rendered":"https:\/\/www.smilers.com\/coste-del-tratamiento\/"},"modified":"2024-04-18T16:44:39","modified_gmt":"2024-04-18T14:44:39","slug":"coste-del-tratamiento","status":"publish","type":"page","link":"https:\/\/www.smilers.com\/es\/coste-del-tratamiento\/","title":{"rendered":"Coste del tratamiento"},"content":{"rendered":"<p>[vc_row content_placement=\u00bbmiddle\u00bb use_container=\u00bbyes\u00bb conter_content=\u00bbyes\u00bb el_id=\u00bbcoste-variable\u00bb el_class=\u00bbhide-on-desktop\u00bb][vc_column width=\u00bb5\/6&#8243; offset=\u00bbvc_col-lg-offset-0 vc_col-lg-8 vc_hidden-lg vc_col-md-offset-1 vc_col-md-10 vc_col-sm-offset-1 vc_col-xs-12&#8243;][ts_side_image_left_custom image=\u00bb1318&#8243;][\/vc_column][vc_column css_animation=\u00bbfadeInRight\u00bb width=\u00bb5\/6&#8243; offset=\u00bbvc_col-lg-offset-0 vc_col-lg-4 vc_hidden-lg vc_col-md-offset-1 vc_col-md-10 vc_col-sm-offset-1 vc_col-xs-12&#8243; el_class=\u00bbside-text-column side-up\u00bb][ts_side_text_block position=\u00bbright\u00bb title=\u00bbCoste variable del tratamiento dependiendo de su tratamiento de ortodoncia y su odont\u00f3logo\u00bb image=\u00bb1046&#8243;]El precio de nuestros alineadores dentales Smilers\u00ae <strong>var\u00eda<\/strong> seg\u00fan la naturaleza de<a href=\"https:\/\/www.smilers.com\/es\/resultados-y-casos-tratables\/\"> su situaci\u00f3n inicial<\/a> y de la <strong>complejidad de su tratamiento de ortodoncia<\/strong>.[\/ts_side_text_block][\/vc_column][\/vc_row][vc_row content_placement=\u00bbmiddle\u00bb use_container=\u00bbyes\u00bb conter_content=\u00bbyes\u00bb el_id=\u00bbcoste-variable\u00bb el_class=\u00bbhide-on-mobile\u00bb][vc_column width=\u00bb1\/2&#8243; offset=\u00bbvc_col-lg-offset-0 vc_col-lg-7 vc_col-md-offset-0 vc_col-md-12 vc_hidden-md vc_col-sm-offset-0 vc_hidden-sm vc_col-xs-12 vc_hidden-xs\u00bb][ts_side_image_left_custom image=\u00bb1318&#8243;][\/vc_column][vc_column css_animation=\u00bbfadeInRight\u00bb width=\u00bb1\/2&#8243; offset=\u00bbvc_col-lg-5 vc_col-md-12 vc_hidden-md vc_hidden-sm vc_col-xs-12 vc_hidden-xs\u00bb el_class=\u00bbside-text-column\u00bb][ts_side_text_block position=\u00bbright\u00bb title=\u00bbCoste variable seg\u00fan su tratamiento de ortodoncia y su odont\u00f3logo\u00bb image=\u00bb1046&#8243;]El precio de nuestros alineadores dentales Smilers\u00ae <strong>var\u00eda<\/strong> seg\u00fan la naturaleza de <a href=\"https:\/\/www.smilers.com\/es\/resultados-y-casos-tratables\/\">tu situaci\u00f3n inicial<\/a> y de la <strong>complejidad de su tratamiento de ortodoncia<\/strong>. Su dentista u ortodoncista analizar\u00e1 el tratamiento de ortodoncia que necesita. Seg\u00fan lo estudiado, ser\u00e1 su responsabilidad elaborar un presupuesto. Muchos dentistas y ortodoncistas ofrecen pagar el tratamiento de ortodoncia Smilers\u00ae a plazos. Cuando su profesional examine sus dientes para determinar qu\u00e9 tipo de tratamiento de ortodoncia Smilers\u00ae es el m\u00e1s adecuado, tambi\u00e9n sabr\u00e1 cu\u00e1nto tiempo durar\u00e1 el tratamiento, en funci\u00f3n del n\u00famero de alineadores transparentes necesarios. De este modo, podr\u00e1 dividir el precio total del tratamiento Smilers\u00ae en pagos mensuales o trimestrales.[\/ts_side_text_block][\/vc_column][\/vc_row][vc_row full_width=\u00bbstretch_row_content\u00bb content_placement=\u00bbmiddle\u00bb use_container=\u00bbyes\u00bb conter_content=\u00bbyes\u00bb el_class=\u00bbhide-on-desktop\u00bb][vc_column offset=\u00bbvc_col-lg-offset-0 vc_col-lg-7 vc_hidden-lg vc_col-md-offset-0 vc_col-md-12 vc_col-sm-offset-0 vc_col-xs-12&#8243; css=\u00bb.vc_custom_1630592263793{padding-right: 0px !important;padding-left: 0px !important;}\u00bb][vc_single_image image=\u00bb3469&#8243; img_size=\u00bbfull\u00bb css=\u00bb.vc_custom_1630506616384{padding-right: 0px !important;padding-left: 0px !important;}\u00bb][\/vc_column][vc_column css_animation=\u00bbfadeInRight\u00bb offset=\u00bbvc_col-lg-5 vc_hidden-lg vc_col-md-12 vc_col-xs-12&#8243; el_class=\u00bbside-text-column small-text\u00bb css=\u00bb.vc_custom_1630592532232{padding-right: 15px !important;padding-left: 15px !important;}\u00bb][vc_column_text]<\/p>\n<p style=\"text-align: center;\">SU ORTODONCISTA ELABORAR\u00c1 SU PRESUPUESTO<\/p>\n<p><img loading=\"lazy\" decoding=\"async\" class=\"aligncenter\" src=\"https:\/\/www.smilers.com\/wp-content\/uploads\/2021\/06\/separateur-vert.jpg\" alt=\"\" width=\"150\" height=\"4\" \/><\/p>\n<p style=\"text-align: left;\">Su dentista u ortodoncista analizar\u00e1 el tratamiento de ortodoncia que necesita. Seg\u00fan lo estudiado, ser\u00e1 su responsabilidad elaborar un presupuesto.<\/p>\n<p style=\"text-align: left;\">Muchos dentistas y ortodoncistas ofrecen pagar el tratamiento de ortodoncia Smilers\u00ae a plazos. Cuando su profesional examine sus dientes para determinar qu\u00e9 tipo de tratamiento de ortodoncia Smilers\u00ae es el m\u00e1s adecuado, tambi\u00e9n sabr\u00e1 cu\u00e1nto tiempo durar\u00e1 el tratamiento, en funci\u00f3n del n\u00famero de alineadores transparentes necesarios. De este modo, podr\u00e1 dividir el precio total del tratamiento Smilers\u00ae en pagos mensuales o trimestrales.<\/p>\n<p>[\/vc_column_text][\/vc_column][\/vc_row][vc_row el_class=\u00bbpec-secu\u00bb el_id=\u00bbcob-segu\u00bb][vc_column offset=\u00bbvc_col-lg-8 vc_col-md-6 vc_col-xs-12&#8243;][\/vc_column][vc_column css_animation=\u00bbfadeInRight\u00bb css=\u00bb.vc_custom_1630592395257{padding-right: 0px !important;padding-left: 0px !important;}\u00bb offset=\u00bbvc_col-lg-4 vc_col-md-6 vc_col-xs-12&#8243;][ts_right_article title=\u00bbCobertura de la seguridad social\u00bb image=\u00bb1052&#8243;]En Francia, la cobertura de su atenci\u00f3n de ortodoncia invisible por el <strong>Seguridad Social<\/strong> no es la misma en funci\u00f3n de su situaci\u00f3n y, m\u00e1s concretamente, de su edad (<strong>menores o mayores de 16 a\u00f1os<\/strong>). <strong>Para obtener informaci\u00f3n sobre reembolsos, visite la web <a href=\"https:\/\/www.ameli.fr\/assure\/remboursements\/rembourse\/soins-protheses-dentaires\/remboursement-traitements-orthodontie\">Ameli<\/a> del seguro m\u00e9dico haciendo clic m\u00e1s abajo.<\/strong>[\/ts_right_article][\/vc_column][\/vc_row][vc_row content_placement=\u00bbmiddle\u00bb use_container=\u00bbyes\u00bb conter_content=\u00bbyes\u00bb css=\u00bb.vc_custom_1630502154169{padding-bottom: 50px !important;}\u00bb el_id=\u00bbmutuas\u00bb el_class=\u00bbhide-on-mobile\u00bb][vc_column css_animation=\u00bbfadeInLeft\u00bb width=\u00bb1\/2&#8243; offset=\u00bbvc_col-lg-5 vc_col-md-12 vc_hidden-md vc_hidden-sm vc_col-xs-12 vc_hidden-xs\u00bb el_class=\u00bbside-text-column\u00bb][ts_side_text_block position=\u00bbleft\u00bb title=\u00bbCobertura por la Mutua\u00bb image=\u00bb1046&#8243;]En Francia, algunas <strong>mutuas<\/strong> cubren la atenci\u00f3n de ortodoncia invisible o complementan la cobertura de la Seguridad Social, tanto si es adulto o adolescente. La cantidad o porcentaje de cobertura var\u00eda de una mutua a otra. Si desea obtener m\u00e1s informaci\u00f3n sobre este tema, no dude en <strong>contactar con su mutua. <\/strong>Podr\u00e1 darle un presupuesto, precio fijo o tasa de reembolso para su tratamiento de ortodoncia Smilers\u00ae.[\/ts_side_text_block][\/vc_column][vc_column width=\u00bb1\/2&#8243; offset=\u00bbvc_col-lg-offset-0 vc_col-lg-7 vc_col-md-offset-0 vc_col-md-12 vc_hidden-md vc_col-sm-offset-0 vc_hidden-sm vc_col-xs-12 vc_hidden-xs\u00bb][ts_side_image_left_custom image=\u00bb1797&#8243;][\/vc_column][\/vc_row][vc_row content_placement=\u00bbmiddle\u00bb use_container=\u00bbyes\u00bb conter_content=\u00bbyes\u00bb css=\u00bb.vc_custom_1630502160865{padding-bottom: 50px !important;}\u00bb el_class=\u00bbhide-on-desktop\u00bb el_id=\u00bbmutuas\u00bb][vc_column width=\u00bb5\/6&#8243; offset=\u00bbvc_col-lg-offset-0 vc_col-lg-8 vc_hidden-lg vc_col-md-offset-1 vc_col-md-10 vc_col-sm-offset-1 vc_col-xs-12&#8243;][ts_side_image_left_custom image=\u00bb1797&#8243;][\/vc_column][vc_column css_animation=\u00bbfadeInRight\u00bb width=\u00bb5\/6&#8243; offset=\u00bbvc_col-lg-offset-0 vc_col-lg-4 vc_hidden-lg vc_col-md-offset-1 vc_col-md-10 vc_col-sm-offset-1 vc_col-xs-12&#8243; el_class=\u00bbside-text-column side-up\u00bb][ts_side_text_block position=\u00bbleft\u00bb title=\u00bbCobertura por la Mutua\u00bb image=\u00bb1046&#8243;]En Francia, algunas<strong>mutuas<\/strong> cubren la atenci\u00f3n de ortodoncia invisible o complementan la cobertura de la Seguridad Social, tanto si es adulto o adolescente. La cantidad o porcentaje de cobertura var\u00eda de una mutua a otra. Si desea obtener m\u00e1s informaci\u00f3n sobre este tema, no dude en <strong>contactar con su mutua <\/strong>que podr\u00e1 darle un presupuesto, precio fijo o tasa de reembolso para su tratamiento de ortodoncia Smilers\u00ae.[\/ts_side_text_block][\/vc_column][\/vc_row]<\/p>\n","protected":false},"excerpt":{"rendered":"<p>[vc_row content_placement=\u00bbmiddle\u00bb use_container=\u00bbyes\u00bb conter_content=\u00bbyes\u00bb el_id=\u00bbcoste-variable\u00bb el_class=\u00bbhide-on-desktop\u00bb][vc_column width=\u00bb5\/6&#8243; offset=\u00bbvc_col-lg-offset-0 vc_col-lg-8 vc_hidden-lg vc_col-md-offset-1 vc_col-md-10 vc_col-sm-offset-1 vc_col-xs-12&#8243;][ts_side_image_left_custom image=\u00bb1318&#8243;][\/vc_column][vc_column css_animation=\u00bbfadeInRight\u00bb width=\u00bb5\/6&#8243; offset=\u00bbvc_col-lg-offset-0 vc_col-lg-4 vc_hidden-lg vc_col-md-offset-1 vc_col-md-10 vc_col-sm-offset-1 vc_col-xs-12&#8243; el_class=\u00bbside-text-column side-up\u00bb][ts_side_text_block position=\u00bbright\u00bb title=\u00bbCoste variable del tratamiento dependiendo de su tratamiento de ortodoncia y su odont\u00f3logo\u00bb image=\u00bb1046&#8243;]El precio de nuestros alineadores dentales Smilers\u00ae var\u00eda seg\u00fan la naturaleza de su situaci\u00f3n inicial [&hellip;]<\/p>\n","protected":false},"author":1,"featured_media":0,"parent":0,"menu_order":0,"comment_status":"closed","ping_status":"closed","template":"page-portfolio.php","meta":{"pgc_sgb_lightbox_settings":"","footnotes":""},"class_list":["post-4340","page","type-page","status-publish","hentry"],"yoast_head":"<!-- This site is optimized with the Yoast SEO plugin v22.0 - https:\/\/yoast.com\/wordpress\/plugins\/seo\/ -->\n<title>Coste del tratamiento - Smilers<\/title>\n<meta name=\"description\" content=\"Coste del tratamiento | Le explicamos el coste de su tratamiento Smilers\" \/>\n<meta name=\"robots\" content=\"index, follow, max-snippet:-1, max-image-preview:large, max-video-preview:-1\" \/>\n<link rel=\"canonical\" href=\"https:\/\/www.smilers.com\/es\/coste-del-tratamiento\/\" \/>\n<meta property=\"og:locale\" content=\"es_ES\" \/>\n<meta property=\"og:type\" content=\"article\" \/>\n<meta property=\"og:title\" content=\"Coste del tratamiento - Smilers\" \/>\n<meta property=\"og:description\" content=\"Coste del tratamiento | Le explicamos el coste de su tratamiento Smilers\" \/>\n<meta property=\"og:url\" content=\"https:\/\/www.smilers.com\/es\/coste-del-tratamiento\/\" \/>\n<meta property=\"og:site_name\" content=\"Smilers\" \/>\n<meta property=\"article:publisher\" content=\"https:\/\/www.facebook.com\/SmilersAligners\/\" \/>\n<meta property=\"article:modified_time\" content=\"2024-04-18T14:44:39+00:00\" \/>\n<meta property=\"og:image\" content=\"https:\/\/www.smilers.com\/wp-content\/uploads\/2021\/06\/separateur-vert.jpg\" \/>\n<meta name=\"twitter:card\" content=\"summary_large_image\" \/>\n<meta name=\"twitter:label1\" content=\"Tiempo de lectura\" \/>\n\t<meta name=\"twitter:data1\" content=\"4 minutos\" \/>\n<script type=\"application\/ld+json\" class=\"yoast-schema-graph\">{\"@context\":\"https:\/\/schema.org\",\"@graph\":[{\"@type\":\"WebPage\",\"@id\":\"https:\/\/www.smilers.com\/es\/coste-del-tratamiento\/\",\"url\":\"https:\/\/www.smilers.com\/es\/coste-del-tratamiento\/\",\"name\":\"Coste del tratamiento - Smilers\",\"isPartOf\":{\"@id\":\"https:\/\/www.smilers.com\/en\/#website\"},\"datePublished\":\"2021-12-09T18:14:48+00:00\",\"dateModified\":\"2024-04-18T14:44:39+00:00\",\"description\":\"Coste del tratamiento | Le explicamos el coste de su tratamiento Smilers\",\"breadcrumb\":{\"@id\":\"https:\/\/www.smilers.com\/es\/coste-del-tratamiento\/#breadcrumb\"},\"inLanguage\":\"es\",\"potentialAction\":[{\"@type\":\"ReadAction\",\"target\":[\"https:\/\/www.smilers.com\/es\/coste-del-tratamiento\/\"]}]},{\"@type\":\"BreadcrumbList\",\"@id\":\"https:\/\/www.smilers.com\/es\/coste-del-tratamiento\/#breadcrumb\",\"itemListElement\":[{\"@type\":\"ListItem\",\"position\":1,\"name\":\"Accueil\",\"item\":\"https:\/\/www.smilers.com\/es\/\"},{\"@type\":\"ListItem\",\"position\":2,\"name\":\"Coste del tratamiento\"}]},{\"@type\":\"WebSite\",\"@id\":\"https:\/\/www.smilers.com\/en\/#website\",\"url\":\"https:\/\/www.smilers.com\/en\/\",\"name\":\"Smilers\",\"description\":\"Le sourire chic \u00e0 la fran\u00e7aise\",\"publisher\":{\"@id\":\"https:\/\/www.smilers.com\/en\/#organization\"},\"potentialAction\":[{\"@type\":\"SearchAction\",\"target\":{\"@type\":\"EntryPoint\",\"urlTemplate\":\"https:\/\/www.smilers.com\/en\/?s={search_term_string}\"},\"query-input\":\"required name=search_term_string\"}],\"inLanguage\":\"es\"},{\"@type\":\"Organization\",\"@id\":\"https:\/\/www.smilers.com\/en\/#organization\",\"name\":\"Smilers\",\"url\":\"https:\/\/www.smilers.com\/en\/\",\"logo\":{\"@type\":\"ImageObject\",\"inLanguage\":\"es\",\"@id\":\"https:\/\/www.smilers.com\/en\/#\/schema\/logo\/image\/\",\"url\":\"https:\/\/www.smilers.com\/wp-content\/uploads\/2021\/08\/logo-detoure-noir.png\",\"contentUrl\":\"https:\/\/www.smilers.com\/wp-content\/uploads\/2021\/08\/logo-detoure-noir.png\",\"width\":784,\"height\":169,\"caption\":\"Smilers\"},\"image\":{\"@id\":\"https:\/\/www.smilers.com\/en\/#\/schema\/logo\/image\/\"},\"sameAs\":[\"https:\/\/www.facebook.com\/SmilersAligners\/\",\"https:\/\/www.instagram.com\/smilers_aligners\/?hl=fr\",\"https:\/\/www.youtube.com\/channel\/UCBKtCNaiCfi8H-aHS7ZZdJQ\"]}]}<\/script>\n<!-- \/ Yoast SEO plugin. -->","yoast_head_json":{"title":"Coste del tratamiento - Smilers","description":"Coste del tratamiento | Le explicamos el coste de su tratamiento Smilers","robots":{"index":"index","follow":"follow","max-snippet":"max-snippet:-1","max-image-preview":"max-image-preview:large","max-video-preview":"max-video-preview:-1"},"canonical":"https:\/\/www.smilers.com\/es\/coste-del-tratamiento\/","og_locale":"es_ES","og_type":"article","og_title":"Coste del tratamiento - Smilers","og_description":"Coste del tratamiento | Le explicamos el coste de su tratamiento Smilers","og_url":"https:\/\/www.smilers.com\/es\/coste-del-tratamiento\/","og_site_name":"Smilers","article_publisher":"https:\/\/www.facebook.com\/SmilersAligners\/","article_modified_time":"2024-04-18T14:44:39+00:00","og_image":[{"url":"https:\/\/www.smilers.com\/wp-content\/uploads\/2021\/06\/separateur-vert.jpg"}],"twitter_card":"summary_large_image","twitter_misc":{"Tiempo de lectura":"4 minutos"},"schema":{"@context":"https:\/\/schema.org","@graph":[{"@type":"WebPage","@id":"https:\/\/www.smilers.com\/es\/coste-del-tratamiento\/","url":"https:\/\/www.smilers.com\/es\/coste-del-tratamiento\/","name":"Coste del tratamiento - Smilers","isPartOf":{"@id":"https:\/\/www.smilers.com\/en\/#website"},"datePublished":"2021-12-09T18:14:48+00:00","dateModified":"2024-04-18T14:44:39+00:00","description":"Coste del tratamiento | Le explicamos el coste de su tratamiento Smilers","breadcrumb":{"@id":"https:\/\/www.smilers.com\/es\/coste-del-tratamiento\/#breadcrumb"},"inLanguage":"es","potentialAction":[{"@type":"ReadAction","target":["https:\/\/www.smilers.com\/es\/coste-del-tratamiento\/"]}]},{"@type":"BreadcrumbList","@id":"https:\/\/www.smilers.com\/es\/coste-del-tratamiento\/#breadcrumb","itemListElement":[{"@type":"ListItem","position":1,"name":"Accueil","item":"https:\/\/www.smilers.com\/es\/"},{"@type":"ListItem","position":2,"name":"Coste del tratamiento"}]},{"@type":"WebSite","@id":"https:\/\/www.smilers.com\/en\/#website","url":"https:\/\/www.smilers.com\/en\/","name":"Smilers","description":"Le sourire chic \u00e0 la fran\u00e7aise","publisher":{"@id":"https:\/\/www.smilers.com\/en\/#organization"},"potentialAction":[{"@type":"SearchAction","target":{"@type":"EntryPoint","urlTemplate":"https:\/\/www.smilers.com\/en\/?s={search_term_string}"},"query-input":"required name=search_term_string"}],"inLanguage":"es"},{"@type":"Organization","@id":"https:\/\/www.smilers.com\/en\/#organization","name":"Smilers","url":"https:\/\/www.smilers.com\/en\/","logo":{"@type":"ImageObject","inLanguage":"es","@id":"https:\/\/www.smilers.com\/en\/#\/schema\/logo\/image\/","url":"https:\/\/www.smilers.com\/wp-content\/uploads\/2021\/08\/logo-detoure-noir.png","contentUrl":"https:\/\/www.smilers.com\/wp-content\/uploads\/2021\/08\/logo-detoure-noir.png","width":784,"height":169,"caption":"Smilers"},"image":{"@id":"https:\/\/www.smilers.com\/en\/#\/schema\/logo\/image\/"},"sameAs":["https:\/\/www.facebook.com\/SmilersAligners\/","https:\/\/www.instagram.com\/smilers_aligners\/?hl=fr","https:\/\/www.youtube.com\/channel\/UCBKtCNaiCfi8H-aHS7ZZdJQ"]}]}},"_links":{"self":[{"href":"https:\/\/www.smilers.com\/es\/wp-json\/wp\/v2\/pages\/4340","targetHints":{"allow":["GET"]}}],"collection":[{"href":"https:\/\/www.smilers.com\/es\/wp-json\/wp\/v2\/pages"}],"about":[{"href":"https:\/\/www.smilers.com\/es\/wp-json\/wp\/v2\/types\/page"}],"author":[{"embeddable":true,"href":"https:\/\/www.smilers.com\/es\/wp-json\/wp\/v2\/users\/1"}],"replies":[{"embeddable":true,"href":"https:\/\/www.smilers.com\/es\/wp-json\/wp\/v2\/comments?post=4340"}],"version-history":[{"count":11,"href":"https:\/\/www.smilers.com\/es\/wp-json\/wp\/v2\/pages\/4340\/revisions"}],"predecessor-version":[{"id":6799,"href":"https:\/\/www.smilers.com\/es\/wp-json\/wp\/v2\/pages\/4340\/revisions\/6799"}],"wp:attachment":[{"href":"https:\/\/www.smilers.com\/es\/wp-json\/wp\/v2\/media?parent=4340"}],"curies":[{"name":"wp","href":"https:\/\/api.w.org\/{rel}","templated":true}]}}