{"id":4347,"date":"2021-12-09T19:16:01","date_gmt":"2021-12-09T18:16:01","guid":{"rendered":"https:\/\/www.smilers.com\/conocimientos-especializados-exclusivos\/"},"modified":"2024-04-18T17:29:18","modified_gmt":"2024-04-18T15:29:18","slug":"conocimientos-especializados-exclusivos","status":"publish","type":"page","link":"https:\/\/www.smilers.com\/es\/conocimientos-especializados-exclusivos\/","title":{"rendered":"Conocimientos especializados exclusivos"},"content":{"rendered":"<p>[vc_row content_placement=\u00bbmiddle\u00bb use_container=\u00bbyes\u00bb conter_content=\u00bbyes\u00bb el_id=\u00bbtecnolog\u00eda-\u00fanica\u00bb][vc_column width=\u00bb5\/6&#8243; offset=\u00bbvc_col-lg-offset-0 vc_col-lg-6 vc_col-md-offset-1 vc_col-md-10 vc_col-sm-offset-1 vc_col-xs-12&#8243;][ts_side_image_left_custom image=\u00bb2414&#8243;][\/vc_column][vc_column css_animation=\u00bbfadeInRight\u00bb width=\u00bb5\/6&#8243; el_class=\u00bbside-text-column side-up\u00bb offset=\u00bbvc_col-lg-offset-0 vc_col-lg-6 vc_col-md-offset-1 vc_col-md-10 vc_col-sm-offset-1 vc_col-xs-12&#8243;][ts_side_text_block position=\u00bbright\u00bb image=\u00bb1046&#8243; title=\u00bb<strong>Tecnolog\u00eda<\/strong> Smilers\u00ae\u00bb]Hemos adquirido toda nuestra especializaci\u00f3n en impresi\u00f3n 3D, gracias a nuestra experiencia y conocimientos especializados exclusivos en los sectores <strong>aeroespacial<\/strong> y de <strong>coches de carreras<\/strong>. Una de las prioridades de nuestro m\u00e9todo de producci\u00f3n por estereolitograf\u00eda aditiva es producir <a href=\"https:\/\/www.smilers.com\/es\/estetica-de-nuestros-alineadores\/\"><strong>alineadores transparentes lisos<\/strong><\/a>. Nuestro software de elaboraci\u00f3n de planes de tratamiento, combinado con una programaci\u00f3n puntera de las m\u00e1quinas de corte, garantiza una <strong>alta precisi\u00f3n de corte de los bordes<\/strong> de nuestros alineadores transparentes Smilers\u00ae. Corte del contorno de la enc\u00eda personalizado para cada paciente.[\/ts_side_text_block][\/vc_column][\/vc_row][vc_row content_placement=\u00bbmiddle\u00bb el_class=\u00bbclean\u00bb el_id=\u00bbalineador-liso\u00bb][vc_column offset=\u00bbvc_col-lg-8 vc_col-md-6 vc_col-xs-12&#8243;][\/vc_column][vc_column css_animation=\u00bbfadeInRight\u00bb css=\u00bb.vc_custom_1630591093040{padding-right: 0px !important;padding-left: 0px !important;}\u00bb el_class=\u00bbright-article-no-hover\u00bb offset=\u00bbvc_col-lg-4 vc_col-md-6 vc_col-xs-12&#8243;][ts_right_article title=\u00bbAlineadores Smilers\u00ae <strong>lisos<\/strong>\u00bb image=\u00bb1052&#8243;]La impresi\u00f3n con poca rugosidad permite <strong>reducir los dep\u00f3sitos que se adhieren a los alineadores Smilers\u00ae transparentes<\/strong>.[\/ts_right_article][\/vc_column][\/vc_row][vc_row content_placement=\u00bbmiddle\u00bb use_container=\u00bbyes\u00bb conter_content=\u00bbyes\u00bb el_id=\u00bbalta-costura\u00bb el_class=\u00bbhide-on-mobile\u00bb][vc_column css_animation=\u00bbfadeInLeft\u00bb width=\u00bb5\/12&#8243; el_class=\u00bbside-text-column\u00bb offset=\u00bbvc_hidden-md vc_hidden-sm vc_hidden-xs\u00bb][ts_side_text_block position=\u00bbleft\u00bb image=\u00bb1046&#8243; title=\u00bbPulido <strong>de Alta costura<\/strong>\u00ab]Los alineadores invisibles Smilers\u00ae se crean uno a uno mediante <strong>impresi\u00f3n 3D<\/strong> en nuestras f\u00e1bricas en <strong>Salon-de-Provence<\/strong> con la <strong>tecnolog\u00eda Smilers\u00ae, <\/strong>gracias a ella, nuestros alineadores son <strong>transparentes<\/strong> y <strong>c\u00f3modos<\/strong>. A continuaci\u00f3n, los alineadores transparentes Smilers\u00ae se <strong>cortan a medida<\/strong> siguiendo la l\u00ednea exacta de sus dientes. Se <strong>pulen a mano en nuestro taller<\/strong> para que sean <strong>c\u00f3modos y transparentes durante el tratamiento de ortodoncia.<\/strong> Del primer al \u00faltimo d\u00eda que los lleve.[\/ts_side_text_block][\/vc_column][vc_column width=\u00bb7\/12&#8243; offset=\u00bbvc_hidden-md vc_hidden-sm vc_hidden-xs\u00bb][ts_video_custom autoplay=\u00bbyes\u00bb video_url=\u00bbhttps:\/\/www.smilers.com\/wp-content\/uploads\/2022\/01\/VIDEO-LE-CHIC-A-LA-FRANCAISE-PART-II-ORFEVRERIE_10-2021-EN.mp4&#8243; video_class=\u00bbw-100&#8243; poster_url=\u00bbhttps:\/\/www.smilers.com\/wp-content\/uploads\/2021\/06\/catwalk-1840941_640-640&#215;426.jpg\u00bb][\/vc_column][\/vc_row][vc_row content_placement=\u00bbmiddle\u00bb use_container=\u00bbyes\u00bb conter_content=\u00bbyes\u00bb el_class=\u00bbhide-on-desktop\u00bb el_id=\u00bbalta-costura\u00bb][vc_column width=\u00bb5\/6&#8243; offset=\u00bbvc_col-lg-offset-0 vc_col-lg-8 vc_hidden-lg vc_col-md-offset-1 vc_col-md-10 vc_col-sm-offset-1 vc_col-xs-12&#8243;][ts_video_custom video_url=\u00bbhttps:\/\/www.smilers.com\/wp-content\/uploads\/2021\/06\/205438651_541181136906844_108230405296009900_n.mp4&#8243; video_class=\u00bbw-100&#8243; poster_url=\u00bbhttps:\/\/www.smilers.com\/wp-content\/uploads\/2021\/09\/cover-haute-couture.jpg\u00bb][\/vc_column][vc_column css_animation=\u00bbfadeInRight\u00bb width=\u00bb5\/6&#8243; el_class=\u00bbside-text-column side-up behind\u00bb offset=\u00bbvc_col-lg-offset-0 vc_col-lg-4 vc_hidden-lg vc_col-md-offset-1 vc_col-md-10 vc_col-sm-offset-1 vc_col-xs-12&#8243;][ts_side_text_block position=\u00bbleft\u00bb image=\u00bb1046&#8243; title=\u00bbPulido <strong>de Alta costura<\/strong>\u00ab]Los alineadores invisibles Smilers\u00ae se crean uno a uno mediante <strong>impresi\u00f3n 3D<\/strong> en nuestras f\u00e1bricas en <strong>Salon-de-Provence<\/strong> con la <strong>tecnolog\u00eda Smilers\u00ae, <\/strong>gracias a ella, nuestros alineadores son <strong>transparentes<\/strong> y <strong>c\u00f3modos. <\/strong>A continuaci\u00f3n, los alineadores transparentes Smilers\u00ae se <strong>cortan a medida<\/strong> siguiendo la l\u00ednea exacta de sus dientes y se <strong>pulen a mano en nuestro taller<\/strong> para que sean <strong>c\u00f3modos y transparentes durante el tratamiento de ortodoncia<\/strong>. Del primer al \u00faltimo d\u00eda que los lleve.[\/ts_side_text_block][\/vc_column][\/vc_row][vc_row content_placement=\u00bbmiddle\u00bb el_class=\u00bbwashed\u00bb el_id=\u00bbalineador-limpio\u00bb][vc_column css_animation=\u00bbfadeInLeft\u00bb css=\u00bb.vc_custom_1630591313088{padding-right: 0px !important;padding-left: 0px !important;}\u00bb el_class=\u00bbright-article-no-hover\u00bb offset=\u00bbvc_col-lg-4 vc_col-md-6 vc_col-xs-12&#8243;][ts_right_article title=\u00bbUn paso fundamental: la limpieza de los alineadores dentales transparentes Smilers\u00ae\u00bb image=\u00bb1052&#8243;]La <strong>prevenci\u00f3n de la contaminaci\u00f3n<\/strong> es m\u00e1s importante que nunca para los dentistas, ortodoncistas, sus equipos y la salud de sus pacientes. Los alineadores transparentes Smilers\u00ae se <strong>limpian tras la producci\u00f3n<\/strong>. Puede parecer inevitable, y lo es a nuestros ojos\u2026 pero es un paso que no siempre se realiza.[\/ts_right_article][\/vc_column][vc_column offset=\u00bbvc_col-lg-8 vc_col-md-6 vc_col-xs-12&#8243;][\/vc_column][\/vc_row]<\/p>\n","protected":false},"excerpt":{"rendered":"<p>[vc_row content_placement=\u00bbmiddle\u00bb use_container=\u00bbyes\u00bb conter_content=\u00bbyes\u00bb el_id=\u00bbtecnolog\u00eda-\u00fanica\u00bb][vc_column width=\u00bb5\/6&#8243; offset=\u00bbvc_col-lg-offset-0 vc_col-lg-6 vc_col-md-offset-1 vc_col-md-10 vc_col-sm-offset-1 vc_col-xs-12&#8243;][ts_side_image_left_custom image=\u00bb2414&#8243;][\/vc_column][vc_column css_animation=\u00bbfadeInRight\u00bb width=\u00bb5\/6&#8243; el_class=\u00bbside-text-column side-up\u00bb offset=\u00bbvc_col-lg-offset-0 vc_col-lg-6 vc_col-md-offset-1 vc_col-md-10 vc_col-sm-offset-1 vc_col-xs-12&#8243;][ts_side_text_block position=\u00bbright\u00bb image=\u00bb1046&#8243; title=\u00bbTecnolog\u00eda Smilers\u00ae\u00bb]Hemos adquirido toda nuestra especializaci\u00f3n en impresi\u00f3n 3D, gracias a nuestra experiencia y conocimientos especializados exclusivos en los sectores aeroespacial y de coches de carreras. Una de las prioridades [&hellip;]<\/p>\n","protected":false},"author":1,"featured_media":0,"parent":0,"menu_order":0,"comment_status":"closed","ping_status":"closed","template":"page-portfolio.php","meta":{"pgc_sgb_lightbox_settings":"","footnotes":""},"class_list":["post-4347","page","type-page","status-publish","hentry"],"yoast_head":"<!-- This site is optimized with the Yoast SEO plugin v22.0 - https:\/\/yoast.com\/wordpress\/plugins\/seo\/ -->\n<title>Conocimientos especializados exclusivos - Smilers<\/title>\n<meta name=\"description\" content=\"Experiencia exclusiva | Tecnolog\u00eda Smilers, pulido de alta costura | Descubra c\u00f3mo se dise\u00f1an nuestros canalones\" \/>\n<meta name=\"robots\" content=\"index, follow, max-snippet:-1, max-image-preview:large, max-video-preview:-1\" \/>\n<link rel=\"canonical\" href=\"https:\/\/www.smilers.com\/es\/conocimientos-especializados-exclusivos\/\" \/>\n<meta property=\"og:locale\" content=\"es_ES\" \/>\n<meta property=\"og:type\" content=\"article\" \/>\n<meta property=\"og:title\" content=\"Conocimientos especializados exclusivos - Smilers\" \/>\n<meta property=\"og:description\" content=\"Experiencia exclusiva | Tecnolog\u00eda Smilers, pulido de alta costura | Descubra c\u00f3mo se dise\u00f1an nuestros canalones\" \/>\n<meta property=\"og:url\" content=\"https:\/\/www.smilers.com\/es\/conocimientos-especializados-exclusivos\/\" \/>\n<meta property=\"og:site_name\" content=\"Smilers\" \/>\n<meta property=\"article:publisher\" content=\"https:\/\/www.facebook.com\/SmilersAligners\/\" \/>\n<meta property=\"article:modified_time\" content=\"2024-04-18T15:29:18+00:00\" \/>\n<meta name=\"twitter:card\" content=\"summary_large_image\" \/>\n<meta name=\"twitter:label1\" content=\"Tiempo de lectura\" \/>\n\t<meta name=\"twitter:data1\" content=\"3 minutos\" \/>\n<script type=\"application\/ld+json\" class=\"yoast-schema-graph\">{\"@context\":\"https:\/\/schema.org\",\"@graph\":[{\"@type\":\"WebPage\",\"@id\":\"https:\/\/www.smilers.com\/es\/conocimientos-especializados-exclusivos\/\",\"url\":\"https:\/\/www.smilers.com\/es\/conocimientos-especializados-exclusivos\/\",\"name\":\"Conocimientos especializados exclusivos - Smilers\",\"isPartOf\":{\"@id\":\"https:\/\/www.smilers.com\/en\/#website\"},\"datePublished\":\"2021-12-09T18:16:01+00:00\",\"dateModified\":\"2024-04-18T15:29:18+00:00\",\"description\":\"Experiencia exclusiva | Tecnolog\u00eda Smilers, pulido de alta costura | Descubra c\u00f3mo se dise\u00f1an nuestros canalones\",\"breadcrumb\":{\"@id\":\"https:\/\/www.smilers.com\/es\/conocimientos-especializados-exclusivos\/#breadcrumb\"},\"inLanguage\":\"es\",\"potentialAction\":[{\"@type\":\"ReadAction\",\"target\":[\"https:\/\/www.smilers.com\/es\/conocimientos-especializados-exclusivos\/\"]}]},{\"@type\":\"BreadcrumbList\",\"@id\":\"https:\/\/www.smilers.com\/es\/conocimientos-especializados-exclusivos\/#breadcrumb\",\"itemListElement\":[{\"@type\":\"ListItem\",\"position\":1,\"name\":\"Accueil\",\"item\":\"https:\/\/www.smilers.com\/es\/\"},{\"@type\":\"ListItem\",\"position\":2,\"name\":\"Conocimientos especializados exclusivos\"}]},{\"@type\":\"WebSite\",\"@id\":\"https:\/\/www.smilers.com\/en\/#website\",\"url\":\"https:\/\/www.smilers.com\/en\/\",\"name\":\"Smilers\",\"description\":\"Le sourire chic \u00e0 la fran\u00e7aise\",\"publisher\":{\"@id\":\"https:\/\/www.smilers.com\/en\/#organization\"},\"potentialAction\":[{\"@type\":\"SearchAction\",\"target\":{\"@type\":\"EntryPoint\",\"urlTemplate\":\"https:\/\/www.smilers.com\/en\/?s={search_term_string}\"},\"query-input\":\"required name=search_term_string\"}],\"inLanguage\":\"es\"},{\"@type\":\"Organization\",\"@id\":\"https:\/\/www.smilers.com\/en\/#organization\",\"name\":\"Smilers\",\"url\":\"https:\/\/www.smilers.com\/en\/\",\"logo\":{\"@type\":\"ImageObject\",\"inLanguage\":\"es\",\"@id\":\"https:\/\/www.smilers.com\/en\/#\/schema\/logo\/image\/\",\"url\":\"https:\/\/www.smilers.com\/wp-content\/uploads\/2021\/08\/logo-detoure-noir.png\",\"contentUrl\":\"https:\/\/www.smilers.com\/wp-content\/uploads\/2021\/08\/logo-detoure-noir.png\",\"width\":784,\"height\":169,\"caption\":\"Smilers\"},\"image\":{\"@id\":\"https:\/\/www.smilers.com\/en\/#\/schema\/logo\/image\/\"},\"sameAs\":[\"https:\/\/www.facebook.com\/SmilersAligners\/\",\"https:\/\/www.instagram.com\/smilers_aligners\/?hl=fr\",\"https:\/\/www.youtube.com\/channel\/UCBKtCNaiCfi8H-aHS7ZZdJQ\"]}]}<\/script>\n<!-- \/ Yoast SEO plugin. -->","yoast_head_json":{"title":"Conocimientos especializados exclusivos - Smilers","description":"Experiencia exclusiva | Tecnolog\u00eda Smilers, pulido de alta costura | Descubra c\u00f3mo se dise\u00f1an nuestros canalones","robots":{"index":"index","follow":"follow","max-snippet":"max-snippet:-1","max-image-preview":"max-image-preview:large","max-video-preview":"max-video-preview:-1"},"canonical":"https:\/\/www.smilers.com\/es\/conocimientos-especializados-exclusivos\/","og_locale":"es_ES","og_type":"article","og_title":"Conocimientos especializados exclusivos - Smilers","og_description":"Experiencia exclusiva | Tecnolog\u00eda Smilers, pulido de alta costura | Descubra c\u00f3mo se dise\u00f1an nuestros canalones","og_url":"https:\/\/www.smilers.com\/es\/conocimientos-especializados-exclusivos\/","og_site_name":"Smilers","article_publisher":"https:\/\/www.facebook.com\/SmilersAligners\/","article_modified_time":"2024-04-18T15:29:18+00:00","twitter_card":"summary_large_image","twitter_misc":{"Tiempo de lectura":"3 minutos"},"schema":{"@context":"https:\/\/schema.org","@graph":[{"@type":"WebPage","@id":"https:\/\/www.smilers.com\/es\/conocimientos-especializados-exclusivos\/","url":"https:\/\/www.smilers.com\/es\/conocimientos-especializados-exclusivos\/","name":"Conocimientos especializados exclusivos - Smilers","isPartOf":{"@id":"https:\/\/www.smilers.com\/en\/#website"},"datePublished":"2021-12-09T18:16:01+00:00","dateModified":"2024-04-18T15:29:18+00:00","description":"Experiencia exclusiva | Tecnolog\u00eda Smilers, pulido de alta costura | Descubra c\u00f3mo se dise\u00f1an nuestros canalones","breadcrumb":{"@id":"https:\/\/www.smilers.com\/es\/conocimientos-especializados-exclusivos\/#breadcrumb"},"inLanguage":"es","potentialAction":[{"@type":"ReadAction","target":["https:\/\/www.smilers.com\/es\/conocimientos-especializados-exclusivos\/"]}]},{"@type":"BreadcrumbList","@id":"https:\/\/www.smilers.com\/es\/conocimientos-especializados-exclusivos\/#breadcrumb","itemListElement":[{"@type":"ListItem","position":1,"name":"Accueil","item":"https:\/\/www.smilers.com\/es\/"},{"@type":"ListItem","position":2,"name":"Conocimientos especializados exclusivos"}]},{"@type":"WebSite","@id":"https:\/\/www.smilers.com\/en\/#website","url":"https:\/\/www.smilers.com\/en\/","name":"Smilers","description":"Le sourire chic \u00e0 la fran\u00e7aise","publisher":{"@id":"https:\/\/www.smilers.com\/en\/#organization"},"potentialAction":[{"@type":"SearchAction","target":{"@type":"EntryPoint","urlTemplate":"https:\/\/www.smilers.com\/en\/?s={search_term_string}"},"query-input":"required name=search_term_string"}],"inLanguage":"es"},{"@type":"Organization","@id":"https:\/\/www.smilers.com\/en\/#organization","name":"Smilers","url":"https:\/\/www.smilers.com\/en\/","logo":{"@type":"ImageObject","inLanguage":"es","@id":"https:\/\/www.smilers.com\/en\/#\/schema\/logo\/image\/","url":"https:\/\/www.smilers.com\/wp-content\/uploads\/2021\/08\/logo-detoure-noir.png","contentUrl":"https:\/\/www.smilers.com\/wp-content\/uploads\/2021\/08\/logo-detoure-noir.png","width":784,"height":169,"caption":"Smilers"},"image":{"@id":"https:\/\/www.smilers.com\/en\/#\/schema\/logo\/image\/"},"sameAs":["https:\/\/www.facebook.com\/SmilersAligners\/","https:\/\/www.instagram.com\/smilers_aligners\/?hl=fr","https:\/\/www.youtube.com\/channel\/UCBKtCNaiCfi8H-aHS7ZZdJQ"]}]}},"_links":{"self":[{"href":"https:\/\/www.smilers.com\/es\/wp-json\/wp\/v2\/pages\/4347","targetHints":{"allow":["GET"]}}],"collection":[{"href":"https:\/\/www.smilers.com\/es\/wp-json\/wp\/v2\/pages"}],"about":[{"href":"https:\/\/www.smilers.com\/es\/wp-json\/wp\/v2\/types\/page"}],"author":[{"embeddable":true,"href":"https:\/\/www.smilers.com\/es\/wp-json\/wp\/v2\/users\/1"}],"replies":[{"embeddable":true,"href":"https:\/\/www.smilers.com\/es\/wp-json\/wp\/v2\/comments?post=4347"}],"version-history":[{"count":8,"href":"https:\/\/www.smilers.com\/es\/wp-json\/wp\/v2\/pages\/4347\/revisions"}],"predecessor-version":[{"id":6795,"href":"https:\/\/www.smilers.com\/es\/wp-json\/wp\/v2\/pages\/4347\/revisions\/6795"}],"wp:attachment":[{"href":"https:\/\/www.smilers.com\/es\/wp-json\/wp\/v2\/media?parent=4347"}],"curies":[{"name":"wp","href":"https:\/\/api.w.org\/{rel}","templated":true}]}}