{"id":4350,"date":"2021-12-09T19:16:41","date_gmt":"2021-12-09T18:16:41","guid":{"rendered":"https:\/\/www.smilers.com\/atencion-medica\/"},"modified":"2024-04-18T17:31:59","modified_gmt":"2024-04-18T15:31:59","slug":"atencion-medica","status":"publish","type":"page","link":"https:\/\/www.smilers.com\/es\/atencion-medica\/","title":{"rendered":"Atenci\u00f3n m\u00e9dica"},"content":{"rendered":"<p>[vc_row content_placement=\u00bbmiddle\u00bb use_container=\u00bbyes\u00bb conter_content=\u00bbyes\u00bb el_class=\u00bbhide-on-mobile\u00bb][vc_column css_animation=\u00bbfadeInLeft\u00bb width=\u00bb1\/2&#8243; el_class=\u00bbside-text-column\u00bb offset=\u00bbvc_hidden-md vc_hidden-sm vc_hidden-xs\u00bb][ts_side_text_block position=\u00bbleft\u00bb image=\u00bb1046&#8243; title=\u00bb<strong>La experiencia m\u00e9dica en el coraz\u00f3n de nuestra atenci\u00f3n de ortodoncia invisible<\/strong>\u00ab]Porque los dientes no vuelven a crecer, <strong>es fundamental alinearlos con la experiencia de un profesional y atenci\u00f3n m\u00e9dica.<\/strong><\/p>\n<p>En Smilers\u00ae, para su bienestar y su seguridad, sus alineadores transparentes Smilers\u00ae, se desarrollan gracias a una <a href=\"https:\/\/www.smilers.com\/es\/como-funciona-el-tratamiento-de-ortodoncia-de-smilers\/\">doble experiencia cl\u00ednica<\/a>: la de <strong>su profesional sanitario<\/strong> y la de <strong>nuestros ortodoncistas profesionales de Smilers\u00ae<\/strong> que planifican y supervisan sus movimientos dentales de acuerdo con su plan de tratamiento. Esta doble <strong>experiencia cl\u00ednica<\/strong> permite lograr una <strong>alta calidad del tratamiento de ortodoncia Smilers\u00ae<\/strong> y un <strong>seguimiento premium<\/strong>.<\/p>\n<div class=\"note\" style=\"text-align: left;\"><em>El tratamiento es responsabilidad del odont\u00f3logo. La responsabilidad de Smilers\u00ae no se ver\u00e1 comprometida.<\/em><\/div>\n<p>[\/ts_side_text_block][\/vc_column][vc_column width=\u00bb1\/2&#8243; offset=\u00bbvc_hidden-md vc_hidden-sm vc_hidden-xs\u00bb][ts_side_image_left_custom image=\u00bb3892&#8243;][\/vc_column][\/vc_row][vc_row content_placement=\u00bbmiddle\u00bb use_container=\u00bbyes\u00bb conter_content=\u00bbyes\u00bb el_class=\u00bbhide-on-desktop\u00bb][vc_column width=\u00bb5\/6&#8243; offset=\u00bbvc_col-lg-offset-0 vc_col-lg-8 vc_hidden-lg vc_col-md-offset-1 vc_col-md-10 vc_col-sm-offset-1 vc_col-xs-12&#8243;][ts_side_image_left_custom image=\u00bb3892&#8243;][\/vc_column][vc_column css_animation=\u00bbfadeInRight\u00bb width=\u00bb5\/6&#8243; el_class=\u00bbside-text-column side-up\u00bb offset=\u00bbvc_col-lg-offset-0 vc_col-lg-4 vc_hidden-lg vc_col-md-offset-1 vc_col-md-10 vc_col-sm-offset-1 vc_col-xs-12&#8243;][ts_side_text_block position=\u00bbleft\u00bb image=\u00bb1046&#8243; title=\u00bb<strong>La experiencia m\u00e9dica en el coraz\u00f3n de nuestra atenci\u00f3n para la ortodoncia invisible<\/strong>\u00ab]Porque los dientes no vuelven a crecer, <strong>es fundamental alinearlos con la experiencia de un profesional.<\/strong>[\/ts_side_text_block][\/vc_column][vc_column offset=\u00bbvc_hidden-lg\u00bb][ts_about_text_content]<\/p>\n<div class=\"note\" style=\"text-align: left;\"><em>El tratamiento es responsabilidad del odont\u00f3logo. La responsabilidad de Smilers\u00ae no se ver\u00e1 comprometida.<\/em><\/div>\n<p>[\/ts_about_text_content][\/vc_column][\/vc_row][vc_row full_width=\u00bbstretch_row_content\u00bb el_class=\u00bbhide-on-desktop\u00bb][vc_column css=\u00bb.vc_custom_1631292714350{padding-right: 0px !important;padding-left: 0px !important;}\u00bb offset=\u00bbvc_hidden-lg\u00bb][vc_single_image image=\u00bb3533&#8243; img_size=\u00bbfull\u00bb][\/vc_column][vc_column offset=\u00bbvc_hidden-lg\u00bb el_class=\u00bbsmall-text\u00bb][vc_column_text]<\/p>\n<p style=\"text-align: left;\">En Smilers\u00ae, para su bienestar y su seguridad, sus alineadores transparentes Smilers\u00ae se desarrollan utilizando una <a href=\"https:\/\/www.smilers.com\/es\/como-funciona-el-tratamiento-de-ortodoncia-de-smilers\/\">doble experiencia<\/a> cl\u00ednica: la de su<strong> profesional sanitario<\/strong> y la de<strong>nuestros ortodoncistas profesionales<\/strong> de <strong>Smilers\u00ae<\/strong> que planifican y supervisan sus movimientos dentales de acuerdo con su plan de tratamiento. Esta doble <strong>experiencia m\u00e9dica<\/strong> permite una <strong>alta calidad del tratamiento de ortodoncia Smilers\u00ae<\/strong> y un <strong>seguimiento premium<\/strong>.<\/p>\n<p>[\/vc_column_text][\/vc_column][\/vc_row]<\/p>\n","protected":false},"excerpt":{"rendered":"<p>[vc_row content_placement=\u00bbmiddle\u00bb use_container=\u00bbyes\u00bb conter_content=\u00bbyes\u00bb el_class=\u00bbhide-on-mobile\u00bb][vc_column css_animation=\u00bbfadeInLeft\u00bb width=\u00bb1\/2&#8243; el_class=\u00bbside-text-column\u00bb offset=\u00bbvc_hidden-md vc_hidden-sm vc_hidden-xs\u00bb][ts_side_text_block position=\u00bbleft\u00bb image=\u00bb1046&#8243; title=\u00bbLa experiencia m\u00e9dica en el coraz\u00f3n de nuestra atenci\u00f3n de ortodoncia invisible\u00ab]Porque los dientes no vuelven a crecer, es fundamental alinearlos con la experiencia de un profesional y atenci\u00f3n m\u00e9dica. En Smilers\u00ae, para su bienestar y su seguridad, sus alineadores transparentes Smilers\u00ae, [&hellip;]<\/p>\n","protected":false},"author":1,"featured_media":0,"parent":0,"menu_order":0,"comment_status":"closed","ping_status":"closed","template":"page-portfolio.php","meta":{"pgc_sgb_lightbox_settings":"","footnotes":""},"class_list":["post-4350","page","type-page","status-publish","hentry"],"yoast_head":"<!-- This site is optimized with the Yoast SEO plugin v22.0 - https:\/\/yoast.com\/wordpress\/plugins\/seo\/ -->\n<title>Atenci\u00f3n m\u00e9dica - Smilers<\/title>\n<meta name=\"description\" content=\"Atenci\u00f3n m\u00e9dica | Su salud y su bienestar en el centro de nuestras preocupaciones | Descubra nuestra experiencia m\u00e9dica\" \/>\n<meta name=\"robots\" content=\"index, follow, max-snippet:-1, max-image-preview:large, max-video-preview:-1\" \/>\n<link rel=\"canonical\" href=\"https:\/\/www.smilers.com\/es\/atencion-medica\/\" \/>\n<meta property=\"og:locale\" content=\"es_ES\" \/>\n<meta property=\"og:type\" content=\"article\" \/>\n<meta property=\"og:title\" content=\"Atenci\u00f3n m\u00e9dica - Smilers\" \/>\n<meta property=\"og:description\" content=\"Atenci\u00f3n m\u00e9dica | Su salud y su bienestar en el centro de nuestras preocupaciones | Descubra nuestra experiencia m\u00e9dica\" \/>\n<meta property=\"og:url\" content=\"https:\/\/www.smilers.com\/es\/atencion-medica\/\" \/>\n<meta property=\"og:site_name\" content=\"Smilers\" \/>\n<meta property=\"article:publisher\" content=\"https:\/\/www.facebook.com\/SmilersAligners\/\" \/>\n<meta property=\"article:modified_time\" content=\"2024-04-18T15:31:59+00:00\" \/>\n<meta name=\"twitter:card\" content=\"summary_large_image\" \/>\n<meta name=\"twitter:label1\" content=\"Tiempo de lectura\" \/>\n\t<meta name=\"twitter:data1\" content=\"2 minutos\" \/>\n<script type=\"application\/ld+json\" class=\"yoast-schema-graph\">{\"@context\":\"https:\/\/schema.org\",\"@graph\":[{\"@type\":\"WebPage\",\"@id\":\"https:\/\/www.smilers.com\/es\/atencion-medica\/\",\"url\":\"https:\/\/www.smilers.com\/es\/atencion-medica\/\",\"name\":\"Atenci\u00f3n m\u00e9dica - Smilers\",\"isPartOf\":{\"@id\":\"https:\/\/www.smilers.com\/en\/#website\"},\"datePublished\":\"2021-12-09T18:16:41+00:00\",\"dateModified\":\"2024-04-18T15:31:59+00:00\",\"description\":\"Atenci\u00f3n m\u00e9dica | Su salud y su bienestar en el centro de nuestras preocupaciones | Descubra nuestra experiencia m\u00e9dica\",\"breadcrumb\":{\"@id\":\"https:\/\/www.smilers.com\/es\/atencion-medica\/#breadcrumb\"},\"inLanguage\":\"es\",\"potentialAction\":[{\"@type\":\"ReadAction\",\"target\":[\"https:\/\/www.smilers.com\/es\/atencion-medica\/\"]}]},{\"@type\":\"BreadcrumbList\",\"@id\":\"https:\/\/www.smilers.com\/es\/atencion-medica\/#breadcrumb\",\"itemListElement\":[{\"@type\":\"ListItem\",\"position\":1,\"name\":\"Accueil\",\"item\":\"https:\/\/www.smilers.com\/es\/\"},{\"@type\":\"ListItem\",\"position\":2,\"name\":\"Atenci\u00f3n m\u00e9dica\"}]},{\"@type\":\"WebSite\",\"@id\":\"https:\/\/www.smilers.com\/en\/#website\",\"url\":\"https:\/\/www.smilers.com\/en\/\",\"name\":\"Smilers\",\"description\":\"Le sourire chic \u00e0 la fran\u00e7aise\",\"publisher\":{\"@id\":\"https:\/\/www.smilers.com\/en\/#organization\"},\"potentialAction\":[{\"@type\":\"SearchAction\",\"target\":{\"@type\":\"EntryPoint\",\"urlTemplate\":\"https:\/\/www.smilers.com\/en\/?s={search_term_string}\"},\"query-input\":\"required name=search_term_string\"}],\"inLanguage\":\"es\"},{\"@type\":\"Organization\",\"@id\":\"https:\/\/www.smilers.com\/en\/#organization\",\"name\":\"Smilers\",\"url\":\"https:\/\/www.smilers.com\/en\/\",\"logo\":{\"@type\":\"ImageObject\",\"inLanguage\":\"es\",\"@id\":\"https:\/\/www.smilers.com\/en\/#\/schema\/logo\/image\/\",\"url\":\"https:\/\/www.smilers.com\/wp-content\/uploads\/2021\/08\/logo-detoure-noir.png\",\"contentUrl\":\"https:\/\/www.smilers.com\/wp-content\/uploads\/2021\/08\/logo-detoure-noir.png\",\"width\":784,\"height\":169,\"caption\":\"Smilers\"},\"image\":{\"@id\":\"https:\/\/www.smilers.com\/en\/#\/schema\/logo\/image\/\"},\"sameAs\":[\"https:\/\/www.facebook.com\/SmilersAligners\/\",\"https:\/\/www.instagram.com\/smilers_aligners\/?hl=fr\",\"https:\/\/www.youtube.com\/channel\/UCBKtCNaiCfi8H-aHS7ZZdJQ\"]}]}<\/script>\n<!-- \/ Yoast SEO plugin. -->","yoast_head_json":{"title":"Atenci\u00f3n m\u00e9dica - Smilers","description":"Atenci\u00f3n m\u00e9dica | Su salud y su bienestar en el centro de nuestras preocupaciones | Descubra nuestra experiencia m\u00e9dica","robots":{"index":"index","follow":"follow","max-snippet":"max-snippet:-1","max-image-preview":"max-image-preview:large","max-video-preview":"max-video-preview:-1"},"canonical":"https:\/\/www.smilers.com\/es\/atencion-medica\/","og_locale":"es_ES","og_type":"article","og_title":"Atenci\u00f3n m\u00e9dica - Smilers","og_description":"Atenci\u00f3n m\u00e9dica | Su salud y su bienestar en el centro de nuestras preocupaciones | Descubra nuestra experiencia m\u00e9dica","og_url":"https:\/\/www.smilers.com\/es\/atencion-medica\/","og_site_name":"Smilers","article_publisher":"https:\/\/www.facebook.com\/SmilersAligners\/","article_modified_time":"2024-04-18T15:31:59+00:00","twitter_card":"summary_large_image","twitter_misc":{"Tiempo de lectura":"2 minutos"},"schema":{"@context":"https:\/\/schema.org","@graph":[{"@type":"WebPage","@id":"https:\/\/www.smilers.com\/es\/atencion-medica\/","url":"https:\/\/www.smilers.com\/es\/atencion-medica\/","name":"Atenci\u00f3n m\u00e9dica - Smilers","isPartOf":{"@id":"https:\/\/www.smilers.com\/en\/#website"},"datePublished":"2021-12-09T18:16:41+00:00","dateModified":"2024-04-18T15:31:59+00:00","description":"Atenci\u00f3n m\u00e9dica | Su salud y su bienestar en el centro de nuestras preocupaciones | Descubra nuestra experiencia m\u00e9dica","breadcrumb":{"@id":"https:\/\/www.smilers.com\/es\/atencion-medica\/#breadcrumb"},"inLanguage":"es","potentialAction":[{"@type":"ReadAction","target":["https:\/\/www.smilers.com\/es\/atencion-medica\/"]}]},{"@type":"BreadcrumbList","@id":"https:\/\/www.smilers.com\/es\/atencion-medica\/#breadcrumb","itemListElement":[{"@type":"ListItem","position":1,"name":"Accueil","item":"https:\/\/www.smilers.com\/es\/"},{"@type":"ListItem","position":2,"name":"Atenci\u00f3n m\u00e9dica"}]},{"@type":"WebSite","@id":"https:\/\/www.smilers.com\/en\/#website","url":"https:\/\/www.smilers.com\/en\/","name":"Smilers","description":"Le sourire chic \u00e0 la fran\u00e7aise","publisher":{"@id":"https:\/\/www.smilers.com\/en\/#organization"},"potentialAction":[{"@type":"SearchAction","target":{"@type":"EntryPoint","urlTemplate":"https:\/\/www.smilers.com\/en\/?s={search_term_string}"},"query-input":"required name=search_term_string"}],"inLanguage":"es"},{"@type":"Organization","@id":"https:\/\/www.smilers.com\/en\/#organization","name":"Smilers","url":"https:\/\/www.smilers.com\/en\/","logo":{"@type":"ImageObject","inLanguage":"es","@id":"https:\/\/www.smilers.com\/en\/#\/schema\/logo\/image\/","url":"https:\/\/www.smilers.com\/wp-content\/uploads\/2021\/08\/logo-detoure-noir.png","contentUrl":"https:\/\/www.smilers.com\/wp-content\/uploads\/2021\/08\/logo-detoure-noir.png","width":784,"height":169,"caption":"Smilers"},"image":{"@id":"https:\/\/www.smilers.com\/en\/#\/schema\/logo\/image\/"},"sameAs":["https:\/\/www.facebook.com\/SmilersAligners\/","https:\/\/www.instagram.com\/smilers_aligners\/?hl=fr","https:\/\/www.youtube.com\/channel\/UCBKtCNaiCfi8H-aHS7ZZdJQ"]}]}},"_links":{"self":[{"href":"https:\/\/www.smilers.com\/es\/wp-json\/wp\/v2\/pages\/4350","targetHints":{"allow":["GET"]}}],"collection":[{"href":"https:\/\/www.smilers.com\/es\/wp-json\/wp\/v2\/pages"}],"about":[{"href":"https:\/\/www.smilers.com\/es\/wp-json\/wp\/v2\/types\/page"}],"author":[{"embeddable":true,"href":"https:\/\/www.smilers.com\/es\/wp-json\/wp\/v2\/users\/1"}],"replies":[{"embeddable":true,"href":"https:\/\/www.smilers.com\/es\/wp-json\/wp\/v2\/comments?post=4350"}],"version-history":[{"count":9,"href":"https:\/\/www.smilers.com\/es\/wp-json\/wp\/v2\/pages\/4350\/revisions"}],"predecessor-version":[{"id":29364,"href":"https:\/\/www.smilers.com\/es\/wp-json\/wp\/v2\/pages\/4350\/revisions\/29364"}],"wp:attachment":[{"href":"https:\/\/www.smilers.com\/es\/wp-json\/wp\/v2\/media?parent=4350"}],"curies":[{"name":"wp","href":"https:\/\/api.w.org\/{rel}","templated":true}]}}