{"id":4354,"date":"2021-12-09T19:17:20","date_gmt":"2021-12-09T18:17:20","guid":{"rendered":"https:\/\/www.smilers.com\/la-garantia-del-made-in-france\/"},"modified":"2024-04-18T16:58:19","modified_gmt":"2024-04-18T14:58:19","slug":"la-garantia-del-made-in-france","status":"publish","type":"page","link":"https:\/\/www.smilers.com\/es\/la-garantia-del-made-in-france\/","title":{"rendered":"La garant\u00eda del Made In France"},"content":{"rendered":"<p>[vc_row content_placement=\u00bbmiddle\u00bb use_container=\u00bbyes\u00bb conter_content=\u00bbyes\u00bb el_class=\u00bbone-million\u00bb][vc_column width=\u00bb5\/6&#8243; offset=\u00bbvc_col-lg-offset-1 vc_col-lg-6 vc_col-md-offset-1 vc_col-md-10 vc_col-sm-offset-1 vc_col-xs-12&#8243;][ts_video_custom video_url=\u00bbhttps:\/\/www.smilers.com\/wp-content\/uploads\/2022\/01\/VIDEO-1-000-000-ALIGNEURS_05-2021-EN.mp4&#8243; video_class=\u00bbw-100 homepageVideo\u00bb poster_url=\u00bbhttps:\/\/www.smilers.com\/wp-content\/uploads\/2021\/09\/cover-1-million.png\u00bb video_ogg=\u00bbhttps:\/\/www.smilers.com\/wp-content\/uploads\/2022\/01\/VIDEO-1-000-000-ALIGNEURS_05-2021-_EN_.ogv\u00bb video_webm=\u00bbhttps:\/\/www.smilers.com\/wp-content\/uploads\/2022\/01\/VIDEO-1-000-000-ALIGNEURS_05-2021-_EN_.webm\u00bb][\/vc_column][vc_column css_animation=\u00bbfadeInRight\u00bb width=\u00bb5\/6&#8243; el_class=\u00bbside-text-column side-up behind\u00bb offset=\u00bbvc_col-lg-offset-0 vc_col-lg-4 vc_col-md-offset-1 vc_col-md-10 vc_col-sm-offset-1 vc_col-xs-12&#8243;][ts_side_text_block position=\u00bbright\u00bb]<\/p>\n<p style=\"text-align: left;\">Smilers\u00ae es una <strong>empresa Made in France y familiar con valores s\u00f3lidos.<\/strong> Est\u00e1 <strong>especializada en ortodoncia invisible <\/strong>y se mueve para ofrecer a todos una <strong>elegante sonrisa francesa<\/strong>.<\/p>\n<p>[\/ts_side_text_block][\/vc_column][\/vc_row][vc_row content_placement=\u00bbmiddle\u00bb][vc_column css_animation=\u00bbfadeInLeft\u00bb width=\u00bb5\/12&#8243; css=\u00bb.vc_custom_1630659160542{padding-right: 0px !important;padding-left: 0px !important;}\u00bb el_class=\u00bbright-article-no-hover smaller-height no-overlay\u00bb][ts_right_article title=\u00bbGarant\u00eda <strong>Made in France*<\/strong>\u00bb image=\u00bb1049&#8243;]Somos el <strong>\u00fanico fabricante de alineadores transparentes con la etiqueta <a href=\"https:\/\/www.originefrancegarantie.fr\/\">Origine France Garantie<\/a><\/strong>. \u2028\u2028Los alineadores transparentes Smilers\u00ae se fabrican en el sur de Francia. En concreto, en nuestra f\u00e1brica de alta tecnolog\u00eda ubicada en <strong>Salon-de-Provence.<\/strong> Estamos muy orgullosos de que nuestra f\u00e1brica haya obtenido la <strong>certificaci\u00f3n ISO 13485, <\/strong>lo que demuestra la <a href=\"https:\/\/www.smilers.com\/es\/conocimientos-especializados-exclusivos\/\"><strong>producci\u00f3n de calidad<\/strong><\/a> de nuestros alineadores transparentes.[\/ts_right_article][\/vc_column][vc_column width=\u00bb7\/12&#8243; el_class=\u00bbfive-arguments-background\u00bb][ts_about_text_content]<div class=\"pgc-sgb-cb wp-block-pgcsimplygalleryblock-grid \" data-gallery-id=\"19d07113\"><div class=\"sgb-preloader\" id=\"pr_19d07113\">\n\t<div class=\"sgb-square\" style=\"background:#d4d4d4\"><\/div>\n\t<div class=\"sgb-square\" style=\"background:#d4d4d4\"><\/div>\n\t<div class=\"sgb-square\" style=\"background:#d4d4d4\"><\/div>\n\t<div class=\"sgb-square\" style=\"background:#d4d4d4\"><\/div><\/div><div class=\"simply-gallery-amp pgc_sgb_slider \" style=\"display: none;\"><div class=\"sgb-gallery\"><div class=\"sgb-item\"><a href=\"https:\/\/www.smilers.com\/?attachment_id=2474\" target=\"_blank\"><img decoding=\"async\" alt=\"\" width=\"2052\" height=\"2350\" loading=\"lazy\" src=\"https:\/\/www.smilers.com\/wp-content\/uploads\/2021\/06\/made-in-france_smilers.jpg\" srcset=\",https:\/\/www.smilers.com\/wp-content\/uploads\/2021\/06\/made-in-france_smilers.jpg 2052w\" sizes=\"auto, 250px\"\/><\/a><\/div><div class=\"sgb-item\"><a href=\"https:\/\/www.smilers.com\/?attachment_id=859\" target=\"_blank\"><img decoding=\"async\" alt=\"aligneurs smilers fabrication\" width=\"300\" height=\"285\" loading=\"lazy\" src=\"https:\/\/www.smilers.com\/wp-content\/uploads\/2021\/06\/fabrication-machine-300x285.png\" srcset=\"https:\/\/www.smilers.com\/wp-content\/uploads\/2021\/06\/fabrication-machine-300x285.png 300w,https:\/\/www.smilers.com\/wp-content\/uploads\/2021\/06\/fabrication-machine-e1630500682683.png 316w\" sizes=\"auto, 250px\"\/><\/a><div class=\"sgb-item-caption\"><em>La fabrication des aligneurs et goutti\u00e8res dentaires Smilers\u00ae dans des usines made in France.<\/em><\/div><\/div><div class=\"sgb-item\"><video controls preload=\"none\"  src=\"https:\/\/www.smilers.com\/wp-content\/uploads\/2021\/06\/video-certification-iso.mp4\"><\/video><div class=\"sgb-item-caption\"><em>Les aligneurs et goutti\u00e8res dentaires Smilers\u00ae made in France certifi\u00e9s iso.<\/em><\/div><\/div><\/div><\/div><script type=\"application\/json\" class=\"sgb-data\">{\"sliderItemDownload\":false,\"thumbClickAction\":\"useLightbox\",\"thumbSpacing\":4,\"captions\":false,\"captionHAlign\":\"bottom\",\"collectionThumbSubMenuDownload\":false,\"galleryType\":\"pgc_sgb_grid\",\"galleryId\":\"19d07113\",\"images\":[{\"id\":2474,\"title\":\"made-in-france_smilers\",\"url\":\"https:\/\/www.smilers.com\/wp-content\/uploads\/2021\/06\/made-in-france_smilers.jpg\",\"link\":\"https:\/\/www.smilers.com\/?attachment_id=2474\",\"alt\":\"\",\"description\":\"\",\"caption\":\"\",\"mime\":\"image\/jpeg\",\"type\":\"image\",\"width\":2052,\"height\":2350,\"sizes\":{\"full\":{\"url\":\"https:\/\/www.smilers.com\/wp-content\/uploads\/2021\/06\/made-in-france_smilers.jpg\",\"height\":2350,\"width\":2052,\"orientation\":\"portrait\"}},\"meta\":false,\"postlink\":\"https:\/\/www.smilers.com\/?attachment_id=2474\"},{\"id\":859,\"title\":\"fabrication\",\"url\":\"https:\/\/www.smilers.com\/wp-content\/uploads\/2021\/06\/fabrication-machine-e1630500682683.png\",\"link\":\"https:\/\/www.smilers.com\/?attachment_id=859\",\"alt\":\"aligneurs smilers fabrication\",\"description\":\"\",\"caption\":\"La fabrication des aligneurs et goutti\u00e8res dentaires Smilers\u00ae dans des usines made in France.\",\"mime\":\"image\/png\",\"type\":\"image\",\"width\":316,\"height\":300,\"sizes\":{\"thumbnail\":{\"height\":150,\"width\":150,\"url\":\"https:\/\/www.smilers.com\/wp-content\/uploads\/2021\/06\/fabrication-machine-150x150.png\",\"orientation\":\"landscape\"},\"medium\":{\"height\":285,\"width\":300,\"url\":\"https:\/\/www.smilers.com\/wp-content\/uploads\/2021\/06\/fabrication-machine-300x285.png\",\"orientation\":\"landscape\"},\"full\":{\"url\":\"https:\/\/www.smilers.com\/wp-content\/uploads\/2021\/06\/fabrication-machine-e1630500682683.png\",\"height\":300,\"width\":316,\"orientation\":\"landscape\"}},\"meta\":false,\"postlink\":\"https:\/\/www.smilers.com\/?attachment_id=859\"},{\"id\":858,\"title\":\"video certification iso\",\"url\":\"https:\/\/www.smilers.com\/wp-content\/uploads\/2021\/06\/video-certification-iso.mp4\",\"link\":\"https:\/\/www.smilers.com\/?attachment_id=858\",\"alt\":\"\",\"description\":\"\",\"caption\":\"Les aligneurs et goutti\u00e8res dentaires Smilers\u00ae made in France certifi\u00e9s iso.\",\"mime\":\"video\/mp4\",\"type\":\"video\",\"image\":{\"src\":\"https:\/\/www.smilers.com\/wp-includes\/images\/media\/video.png\",\"width\":48,\"height\":64},\"thumb\":{\"src\":\"https:\/\/www.smilers.com\/wp-includes\/images\/media\/video.png\",\"width\":48,\"height\":64},\"width\":640,\"height\":640,\"fileLength\":\"0:19\",\"meta\":{\"artist\":false,\"album\":false,\"bitrate\":false,\"bitrate_mode\":false},\"postlink\":\"https:\/\/www.smilers.com\/?attachment_id=858\"}],\"itemsMetaDataCollection\":[{\"link\":\"\",\"linkTarget\":\"_self\",\"linkText\":\"\",\"poster\":{\"thumbnail\":{\"height\":150,\"width\":150,\"url\":\"https:\/\/www.smilers.com\/wp-content\/uploads\/2021\/06\/mdf-150x150.png\",\"orientation\":\"landscape\"},\"medium\":{\"height\":300,\"width\":300,\"url\":\"https:\/\/www.smilers.com\/wp-content\/uploads\/2021\/06\/mdf-300x300.png\",\"orientation\":\"landscape\"},\"full\":{\"url\":\"https:\/\/www.smilers.com\/wp-content\/uploads\/2021\/06\/mdf.png\",\"height\":622,\"width\":622,\"orientation\":\"landscape\"}},\"tags\":[],\"id\":\"858\"}],\"galleryTagsList\":[],\"galleryTagsListSrc\":[],\"galleryData\":\"{\\u0022copyRProtection\\u0022:false,\\u0022copyRAlert\\u0022:\\u0022Hello, this photo is mine!\\u0022,\\u0022sliderScrollNavi\\u0022:false,\\u0022sliderNextPrevAnimation\\u0022:\\u0022animation\\u0022,\\u0022galleryScrollPositionControll\\u0022:false,\\u0022sliderVideoAutoPlay\\u0022:false,\\u0022sliderVideoLoop\\u0022:false,\\u0022sliderItemCounterEnable\\u0022:true,\\u0022sliderCaptionSrc\\u0022:\\u0022caption\\u0022,\\u0022sliderItemTitleEnable\\u0022:false,\\u0022sliderItemTitleFontSize\\u0022:18,\\u0022sliderItemTitleTextColor\\u0022:\\u0022rgba(255,255,255,1)\\u0022,\\u0022itemCounterColor\\u0022:\\u0022rgba(255,255,255,1)\\u0022,\\u0022sliderThumbBarEnable\\u0022:true,\\u0022sliderThumbBarHoverColor\\u0022:\\u0022rgba(240,240,240,1)\\u0022,\\u0022sliderBgColor\\u0022:\\u0022rgba(0,0,0,0.8)\\u0022,\\u0022sliderPreloaderColor\\u0022:\\u0022rgba(240,240,240,1)\\u0022,\\u0022sliderHeaderFooterBgColor\\u0022:\\u0022rgba(0,0,0,0.4)\\u0022,\\u0022sliderNavigationColor\\u0022:\\u0022rgba(0,0,0,1)\\u0022,\\u0022sliderNavigationColorOver\\u0022:\\u0022rgba(255,255,255,1)\\u0022,\\u0022sliderNavigationIconColor\\u0022:\\u0022rgba(255,255,255,1)\\u0022,\\u0022sliderNavigationIconColorOver\\u0022:\\u0022rgba(0,0,0,1)\\u0022,\\u0022sliderSlideshow\\u0022:true,\\u0022sliderSlideshowDelay\\u0022:8,\\u0022slideshowIndicatorColor\\u0022:\\u0022rgba(255,255,255,1)\\u0022,\\u0022slideshowIndicatorColorBg\\u0022:\\u0022rgba(255,255,255,0.5)\\u0022,\\u0022sliderThumbSubMenuBackgroundColor\\u0022:\\u0022rgba(255,255,255,0)\\u0022,\\u0022sliderThumbSubMenuBackgroundColorOver\\u0022:\\u0022rgba(255,255,255,1)\\u0022,\\u0022sliderThumbSubMenuIconColor\\u0022:\\u0022rgba(255,255,255,1)\\u0022,\\u0022sliderThumbSubMenuIconHoverColor\\u0022:\\u0022rgba(0,0,0,1)\\u0022,\\u0022sliderSocialShareEnabled\\u0022:true,\\u0022sliderZoomEnable\\u0022:true,\\u0022sliderFullscreenEnabled\\u0022:true,\\u0022modaBgColor\\u0022:\\u0022rgba(0,0,0,0.8)\\u0022,\\u0022modalIconColor\\u0022:\\u0022rgba(255,255,255,1)\\u0022,\\u0022modalIconColorHover\\u0022:\\u0022rgba(255,255,255,0.8)\\u0022,\\u0022shareFacebook\\u0022:true,\\u0022shareTwitter\\u0022:true,\\u0022sharePinterest\\u0022:true,\\u0022sliderItemDownload\\u0022:false,\\u0022shareCopyLink\\u0022:true,\\u0022sharePost\\u0022:\\u0022sharelink\\u0022,\\u0022tagsFilter\\u0022:false,\\u0022tagCloudAll\\u0022:\\u0022All\\u0022,\\u0022tagCloudBgColor\\u0022:\\u0022rgba(153,153,153,1)\\u0022,\\u0022tagCloudBgColorOver\\u0022:\\u0022rgba(253,253,253,1)\\u0022,\\u0022tagCloudTextColor\\u0022:\\u0022rgba(253,253,253,1)\\u0022,\\u0022tagCloudTextColorOver\\u0022:\\u0022rgba(153,153,153,1)\\u0022,\\u0022tagCloudFontSize\\u0022:16,\\u0022deepLinking\\u0022:false,\\u0022useLightbox\\u0022:true,\\u0022thumbClickAction\\u0022:\\u0022useLightbox\\u0022,\\u0022numItemsDisplayed\\u0022:0,\\u0022lazyLoading\\u0022:true,\\u0022contentNoPadding\\u0022:false,\\u0022galleryPreloaderColor\\u0022:\\u0022rgba(230,230,230,1)\\u0022,\\u0022galleryBgColor\\u0022:\\u0022rgba(0,0,0,0)\\u0022,\\u0022galleryBorderRadius\\u0022:0,\\u0022customCSS\\u0022:\\u0022\\u0022,\\u0022collectionColumns\\u0022:3,\\u0022thumbHieghtRation\\u0022:1,\\u0022collectionThumbRecomendedWidth\\u0022:200,\\u0022thumbSpacing\\u0022:4,\\u0022externalLink\\u0022:true,\\u0022externalLinkDefName\\u0022:\\u0022Read More\\u0022,\\u0022externalLinkTextColor\\u0022:\\u0022rgba(0,0,0,1)\\u0022,\\u0022externalLinkBgColor\\u0022:\\u0022rgba(255,255,255,1)\\u0022,\\u0022externalLinkFontSize\\u0022:18,\\u0022captions\\u0022:false,\\u0022captionSrc\\u0022:\\u0022caption\\u0022,\\u0022captionHAlign\\u0022:\\u0022bottom\\u0022,\\u0022collectionthumbHoverTitleFontSize\\u0022:18,\\u0022collectionthumbRoundedCorners\\u0022:0,\\u0022collectionthumbHoverTitleTextColor\\u0022:\\u0022rgba(255,255,255,1)\\u0022,\\u0022collectionthumbHoverTitleTextBgColor\\u0022:\\u0022rgba(0,0,0,0.8)\\u0022,\\u0022collectionthumbHoverBgColor\\u0022:\\u0022rgba(0,0,0,0.4)\\u0022,\\u0022collectionThumbSubMenuDownload\\u0022:false,\\u0022collectionThumbSubMenuShare\\u0022:true,\\u0022collectionThumbSubMenuBgColor\\u0022:\\u0022rgba(0,0,0,0.4)\\u0022,\\u0022collectionThumbSubMenuBgColorHover\\u0022:\\u0022rgba(255,255,255,1)\\u0022,\\u0022collectionThumbSubMenuIconColor\\u0022:\\u0022rgba(255,255,255,1)\\u0022,\\u0022collectionThumbSubMenuIconColorHover\\u0022:\\u0022rgba(0,0,0,1)\\u0022,\\u0022galleryType\\u0022:\\u0022pgc_sgb_grid\\u0022,\\u0022align\\u0022:\\u0022\\u0022,\\u0022galleryId\\u0022:\\u002219d07113\\u0022,\\u0022tagsListCustomMode\\u0022:false,\\u0022initGalleryByFirstTag\\u0022:false,\\u0022deepLinkingForTag\\u0022:false,\\u0022galleryTagsList\\u0022:[],\\u0022useClobalSettings\\u0022:false,\\u0022orderBy\\u0022:\\u0022custom\\u0022,\\u0022settingsModalIsOpen\\u0022:false,\\u0022skin\\u0022:\\u0022grid\\u0022}\",\"openPopupId\":\"\"}<\/script><script>(function(){if(window.PGC_SGB && window.PGC_SGB.searcher){window.PGC_SGB.searcher.initBlocks()}})()<\/script><\/div>[\/ts_about_text_content][\/vc_column][\/vc_row][vc_row content_placement=\u00bbmiddle\u00bb use_container=\u00bbyes\u00bb conter_content=\u00bbyes\u00bb el_class=\u00bbhide-on-mobile\u00bb][vc_column css_animation=\u00bbfadeInLeft\u00bb width=\u00bb5\/12&#8243; el_class=\u00bbside-text-column\u00bb offset=\u00bbvc_hidden-md vc_hidden-sm vc_hidden-xs\u00bb][ts_side_text_block position=\u00bbleft\u00bb title=\u00bbUna <strong>empresa francesa<\/strong> que respeta a sus colaboradores\u00bb]Smilers\u00ae es una pyme francesa especializada en ortodoncia invisible. En Smilers\u00ae, producimos en Francia con <strong>condiciones de trabajo favorables<\/strong> para el bienestar de nuestros empleados. Nuestra fuerza laboral est\u00e1 cualificada, es importante y su bienestar est\u00e1 en el centro de todas nuestras preocupaciones.[\/ts_side_text_block][\/vc_column][vc_column width=\u00bb7\/12&#8243; offset=\u00bbvc_hidden-md vc_hidden-sm vc_hidden-xs\u00bb][ts_side_image_left_custom image=\u00bb1182&#8243;][\/vc_column][\/vc_row][vc_row content_placement=\u00bbmiddle\u00bb use_container=\u00bbyes\u00bb conter_content=\u00bbyes\u00bb el_class=\u00bbhide-on-desktop\u00bb][vc_column width=\u00bb5\/6&#8243; offset=\u00bbvc_col-lg-offset-0 vc_col-lg-8 vc_hidden-lg vc_col-md-offset-1 vc_col-md-10 vc_col-sm-offset-1 vc_col-xs-12&#8243;][ts_side_image_left_custom image=\u00bb1182&#8243;][\/vc_column][vc_column css_animation=\u00bbfadeInRight\u00bb width=\u00bb5\/6&#8243; el_class=\u00bbside-text-column side-up\u00bb offset=\u00bbvc_col-lg-offset-0 vc_col-lg-4 vc_hidden-lg vc_col-md-offset-1 vc_col-md-10 vc_col-sm-offset-1 vc_col-xs-12&#8243;][ts_side_text_block position=\u00bbleft\u00bb title=\u00bbUna <strong>empresa francesa<\/strong> que respeta a sus colaboradores\u00bb]Smilers\u00ae es una pyme francesa especializada en ortodoncia invisible. En Smilers\u00ae, producimos en Francia con <strong>condiciones de trabajo favorables<\/strong> para el bienestar de nuestros empleados. Nuestra fuerza laboral est\u00e1 cualificada, es importante y su bienestar est\u00e1 en el centro de nuestras preocupaciones.[\/ts_side_text_block][\/vc_column][\/vc_row]<\/p>\n","protected":false},"excerpt":{"rendered":"<p>[vc_row content_placement=\u00bbmiddle\u00bb use_container=\u00bbyes\u00bb conter_content=\u00bbyes\u00bb el_class=\u00bbone-million\u00bb][vc_column width=\u00bb5\/6&#8243; offset=\u00bbvc_col-lg-offset-1 vc_col-lg-6 vc_col-md-offset-1 vc_col-md-10 vc_col-sm-offset-1 vc_col-xs-12&#8243;][ts_video_custom video_url=\u00bbhttps:\/\/www.smilers.com\/wp-content\/uploads\/2022\/01\/VIDEO-1-000-000-ALIGNEURS_05-2021-EN.mp4&#8243; video_class=\u00bbw-100 homepageVideo\u00bb poster_url=\u00bbhttps:\/\/www.smilers.com\/wp-content\/uploads\/2021\/09\/cover-1-million.png\u00bb video_ogg=\u00bbhttps:\/\/www.smilers.com\/wp-content\/uploads\/2022\/01\/VIDEO-1-000-000-ALIGNEURS_05-2021-_EN_.ogv\u00bb video_webm=\u00bbhttps:\/\/www.smilers.com\/wp-content\/uploads\/2022\/01\/VIDEO-1-000-000-ALIGNEURS_05-2021-_EN_.webm\u00bb][\/vc_column][vc_column css_animation=\u00bbfadeInRight\u00bb width=\u00bb5\/6&#8243; el_class=\u00bbside-text-column side-up behind\u00bb offset=\u00bbvc_col-lg-offset-0 vc_col-lg-4 vc_col-md-offset-1 vc_col-md-10 vc_col-sm-offset-1 vc_col-xs-12&#8243;][ts_side_text_block position=\u00bbright\u00bb] Smilers\u00ae es una empresa Made in France y familiar con valores s\u00f3lidos. Est\u00e1 especializada en ortodoncia invisible y se mueve para ofrecer a todos una [&hellip;]<\/p>\n","protected":false},"author":1,"featured_media":0,"parent":0,"menu_order":0,"comment_status":"closed","ping_status":"closed","template":"page-portfolio.php","meta":{"pgc_sgb_lightbox_settings":"","footnotes":""},"class_list":["post-4354","page","type-page","status-publish","hentry"],"yoast_head":"<!-- This site is optimized with the Yoast SEO plugin v22.0 - https:\/\/yoast.com\/wordpress\/plugins\/seo\/ -->\n<title>La garant\u00eda del Made In France - Smilers<\/title>\n<meta name=\"description\" content=\"La garant\u00eda del Made in France | Smilers, \u00fanico fabricante de alineadores transparentes con la etiqueta Origine France Garantie\" \/>\n<meta name=\"robots\" content=\"index, follow, max-snippet:-1, max-image-preview:large, max-video-preview:-1\" \/>\n<link rel=\"canonical\" href=\"https:\/\/www.smilers.com\/es\/la-garantia-del-made-in-france\/\" \/>\n<meta property=\"og:locale\" content=\"es_ES\" \/>\n<meta property=\"og:type\" content=\"article\" \/>\n<meta property=\"og:title\" content=\"La garant\u00eda del Made In France - Smilers\" \/>\n<meta property=\"og:description\" content=\"La garant\u00eda del Made in France | Smilers, \u00fanico fabricante de alineadores transparentes con la etiqueta Origine France Garantie\" \/>\n<meta property=\"og:url\" content=\"https:\/\/www.smilers.com\/es\/la-garantia-del-made-in-france\/\" \/>\n<meta property=\"og:site_name\" content=\"Smilers\" \/>\n<meta property=\"article:publisher\" content=\"https:\/\/www.facebook.com\/SmilersAligners\/\" \/>\n<meta property=\"article:modified_time\" content=\"2024-04-18T14:58:19+00:00\" \/>\n<meta name=\"twitter:card\" content=\"summary_large_image\" \/>\n<meta name=\"twitter:label1\" content=\"Tiempo de lectura\" \/>\n\t<meta name=\"twitter:data1\" content=\"3 minutos\" \/>\n<script type=\"application\/ld+json\" class=\"yoast-schema-graph\">{\"@context\":\"https:\/\/schema.org\",\"@graph\":[{\"@type\":\"WebPage\",\"@id\":\"https:\/\/www.smilers.com\/es\/la-garantia-del-made-in-france\/\",\"url\":\"https:\/\/www.smilers.com\/es\/la-garantia-del-made-in-france\/\",\"name\":\"La garant\u00eda del Made In France - Smilers\",\"isPartOf\":{\"@id\":\"https:\/\/www.smilers.com\/en\/#website\"},\"datePublished\":\"2021-12-09T18:17:20+00:00\",\"dateModified\":\"2024-04-18T14:58:19+00:00\",\"description\":\"La garant\u00eda del Made in France | Smilers, \u00fanico fabricante de alineadores transparentes con la etiqueta Origine France Garantie\",\"breadcrumb\":{\"@id\":\"https:\/\/www.smilers.com\/es\/la-garantia-del-made-in-france\/#breadcrumb\"},\"inLanguage\":\"es\",\"potentialAction\":[{\"@type\":\"ReadAction\",\"target\":[\"https:\/\/www.smilers.com\/es\/la-garantia-del-made-in-france\/\"]}]},{\"@type\":\"BreadcrumbList\",\"@id\":\"https:\/\/www.smilers.com\/es\/la-garantia-del-made-in-france\/#breadcrumb\",\"itemListElement\":[{\"@type\":\"ListItem\",\"position\":1,\"name\":\"Accueil\",\"item\":\"https:\/\/www.smilers.com\/es\/\"},{\"@type\":\"ListItem\",\"position\":2,\"name\":\"La garant\u00eda del Made In France\"}]},{\"@type\":\"WebSite\",\"@id\":\"https:\/\/www.smilers.com\/en\/#website\",\"url\":\"https:\/\/www.smilers.com\/en\/\",\"name\":\"Smilers\",\"description\":\"Le sourire chic \u00e0 la fran\u00e7aise\",\"publisher\":{\"@id\":\"https:\/\/www.smilers.com\/en\/#organization\"},\"potentialAction\":[{\"@type\":\"SearchAction\",\"target\":{\"@type\":\"EntryPoint\",\"urlTemplate\":\"https:\/\/www.smilers.com\/en\/?s={search_term_string}\"},\"query-input\":\"required name=search_term_string\"}],\"inLanguage\":\"es\"},{\"@type\":\"Organization\",\"@id\":\"https:\/\/www.smilers.com\/en\/#organization\",\"name\":\"Smilers\",\"url\":\"https:\/\/www.smilers.com\/en\/\",\"logo\":{\"@type\":\"ImageObject\",\"inLanguage\":\"es\",\"@id\":\"https:\/\/www.smilers.com\/en\/#\/schema\/logo\/image\/\",\"url\":\"https:\/\/www.smilers.com\/wp-content\/uploads\/2021\/08\/logo-detoure-noir.png\",\"contentUrl\":\"https:\/\/www.smilers.com\/wp-content\/uploads\/2021\/08\/logo-detoure-noir.png\",\"width\":784,\"height\":169,\"caption\":\"Smilers\"},\"image\":{\"@id\":\"https:\/\/www.smilers.com\/en\/#\/schema\/logo\/image\/\"},\"sameAs\":[\"https:\/\/www.facebook.com\/SmilersAligners\/\",\"https:\/\/www.instagram.com\/smilers_aligners\/?hl=fr\",\"https:\/\/www.youtube.com\/channel\/UCBKtCNaiCfi8H-aHS7ZZdJQ\"]}]}<\/script>\n<!-- \/ Yoast SEO plugin. -->","yoast_head_json":{"title":"La garant\u00eda del Made In France - Smilers","description":"La garant\u00eda del Made in France | Smilers, \u00fanico fabricante de alineadores transparentes con la etiqueta Origine France Garantie","robots":{"index":"index","follow":"follow","max-snippet":"max-snippet:-1","max-image-preview":"max-image-preview:large","max-video-preview":"max-video-preview:-1"},"canonical":"https:\/\/www.smilers.com\/es\/la-garantia-del-made-in-france\/","og_locale":"es_ES","og_type":"article","og_title":"La garant\u00eda del Made In France - Smilers","og_description":"La garant\u00eda del Made in France | Smilers, \u00fanico fabricante de alineadores transparentes con la etiqueta Origine France Garantie","og_url":"https:\/\/www.smilers.com\/es\/la-garantia-del-made-in-france\/","og_site_name":"Smilers","article_publisher":"https:\/\/www.facebook.com\/SmilersAligners\/","article_modified_time":"2024-04-18T14:58:19+00:00","twitter_card":"summary_large_image","twitter_misc":{"Tiempo de lectura":"3 minutos"},"schema":{"@context":"https:\/\/schema.org","@graph":[{"@type":"WebPage","@id":"https:\/\/www.smilers.com\/es\/la-garantia-del-made-in-france\/","url":"https:\/\/www.smilers.com\/es\/la-garantia-del-made-in-france\/","name":"La garant\u00eda del Made In France - Smilers","isPartOf":{"@id":"https:\/\/www.smilers.com\/en\/#website"},"datePublished":"2021-12-09T18:17:20+00:00","dateModified":"2024-04-18T14:58:19+00:00","description":"La garant\u00eda del Made in France | Smilers, \u00fanico fabricante de alineadores transparentes con la etiqueta Origine France Garantie","breadcrumb":{"@id":"https:\/\/www.smilers.com\/es\/la-garantia-del-made-in-france\/#breadcrumb"},"inLanguage":"es","potentialAction":[{"@type":"ReadAction","target":["https:\/\/www.smilers.com\/es\/la-garantia-del-made-in-france\/"]}]},{"@type":"BreadcrumbList","@id":"https:\/\/www.smilers.com\/es\/la-garantia-del-made-in-france\/#breadcrumb","itemListElement":[{"@type":"ListItem","position":1,"name":"Accueil","item":"https:\/\/www.smilers.com\/es\/"},{"@type":"ListItem","position":2,"name":"La garant\u00eda del Made In France"}]},{"@type":"WebSite","@id":"https:\/\/www.smilers.com\/en\/#website","url":"https:\/\/www.smilers.com\/en\/","name":"Smilers","description":"Le sourire chic \u00e0 la fran\u00e7aise","publisher":{"@id":"https:\/\/www.smilers.com\/en\/#organization"},"potentialAction":[{"@type":"SearchAction","target":{"@type":"EntryPoint","urlTemplate":"https:\/\/www.smilers.com\/en\/?s={search_term_string}"},"query-input":"required name=search_term_string"}],"inLanguage":"es"},{"@type":"Organization","@id":"https:\/\/www.smilers.com\/en\/#organization","name":"Smilers","url":"https:\/\/www.smilers.com\/en\/","logo":{"@type":"ImageObject","inLanguage":"es","@id":"https:\/\/www.smilers.com\/en\/#\/schema\/logo\/image\/","url":"https:\/\/www.smilers.com\/wp-content\/uploads\/2021\/08\/logo-detoure-noir.png","contentUrl":"https:\/\/www.smilers.com\/wp-content\/uploads\/2021\/08\/logo-detoure-noir.png","width":784,"height":169,"caption":"Smilers"},"image":{"@id":"https:\/\/www.smilers.com\/en\/#\/schema\/logo\/image\/"},"sameAs":["https:\/\/www.facebook.com\/SmilersAligners\/","https:\/\/www.instagram.com\/smilers_aligners\/?hl=fr","https:\/\/www.youtube.com\/channel\/UCBKtCNaiCfi8H-aHS7ZZdJQ"]}]}},"_links":{"self":[{"href":"https:\/\/www.smilers.com\/es\/wp-json\/wp\/v2\/pages\/4354","targetHints":{"allow":["GET"]}}],"collection":[{"href":"https:\/\/www.smilers.com\/es\/wp-json\/wp\/v2\/pages"}],"about":[{"href":"https:\/\/www.smilers.com\/es\/wp-json\/wp\/v2\/types\/page"}],"author":[{"embeddable":true,"href":"https:\/\/www.smilers.com\/es\/wp-json\/wp\/v2\/users\/1"}],"replies":[{"embeddable":true,"href":"https:\/\/www.smilers.com\/es\/wp-json\/wp\/v2\/comments?post=4354"}],"version-history":[{"count":7,"href":"https:\/\/www.smilers.com\/es\/wp-json\/wp\/v2\/pages\/4354\/revisions"}],"predecessor-version":[{"id":29337,"href":"https:\/\/www.smilers.com\/es\/wp-json\/wp\/v2\/pages\/4354\/revisions\/29337"}],"wp:attachment":[{"href":"https:\/\/www.smilers.com\/es\/wp-json\/wp\/v2\/media?parent=4354"}],"curies":[{"name":"wp","href":"https:\/\/api.w.org\/{rel}","templated":true}]}}