{"id":4575,"date":"2021-12-22T18:47:59","date_gmt":"2021-12-22T17:47:59","guid":{"rendered":"https:\/\/www.smilers.com\/que-sucede-cuando-mi-tratamiento-de-ortodoncia-smilers-ha-finalizado\/"},"modified":"2024-04-18T17:05:22","modified_gmt":"2024-04-18T15:05:22","slug":"que-sucede-cuando-mi-tratamiento-de-ortodoncia-smilers-ha-finalizado","status":"publish","type":"page","link":"https:\/\/www.smilers.com\/es\/que-sucede-cuando-mi-tratamiento-de-ortodoncia-smilers-ha-finalizado\/","title":{"rendered":"\u00bfQu\u00e9 sucede\u00a0cuando mi tratamiento de ortodoncia Smilers\u00ae\u00a0ha finalizado?"},"content":{"rendered":"<p>[vc_row use_container=\u00bbyes\u00bb css=\u00bb.vc_custom_1624876768802{padding-right: 25px !important;padding-left: 25px !important;}\u00bb][vc_column][vc_row_inner css=\u00bb.vc_custom_1584806111490{margin-bottom: 30px !important;}\u00bb][vc_column_inner][ts_about_text_content animate_block=\u00bbyes\u00bb animation_type=\u00bbfadeInUp\u00bb]<\/p>\n<h2><span class=\"text-gold-gradient\">\u00bfQu\u00e9 sucede<\/span> cuando mi tratamiento de ortodoncia Smilers\u00ae <span class=\"text-gold-gradient\">ha finalizado<\/span> ?<\/h2>\n<p>[\/ts_about_text_content][\/vc_column_inner][\/vc_row_inner][vc_row_inner css=\u00bb.vc_custom_1584806158368{margin-bottom: 30px !important;}\u00bb][vc_column_inner][ts_about_text_content]Al final de su tratamiento de ortodoncia, para <strong>mantener su eficacia<\/strong> en el tiempo, su dentista u ortodoncista, de acuerdo con los especialistas de Smilers\u00ae, le ofrecer\u00e1n varias opciones. Este per\u00edodo <strong>obligatorio<\/strong> se llama <strong>fase de contenci\u00f3n<\/strong>.<\/p>\n<p>Se acabaron los tratamientos de ortodoncia fallidos gracias a las diversas soluciones de retenci\u00f3n que ofrece Smilers\u00ae <strong>para conservar <a href=\"https:\/\/www.smilers.com\/es\/testimonios\/\">su nueva sonrisa<\/a><\/strong> con el paso del tiempo:[\/ts_about_text_content][\/vc_column_inner][\/vc_row_inner][\/vc_column][\/vc_row][vc_row use_container=\u00bbyes\u00bb][vc_column css_animation=\u00bbnone\u00bb width=\u00bb1\/3&#8243; css=\u00bb.vc_custom_1630423833132{margin-bottom: 100px !important;}\u00bb][vc_single_image image=\u00bb3029&#8243; img_size=\u00bbmedium\u00bb alignment=\u00bbcenter\u00bb css_animation=\u00bbnone\u00bb el_class=\u00bbpicture-three-columns\u00bb][vc_separator color=\u00bbcustom\u00bb border_width=\u00bb3&#8243; el_class=\u00bbgold-spacer\u00bb][ts_about_text_content]Puede optar por un dispositivo de <strong>retenci\u00f3n fija<\/strong> o mantener unas <strong>f\u00e9rulas transparentes<\/strong> para conseguir una estabilidad de por vida de su tratamiento.<\/p>\n<p><em class=\"note\">* Para obtener m\u00e1s informaci\u00f3n sobre las diferentes opciones de retenci\u00f3n disponibles, consulte a su profesional<\/em>[\/ts_about_text_content][\/vc_column][vc_column width=\u00bb1\/3&#8243; css=\u00bb.vc_custom_1630423838596{margin-bottom: 100px !important;}\u00bb][vc_row_inner][vc_column_inner el_class=\u00bbpicture-three-columns\u00bb][vc_single_image image=\u00bb3141&#8243; img_size=\u00bbmedium\u00bb alignment=\u00bbcenter\u00bb el_class=\u00bbpicture-three-columns\u00bb][\/vc_column_inner][\/vc_row_inner][vc_separator color=\u00bbcustom\u00bb border_width=\u00bb3&#8243; el_class=\u00bbgold-spacer\u00bb][ts_about_text_content]Por ejemplo, un <strong>hilo Smilers\u00ae muy discreto y hecho a medida. <\/strong>Se\u00a0coloca en la cara interna de los dientes, arriba y abajo, de canino a canino.[\/ts_about_text_content][\/vc_column][vc_column width=\u00bb1\/3&#8243; css=\u00bb.vc_custom_1630423844906{margin-bottom: 100px !important;}\u00bb][vc_single_image image=\u00bb3021&#8243; img_size=\u00bbmedium\u00bb alignment=\u00bbcenter\u00bb el_class=\u00bbpicture-three-columns\u00bb][vc_separator color=\u00bbcustom\u00bb border_width=\u00bb3&#8243; el_class=\u00bbgold-spacer\u00bb][ts_about_text_content]Otra opci\u00f3n es un <strong>sistema Smilers\u00ae Fix patentado y hecho a medida Fix<\/strong> que finaliza el tratamiento de ortodoncia combinando sujeci\u00f3n y est\u00e9tica. Se coloca detr\u00e1s de los dientes, de canino a canino, y es del mismo color que los dientes. Adem\u00e1s de ser discreto y muy fino (0,4\u00a0mm), permite el cepillado interdental para una buena higiene bucodental.[\/ts_about_text_content][\/vc_column][\/vc_row]<\/p>\n","protected":false},"excerpt":{"rendered":"<p>[vc_row use_container=\u00bbyes\u00bb css=\u00bb.vc_custom_1624876768802{padding-right: 25px !important;padding-left: 25px !important;}\u00bb][vc_column][vc_row_inner css=\u00bb.vc_custom_1584806111490{margin-bottom: 30px !important;}\u00bb][vc_column_inner][ts_about_text_content animate_block=\u00bbyes\u00bb animation_type=\u00bbfadeInUp\u00bb] \u00bfQu\u00e9 sucede cuando mi tratamiento de ortodoncia Smilers\u00ae ha finalizado ? [\/ts_about_text_content][\/vc_column_inner][\/vc_row_inner][vc_row_inner css=\u00bb.vc_custom_1584806158368{margin-bottom: 30px !important;}\u00bb][vc_column_inner][ts_about_text_content]Al final de su tratamiento de ortodoncia, para mantener su eficacia en el tiempo, su dentista u ortodoncista, de acuerdo con los especialistas de Smilers\u00ae, le ofrecer\u00e1n varias opciones. [&hellip;]<\/p>\n","protected":false},"author":1,"featured_media":0,"parent":0,"menu_order":0,"comment_status":"closed","ping_status":"closed","template":"page-portfolio.php","meta":{"pgc_sgb_lightbox_settings":"","footnotes":""},"class_list":["post-4575","page","type-page","status-publish","hentry"],"yoast_head":"<!-- This site is optimized with the Yoast SEO plugin v22.0 - https:\/\/yoast.com\/wordpress\/plugins\/seo\/ -->\n<title>\u00bfQu\u00e9 sucede\u00a0cuando mi tratamiento de ortodoncia Smilers\u00ae\u00a0ha finalizado? - Smilers<\/title>\n<meta name=\"description\" content=\"Smilers | Descubra todas nuestras soluciones de apoyo a la estabilidad post-tratamiento Smilers\" \/>\n<meta name=\"robots\" content=\"index, follow, max-snippet:-1, max-image-preview:large, max-video-preview:-1\" \/>\n<link rel=\"canonical\" href=\"https:\/\/www.smilers.com\/es\/que-sucede-cuando-mi-tratamiento-de-ortodoncia-smilers-ha-finalizado\/\" \/>\n<meta property=\"og:locale\" content=\"es_ES\" \/>\n<meta property=\"og:type\" content=\"article\" \/>\n<meta property=\"og:title\" content=\"\u00bfQu\u00e9 sucede\u00a0cuando mi tratamiento de ortodoncia Smilers\u00ae\u00a0ha finalizado? - Smilers\" \/>\n<meta property=\"og:description\" content=\"Smilers | Descubra todas nuestras soluciones de apoyo a la estabilidad post-tratamiento Smilers\" \/>\n<meta property=\"og:url\" content=\"https:\/\/www.smilers.com\/es\/que-sucede-cuando-mi-tratamiento-de-ortodoncia-smilers-ha-finalizado\/\" \/>\n<meta property=\"og:site_name\" content=\"Smilers\" \/>\n<meta property=\"article:publisher\" content=\"https:\/\/www.facebook.com\/SmilersAligners\/\" \/>\n<meta property=\"article:modified_time\" content=\"2024-04-18T15:05:22+00:00\" \/>\n<meta name=\"twitter:card\" content=\"summary_large_image\" \/>\n<meta name=\"twitter:label1\" content=\"Tiempo de lectura\" \/>\n\t<meta name=\"twitter:data1\" content=\"2 minutos\" \/>\n<script type=\"application\/ld+json\" class=\"yoast-schema-graph\">{\"@context\":\"https:\/\/schema.org\",\"@graph\":[{\"@type\":\"WebPage\",\"@id\":\"https:\/\/www.smilers.com\/es\/que-sucede-cuando-mi-tratamiento-de-ortodoncia-smilers-ha-finalizado\/\",\"url\":\"https:\/\/www.smilers.com\/es\/que-sucede-cuando-mi-tratamiento-de-ortodoncia-smilers-ha-finalizado\/\",\"name\":\"\u00bfQu\u00e9 sucede\u00a0cuando mi tratamiento de ortodoncia Smilers\u00ae\u00a0ha finalizado? - Smilers\",\"isPartOf\":{\"@id\":\"https:\/\/www.smilers.com\/en\/#website\"},\"datePublished\":\"2021-12-22T17:47:59+00:00\",\"dateModified\":\"2024-04-18T15:05:22+00:00\",\"description\":\"Smilers | Descubra todas nuestras soluciones de apoyo a la estabilidad post-tratamiento Smilers\",\"breadcrumb\":{\"@id\":\"https:\/\/www.smilers.com\/es\/que-sucede-cuando-mi-tratamiento-de-ortodoncia-smilers-ha-finalizado\/#breadcrumb\"},\"inLanguage\":\"es\",\"potentialAction\":[{\"@type\":\"ReadAction\",\"target\":[\"https:\/\/www.smilers.com\/es\/que-sucede-cuando-mi-tratamiento-de-ortodoncia-smilers-ha-finalizado\/\"]}]},{\"@type\":\"BreadcrumbList\",\"@id\":\"https:\/\/www.smilers.com\/es\/que-sucede-cuando-mi-tratamiento-de-ortodoncia-smilers-ha-finalizado\/#breadcrumb\",\"itemListElement\":[{\"@type\":\"ListItem\",\"position\":1,\"name\":\"Accueil\",\"item\":\"https:\/\/www.smilers.com\/es\/\"},{\"@type\":\"ListItem\",\"position\":2,\"name\":\"\u00bfQu\u00e9 sucede\u00a0cuando mi tratamiento de ortodoncia Smilers\u00ae\u00a0ha finalizado?\"}]},{\"@type\":\"WebSite\",\"@id\":\"https:\/\/www.smilers.com\/en\/#website\",\"url\":\"https:\/\/www.smilers.com\/en\/\",\"name\":\"Smilers\",\"description\":\"Le sourire chic \u00e0 la fran\u00e7aise\",\"publisher\":{\"@id\":\"https:\/\/www.smilers.com\/en\/#organization\"},\"potentialAction\":[{\"@type\":\"SearchAction\",\"target\":{\"@type\":\"EntryPoint\",\"urlTemplate\":\"https:\/\/www.smilers.com\/en\/?s={search_term_string}\"},\"query-input\":\"required name=search_term_string\"}],\"inLanguage\":\"es\"},{\"@type\":\"Organization\",\"@id\":\"https:\/\/www.smilers.com\/en\/#organization\",\"name\":\"Smilers\",\"url\":\"https:\/\/www.smilers.com\/en\/\",\"logo\":{\"@type\":\"ImageObject\",\"inLanguage\":\"es\",\"@id\":\"https:\/\/www.smilers.com\/en\/#\/schema\/logo\/image\/\",\"url\":\"https:\/\/www.smilers.com\/wp-content\/uploads\/2021\/08\/logo-detoure-noir.png\",\"contentUrl\":\"https:\/\/www.smilers.com\/wp-content\/uploads\/2021\/08\/logo-detoure-noir.png\",\"width\":784,\"height\":169,\"caption\":\"Smilers\"},\"image\":{\"@id\":\"https:\/\/www.smilers.com\/en\/#\/schema\/logo\/image\/\"},\"sameAs\":[\"https:\/\/www.facebook.com\/SmilersAligners\/\",\"https:\/\/www.instagram.com\/smilers_aligners\/?hl=fr\",\"https:\/\/www.youtube.com\/channel\/UCBKtCNaiCfi8H-aHS7ZZdJQ\"]}]}<\/script>\n<!-- \/ Yoast SEO plugin. -->","yoast_head_json":{"title":"\u00bfQu\u00e9 sucede\u00a0cuando mi tratamiento de ortodoncia Smilers\u00ae\u00a0ha finalizado? - Smilers","description":"Smilers | Descubra todas nuestras soluciones de apoyo a la estabilidad post-tratamiento Smilers","robots":{"index":"index","follow":"follow","max-snippet":"max-snippet:-1","max-image-preview":"max-image-preview:large","max-video-preview":"max-video-preview:-1"},"canonical":"https:\/\/www.smilers.com\/es\/que-sucede-cuando-mi-tratamiento-de-ortodoncia-smilers-ha-finalizado\/","og_locale":"es_ES","og_type":"article","og_title":"\u00bfQu\u00e9 sucede\u00a0cuando mi tratamiento de ortodoncia Smilers\u00ae\u00a0ha finalizado? - Smilers","og_description":"Smilers | Descubra todas nuestras soluciones de apoyo a la estabilidad post-tratamiento Smilers","og_url":"https:\/\/www.smilers.com\/es\/que-sucede-cuando-mi-tratamiento-de-ortodoncia-smilers-ha-finalizado\/","og_site_name":"Smilers","article_publisher":"https:\/\/www.facebook.com\/SmilersAligners\/","article_modified_time":"2024-04-18T15:05:22+00:00","twitter_card":"summary_large_image","twitter_misc":{"Tiempo de lectura":"2 minutos"},"schema":{"@context":"https:\/\/schema.org","@graph":[{"@type":"WebPage","@id":"https:\/\/www.smilers.com\/es\/que-sucede-cuando-mi-tratamiento-de-ortodoncia-smilers-ha-finalizado\/","url":"https:\/\/www.smilers.com\/es\/que-sucede-cuando-mi-tratamiento-de-ortodoncia-smilers-ha-finalizado\/","name":"\u00bfQu\u00e9 sucede\u00a0cuando mi tratamiento de ortodoncia Smilers\u00ae\u00a0ha finalizado? - Smilers","isPartOf":{"@id":"https:\/\/www.smilers.com\/en\/#website"},"datePublished":"2021-12-22T17:47:59+00:00","dateModified":"2024-04-18T15:05:22+00:00","description":"Smilers | Descubra todas nuestras soluciones de apoyo a la estabilidad post-tratamiento Smilers","breadcrumb":{"@id":"https:\/\/www.smilers.com\/es\/que-sucede-cuando-mi-tratamiento-de-ortodoncia-smilers-ha-finalizado\/#breadcrumb"},"inLanguage":"es","potentialAction":[{"@type":"ReadAction","target":["https:\/\/www.smilers.com\/es\/que-sucede-cuando-mi-tratamiento-de-ortodoncia-smilers-ha-finalizado\/"]}]},{"@type":"BreadcrumbList","@id":"https:\/\/www.smilers.com\/es\/que-sucede-cuando-mi-tratamiento-de-ortodoncia-smilers-ha-finalizado\/#breadcrumb","itemListElement":[{"@type":"ListItem","position":1,"name":"Accueil","item":"https:\/\/www.smilers.com\/es\/"},{"@type":"ListItem","position":2,"name":"\u00bfQu\u00e9 sucede\u00a0cuando mi tratamiento de ortodoncia Smilers\u00ae\u00a0ha finalizado?"}]},{"@type":"WebSite","@id":"https:\/\/www.smilers.com\/en\/#website","url":"https:\/\/www.smilers.com\/en\/","name":"Smilers","description":"Le sourire chic \u00e0 la fran\u00e7aise","publisher":{"@id":"https:\/\/www.smilers.com\/en\/#organization"},"potentialAction":[{"@type":"SearchAction","target":{"@type":"EntryPoint","urlTemplate":"https:\/\/www.smilers.com\/en\/?s={search_term_string}"},"query-input":"required name=search_term_string"}],"inLanguage":"es"},{"@type":"Organization","@id":"https:\/\/www.smilers.com\/en\/#organization","name":"Smilers","url":"https:\/\/www.smilers.com\/en\/","logo":{"@type":"ImageObject","inLanguage":"es","@id":"https:\/\/www.smilers.com\/en\/#\/schema\/logo\/image\/","url":"https:\/\/www.smilers.com\/wp-content\/uploads\/2021\/08\/logo-detoure-noir.png","contentUrl":"https:\/\/www.smilers.com\/wp-content\/uploads\/2021\/08\/logo-detoure-noir.png","width":784,"height":169,"caption":"Smilers"},"image":{"@id":"https:\/\/www.smilers.com\/en\/#\/schema\/logo\/image\/"},"sameAs":["https:\/\/www.facebook.com\/SmilersAligners\/","https:\/\/www.instagram.com\/smilers_aligners\/?hl=fr","https:\/\/www.youtube.com\/channel\/UCBKtCNaiCfi8H-aHS7ZZdJQ"]}]}},"_links":{"self":[{"href":"https:\/\/www.smilers.com\/es\/wp-json\/wp\/v2\/pages\/4575","targetHints":{"allow":["GET"]}}],"collection":[{"href":"https:\/\/www.smilers.com\/es\/wp-json\/wp\/v2\/pages"}],"about":[{"href":"https:\/\/www.smilers.com\/es\/wp-json\/wp\/v2\/types\/page"}],"author":[{"embeddable":true,"href":"https:\/\/www.smilers.com\/es\/wp-json\/wp\/v2\/users\/1"}],"replies":[{"embeddable":true,"href":"https:\/\/www.smilers.com\/es\/wp-json\/wp\/v2\/comments?post=4575"}],"version-history":[{"count":10,"href":"https:\/\/www.smilers.com\/es\/wp-json\/wp\/v2\/pages\/4575\/revisions"}],"predecessor-version":[{"id":4585,"href":"https:\/\/www.smilers.com\/es\/wp-json\/wp\/v2\/pages\/4575\/revisions\/4585"}],"wp:attachment":[{"href":"https:\/\/www.smilers.com\/es\/wp-json\/wp\/v2\/media?parent=4575"}],"curies":[{"name":"wp","href":"https:\/\/api.w.org\/{rel}","templated":true}]}}