{"id":4666,"date":"2021-12-29T10:39:15","date_gmt":"2021-12-29T09:39:15","guid":{"rendered":"https:\/\/www.smilers.com\/come-avviene-il-mio-trattamento-smilers\/"},"modified":"2025-05-02T14:47:13","modified_gmt":"2025-05-02T12:47:13","slug":"come-avviene-il-mio-trattamento-smilers","status":"publish","type":"page","link":"https:\/\/www.smilers.com\/it\/come-avviene-il-mio-trattamento-smilers\/","title":{"rendered":"COME AVVIENE IL MIO TRATTAMENTO SMILERS\u00ae ?"},"content":{"rendered":"<p>[vc_row content_placement=&#8221;middle&#8221; use_container=&#8221;yes&#8221; conter_content=&#8221;yes&#8221; el_class=&#8221;hide-on-mobile&#8221;][vc_column width=&#8221;5\/6&#8243; offset=&#8221;vc_col-lg-offset-0 vc_col-lg-8 vc_col-md-offset-1 vc_col-md-10 vc_col-sm-offset-1 vc_col-xs-12 vc_hidden-xs&#8221;][ts_side_image_left_custom image=&#8221;3880&#8243;][\/vc_column][vc_column css_animation=&#8221;fadeInRight&#8221; width=&#8221;5\/6&#8243; el_class=&#8221;side-text-column side-up&#8221; offset=&#8221;vc_col-lg-offset-0 vc_col-lg-4 vc_col-md-offset-1 vc_col-md-10 vc_col-sm-offset-1 vc_col-xs-12 vc_hidden-xs&#8221;][ts_side_text_block position=&#8221;right&#8221; new_tab=&#8221;yes&#8221; image=&#8221;1046&#8243; title=&#8221;Una <strong>collaborazione <\/strong> tra <strong>Smilers\u00ae e il vostro dentista o ortodontista<\/strong>&#8221; link=&#8221;https:\/\/www.youtube.com\/watch?v=11Pa4OL45HU&#8221;]Dopo la prima visita presso il vostro dentista o ortodontista Smilers\u00ae e dopo la conferma che nel vostro caso sia possibile eseguire un trattamento ortodontico con allineatori, <strong>l\u2019impronta<\/strong> fisica o digitale dei vostri denti \u00e8 inviata a Smilers\u00ae a <strong>Salon-de-Provence<\/strong>.<\/p>\n<p>Il piano di trattamento sar\u00e0 elaborato in collaborazione con <strong>il vostro dentista o ortodontista e gli ortodontisti Smilers\u00ae. <\/strong> Grazie all\u2019unione di queste competenze viene elaborato un trattamento su misura adattato al vostro caso specifico.<\/p>\n<p>Viene creato il piano di trattamento per <strong>l&#8217;allineamento dei denti <\/strong>, con tutti i suoi passaggi. Ciascuno corrisponde a <strong> un allineatore invisibile<\/strong> che esercita <strong> forze meccaniche lievi<\/strong>\u00a0per correggere il malposizionamento dei denti.<\/p>\n<p>Viene creato <strong> Smilers\u00ae Story <\/strong>&#8211; un video di simulazione del tuo piano di trattamento ortodontico. Viene inviato al tuo medico affinch\u00e9 tu possa validare congiuntamente il piano di trattamento effettuato.[\/ts_side_text_block][\/vc_column][vc_column offset=&#8221;vc_hidden-xs&#8221;][ts_about_text_content]<\/p>\n<p style=\"text-align: left;\"><em class=\"note\">*Il risultato non pu\u00f2 essere garantito e dipende dal rispetto delle indicazioni riguardanti l\u2019utilizzo e la manutenzione delle mascherine, poich\u00e9 la biologia umana varia da un individuo all\u2019altro. Talvolta possono essere necessarie fasi supplementari.<\/em><\/p>\n<p>[\/ts_about_text_content][\/vc_column][\/vc_row][vc_row content_placement=&#8221;middle&#8221; use_container=&#8221;yes&#8221; conter_content=&#8221;yes&#8221; el_class=&#8221;hide-on-desktop&#8221;][vc_column width=&#8221;5\/6&#8243; offset=&#8221;vc_col-lg-offset-0 vc_col-lg-8 vc_hidden-lg vc_col-md-offset-1 vc_col-md-10 vc_col-sm-offset-1 vc_col-xs-12&#8243;][ts_side_image_left_custom image=&#8221;3880&#8243;][\/vc_column][vc_column css_animation=&#8221;fadeInRight&#8221; width=&#8221;5\/6&#8243; el_class=&#8221;side-text-column side-up&#8221; offset=&#8221;vc_col-lg-offset-0 vc_col-lg-4 vc_hidden-lg vc_col-md-offset-1 vc_col-md-10 vc_col-sm-offset-1 vc_col-xs-12&#8243;][ts_side_text_block position=&#8221;right&#8221; image=&#8221;1046&#8243; title=&#8221;Una <strong>collaborazione <\/strong> tra <strong>Smilers\u00ae e il vostro dentista o ortodontista<\/strong>&#8221; link=&#8221;https:\/\/www.youtube.com\/watch?v=11Pa4OL45HU&#8221;]Dopo la prima visita presso il vostro dentista o ortodontista Smilers\u00ae e dopo la conferma che nel vostro caso sia possibile eseguire un trattamento ortodontico con mascherine di allineamento, <strong>l\u2019impronta<\/strong> fisica o digitale dei vostri denti \u00e8 inviata a Smilers\u00ae a <strong>Salon-de-Provence<\/strong>.<\/p>\n<p>Il piano di trattamento sar\u00e0 elaborato in collaborazione con <strong>il vostro dentista o ortodontista e gli ortodontisti Smilers\u00ae. <\/strong> Grazie all\u2019unione di queste competenze viene elaborato un trattamento su misura adattato al vostro caso specifico.[\/ts_side_text_block][\/vc_column][\/vc_row][vc_row full_width=&#8221;stretch_row_content&#8221; content_placement=&#8221;middle&#8221; conter_content=&#8221;yes&#8221; el_class=&#8221;hide-on-desktop&#8221; css=&#8221;.vc_custom_1631289799577{margin-bottom: 25px !important;}&#8221;][vc_column offset=&#8221;vc_hidden-lg&#8221; css=&#8221;.vc_custom_1631289813440{padding-right: 0px !important;padding-left: 0px !important;}&#8221;][vc_single_image image=&#8221;3527&#8243; img_size=&#8221;full&#8221;][\/vc_column][vc_column css_animation=&#8221;fadeInRight&#8221; el_class=&#8221;small-text&#8221; offset=&#8221;vc_hidden-lg&#8221;][vc_column_text css_animation=&#8221;none&#8221;]<\/p>\n<p style=\"text-align: left;\">Viene creato lo scenario <strong> allineamento dei denti <\/strong>, con tutti i suoi passaggi. Ciascuno corrisponde a <strong> una mascherina di allineamento invisibile<\/strong> che, esercita <strong> forze meccaniche lievi <\/strong>, per correggere il malposizionamento dei denti.<\/p>\n<p style=\"text-align: left;\">Viene creato <strong> Smilers\u00ae Story <\/strong>, un video di simulazione del tuo piano di trattamento ortodontico. Viene inviato al tuo medico affinch\u00e9 tu possa validare congiuntamente il piano di trattamento effettuato.*<\/p>\n<div class=\"black-link-div\">\n<div class=\"black-link\"><a href=\"https:\/\/www.youtube.com\/watch?v=11Pa4OL45HU\" target=\"_blank\" rel=\"noopener\">D\u00e9couvrir<\/a><\/div>\n<\/div>\n<p>[\/vc_column_text][\/vc_column][vc_column offset=&#8221;vc_hidden-lg&#8221;][ts_about_text_content]<\/p>\n<p style=\"text-align: left;\"><em class=\"note\">*Il risultato non pu\u00f2 essere garantito e dipende dal rispetto delle indicazioni riguardanti l\u2019utilizzo e la manutenzione delle mascherine, poich\u00e9 la biologia umana varia da un individuo all\u2019altro. Talvolta possono essere necessarie fasi supplementari.<\/em><\/p>\n<p>[\/ts_about_text_content][\/vc_column][\/vc_row][vc_row content_placement=&#8221;middle&#8221; anchor_wrap_section=&#8221;no&#8221; conter_content=&#8221;yes&#8221; el_class=&#8221;unique-process&#8221;][vc_column css_animation=&#8221;fadeInLeft&#8221; css=&#8221;.vc_custom_1630583687201{padding-right: 0px !important;padding-left: 0px !important;}&#8221; offset=&#8221;vc_col-lg-4 vc_col-md-6 vc_col-xs-12&#8243;][ts_right_article new_tab=&#8221;yes&#8221; title=&#8221;<strong>Le fasi del processo di fabbricazione<\/strong> degli allineatori Smilers\u00ae&#8221; image=&#8221;1052&#8243; link=&#8221;https:\/\/www.youtube.com\/watch?v=3KBkTgAhKTg&#8221;]<\/p>\n<p style=\"font-weight: 400;\">Una volta che il piano di trattamento ortodontico viene finalizzato e convalidato da voi e dal vostro dentista, si avvia la fase della\u00a0<b><strong>produzione<\/strong><\/b> degli allineatori. Questa viene effettuata <b><strong>nella nostra fabbrica di Salon-de-Provence<\/strong><\/b>.<\/p>\n<p style=\"font-weight: 400;\">Applichiamo oggi alle mascherine di allineamento trasparenti la nostra tecnica <b><strong>di impronta 3D per stereolitografia, <\/strong><\/b>frutto di <b><strong>anni di esperienza <\/strong><\/b>acquisita nel campo aerospaziale e delle macchine da corsa.<\/p>\n<p style=\"font-weight: 400;\">Questa metodica di produzione additiva permette di ottenere\u00a0<b><strong>mascherine di allineamento lisce e trasparenti.<\/strong><\/b><\/p>\n<p>[\/ts_right_article][\/vc_column][vc_column offset=&#8221;vc_col-lg-8 vc_col-md-6 vc_col-xs-12&#8243;][\/vc_column][\/vc_row][vc_row content_placement=&#8221;middle&#8221; use_container=&#8221;yes&#8221; conter_content=&#8221;yes&#8221;][vc_column width=&#8221;5\/6&#8243; offset=&#8221;vc_col-lg-offset-1 vc_col-lg-7 vc_col-md-offset-1 vc_col-md-10 vc_col-sm-offset-1 vc_col-xs-12&#8243;][ts_side_image_left_custom image=&#8221;2854&#8243;][\/vc_column][vc_column css_animation=&#8221;fadeInRight&#8221; width=&#8221;5\/6&#8243; el_class=&#8221;side-text-column side-up&#8221; offset=&#8221;vc_col-lg-offset-0 vc_col-lg-4 vc_col-md-offset-1 vc_col-md-10 vc_col-sm-offset-1 vc_col-xs-12&#8243;][ts_side_text_block position=&#8221;right&#8221; image=&#8221;1046&#8243; title=&#8221;Gli attacchi&#8221;]<\/p>\n<p style=\"font-weight: 400;\">Con le mascherine di allineamento \u00e8 possibile eseguire qualsiasi movimento dentale. Tuttavia, per accelerarli (quindi per ridurre il numero di mascherine e la durata del trattamento) alcune volte il piano di trattamento comporta l\u2019utilizzo di <b><strong>attacchi<\/strong><\/b>.<\/p>\n<p style=\"font-weight: 400;\">Sono dei\u00a0<b><strong>bottoni in composito<\/strong><\/b> che vengono posizionati sui denti per esercitare una pressione precisa. Sono\u00a0<b><strong>dello stesso colore del dente<\/strong><\/b>,<b><strong>quindi poco visibili<\/strong><\/b>. La loro forma pu\u00f2 variare dal momento che il trattamento ortodontico \u00e8 personalizzato in funzione delle vostre necessit\u00e0 ma anche del tipo di movimento che si vuole realizzare.<\/p>\n<p>[\/ts_side_text_block][\/vc_column][\/vc_row][vc_row content_placement=&#8221;middle&#8221; anchor_wrap_section=&#8221;no&#8221; conter_content=&#8221;yes&#8221; el_class=&#8221;stripping&#8221;][vc_column css_animation=&#8221;fadeInLeft&#8221; css=&#8221;.vc_custom_1633679835411{padding-right: 0px !important;padding-left: 0px !important;}&#8221; offset=&#8221;vc_col-lg-4 vc_col-md-6 vc_col-xs-12&#8243; el_class=&#8221;right-article-no-hover&#8221;][ts_right_article title=&#8221;Uno stripping regolato per rispettare lo smalto dei denti&#8221; image=&#8221;1052&#8243;]<\/p>\n<p style=\"font-weight: 400;\">Per\u00a0<b><strong>creare spazio<\/strong><\/b>\u00a0per\u00a0<b><strong>permettere alcuni movimenti<\/strong><\/b>\u00a0con le mascherine di allineamento, pu\u00f2 essere necessario nel vostro piano di trattamento prevedere una riduzione interprossimale dello smalto, o\u00a0<b><strong>stripping<\/strong><\/b>.<\/p>\n<p style=\"font-weight: 400;\">Il dentista <b><strong>lima le superfici interprossimali di alcuni denti<\/strong><\/b>\u00a0per guadagnare qualche decimo di millimetro di spazio.<\/p>\n<p style=\"font-weight: 400;\">Questa pratica \u00e8\u00a0<b><strong>indolore<\/strong><\/b>, e <b><strong>Smilers\u00ae, societ\u00e0 che opera in campo medicale<\/strong><\/b>, fa tutto il possibile perch\u00e9 il vostro trattamento sia eseguito nel\u00a0<b><strong>rispetto dell\u2019integrit\u00e0 dei denti e del loro smalto<\/strong><\/b>. Con noi lo stripping \u00e8 regolato e limitato.<\/p>\n<p>[\/ts_right_article][\/vc_column][vc_column offset=&#8221;vc_col-lg-8 vc_col-md-6 vc_col-xs-12&#8243;][\/vc_column][\/vc_row]<\/p>\n","protected":false},"excerpt":{"rendered":"<p>[vc_row content_placement=&#8221;middle&#8221; use_container=&#8221;yes&#8221; conter_content=&#8221;yes&#8221; el_class=&#8221;hide-on-mobile&#8221;][vc_column width=&#8221;5\/6&#8243; offset=&#8221;vc_col-lg-offset-0 vc_col-lg-8 vc_col-md-offset-1 vc_col-md-10 vc_col-sm-offset-1 vc_col-xs-12 vc_hidden-xs&#8221;][ts_side_image_left_custom image=&#8221;3880&#8243;][\/vc_column][vc_column css_animation=&#8221;fadeInRight&#8221; width=&#8221;5\/6&#8243; el_class=&#8221;side-text-column side-up&#8221; offset=&#8221;vc_col-lg-offset-0 vc_col-lg-4 vc_col-md-offset-1 vc_col-md-10 vc_col-sm-offset-1 vc_col-xs-12 vc_hidden-xs&#8221;][ts_side_text_block position=&#8221;right&#8221; new_tab=&#8221;yes&#8221; image=&#8221;1046&#8243; title=&#8221;Una collaborazione tra Smilers\u00ae e il vostro dentista o ortodontista&#8221; link=&#8221;https:\/\/www.youtube.com\/watch?v=11Pa4OL45HU&#8221;]Dopo la prima visita presso il vostro dentista o ortodontista Smilers\u00ae e dopo la conferma che nel [&hellip;]<\/p>\n","protected":false},"author":1,"featured_media":0,"parent":0,"menu_order":0,"comment_status":"closed","ping_status":"closed","template":"page-portfolio.php","meta":{"pgc_sgb_lightbox_settings":"","footnotes":""},"class_list":["post-4666","page","type-page","status-publish","hentry"],"yoast_head":"<!-- This site is optimized with the Yoast SEO plugin v22.0 - https:\/\/yoast.com\/wordpress\/plugins\/seo\/ -->\n<title>COME AVVIENE IL MIO TRATTAMENTO SMILERS\u00ae ? - Smilers<\/title>\n<meta name=\"description\" content=\"Come avviene il mio trattamento Smilers\u00ae ? Scopri le fasi del processo di trattamento e di fabbricazione delle mascherine Smilers\u00ae\" \/>\n<meta name=\"robots\" content=\"index, follow, max-snippet:-1, max-image-preview:large, max-video-preview:-1\" \/>\n<link rel=\"canonical\" href=\"https:\/\/www.smilers.com\/it\/come-avviene-il-mio-trattamento-smilers\/\" \/>\n<meta property=\"og:locale\" content=\"it_IT\" \/>\n<meta property=\"og:type\" content=\"article\" \/>\n<meta property=\"og:title\" content=\"COME AVVIENE IL MIO TRATTAMENTO SMILERS\u00ae ? - Smilers\" \/>\n<meta property=\"og:description\" content=\"Come avviene il mio trattamento Smilers\u00ae ? Scopri le fasi del processo di trattamento e di fabbricazione delle mascherine Smilers\u00ae\" \/>\n<meta property=\"og:url\" content=\"https:\/\/www.smilers.com\/it\/come-avviene-il-mio-trattamento-smilers\/\" \/>\n<meta property=\"og:site_name\" content=\"Smilers\" \/>\n<meta property=\"article:publisher\" content=\"https:\/\/www.facebook.com\/SmilersAligners\/\" \/>\n<meta property=\"article:modified_time\" content=\"2025-05-02T12:47:13+00:00\" \/>\n<meta name=\"twitter:card\" content=\"summary_large_image\" \/>\n<meta name=\"twitter:label1\" content=\"Tempo di lettura stimato\" \/>\n\t<meta name=\"twitter:data1\" content=\"5 minuti\" \/>\n<script type=\"application\/ld+json\" class=\"yoast-schema-graph\">{\"@context\":\"https:\/\/schema.org\",\"@graph\":[{\"@type\":\"WebPage\",\"@id\":\"https:\/\/www.smilers.com\/it\/come-avviene-il-mio-trattamento-smilers\/\",\"url\":\"https:\/\/www.smilers.com\/it\/come-avviene-il-mio-trattamento-smilers\/\",\"name\":\"COME AVVIENE IL MIO TRATTAMENTO SMILERS\u00ae ? - Smilers\",\"isPartOf\":{\"@id\":\"https:\/\/www.smilers.com\/en\/#website\"},\"datePublished\":\"2021-12-29T09:39:15+00:00\",\"dateModified\":\"2025-05-02T12:47:13+00:00\",\"description\":\"Come avviene il mio trattamento Smilers\u00ae ? Scopri le fasi del processo di trattamento e di fabbricazione delle mascherine Smilers\u00ae\",\"breadcrumb\":{\"@id\":\"https:\/\/www.smilers.com\/it\/come-avviene-il-mio-trattamento-smilers\/#breadcrumb\"},\"inLanguage\":\"it-IT\",\"potentialAction\":[{\"@type\":\"ReadAction\",\"target\":[\"https:\/\/www.smilers.com\/it\/come-avviene-il-mio-trattamento-smilers\/\"]}]},{\"@type\":\"BreadcrumbList\",\"@id\":\"https:\/\/www.smilers.com\/it\/come-avviene-il-mio-trattamento-smilers\/#breadcrumb\",\"itemListElement\":[{\"@type\":\"ListItem\",\"position\":1,\"name\":\"Accueil\",\"item\":\"https:\/\/www.smilers.com\/it\/\"},{\"@type\":\"ListItem\",\"position\":2,\"name\":\"COME AVVIENE IL MIO TRATTAMENTO SMILERS\u00ae ?\"}]},{\"@type\":\"WebSite\",\"@id\":\"https:\/\/www.smilers.com\/en\/#website\",\"url\":\"https:\/\/www.smilers.com\/en\/\",\"name\":\"Smilers\",\"description\":\"Le sourire chic \u00e0 la fran\u00e7aise\",\"publisher\":{\"@id\":\"https:\/\/www.smilers.com\/en\/#organization\"},\"potentialAction\":[{\"@type\":\"SearchAction\",\"target\":{\"@type\":\"EntryPoint\",\"urlTemplate\":\"https:\/\/www.smilers.com\/en\/?s={search_term_string}\"},\"query-input\":\"required name=search_term_string\"}],\"inLanguage\":\"it-IT\"},{\"@type\":\"Organization\",\"@id\":\"https:\/\/www.smilers.com\/en\/#organization\",\"name\":\"Smilers\",\"url\":\"https:\/\/www.smilers.com\/en\/\",\"logo\":{\"@type\":\"ImageObject\",\"inLanguage\":\"it-IT\",\"@id\":\"https:\/\/www.smilers.com\/en\/#\/schema\/logo\/image\/\",\"url\":\"https:\/\/www.smilers.com\/wp-content\/uploads\/2021\/08\/logo-detoure-noir.png\",\"contentUrl\":\"https:\/\/www.smilers.com\/wp-content\/uploads\/2021\/08\/logo-detoure-noir.png\",\"width\":784,\"height\":169,\"caption\":\"Smilers\"},\"image\":{\"@id\":\"https:\/\/www.smilers.com\/en\/#\/schema\/logo\/image\/\"},\"sameAs\":[\"https:\/\/www.facebook.com\/SmilersAligners\/\",\"https:\/\/www.instagram.com\/smilers_aligners\/?hl=fr\",\"https:\/\/www.youtube.com\/channel\/UCBKtCNaiCfi8H-aHS7ZZdJQ\"]}]}<\/script>\n<!-- \/ Yoast SEO plugin. -->","yoast_head_json":{"title":"COME AVVIENE IL MIO TRATTAMENTO SMILERS\u00ae ? - Smilers","description":"Come avviene il mio trattamento Smilers\u00ae ? Scopri le fasi del processo di trattamento e di fabbricazione delle mascherine Smilers\u00ae","robots":{"index":"index","follow":"follow","max-snippet":"max-snippet:-1","max-image-preview":"max-image-preview:large","max-video-preview":"max-video-preview:-1"},"canonical":"https:\/\/www.smilers.com\/it\/come-avviene-il-mio-trattamento-smilers\/","og_locale":"it_IT","og_type":"article","og_title":"COME AVVIENE IL MIO TRATTAMENTO SMILERS\u00ae ? - Smilers","og_description":"Come avviene il mio trattamento Smilers\u00ae ? Scopri le fasi del processo di trattamento e di fabbricazione delle mascherine Smilers\u00ae","og_url":"https:\/\/www.smilers.com\/it\/come-avviene-il-mio-trattamento-smilers\/","og_site_name":"Smilers","article_publisher":"https:\/\/www.facebook.com\/SmilersAligners\/","article_modified_time":"2025-05-02T12:47:13+00:00","twitter_card":"summary_large_image","twitter_misc":{"Tempo di lettura stimato":"5 minuti"},"schema":{"@context":"https:\/\/schema.org","@graph":[{"@type":"WebPage","@id":"https:\/\/www.smilers.com\/it\/come-avviene-il-mio-trattamento-smilers\/","url":"https:\/\/www.smilers.com\/it\/come-avviene-il-mio-trattamento-smilers\/","name":"COME AVVIENE IL MIO TRATTAMENTO SMILERS\u00ae ? - Smilers","isPartOf":{"@id":"https:\/\/www.smilers.com\/en\/#website"},"datePublished":"2021-12-29T09:39:15+00:00","dateModified":"2025-05-02T12:47:13+00:00","description":"Come avviene il mio trattamento Smilers\u00ae ? Scopri le fasi del processo di trattamento e di fabbricazione delle mascherine Smilers\u00ae","breadcrumb":{"@id":"https:\/\/www.smilers.com\/it\/come-avviene-il-mio-trattamento-smilers\/#breadcrumb"},"inLanguage":"it-IT","potentialAction":[{"@type":"ReadAction","target":["https:\/\/www.smilers.com\/it\/come-avviene-il-mio-trattamento-smilers\/"]}]},{"@type":"BreadcrumbList","@id":"https:\/\/www.smilers.com\/it\/come-avviene-il-mio-trattamento-smilers\/#breadcrumb","itemListElement":[{"@type":"ListItem","position":1,"name":"Accueil","item":"https:\/\/www.smilers.com\/it\/"},{"@type":"ListItem","position":2,"name":"COME AVVIENE IL MIO TRATTAMENTO SMILERS\u00ae ?"}]},{"@type":"WebSite","@id":"https:\/\/www.smilers.com\/en\/#website","url":"https:\/\/www.smilers.com\/en\/","name":"Smilers","description":"Le sourire chic \u00e0 la fran\u00e7aise","publisher":{"@id":"https:\/\/www.smilers.com\/en\/#organization"},"potentialAction":[{"@type":"SearchAction","target":{"@type":"EntryPoint","urlTemplate":"https:\/\/www.smilers.com\/en\/?s={search_term_string}"},"query-input":"required name=search_term_string"}],"inLanguage":"it-IT"},{"@type":"Organization","@id":"https:\/\/www.smilers.com\/en\/#organization","name":"Smilers","url":"https:\/\/www.smilers.com\/en\/","logo":{"@type":"ImageObject","inLanguage":"it-IT","@id":"https:\/\/www.smilers.com\/en\/#\/schema\/logo\/image\/","url":"https:\/\/www.smilers.com\/wp-content\/uploads\/2021\/08\/logo-detoure-noir.png","contentUrl":"https:\/\/www.smilers.com\/wp-content\/uploads\/2021\/08\/logo-detoure-noir.png","width":784,"height":169,"caption":"Smilers"},"image":{"@id":"https:\/\/www.smilers.com\/en\/#\/schema\/logo\/image\/"},"sameAs":["https:\/\/www.facebook.com\/SmilersAligners\/","https:\/\/www.instagram.com\/smilers_aligners\/?hl=fr","https:\/\/www.youtube.com\/channel\/UCBKtCNaiCfi8H-aHS7ZZdJQ"]}]}},"_links":{"self":[{"href":"https:\/\/www.smilers.com\/it\/wp-json\/wp\/v2\/pages\/4666","targetHints":{"allow":["GET"]}}],"collection":[{"href":"https:\/\/www.smilers.com\/it\/wp-json\/wp\/v2\/pages"}],"about":[{"href":"https:\/\/www.smilers.com\/it\/wp-json\/wp\/v2\/types\/page"}],"author":[{"embeddable":true,"href":"https:\/\/www.smilers.com\/it\/wp-json\/wp\/v2\/users\/1"}],"replies":[{"embeddable":true,"href":"https:\/\/www.smilers.com\/it\/wp-json\/wp\/v2\/comments?post=4666"}],"version-history":[{"count":16,"href":"https:\/\/www.smilers.com\/it\/wp-json\/wp\/v2\/pages\/4666\/revisions"}],"predecessor-version":[{"id":42405,"href":"https:\/\/www.smilers.com\/it\/wp-json\/wp\/v2\/pages\/4666\/revisions\/42405"}],"wp:attachment":[{"href":"https:\/\/www.smilers.com\/it\/wp-json\/wp\/v2\/media?parent=4666"}],"curies":[{"name":"wp","href":"https:\/\/api.w.org\/{rel}","templated":true}]}}