{"id":4674,"date":"2021-12-29T10:46:39","date_gmt":"2021-12-29T09:46:39","guid":{"rendered":"https:\/\/www.smilers.com\/la-mia-vita-quotidiana\/"},"modified":"2025-05-02T15:26:17","modified_gmt":"2025-05-02T13:26:17","slug":"la-mia-vita-quotidiana","status":"publish","type":"page","link":"https:\/\/www.smilers.com\/it\/la-mia-vita-quotidiana\/","title":{"rendered":"La mia vita quotidiana"},"content":{"rendered":"<p>[vc_row][vc_column][ts_about_text_content]<\/p>\n<h3><span class=\"text-gold-gradient\">Inserire o disinserire <\/span>gli allineatori Smilers\u00ae<\/h3>\n<p>[\/ts_about_text_content][vc_row_inner content_placement=&#8221;middle&#8221;][vc_column_inner offset=&#8221;vc_col-lg-4 vc_col-md-12 vc_col-xs-12&#8243; css=&#8221;.vc_custom_1634802730994{padding-top: 15px !important;padding-bottom: 15px !important;}&#8221;][ts_about_text_content]<img loading=\"lazy\" decoding=\"async\" class=\"alignnone size-full wp-image-3099\" src=\"https:\/\/www.smilers.com\/wp-content\/uploads\/2021\/06\/one.png\" alt=\"\" width=\"24\" height=\"24\" \/> Inserimento dell&#8217;allineatore:<\/p>\n<ul>\n<li>Assicuratevi di avere l&#8217;allineatore giusto.<\/li>\n<li>Sciacquate l&#8217;allineatore sotto l\u2019acqua fredda e scuotetelo eliminando l\u2019eccesso di acqua.<\/li>\n<li>Inserite l&#8217;allineatore spingendo delicatamente contro i denti anteriori. Esercitate poi un&#8217;uguale pressione con i polpastrelli sul lato destro e sinistro dell&#8217;allineatore a livello dei molari fino ad inserirlo completamente.<\/li>\n<\/ul>\n<p><img loading=\"lazy\" decoding=\"async\" class=\"alignnone size-full wp-image-3095\" src=\"https:\/\/www.smilers.com\/wp-content\/uploads\/2021\/06\/two.png\" alt=\"\" width=\"24\" height=\"24\" \/> Rimozione dell&#8217;allineatore:<\/p>\n<ul>\n<li>Con le dita, cominciate a sfilare l&#8217;allineatore da un lato a livello dei molari spostandovi poi lungo tutto il bordo tirando delicatamente.<\/li>\n<li>Potete utilizzare degli strumenti per la disinserzione specifici per gli allineatori<\/li>\n<li>Lavate l&#8217;allineatore con acqua e uno spazzolino da denti neutro, ovvero mai venuto a contatto con dentifricio, poi mettetelo nel contenitore di protezione.<\/li>\n<li>Non piegate e non deformate gli allineatori.<\/li>\n<\/ul>\n<p>[\/ts_about_text_content][\/vc_column_inner][vc_column_inner css=&#8221;.vc_custom_1634801929292{padding-top: 25px !important;}&#8221; offset=&#8221;vc_col-lg-8 vc_col-md-12 vc_col-xs-12&#8243;][ts_video_custom video_url=&#8221;https:\/\/www.smilers.com\/wp-content\/uploads\/2022\/02\/VIDEO-5-SMILERS-CA-DURE-COMBIEN-DE-TEMPS_02-2022.mp4&#8243; video_class=&#8221;w-100 homepageVideo&#8221; poster_url=&#8221;https:\/\/www.smilers.com\/wp-content\/uploads\/2022\/02\/Capture-decran-de-2022-02-10-20-35-13.png&#8221; video_ogg=&#8221;https:\/\/www.smilers.com\/wp-content\/uploads\/2022\/02\/VIDEO-5-SMILERS-CA-DURE-COMBIEN-DE-TEMPS_02-2022.ogv&#8221; video_webm=&#8221;https:\/\/www.smilers.com\/wp-content\/uploads\/2022\/02\/VIDEO-5-SMILERS-CA-DURE-COMBIEN-DE-TEMPS_02-2022.webm&#8221;][\/vc_column_inner][\/vc_row_inner][\/vc_column][\/vc_row][vc_row full_width=&#8221;stretch_row&#8221; content_placement=&#8221;middle&#8221; anchor_wrap_section=&#8221;no&#8221; css=&#8221;.vc_custom_1633677899753{background-color: #000000 !important;}&#8221;][vc_column][ts_about_text_content]<\/p>\n<h3 style=\"color: white;\">Pulire gli allineatori Smilers\u00ae<\/h3>\n<p>[\/ts_about_text_content][vc_row_inner content_placement=&#8221;middle&#8221;][vc_column_inner offset=&#8221;vc_col-lg-6 vc_col-md-12 vc_col-xs-12&#8243;][vc_single_image image=&#8221;8349&#8243; img_size=&#8221;large&#8221; alignment=&#8221;center&#8221;][\/vc_column_inner][vc_column_inner offset=&#8221;vc_col-lg-6 vc_col-md-12 vc_col-xs-12&#8243; css=&#8221;.vc_custom_1634802737302{padding-top: 15px !important;padding-bottom: 15px !important;}&#8221;][ts_about_text_content]<\/p>\n<div style=\"color: white;\">\n<p>L\u2019igiene orale \u00e8 essenziale durante tutto il trattamento ortodontico Smilers\u00ae. Gli allineatori Smilers\u00ae sono rimovibili: ci\u00f2 vi permette di continuare a spazzolare i denti come fate abitualmente.<\/p>\n<p>Per la pulizia degli allineatori Smilers\u00ae :<\/p>\n<ul>\n<li>Spazzolate delicatamente l&#8217;allineatore con uno spazzolino da denti neutro (mai utilizzato con dentifricio) e sapone di Marsiglia.<\/li>\n<li>Sciacquate ciascun allineatore abbondantemente con acqua dopo ogni pulizia. \u00c8 tutto!<\/li>\n<\/ul>\n<\/div>\n<p>[\/ts_about_text_content][\/vc_column_inner][\/vc_row_inner][\/vc_column][\/vc_row][vc_row][vc_column][ts_about_text_content]<\/p>\n<h3>Frequenza delle <span class=\"text-gold-gradient\">visite presso il dentista<\/span> Smilers\u00ae<\/h3>\n<p>[\/ts_about_text_content][vc_row_inner content_placement=&#8221;middle&#8221;][vc_column_inner offset=&#8221;vc_col-lg-6 vc_col-md-12 vc_col-xs-12&#8243; css=&#8221;.vc_custom_1634802743017{padding-top: 15px !important;padding-bottom: 15px !important;}&#8221;][ts_about_text_content]Si raccomanda di fissare delle visite presso il proprio dentista per verificare che il trattamento ortodontico si svolga come previsto. Il dentista o l\u2019ortodontista vi fornir\u00e0 tutte le informazioni riguardo allo svolgimento del trattamento e delle visite.<\/p>\n<p>Se il trattamento viene accelerato tramite sedute di <a title=\"Acc\u00e9l\u00e9rez le traitement\" href=\"https:\/\/www.smilers.com\/index.php\/accelerez-le-traitement\/\">fotobiostimolazione<\/a>, la frequenza delle visite pu\u00f2 aumentare. [\/ts_about_text_content][\/vc_column_inner][vc_column_inner offset=&#8221;vc_col-lg-6 vc_col-md-12 vc_col-xs-12&#8243;][vc_single_image image=&#8221;3431&#8243; img_size=&#8221;large&#8221; alignment=&#8221;center&#8221;][\/vc_column_inner][\/vc_row_inner][\/vc_column][\/vc_row][vc_row full_width=&#8221;stretch_row&#8221; content_placement=&#8221;middle&#8221; anchor_wrap_section=&#8221;no&#8221; css=&#8221;.vc_custom_1633678293110{background-color: #000000 !important;}&#8221;][vc_column][ts_about_text_content]<\/p>\n<h3 style=\"color: white;\"><span class=\"text-gold-gradient\">Fumare <\/span>con le mascherine di allineamento Smilers\u00ae<\/h3>\n<p>[\/ts_about_text_content][vc_row_inner content_placement=&#8221;middle&#8221;][vc_column_inner width=&#8221;1\/2&#8243; offset=&#8221;vc_col-lg-6 vc_col-md-12 vc_col-xs-12&#8243;][vc_single_image image=&#8221;3423&#8243; img_size=&#8221;large&#8221; alignment=&#8221;center&#8221;][\/vc_column_inner][vc_column_inner offset=&#8221;vc_col-lg-6 vc_col-md-12 vc_col-xs-12&#8243; css=&#8221;.vc_custom_1634802749059{padding-top: 15px !important;padding-bottom: 15px !important;}&#8221;][ts_about_text_content]<\/p>\n<div style=\"color: white;\">\n<p>Fumare con gli allineatori invisibili potrebbe alterarne la trasparenza e il colore.<\/p>\n<p>Tuttavia, si consiglia di portare gli allineatori come minimo 22 ore su 24 e di toglierli solamente per mangiare, bere bevande molto calde e per spazzolare i denti in modo da non diminuire l\u2019efficacia del trattamento.<\/p>\n<\/div>\n<p>[\/ts_about_text_content][\/vc_column_inner][\/vc_row_inner][\/vc_column][\/vc_row][vc_row][vc_column][ts_about_text_content]<\/p>\n<h3>Bere <span class=\"text-gold-gradient\">t\u00e8 o caff\u00e8 <\/span>con le mascherine di allineamento Smilers\u00ae<\/h3>\n<p>[\/ts_about_text_content][vc_row_inner content_placement=&#8221;middle&#8221;][vc_column_inner offset=&#8221;vc_col-lg-6 vc_col-md-12 vc_col-xs-12&#8243; css=&#8221;.vc_custom_1634802756481{padding-top: 15px !important;padding-bottom: 15px !important;}&#8221;][ts_about_text_content]<b>\u00c8 possibile bere t\u00e8 o caff\u00e8<\/b> con gli allineatori trasparenti Smilers\u00ae. Sono sconsigliate solamente le bevande bollenti perch\u00e9 possono provocare una leggera deformazione degli allineatori invisibili.[\/ts_about_text_content][\/vc_column_inner][vc_column_inner css=&#8221;.vc_custom_1634802661394{padding-top: 25px !important;}&#8221; offset=&#8221;vc_col-lg-6 vc_col-md-12 vc_col-xs-12&#8243;][vc_single_image image=&#8221;3231&#8243; img_size=&#8221;large&#8221; alignment=&#8221;center&#8221;][\/vc_column_inner][\/vc_row_inner][\/vc_column][\/vc_row][vc_row full_width=&#8221;stretch_row&#8221; anchor_wrap_section=&#8221;no&#8221; css=&#8221;.vc_custom_1633677987619{background-color: #000000 !important;}&#8221;][vc_column][ts_about_text_content]<\/p>\n<h3 style=\"color: white;\"><span class=\"text-gold-gradient\">Mangiare <\/span>con gli allineatori Smilers\u00ae<\/h3>\n<p>[\/ts_about_text_content][vc_row_inner content_placement=&#8221;middle&#8221;][vc_column_inner offset=&#8221;vc_col-lg-6 vc_col-md-12 vc_col-xs-12&#8243;][vc_single_image image=&#8221;3235&#8243; img_size=&#8221;large&#8221; alignment=&#8221;center&#8221;][\/vc_column_inner][vc_column_inner offset=&#8221;vc_col-lg-6 vc_col-md-12 vc_col-xs-12&#8243; css=&#8221;.vc_custom_1634802763346{padding-top: 15px !important;padding-bottom: 15px !important;}&#8221;][ts_about_text_content]<\/p>\n<div style=\"color: white;\">\n<p>\u00c8 necessario portare gli allineatori trasparenti Smilers\u00ae sempre per tutta la durata del trattamento ortodontico, tranne che per mangiare, consumare bevande bollenti o spazzolare i denti.<\/p>\n<p>Dovete quindi togliere gli allineatori invisibili Smilers\u00ae prima dei pasti, sciacquarli e metterli nel contenitore di protezione. Una volta tolti\u2026 <strong>potete mangiare tutto ci\u00f2 di cui avete voglia!<\/strong><\/p>\n<\/div>\n<p>[\/ts_about_text_content][\/vc_column_inner][\/vc_row_inner][\/vc_column][\/vc_row][vc_row][vc_column][ts_about_text_content]<\/p>\n<h3>Impatto <span class=\"text-gold-gradient\">sull\u2019eloquio<\/span><\/h3>\n<p>[\/ts_about_text_content][vc_row_inner content_placement=&#8221;middle&#8221;][vc_column_inner offset=&#8221;vc_col-lg-6 vc_col-md-12 vc_col-xs-12&#8243; css=&#8221;.vc_custom_1634802768164{padding-top: 15px !important;padding-bottom: 15px !important;}&#8221;][ts_about_text_content]<strong>La maggior parte dei pazienti non avverte alcuna alterazione dell\u2019eloquio.<\/strong> Tuttavia, come per qualsiasi apparecchio tradizionale per adulti e adolescenti, duranti i primi giorni con gli allineatori invisibili Smilers\u00ae \u00e8 necessario un periodo di adattamento.[\/ts_about_text_content][\/vc_column_inner][vc_column_inner offset=&#8221;vc_col-lg-6 vc_col-md-12 vc_col-xs-12&#8243;][vc_single_image image=&#8221;3419&#8243; img_size=&#8221;large&#8221; alignment=&#8221;center&#8221;][\/vc_column_inner][\/vc_row_inner][\/vc_column][\/vc_row][vc_row full_width=&#8221;stretch_row&#8221; anchor_wrap_section=&#8221;no&#8221; css=&#8221;.vc_custom_1633678035659{background-color: #000000 !important;}&#8221;][vc_column][ts_about_text_content]<\/p>\n<h3 style=\"color: white;\">Sensazione <span class=\"text-gold-gradient\">dolorosa<\/span><\/h3>\n<p>[\/ts_about_text_content][vc_row_inner content_placement=&#8221;middle&#8221;][vc_column_inner css=&#8221;.vc_custom_1634802356584{padding-top: 25px !important;}&#8221; offset=&#8221;vc_col-lg-6 vc_col-md-12 vc_col-xs-12&#8243;][vc_single_image image=&#8221;3239&#8243; img_size=&#8221;large&#8221; alignment=&#8221;center&#8221;][\/vc_column_inner][vc_column_inner offset=&#8221;vc_col-lg-6 vc_col-md-12 vc_col-xs-12&#8243; css=&#8221;.vc_custom_1634802773849{padding-top: 15px !important;padding-bottom: 15px !important;}&#8221;][ts_about_text_content]<span style=\"color: white;\">Il trattamento con allineatori trasparenti Smilers\u00ae comporta l\u2019applicazione di forze leggere e costanti. Alcune persone possono avvertire un fastidio temporaneo e minimo per qualche giorno quando utilizzano un nuovo allineatore invisibile Smilers\u00ae, all\u2019inizio di ciascuna nuova fase del trattamento ortodontico. I pazienti descrivono normalmente una sensazione di pressione che \u00e8 assolutamente normale. Questa sta ad indicare che il trattamento ortodontico Smilers\u00ae funziona correttamente e di solito scompare nel giro di qualche giorno. Tuttavia, se la sensazione dolorosa persiste, rivolgetevi al vostro dentista o ortodontista.<\/span>[\/ts_about_text_content][\/vc_column_inner][\/vc_row_inner][\/vc_column][\/vc_row]<\/p>\n","protected":false},"excerpt":{"rendered":"<p>[vc_row][vc_column][ts_about_text_content] Inserire o disinserire gli allineatori Smilers\u00ae [\/ts_about_text_content][vc_row_inner content_placement=&#8221;middle&#8221;][vc_column_inner offset=&#8221;vc_col-lg-4 vc_col-md-12 vc_col-xs-12&#8243; css=&#8221;.vc_custom_1634802730994{padding-top: 15px !important;padding-bottom: 15px !important;}&#8221;][ts_about_text_content] Inserimento dell&#8217;allineatore: Assicuratevi di avere l&#8217;allineatore giusto. Sciacquate l&#8217;allineatore sotto l\u2019acqua fredda e scuotetelo eliminando l\u2019eccesso di acqua. Inserite l&#8217;allineatore spingendo delicatamente contro i denti anteriori. Esercitate poi un&#8217;uguale pressione con i polpastrelli sul lato destro e sinistro [&hellip;]<\/p>\n","protected":false},"author":1,"featured_media":0,"parent":0,"menu_order":0,"comment_status":"closed","ping_status":"closed","template":"","meta":{"pgc_sgb_lightbox_settings":"","footnotes":""},"class_list":["post-4674","page","type-page","status-publish","hentry"],"yoast_head":"<!-- This site is optimized with the Yoast SEO plugin v22.0 - https:\/\/yoast.com\/wordpress\/plugins\/seo\/ -->\n<title>La mia vita quotidiana - Smilers<\/title>\n<meta name=\"description\" content=\"Vita quotidiana Smilers | Scopri come inserire o desinserire le mascherine di allineamento Smilers\u00ae\" \/>\n<meta name=\"robots\" content=\"index, follow, max-snippet:-1, max-image-preview:large, max-video-preview:-1\" \/>\n<link rel=\"canonical\" href=\"https:\/\/www.smilers.com\/it\/la-mia-vita-quotidiana\/\" \/>\n<meta property=\"og:locale\" content=\"it_IT\" \/>\n<meta property=\"og:type\" content=\"article\" \/>\n<meta property=\"og:title\" content=\"La mia vita quotidiana - Smilers\" \/>\n<meta property=\"og:description\" content=\"Vita quotidiana Smilers | Scopri come inserire o desinserire le mascherine di allineamento Smilers\u00ae\" \/>\n<meta property=\"og:url\" content=\"https:\/\/www.smilers.com\/it\/la-mia-vita-quotidiana\/\" \/>\n<meta property=\"og:site_name\" content=\"Smilers\" \/>\n<meta property=\"article:publisher\" content=\"https:\/\/www.facebook.com\/SmilersAligners\/\" \/>\n<meta property=\"article:modified_time\" content=\"2025-05-02T13:26:17+00:00\" \/>\n<meta property=\"og:image\" content=\"https:\/\/www.smilers.com\/wp-content\/uploads\/2021\/06\/one.png\" \/>\n<meta name=\"twitter:card\" content=\"summary_large_image\" \/>\n<meta name=\"twitter:label1\" content=\"Tempo di lettura stimato\" \/>\n\t<meta name=\"twitter:data1\" content=\"4 minuti\" \/>\n<script type=\"application\/ld+json\" class=\"yoast-schema-graph\">{\"@context\":\"https:\/\/schema.org\",\"@graph\":[{\"@type\":\"WebPage\",\"@id\":\"https:\/\/www.smilers.com\/it\/la-mia-vita-quotidiana\/\",\"url\":\"https:\/\/www.smilers.com\/it\/la-mia-vita-quotidiana\/\",\"name\":\"La mia vita quotidiana - Smilers\",\"isPartOf\":{\"@id\":\"https:\/\/www.smilers.com\/en\/#website\"},\"datePublished\":\"2021-12-29T09:46:39+00:00\",\"dateModified\":\"2025-05-02T13:26:17+00:00\",\"description\":\"Vita quotidiana Smilers | Scopri come inserire o desinserire le mascherine di allineamento Smilers\u00ae\",\"breadcrumb\":{\"@id\":\"https:\/\/www.smilers.com\/it\/la-mia-vita-quotidiana\/#breadcrumb\"},\"inLanguage\":\"it-IT\",\"potentialAction\":[{\"@type\":\"ReadAction\",\"target\":[\"https:\/\/www.smilers.com\/it\/la-mia-vita-quotidiana\/\"]}]},{\"@type\":\"BreadcrumbList\",\"@id\":\"https:\/\/www.smilers.com\/it\/la-mia-vita-quotidiana\/#breadcrumb\",\"itemListElement\":[{\"@type\":\"ListItem\",\"position\":1,\"name\":\"Accueil\",\"item\":\"https:\/\/www.smilers.com\/it\/\"},{\"@type\":\"ListItem\",\"position\":2,\"name\":\"La mia vita quotidiana\"}]},{\"@type\":\"WebSite\",\"@id\":\"https:\/\/www.smilers.com\/en\/#website\",\"url\":\"https:\/\/www.smilers.com\/en\/\",\"name\":\"Smilers\",\"description\":\"Le sourire chic \u00e0 la fran\u00e7aise\",\"publisher\":{\"@id\":\"https:\/\/www.smilers.com\/en\/#organization\"},\"potentialAction\":[{\"@type\":\"SearchAction\",\"target\":{\"@type\":\"EntryPoint\",\"urlTemplate\":\"https:\/\/www.smilers.com\/en\/?s={search_term_string}\"},\"query-input\":\"required name=search_term_string\"}],\"inLanguage\":\"it-IT\"},{\"@type\":\"Organization\",\"@id\":\"https:\/\/www.smilers.com\/en\/#organization\",\"name\":\"Smilers\",\"url\":\"https:\/\/www.smilers.com\/en\/\",\"logo\":{\"@type\":\"ImageObject\",\"inLanguage\":\"it-IT\",\"@id\":\"https:\/\/www.smilers.com\/en\/#\/schema\/logo\/image\/\",\"url\":\"https:\/\/www.smilers.com\/wp-content\/uploads\/2021\/08\/logo-detoure-noir.png\",\"contentUrl\":\"https:\/\/www.smilers.com\/wp-content\/uploads\/2021\/08\/logo-detoure-noir.png\",\"width\":784,\"height\":169,\"caption\":\"Smilers\"},\"image\":{\"@id\":\"https:\/\/www.smilers.com\/en\/#\/schema\/logo\/image\/\"},\"sameAs\":[\"https:\/\/www.facebook.com\/SmilersAligners\/\",\"https:\/\/www.instagram.com\/smilers_aligners\/?hl=fr\",\"https:\/\/www.youtube.com\/channel\/UCBKtCNaiCfi8H-aHS7ZZdJQ\"]}]}<\/script>\n<!-- \/ Yoast SEO plugin. -->","yoast_head_json":{"title":"La mia vita quotidiana - Smilers","description":"Vita quotidiana Smilers | Scopri come inserire o desinserire le mascherine di allineamento Smilers\u00ae","robots":{"index":"index","follow":"follow","max-snippet":"max-snippet:-1","max-image-preview":"max-image-preview:large","max-video-preview":"max-video-preview:-1"},"canonical":"https:\/\/www.smilers.com\/it\/la-mia-vita-quotidiana\/","og_locale":"it_IT","og_type":"article","og_title":"La mia vita quotidiana - Smilers","og_description":"Vita quotidiana Smilers | Scopri come inserire o desinserire le mascherine di allineamento Smilers\u00ae","og_url":"https:\/\/www.smilers.com\/it\/la-mia-vita-quotidiana\/","og_site_name":"Smilers","article_publisher":"https:\/\/www.facebook.com\/SmilersAligners\/","article_modified_time":"2025-05-02T13:26:17+00:00","og_image":[{"url":"https:\/\/www.smilers.com\/wp-content\/uploads\/2021\/06\/one.png"}],"twitter_card":"summary_large_image","twitter_misc":{"Tempo di lettura stimato":"4 minuti"},"schema":{"@context":"https:\/\/schema.org","@graph":[{"@type":"WebPage","@id":"https:\/\/www.smilers.com\/it\/la-mia-vita-quotidiana\/","url":"https:\/\/www.smilers.com\/it\/la-mia-vita-quotidiana\/","name":"La mia vita quotidiana - Smilers","isPartOf":{"@id":"https:\/\/www.smilers.com\/en\/#website"},"datePublished":"2021-12-29T09:46:39+00:00","dateModified":"2025-05-02T13:26:17+00:00","description":"Vita quotidiana Smilers | Scopri come inserire o desinserire le mascherine di allineamento Smilers\u00ae","breadcrumb":{"@id":"https:\/\/www.smilers.com\/it\/la-mia-vita-quotidiana\/#breadcrumb"},"inLanguage":"it-IT","potentialAction":[{"@type":"ReadAction","target":["https:\/\/www.smilers.com\/it\/la-mia-vita-quotidiana\/"]}]},{"@type":"BreadcrumbList","@id":"https:\/\/www.smilers.com\/it\/la-mia-vita-quotidiana\/#breadcrumb","itemListElement":[{"@type":"ListItem","position":1,"name":"Accueil","item":"https:\/\/www.smilers.com\/it\/"},{"@type":"ListItem","position":2,"name":"La mia vita quotidiana"}]},{"@type":"WebSite","@id":"https:\/\/www.smilers.com\/en\/#website","url":"https:\/\/www.smilers.com\/en\/","name":"Smilers","description":"Le sourire chic \u00e0 la fran\u00e7aise","publisher":{"@id":"https:\/\/www.smilers.com\/en\/#organization"},"potentialAction":[{"@type":"SearchAction","target":{"@type":"EntryPoint","urlTemplate":"https:\/\/www.smilers.com\/en\/?s={search_term_string}"},"query-input":"required name=search_term_string"}],"inLanguage":"it-IT"},{"@type":"Organization","@id":"https:\/\/www.smilers.com\/en\/#organization","name":"Smilers","url":"https:\/\/www.smilers.com\/en\/","logo":{"@type":"ImageObject","inLanguage":"it-IT","@id":"https:\/\/www.smilers.com\/en\/#\/schema\/logo\/image\/","url":"https:\/\/www.smilers.com\/wp-content\/uploads\/2021\/08\/logo-detoure-noir.png","contentUrl":"https:\/\/www.smilers.com\/wp-content\/uploads\/2021\/08\/logo-detoure-noir.png","width":784,"height":169,"caption":"Smilers"},"image":{"@id":"https:\/\/www.smilers.com\/en\/#\/schema\/logo\/image\/"},"sameAs":["https:\/\/www.facebook.com\/SmilersAligners\/","https:\/\/www.instagram.com\/smilers_aligners\/?hl=fr","https:\/\/www.youtube.com\/channel\/UCBKtCNaiCfi8H-aHS7ZZdJQ"]}]}},"_links":{"self":[{"href":"https:\/\/www.smilers.com\/it\/wp-json\/wp\/v2\/pages\/4674","targetHints":{"allow":["GET"]}}],"collection":[{"href":"https:\/\/www.smilers.com\/it\/wp-json\/wp\/v2\/pages"}],"about":[{"href":"https:\/\/www.smilers.com\/it\/wp-json\/wp\/v2\/types\/page"}],"author":[{"embeddable":true,"href":"https:\/\/www.smilers.com\/it\/wp-json\/wp\/v2\/users\/1"}],"replies":[{"embeddable":true,"href":"https:\/\/www.smilers.com\/it\/wp-json\/wp\/v2\/comments?post=4674"}],"version-history":[{"count":28,"href":"https:\/\/www.smilers.com\/it\/wp-json\/wp\/v2\/pages\/4674\/revisions"}],"predecessor-version":[{"id":42471,"href":"https:\/\/www.smilers.com\/it\/wp-json\/wp\/v2\/pages\/4674\/revisions\/42471"}],"wp:attachment":[{"href":"https:\/\/www.smilers.com\/it\/wp-json\/wp\/v2\/media?parent=4674"}],"curies":[{"name":"wp","href":"https:\/\/api.w.org\/{rel}","templated":true}]}}