{"id":4735,"date":"2021-12-29T11:44:49","date_gmt":"2021-12-29T10:44:49","guid":{"rendered":"https:\/\/www.smilers.com\/costo-del-trattamento\/"},"modified":"2025-04-30T14:55:05","modified_gmt":"2025-04-30T12:55:05","slug":"costo-del-trattamento","status":"publish","type":"page","link":"https:\/\/www.smilers.com\/it\/costo-del-trattamento\/","title":{"rendered":"Costo del trattamento"},"content":{"rendered":"<p>[vc_row content_placement=&#8221;middle&#8221; use_container=&#8221;yes&#8221; conter_content=&#8221;yes&#8221; el_id=&#8221;cout-variable&#8221; el_class=&#8221;hide-on-desktop&#8221;][vc_column width=&#8221;5\/6&#8243; offset=&#8221;vc_col-lg-offset-0 vc_col-lg-8 vc_hidden-lg vc_col-md-offset-1 vc_col-md-10 vc_col-sm-offset-1 vc_col-xs-12&#8243;][ts_side_image_left_custom image=&#8221;1318&#8243;][\/vc_column][vc_column css_animation=&#8221;fadeInRight&#8221; width=&#8221;5\/6&#8243; offset=&#8221;vc_col-lg-offset-0 vc_col-lg-4 vc_hidden-lg vc_col-md-offset-1 vc_col-md-10 vc_col-sm-offset-1 vc_col-xs-12&#8243; el_class=&#8221;side-text-column side-up&#8221;][ts_side_text_block position=&#8221;right&#8221; title=&#8221;Un costo che varia in base al trattamento ortodontico e al dentista&#8221; image=&#8221;1046&#8243;]Il prezzo degli allineatori Smilers\u00ae <strong>varia<\/strong> in base alla<a href=\"https:\/\/www.smilers.com\/it\/risultati-casi-trattabili\/\"> situazione iniziale<\/a> e alla <strong>difficolt\u00e0 del trattamento ortodontico<\/strong>.[\/ts_side_text_block][\/vc_column][\/vc_row][vc_row content_placement=&#8221;middle&#8221; use_container=&#8221;yes&#8221; conter_content=&#8221;yes&#8221; el_id=&#8221;cout-variable&#8221; el_class=&#8221;hide-on-mobile&#8221;][vc_column width=&#8221;1\/2&#8243; offset=&#8221;vc_col-lg-offset-0 vc_col-lg-7 vc_col-md-offset-0 vc_col-md-12 vc_hidden-md vc_col-sm-offset-0 vc_hidden-sm vc_col-xs-12 vc_hidden-xs&#8221;][ts_side_image_left_custom image=&#8221;1318&#8243;][\/vc_column][vc_column css_animation=&#8221;fadeInRight&#8221; width=&#8221;1\/2&#8243; offset=&#8221;vc_col-lg-5 vc_col-md-12 vc_hidden-md vc_hidden-sm vc_col-xs-12 vc_hidden-xs&#8221; el_class=&#8221;side-text-column&#8221;][ts_side_text_block position=&#8221;right&#8221; title=&#8221;Un costo che varia in base al trattamento ortodontico e al dentista&#8221; image=&#8221;1046&#8243;]Il prezzo degli allineatori Smilers\u00ae <strong>varia<\/strong> in base alla<a href=\"https:\/\/www.smilers.com\/it\/risultati-casi-trattabili\/\"> situazione iniziale<\/a> e alla <strong>difficolt\u00e0 del trattamento ortodontico<\/strong>.<\/p>\n<p>Sar\u00e0 il dentista o l\u2019ortodontista che analizzer\u00e0 il trattamento ortodontico Smilers\u00ae di cui avete bisogno ed elaborer\u00e0 un preventivo.<\/p>\n<p>Molti dentisti e ortodontisti propongono di pagare il trattamento ortodontico in pi\u00f9 rate. Quando il dentista valuter\u00e0 la vostra situazione per determinare quale tipo di trattamento ortodontico Smilers\u00ae \u00e8 pi\u00f9 adatto, sapr\u00e0 anche stabilire quale sar\u00e0 la durata totale di questo trattamento in funzione del numero di allineatori trasparenti necessari. In questo modo, potr\u00e0 suddividere il prezzo totale del trattamento Smilers\u00ae proponendovi un pagamento rateale mensile o trimestrale.[\/ts_side_text_block][\/vc_column][\/vc_row][vc_row full_width=&#8221;stretch_row_content&#8221; content_placement=&#8221;middle&#8221; use_container=&#8221;yes&#8221; conter_content=&#8221;yes&#8221; el_class=&#8221;hide-on-desktop&#8221;][vc_column offset=&#8221;vc_col-lg-offset-0 vc_col-lg-7 vc_hidden-lg vc_col-md-offset-0 vc_col-md-12 vc_col-sm-offset-0 vc_col-xs-12&#8243; css=&#8221;.vc_custom_1630592263793{padding-right: 0px !important;padding-left: 0px !important;}&#8221;][vc_single_image image=&#8221;3467&#8243; img_size=&#8221;full&#8221; css=&#8221;.vc_custom_1630506616384{padding-right: 0px !important;padding-left: 0px !important;}&#8221;][\/vc_column][vc_column css_animation=&#8221;fadeInRight&#8221; offset=&#8221;vc_col-lg-5 vc_hidden-lg vc_col-md-12 vc_col-xs-12&#8243; el_class=&#8221;side-text-column small-text&#8221; css=&#8221;.vc_custom_1630592532232{padding-right: 15px !important;padding-left: 15px !important;}&#8221;][vc_column_text]<\/p>\n<p style=\"text-align: center;\">IL DENTISTA O L&#8217;ORTODONTISTA ELABORER0 UN PREVENTIVO<\/p>\n<p><img loading=\"lazy\" decoding=\"async\" class=\"aligncenter\" src=\"https:\/\/www.smilers.com\/wp-content\/uploads\/2021\/06\/separateur-vert.jpg\" alt=\"\" width=\"150\" height=\"4\" \/><\/p>\n<p style=\"text-align: left;\">Sar\u00e0 il dentista o l\u2019ortodontista che analizzer\u00e0 il trattamento ortodontico Smilers\u00ae di cui avete bisogno ed elaborer\u00e0 un preventivo.<\/p>\n<p style=\"text-align: left;\">Molti dentisti e ortodontisti propongono di pagare il trattamento ortodontico in pi\u00f9 rate. Quando il dentista valuter\u00e0 la vostra situazione per determinare quale tipo di trattamento ortodontico Smilers\u00ae \u00e8 pi\u00f9 adatto, sapr\u00e0 anche stabilire quale sar\u00e0 la durata totale di questo trattamento in funzione del numero di mascherine di allineamento trasparenti necessarie. In questo modo, potr\u00e0 suddividere il prezzo totale del trattamento Smilers\u00ae proponendovi un pagamento rateale mensile o trimestrale.<\/p>\n<p>[\/vc_column_text][\/vc_column][\/vc_row][vc_row content_placement=&#8221;middle&#8221; use_container=&#8221;yes&#8221; conter_content=&#8221;yes&#8221; css=&#8221;.vc_custom_1630502154169{padding-bottom: 50px !important;}&#8221; el_id=&#8221;mutuelles&#8221; el_class=&#8221;hide-on-mobile&#8221;][vc_column css_animation=&#8221;fadeInLeft&#8221; width=&#8221;1\/2&#8243; offset=&#8221;vc_col-lg-5 vc_col-md-12 vc_hidden-md vc_hidden-sm vc_col-xs-12 vc_hidden-xs&#8221; el_class=&#8221;side-text-column&#8221;][ts_side_text_block position=&#8221;left&#8221; title=&#8221;Copertura da parte delle Assicurazioni Sanitarie&#8221; image=&#8221;1046&#8243;]In Italia, <strong> alcune Assicurazioni Sanitarie<\/strong> coprono l\u2019ortodonzia invisibile, sia per gli adulti che per gli adolescenti. L\u2019entit\u00e0 o la percentuale della copertura varia da una polizza all\u2019altra. Quindi, se desiderate maggiori informazioni a questo riguardo, non esitate a <strong>contattare la vostra Assicurazione <\/strong>che potr\u00e0 cos\u00ec comunicarvi una stima, un forfait o una percentuale di copertura per il vostro trattamento ortodontico Smilers\u00ae. [\/ts_side_text_block][\/vc_column][vc_column width=&#8221;1\/2&#8243; offset=&#8221;vc_col-lg-offset-0 vc_col-lg-7 vc_col-md-offset-0 vc_col-md-12 vc_hidden-md vc_col-sm-offset-0 vc_hidden-sm vc_col-xs-12 vc_hidden-xs&#8221;][ts_side_image_left_custom image=&#8221;1797&#8243;][\/vc_column][\/vc_row][vc_row content_placement=&#8221;middle&#8221; use_container=&#8221;yes&#8221; conter_content=&#8221;yes&#8221; css=&#8221;.vc_custom_1630502160865{padding-bottom: 50px !important;}&#8221; el_class=&#8221;hide-on-desktop&#8221; el_id=&#8221;mutuelles&#8221;][vc_column width=&#8221;5\/6&#8243; offset=&#8221;vc_col-lg-offset-0 vc_col-lg-8 vc_hidden-lg vc_col-md-offset-1 vc_col-md-10 vc_col-sm-offset-1 vc_col-xs-12&#8243;][ts_side_image_left_custom image=&#8221;1797&#8243;][\/vc_column][vc_column css_animation=&#8221;fadeInRight&#8221; width=&#8221;5\/6&#8243; offset=&#8221;vc_col-lg-offset-0 vc_col-lg-4 vc_hidden-lg vc_col-md-offset-1 vc_col-md-10 vc_col-sm-offset-1 vc_col-xs-12&#8243; el_class=&#8221;side-text-column side-up&#8221;][ts_side_text_block position=&#8221;left&#8221; title=&#8221;Copertura da parte delle Assicurazioni Sanitarie&#8221; image=&#8221;1046&#8243;]In Italia, <strong> alcune Assicurazioni Sanitarie<\/strong> coprono l\u2019ortodonzia invisibile, sia per gli adulti che per gli adolescenti. L\u2019entit\u00e0 o la percentuale della copertura varia da una polizza all\u2019altra. Quindi, se desiderate maggiori informazioni a questo riguardo, non esitate a <strong>contattare la vostra Assicurazione <\/strong>che potr\u00e0 cos\u00ec comunicarvi una stima, un forfait o una percentuale di copertura per il vostro trattamento ortodontico Smilers\u00ae.[\/ts_side_text_block][\/vc_column][\/vc_row]<\/p>\n","protected":false},"excerpt":{"rendered":"<p>[vc_row content_placement=&#8221;middle&#8221; use_container=&#8221;yes&#8221; conter_content=&#8221;yes&#8221; el_id=&#8221;cout-variable&#8221; el_class=&#8221;hide-on-desktop&#8221;][vc_column width=&#8221;5\/6&#8243; offset=&#8221;vc_col-lg-offset-0 vc_col-lg-8 vc_hidden-lg vc_col-md-offset-1 vc_col-md-10 vc_col-sm-offset-1 vc_col-xs-12&#8243;][ts_side_image_left_custom image=&#8221;1318&#8243;][\/vc_column][vc_column css_animation=&#8221;fadeInRight&#8221; width=&#8221;5\/6&#8243; offset=&#8221;vc_col-lg-offset-0 vc_col-lg-4 vc_hidden-lg vc_col-md-offset-1 vc_col-md-10 vc_col-sm-offset-1 vc_col-xs-12&#8243; el_class=&#8221;side-text-column side-up&#8221;][ts_side_text_block position=&#8221;right&#8221; title=&#8221;Un costo che varia in base al trattamento ortodontico e al dentista&#8221; image=&#8221;1046&#8243;]Il prezzo degli allineatori Smilers\u00ae varia in base alla situazione iniziale e alla difficolt\u00e0 del trattamento [&hellip;]<\/p>\n","protected":false},"author":1,"featured_media":0,"parent":0,"menu_order":0,"comment_status":"closed","ping_status":"closed","template":"page-portfolio.php","meta":{"pgc_sgb_lightbox_settings":"","footnotes":""},"class_list":["post-4735","page","type-page","status-publish","hentry"],"yoast_head":"<!-- This site is optimized with the Yoast SEO plugin v22.0 - https:\/\/yoast.com\/wordpress\/plugins\/seo\/ -->\n<title>Costo del trattamento - Smilers<\/title>\n<meta name=\"description\" content=\"Costo | Il prezzo delle mascherine Smilers\u00ae varia in base alla situazione iniziale e alla difficolt\u00e0 del trattamento ortodontico.\" \/>\n<meta name=\"robots\" content=\"index, follow, max-snippet:-1, max-image-preview:large, max-video-preview:-1\" \/>\n<link rel=\"canonical\" href=\"https:\/\/www.smilers.com\/it\/costo-del-trattamento\/\" \/>\n<meta property=\"og:locale\" content=\"it_IT\" \/>\n<meta property=\"og:type\" content=\"article\" \/>\n<meta property=\"og:title\" content=\"Costo del trattamento - Smilers\" \/>\n<meta property=\"og:description\" content=\"Costo | Il prezzo delle mascherine Smilers\u00ae varia in base alla situazione iniziale e alla difficolt\u00e0 del trattamento ortodontico.\" \/>\n<meta property=\"og:url\" content=\"https:\/\/www.smilers.com\/it\/costo-del-trattamento\/\" \/>\n<meta property=\"og:site_name\" content=\"Smilers\" \/>\n<meta property=\"article:publisher\" content=\"https:\/\/www.facebook.com\/SmilersAligners\/\" \/>\n<meta property=\"article:modified_time\" content=\"2025-04-30T12:55:05+00:00\" \/>\n<meta property=\"og:image\" content=\"https:\/\/www.smilers.com\/wp-content\/uploads\/2021\/06\/separateur-vert.jpg\" \/>\n<meta name=\"twitter:card\" content=\"summary_large_image\" \/>\n<meta name=\"twitter:label1\" content=\"Tempo di lettura stimato\" \/>\n\t<meta name=\"twitter:data1\" content=\"3 minuti\" \/>\n<script type=\"application\/ld+json\" class=\"yoast-schema-graph\">{\"@context\":\"https:\/\/schema.org\",\"@graph\":[{\"@type\":\"WebPage\",\"@id\":\"https:\/\/www.smilers.com\/it\/costo-del-trattamento\/\",\"url\":\"https:\/\/www.smilers.com\/it\/costo-del-trattamento\/\",\"name\":\"Costo del trattamento - Smilers\",\"isPartOf\":{\"@id\":\"https:\/\/www.smilers.com\/en\/#website\"},\"datePublished\":\"2021-12-29T10:44:49+00:00\",\"dateModified\":\"2025-04-30T12:55:05+00:00\",\"description\":\"Costo | Il prezzo delle mascherine Smilers\u00ae varia in base alla situazione iniziale e alla difficolt\u00e0 del trattamento ortodontico.\",\"breadcrumb\":{\"@id\":\"https:\/\/www.smilers.com\/it\/costo-del-trattamento\/#breadcrumb\"},\"inLanguage\":\"it-IT\",\"potentialAction\":[{\"@type\":\"ReadAction\",\"target\":[\"https:\/\/www.smilers.com\/it\/costo-del-trattamento\/\"]}]},{\"@type\":\"BreadcrumbList\",\"@id\":\"https:\/\/www.smilers.com\/it\/costo-del-trattamento\/#breadcrumb\",\"itemListElement\":[{\"@type\":\"ListItem\",\"position\":1,\"name\":\"Accueil\",\"item\":\"https:\/\/www.smilers.com\/it\/\"},{\"@type\":\"ListItem\",\"position\":2,\"name\":\"Costo del trattamento\"}]},{\"@type\":\"WebSite\",\"@id\":\"https:\/\/www.smilers.com\/en\/#website\",\"url\":\"https:\/\/www.smilers.com\/en\/\",\"name\":\"Smilers\",\"description\":\"Le sourire chic \u00e0 la fran\u00e7aise\",\"publisher\":{\"@id\":\"https:\/\/www.smilers.com\/en\/#organization\"},\"potentialAction\":[{\"@type\":\"SearchAction\",\"target\":{\"@type\":\"EntryPoint\",\"urlTemplate\":\"https:\/\/www.smilers.com\/en\/?s={search_term_string}\"},\"query-input\":\"required name=search_term_string\"}],\"inLanguage\":\"it-IT\"},{\"@type\":\"Organization\",\"@id\":\"https:\/\/www.smilers.com\/en\/#organization\",\"name\":\"Smilers\",\"url\":\"https:\/\/www.smilers.com\/en\/\",\"logo\":{\"@type\":\"ImageObject\",\"inLanguage\":\"it-IT\",\"@id\":\"https:\/\/www.smilers.com\/en\/#\/schema\/logo\/image\/\",\"url\":\"https:\/\/www.smilers.com\/wp-content\/uploads\/2021\/08\/logo-detoure-noir.png\",\"contentUrl\":\"https:\/\/www.smilers.com\/wp-content\/uploads\/2021\/08\/logo-detoure-noir.png\",\"width\":784,\"height\":169,\"caption\":\"Smilers\"},\"image\":{\"@id\":\"https:\/\/www.smilers.com\/en\/#\/schema\/logo\/image\/\"},\"sameAs\":[\"https:\/\/www.facebook.com\/SmilersAligners\/\",\"https:\/\/www.instagram.com\/smilers_aligners\/?hl=fr\",\"https:\/\/www.youtube.com\/channel\/UCBKtCNaiCfi8H-aHS7ZZdJQ\"]}]}<\/script>\n<!-- \/ Yoast SEO plugin. -->","yoast_head_json":{"title":"Costo del trattamento - Smilers","description":"Costo | Il prezzo delle mascherine Smilers\u00ae varia in base alla situazione iniziale e alla difficolt\u00e0 del trattamento ortodontico.","robots":{"index":"index","follow":"follow","max-snippet":"max-snippet:-1","max-image-preview":"max-image-preview:large","max-video-preview":"max-video-preview:-1"},"canonical":"https:\/\/www.smilers.com\/it\/costo-del-trattamento\/","og_locale":"it_IT","og_type":"article","og_title":"Costo del trattamento - Smilers","og_description":"Costo | Il prezzo delle mascherine Smilers\u00ae varia in base alla situazione iniziale e alla difficolt\u00e0 del trattamento ortodontico.","og_url":"https:\/\/www.smilers.com\/it\/costo-del-trattamento\/","og_site_name":"Smilers","article_publisher":"https:\/\/www.facebook.com\/SmilersAligners\/","article_modified_time":"2025-04-30T12:55:05+00:00","og_image":[{"url":"https:\/\/www.smilers.com\/wp-content\/uploads\/2021\/06\/separateur-vert.jpg"}],"twitter_card":"summary_large_image","twitter_misc":{"Tempo di lettura stimato":"3 minuti"},"schema":{"@context":"https:\/\/schema.org","@graph":[{"@type":"WebPage","@id":"https:\/\/www.smilers.com\/it\/costo-del-trattamento\/","url":"https:\/\/www.smilers.com\/it\/costo-del-trattamento\/","name":"Costo del trattamento - Smilers","isPartOf":{"@id":"https:\/\/www.smilers.com\/en\/#website"},"datePublished":"2021-12-29T10:44:49+00:00","dateModified":"2025-04-30T12:55:05+00:00","description":"Costo | Il prezzo delle mascherine Smilers\u00ae varia in base alla situazione iniziale e alla difficolt\u00e0 del trattamento ortodontico.","breadcrumb":{"@id":"https:\/\/www.smilers.com\/it\/costo-del-trattamento\/#breadcrumb"},"inLanguage":"it-IT","potentialAction":[{"@type":"ReadAction","target":["https:\/\/www.smilers.com\/it\/costo-del-trattamento\/"]}]},{"@type":"BreadcrumbList","@id":"https:\/\/www.smilers.com\/it\/costo-del-trattamento\/#breadcrumb","itemListElement":[{"@type":"ListItem","position":1,"name":"Accueil","item":"https:\/\/www.smilers.com\/it\/"},{"@type":"ListItem","position":2,"name":"Costo del trattamento"}]},{"@type":"WebSite","@id":"https:\/\/www.smilers.com\/en\/#website","url":"https:\/\/www.smilers.com\/en\/","name":"Smilers","description":"Le sourire chic \u00e0 la fran\u00e7aise","publisher":{"@id":"https:\/\/www.smilers.com\/en\/#organization"},"potentialAction":[{"@type":"SearchAction","target":{"@type":"EntryPoint","urlTemplate":"https:\/\/www.smilers.com\/en\/?s={search_term_string}"},"query-input":"required name=search_term_string"}],"inLanguage":"it-IT"},{"@type":"Organization","@id":"https:\/\/www.smilers.com\/en\/#organization","name":"Smilers","url":"https:\/\/www.smilers.com\/en\/","logo":{"@type":"ImageObject","inLanguage":"it-IT","@id":"https:\/\/www.smilers.com\/en\/#\/schema\/logo\/image\/","url":"https:\/\/www.smilers.com\/wp-content\/uploads\/2021\/08\/logo-detoure-noir.png","contentUrl":"https:\/\/www.smilers.com\/wp-content\/uploads\/2021\/08\/logo-detoure-noir.png","width":784,"height":169,"caption":"Smilers"},"image":{"@id":"https:\/\/www.smilers.com\/en\/#\/schema\/logo\/image\/"},"sameAs":["https:\/\/www.facebook.com\/SmilersAligners\/","https:\/\/www.instagram.com\/smilers_aligners\/?hl=fr","https:\/\/www.youtube.com\/channel\/UCBKtCNaiCfi8H-aHS7ZZdJQ"]}]}},"_links":{"self":[{"href":"https:\/\/www.smilers.com\/it\/wp-json\/wp\/v2\/pages\/4735","targetHints":{"allow":["GET"]}}],"collection":[{"href":"https:\/\/www.smilers.com\/it\/wp-json\/wp\/v2\/pages"}],"about":[{"href":"https:\/\/www.smilers.com\/it\/wp-json\/wp\/v2\/types\/page"}],"author":[{"embeddable":true,"href":"https:\/\/www.smilers.com\/it\/wp-json\/wp\/v2\/users\/1"}],"replies":[{"embeddable":true,"href":"https:\/\/www.smilers.com\/it\/wp-json\/wp\/v2\/comments?post=4735"}],"version-history":[{"count":13,"href":"https:\/\/www.smilers.com\/it\/wp-json\/wp\/v2\/pages\/4735\/revisions"}],"predecessor-version":[{"id":42210,"href":"https:\/\/www.smilers.com\/it\/wp-json\/wp\/v2\/pages\/4735\/revisions\/42210"}],"wp:attachment":[{"href":"https:\/\/www.smilers.com\/it\/wp-json\/wp\/v2\/media?parent=4735"}],"curies":[{"name":"wp","href":"https:\/\/api.w.org\/{rel}","templated":true}]}}