{"id":4409,"date":"2021-12-13T16:07:42","date_gmt":"2021-12-13T15:07:42","guid":{"rendered":"https:\/\/www.smilers.com\/como-e-realizado-o-tratamento-ortodontico-smilers\/"},"modified":"2024-04-18T16:34:51","modified_gmt":"2024-04-18T14:34:51","slug":"como-e-realizado-o-tratamento-ortodontico-smilers","status":"publish","type":"page","link":"https:\/\/www.smilers.com\/pt-pt\/como-e-realizado-o-tratamento-ortodontico-smilers\/","title":{"rendered":"Como \u00e9 realizado o tratamento ortod\u00f4ntico smilers\u00ae?"},"content":{"rendered":"<p>[vc_row content_placement=&#8221;middle&#8221; use_container=&#8221;yes&#8221; conter_content=&#8221;yes&#8221; el_class=&#8221;hide-on-mobile&#8221;][vc_column width=&#8221;5\/6&#8243; offset=&#8221;vc_col-lg-offset-0 vc_col-lg-8 vc_col-md-offset-1 vc_col-md-10 vc_col-sm-offset-1 vc_col-xs-12 vc_hidden-xs&#8221;][ts_side_image_left_custom image=&#8221;3880&#8243;][\/vc_column][vc_column css_animation=&#8221;fadeInRight&#8221; width=&#8221;5\/6&#8243; el_class=&#8221;side-text-column side-up&#8221; offset=&#8221;vc_col-lg-offset-0 vc_col-lg-4 vc_col-md-offset-1 vc_col-md-10 vc_col-sm-offset-1 vc_col-xs-12 vc_hidden-xs&#8221;][ts_side_text_block position=&#8221;right&#8221; new_tab=&#8221;yes&#8221; image=&#8221;1046&#8243; title=&#8221;Uma <strong>parceria<\/strong> entre a <strong>Smilers\u00ae e o seu dentista ou ortodontista<\/strong>&#8221; link=&#8221;https:\/\/www.youtube.com\/watch?v=11Pa4OL45HU&#8221;]Depois da sua primeira consulta no seu dentista ou ortodontista Smilers\u00ae e depois deste confirmar a possibilidade de um tratamento ortod\u00f4ntico com alinhadores para o seu caso, o <strong>molde<\/strong> f\u00edsico ou digital dos seus dentes \u00e9 enviado para a Smilers\u00ae em <strong>Salon-de-Provence<\/strong>.<\/p>\n<p>O seu <strong>plano de tratamento<\/strong> ser\u00e1 elaborado em parceria com <strong>o seu dentista ou ortodontista Smilers\u00ae. <\/strong>Esta dupla experi\u00eancia oferece-lhe um tratamento personalizado e adequado \u00e0 sua morfologia.<\/p>\n<p>\u00c9 criado um <strong>cen\u00e1rio de alinhamento dos seus dentes<\/strong> com todas as etapas. Cada uma corresponde a um <strong>alinhador transparente<\/strong> que, ao aplicar <strong>for\u00e7as mec\u00e2nicas suaves<\/strong>, ir\u00e1 mover alguns dentes at\u00e9 \u00e0 pr\u00f3xima etapa.<\/p>\n<p>Um <strong>Smilers\u00ae Story<\/strong>, um v\u00eddeo de simula\u00e7\u00e3o do seu plano de tratamento ortod\u00f4ntico, \u00e9 criado e enviado para o seu m\u00e9dico-dentista para que possam validar em conjunto o plano de tratamento realizado.*[\/ts_side_text_block][\/vc_column][vc_column offset=&#8221;vc_hidden-xs&#8221;][ts_about_text_content]<\/p>\n<p style=\"text-align: left;\"><em class=\"note\">* O resultado n\u00e3o pode ser garantido pela Smilers\u00ae e est\u00e1 dependente do cumprimento das instru\u00e7\u00f5es de utiliza\u00e7\u00e3o e de manuten\u00e7\u00e3o dos alinhadores e da biologia humana vari\u00e1vel de pessoa para pessoa. Por vezes, podem ser necess\u00e1rias fases adicionais.<\/em><\/p>\n<p>[\/ts_about_text_content][\/vc_column][\/vc_row][vc_row content_placement=&#8221;middle&#8221; use_container=&#8221;yes&#8221; conter_content=&#8221;yes&#8221; el_class=&#8221;hide-on-desktop&#8221;][vc_column width=&#8221;5\/6&#8243; offset=&#8221;vc_col-lg-offset-0 vc_col-lg-8 vc_hidden-lg vc_col-md-offset-1 vc_col-md-10 vc_col-sm-offset-1 vc_col-xs-12&#8243;][ts_side_image_left_custom image=&#8221;3880&#8243;][\/vc_column][vc_column css_animation=&#8221;fadeInRight&#8221; width=&#8221;5\/6&#8243; el_class=&#8221;side-text-column side-up&#8221; offset=&#8221;vc_col-lg-offset-0 vc_col-lg-4 vc_hidden-lg vc_col-md-offset-1 vc_col-md-10 vc_col-sm-offset-1 vc_col-xs-12&#8243;][ts_side_text_block position=&#8221;right&#8221; image=&#8221;1046&#8243; title=&#8221;Uma <strong>parceria<\/strong> entre a <strong>Smilers\u00ae e o seu dentista ou ortodontista<\/strong>&#8220;]Depois da sua primeira consulta no seu dentista ou ortodontista Smilers\u00ae e depois deste confirmar a possibilidade de um tratamento ortod\u00f4ntico com alinhadores para o seu caso, o <strong>molde<\/strong> f\u00edsico ou digital dos seus dentes \u00e9 enviado para a Smilers\u00ae em <strong>Salon-de-Provence<\/strong>.<\/p>\n<p>O seu <strong>plano de tratamento<\/strong> ser\u00e1 elaborado em parceria com <strong>o seu dentista ou ortodontista Smilers\u00ae. <\/strong>Esta dupla experi\u00eancia oferece-lhe um tratamento personalizado e adequado \u00e0 sua morfologia.[\/ts_side_text_block][\/vc_column][\/vc_row][vc_row full_width=&#8221;stretch_row_content&#8221; content_placement=&#8221;middle&#8221; conter_content=&#8221;yes&#8221; el_class=&#8221;hide-on-desktop&#8221; css=&#8221;.vc_custom_1631289799577{margin-bottom: 25px !important;}&#8221;][vc_column offset=&#8221;vc_hidden-lg&#8221; css=&#8221;.vc_custom_1631289813440{padding-right: 0px !important;padding-left: 0px !important;}&#8221;][vc_single_image image=&#8221;3528&#8243; img_size=&#8221;full&#8221;][\/vc_column][vc_column css_animation=&#8221;fadeInRight&#8221; el_class=&#8221;small-text&#8221; offset=&#8221;vc_hidden-lg&#8221;][vc_column_text css_animation=&#8221;none&#8221;]<\/p>\n<p style=\"text-align: left;\">\u00c9 criado um <strong>cen\u00e1rio de alinhamento dos seus dentes<\/strong> com todas as etapas. Cada uma corresponde a um <strong>alinhador transparente<\/strong> que, ao aplicar <strong>for\u00e7as mec\u00e2nicas suaves<\/strong>, ir\u00e1 mover alguns dentes at\u00e9 \u00e0 pr\u00f3xima etapa.<\/p>\n<p style=\"text-align: left;\">\u00c9 criado um <strong>Smilers\u00ae Story<\/strong>, um v\u00eddeo de simula\u00e7\u00e3o do seu plano de tratamento ortod\u00f4ntico, e \u00e9 enviado para o seu m\u00e9dico-dentista para que possam validar em conjunto o plano de tratamento realizado.*<\/p>\n<div class=\"black-link-div\">\n<div class=\"black-link\"><a href=\"https:\/\/www.youtube.com\/watch?v=11Pa4OL45HU\" target=\"_blank\" rel=\"noopener\">Descobrir<\/a><\/div>\n<\/div>\n<p>[\/vc_column_text][\/vc_column][vc_column offset=&#8221;vc_hidden-lg&#8221;][ts_about_text_content]<\/p>\n<p style=\"text-align: left;\"><em class=\"note\">* O resultado n\u00e3o pode ser garantido pela Smilers\u00ae e est\u00e1 dependente do cumprimento das instru\u00e7\u00f5es de utiliza\u00e7\u00e3o e de manuten\u00e7\u00e3o dos alinhadores e da biologia humana vari\u00e1vel de pessoa para pessoa. Por vezes, podem ser necess\u00e1rias fases adicionais.<\/em><\/p>\n<p>[\/ts_about_text_content][\/vc_column][\/vc_row][vc_row content_placement=&#8221;middle&#8221; anchor_wrap_section=&#8221;no&#8221; conter_content=&#8221;yes&#8221; el_class=&#8221;unique-process&#8221;][vc_column css_animation=&#8221;fadeInLeft&#8221; css=&#8221;.vc_custom_1630583687201{padding-right: 0px !important;padding-left: 0px !important;}&#8221; offset=&#8221;vc_col-lg-4 vc_col-md-6 vc_col-xs-12&#8243;][ts_right_article new_tab=&#8221;yes&#8221; title=&#8221;<strong>Etapas do processo de fabrico<\/strong> das goteiras dent\u00e1rias Smilers\u00ae&#8221; image=&#8221;1052&#8243; link=&#8221;https:\/\/www.youtube.com\/watch?v=3KBkTgAhKTg&#8221;]<\/p>\n<p style=\"font-weight: 400;\">Depois de finalizado e validado o plano de tratamento ortod\u00f4ntico por si e pelo seu m\u00e9dico-dentista, segue-se a etapa da\u00a0<b><strong>produ\u00e7\u00e3o<\/strong><\/b> das suas goteiras. Esta \u00e9 realizada na <b><strong>nossa f\u00e1brica em Salon-de-Provence<\/strong><\/b>.<\/p>\n<p style=\"font-weight: 400;\">Fruto\u00a0<b><strong>de anos de experi\u00eancia<\/strong><\/b>\u00a0adquirida no setor\u00a0<b><strong>aeroespacial<\/strong><\/b>\u00a0e dos\u00a0<b><strong>carros de corrida<\/strong><\/b>, aplicamos, atualmente, nos alinhadores transparentes, a nossa t\u00e9cnica\u00a0<b><strong>de impress\u00e3o 3D por estereolitografia<\/strong><\/b>.<\/p>\n<p style=\"font-weight: 400;\">Este m\u00e9todo de produ\u00e7\u00e3o aditivo permite obter alinhadores <b><strong>lisos e transparentes<\/strong><\/b>.<\/p>\n<p>[\/ts_right_article][\/vc_column][vc_column offset=&#8221;vc_col-lg-8 vc_col-md-6 vc_col-xs-12&#8243;][\/vc_column][\/vc_row][vc_row content_placement=&#8221;middle&#8221; use_container=&#8221;yes&#8221; conter_content=&#8221;yes&#8221;][vc_column width=&#8221;5\/6&#8243; offset=&#8221;vc_col-lg-offset-1 vc_col-lg-7 vc_col-md-offset-1 vc_col-md-10 vc_col-sm-offset-1 vc_col-xs-12&#8243;][ts_side_image_left_custom image=&#8221;2854&#8243;][\/vc_column][vc_column css_animation=&#8221;fadeInRight&#8221; width=&#8221;5\/6&#8243; el_class=&#8221;side-text-column side-up&#8221; offset=&#8221;vc_col-lg-offset-0 vc_col-lg-4 vc_col-md-offset-1 vc_col-md-10 vc_col-sm-offset-1 vc_col-xs-12&#8243;][ts_side_text_block position=&#8221;right&#8221; image=&#8221;1046&#8243; title=&#8221;Attachments&#8221;]<\/p>\n<p style=\"font-weight: 400;\">Todos os movimentos dent\u00e1rios podem ser realizados com alinhadores. No entanto, e de forma a <b><strong>aceler\u00e1-los,<\/strong><\/b>\u00a0(ou seja, reduzir o n\u00famero de goteiras e a dura\u00e7\u00e3o do tratamento) o seu plano de tratamento inclui\u00a0<b><strong>attachments<\/strong><\/b>.<\/p>\n<p style=\"font-weight: 400;\">S\u00e3o\u00a0<b><strong>relevos de comp\u00f3sito<\/strong><\/b> que s\u00e3o posicionados nos seus dentes com a fun\u00e7\u00e3o de exercer uma press\u00e3o precisa. S\u00e3o da mesma\u00a0<b><strong>cor dos dentes e, <\/strong><\/b>consequentemente, <b><strong>pouco vis\u00edveis<\/strong><\/b>. O seu formato pode variar uma vez que o tratamento ortod\u00f4ntico \u00e9 personalizado em fun\u00e7\u00e3o das suas necessidades, mas tamb\u00e9m do tipo de movimento a realizar.<\/p>\n<p>[\/ts_side_text_block][\/vc_column][\/vc_row][vc_row content_placement=&#8221;middle&#8221; anchor_wrap_section=&#8221;no&#8221; conter_content=&#8221;yes&#8221; el_class=&#8221;stripping&#8221;][vc_column css_animation=&#8221;fadeInLeft&#8221; css=&#8221;.vc_custom_1633679835411{padding-right: 0px !important;padding-left: 0px !important;}&#8221; offset=&#8221;vc_col-lg-4 vc_col-md-6 vc_col-xs-12&#8243; el_class=&#8221;right-article-no-hover&#8221;][ts_right_article title=&#8221;Un stripping encadr\u00e9 pour respecter l\u2019\u00e9mail de vos dents&#8221; image=&#8221;1052&#8243;]<\/p>\n<p style=\"font-weight: 400;\">Afin de\u00a0<b><strong>lib\u00e9rer de l\u2019espace<\/strong><\/b>\u00a0pour\u00a0<b><strong>permettre certains mouvements<\/strong><\/b>\u00a0par aligneurs, il arrive qu\u2019une r\u00e9duction inter-proximale de l\u2019\u00e9mail, ou\u00a0<b><strong>stripping<\/strong><\/b>, soit une \u00e9tape n\u00e9cessaire dans votre plan de traitement.<\/p>\n<p style=\"font-weight: 400;\">Votre praticien va\u00a0<b><strong>limer les c\u00f4t\u00e9s de certaines de vos dents<\/strong><\/b>\u00a0afin de d\u00e9gager quelques dixi\u00e8mes de millim\u00e8tre.<\/p>\n<p style=\"font-weight: 400;\">Cette pratique ne pr\u00e9sente pas dans la plupart des cas de sympt\u00f4mes douloureux gr\u00e2ce aux limites d\u00e9finies par notre protocole : <b><strong>Smilers\u00ae, soci\u00e9t\u00e9 aux valeurs m\u00e9dicales<\/strong><\/b>, met tout en \u0153uvre pour que votre traitement soit fait dans le\u00a0<b><strong>respect de l\u2019int\u00e9grit\u00e9 de vos dents et de leur \u00e9mail<\/strong><\/b>. Chez nous, le stripping est encadr\u00e9 et limit\u00e9.<\/p>\n<p>[\/ts_right_article][\/vc_column][vc_column offset=&#8221;vc_col-lg-8 vc_col-md-6 vc_col-xs-12&#8243;][\/vc_column][\/vc_row]<\/p>\n","protected":false},"excerpt":{"rendered":"<p>[vc_row content_placement=&#8221;middle&#8221; use_container=&#8221;yes&#8221; conter_content=&#8221;yes&#8221; el_class=&#8221;hide-on-mobile&#8221;][vc_column width=&#8221;5\/6&#8243; offset=&#8221;vc_col-lg-offset-0 vc_col-lg-8 vc_col-md-offset-1 vc_col-md-10 vc_col-sm-offset-1 vc_col-xs-12 vc_hidden-xs&#8221;][ts_side_image_left_custom image=&#8221;3880&#8243;][\/vc_column][vc_column css_animation=&#8221;fadeInRight&#8221; width=&#8221;5\/6&#8243; el_class=&#8221;side-text-column side-up&#8221; offset=&#8221;vc_col-lg-offset-0 vc_col-lg-4 vc_col-md-offset-1 vc_col-md-10 vc_col-sm-offset-1 vc_col-xs-12 vc_hidden-xs&#8221;][ts_side_text_block position=&#8221;right&#8221; new_tab=&#8221;yes&#8221; image=&#8221;1046&#8243; title=&#8221;Uma parceria entre a Smilers\u00ae e o seu dentista ou ortodontista&#8221; link=&#8221;https:\/\/www.youtube.com\/watch?v=11Pa4OL45HU&#8221;]Depois da sua primeira consulta no seu dentista ou ortodontista Smilers\u00ae e depois deste confirmar a [&hellip;]<\/p>\n","protected":false},"author":1,"featured_media":0,"parent":0,"menu_order":0,"comment_status":"closed","ping_status":"closed","template":"page-portfolio.php","meta":{"pgc_sgb_lightbox_settings":"","footnotes":""},"class_list":["post-4409","page","type-page","status-publish","hentry"],"yoast_head":"<!-- This site is optimized with the Yoast SEO plugin v22.0 - https:\/\/yoast.com\/wordpress\/plugins\/seo\/ -->\n<title>Como \u00e9 realizado o tratamento ortod\u00f4ntico smilers\u00ae? - Smilers<\/title>\n<meta name=\"description\" content=\"Como funciona o tratamento ortod\u00f4ntico Smilers? | Descubra o processo de tratamento dos seus alinhadores transparentes Smilers\" \/>\n<meta name=\"robots\" content=\"index, follow, max-snippet:-1, max-image-preview:large, max-video-preview:-1\" \/>\n<link rel=\"canonical\" href=\"https:\/\/www.smilers.com\/pt-pt\/como-e-realizado-o-tratamento-ortodontico-smilers\/\" \/>\n<meta property=\"og:locale\" content=\"pt_PT\" \/>\n<meta property=\"og:type\" content=\"article\" \/>\n<meta property=\"og:title\" content=\"Como \u00e9 realizado o tratamento ortod\u00f4ntico smilers\u00ae? - Smilers\" \/>\n<meta property=\"og:description\" content=\"Como funciona o tratamento ortod\u00f4ntico Smilers? | Descubra o processo de tratamento dos seus alinhadores transparentes Smilers\" \/>\n<meta property=\"og:url\" content=\"https:\/\/www.smilers.com\/pt-pt\/como-e-realizado-o-tratamento-ortodontico-smilers\/\" \/>\n<meta property=\"og:site_name\" content=\"Smilers\" \/>\n<meta property=\"article:publisher\" content=\"https:\/\/www.facebook.com\/SmilersAligners\/\" \/>\n<meta property=\"article:modified_time\" content=\"2024-04-18T14:34:51+00:00\" \/>\n<meta name=\"twitter:card\" content=\"summary_large_image\" \/>\n<meta name=\"twitter:label1\" content=\"Tempo estimado de leitura\" \/>\n\t<meta name=\"twitter:data1\" content=\"5 minutos\" \/>\n<script type=\"application\/ld+json\" class=\"yoast-schema-graph\">{\"@context\":\"https:\/\/schema.org\",\"@graph\":[{\"@type\":\"WebPage\",\"@id\":\"https:\/\/www.smilers.com\/pt-pt\/como-e-realizado-o-tratamento-ortodontico-smilers\/\",\"url\":\"https:\/\/www.smilers.com\/pt-pt\/como-e-realizado-o-tratamento-ortodontico-smilers\/\",\"name\":\"Como \u00e9 realizado o tratamento ortod\u00f4ntico smilers\u00ae? - Smilers\",\"isPartOf\":{\"@id\":\"https:\/\/www.smilers.com\/en\/#website\"},\"datePublished\":\"2021-12-13T15:07:42+00:00\",\"dateModified\":\"2024-04-18T14:34:51+00:00\",\"description\":\"Como funciona o tratamento ortod\u00f4ntico Smilers? | Descubra o processo de tratamento dos seus alinhadores transparentes Smilers\",\"breadcrumb\":{\"@id\":\"https:\/\/www.smilers.com\/pt-pt\/como-e-realizado-o-tratamento-ortodontico-smilers\/#breadcrumb\"},\"inLanguage\":\"pt-PT\",\"potentialAction\":[{\"@type\":\"ReadAction\",\"target\":[\"https:\/\/www.smilers.com\/pt-pt\/como-e-realizado-o-tratamento-ortodontico-smilers\/\"]}]},{\"@type\":\"BreadcrumbList\",\"@id\":\"https:\/\/www.smilers.com\/pt-pt\/como-e-realizado-o-tratamento-ortodontico-smilers\/#breadcrumb\",\"itemListElement\":[{\"@type\":\"ListItem\",\"position\":1,\"name\":\"Accueil\",\"item\":\"https:\/\/www.smilers.com\/pt-pt\/\"},{\"@type\":\"ListItem\",\"position\":2,\"name\":\"Como \u00e9 realizado o tratamento ortod\u00f4ntico smilers\u00ae?\"}]},{\"@type\":\"WebSite\",\"@id\":\"https:\/\/www.smilers.com\/en\/#website\",\"url\":\"https:\/\/www.smilers.com\/en\/\",\"name\":\"Smilers\",\"description\":\"Le sourire chic \u00e0 la fran\u00e7aise\",\"publisher\":{\"@id\":\"https:\/\/www.smilers.com\/en\/#organization\"},\"potentialAction\":[{\"@type\":\"SearchAction\",\"target\":{\"@type\":\"EntryPoint\",\"urlTemplate\":\"https:\/\/www.smilers.com\/en\/?s={search_term_string}\"},\"query-input\":\"required name=search_term_string\"}],\"inLanguage\":\"pt-PT\"},{\"@type\":\"Organization\",\"@id\":\"https:\/\/www.smilers.com\/en\/#organization\",\"name\":\"Smilers\",\"url\":\"https:\/\/www.smilers.com\/en\/\",\"logo\":{\"@type\":\"ImageObject\",\"inLanguage\":\"pt-PT\",\"@id\":\"https:\/\/www.smilers.com\/en\/#\/schema\/logo\/image\/\",\"url\":\"https:\/\/www.smilers.com\/wp-content\/uploads\/2021\/08\/logo-detoure-noir.png\",\"contentUrl\":\"https:\/\/www.smilers.com\/wp-content\/uploads\/2021\/08\/logo-detoure-noir.png\",\"width\":784,\"height\":169,\"caption\":\"Smilers\"},\"image\":{\"@id\":\"https:\/\/www.smilers.com\/en\/#\/schema\/logo\/image\/\"},\"sameAs\":[\"https:\/\/www.facebook.com\/SmilersAligners\/\",\"https:\/\/www.instagram.com\/smilers_aligners\/?hl=fr\",\"https:\/\/www.youtube.com\/channel\/UCBKtCNaiCfi8H-aHS7ZZdJQ\"]}]}<\/script>\n<!-- \/ Yoast SEO plugin. -->","yoast_head_json":{"title":"Como \u00e9 realizado o tratamento ortod\u00f4ntico smilers\u00ae? - Smilers","description":"Como funciona o tratamento ortod\u00f4ntico Smilers? | Descubra o processo de tratamento dos seus alinhadores transparentes Smilers","robots":{"index":"index","follow":"follow","max-snippet":"max-snippet:-1","max-image-preview":"max-image-preview:large","max-video-preview":"max-video-preview:-1"},"canonical":"https:\/\/www.smilers.com\/pt-pt\/como-e-realizado-o-tratamento-ortodontico-smilers\/","og_locale":"pt_PT","og_type":"article","og_title":"Como \u00e9 realizado o tratamento ortod\u00f4ntico smilers\u00ae? - Smilers","og_description":"Como funciona o tratamento ortod\u00f4ntico Smilers? | Descubra o processo de tratamento dos seus alinhadores transparentes Smilers","og_url":"https:\/\/www.smilers.com\/pt-pt\/como-e-realizado-o-tratamento-ortodontico-smilers\/","og_site_name":"Smilers","article_publisher":"https:\/\/www.facebook.com\/SmilersAligners\/","article_modified_time":"2024-04-18T14:34:51+00:00","twitter_card":"summary_large_image","twitter_misc":{"Tempo estimado de leitura":"5 minutos"},"schema":{"@context":"https:\/\/schema.org","@graph":[{"@type":"WebPage","@id":"https:\/\/www.smilers.com\/pt-pt\/como-e-realizado-o-tratamento-ortodontico-smilers\/","url":"https:\/\/www.smilers.com\/pt-pt\/como-e-realizado-o-tratamento-ortodontico-smilers\/","name":"Como \u00e9 realizado o tratamento ortod\u00f4ntico smilers\u00ae? - Smilers","isPartOf":{"@id":"https:\/\/www.smilers.com\/en\/#website"},"datePublished":"2021-12-13T15:07:42+00:00","dateModified":"2024-04-18T14:34:51+00:00","description":"Como funciona o tratamento ortod\u00f4ntico Smilers? | Descubra o processo de tratamento dos seus alinhadores transparentes Smilers","breadcrumb":{"@id":"https:\/\/www.smilers.com\/pt-pt\/como-e-realizado-o-tratamento-ortodontico-smilers\/#breadcrumb"},"inLanguage":"pt-PT","potentialAction":[{"@type":"ReadAction","target":["https:\/\/www.smilers.com\/pt-pt\/como-e-realizado-o-tratamento-ortodontico-smilers\/"]}]},{"@type":"BreadcrumbList","@id":"https:\/\/www.smilers.com\/pt-pt\/como-e-realizado-o-tratamento-ortodontico-smilers\/#breadcrumb","itemListElement":[{"@type":"ListItem","position":1,"name":"Accueil","item":"https:\/\/www.smilers.com\/pt-pt\/"},{"@type":"ListItem","position":2,"name":"Como \u00e9 realizado o tratamento ortod\u00f4ntico smilers\u00ae?"}]},{"@type":"WebSite","@id":"https:\/\/www.smilers.com\/en\/#website","url":"https:\/\/www.smilers.com\/en\/","name":"Smilers","description":"Le sourire chic \u00e0 la fran\u00e7aise","publisher":{"@id":"https:\/\/www.smilers.com\/en\/#organization"},"potentialAction":[{"@type":"SearchAction","target":{"@type":"EntryPoint","urlTemplate":"https:\/\/www.smilers.com\/en\/?s={search_term_string}"},"query-input":"required name=search_term_string"}],"inLanguage":"pt-PT"},{"@type":"Organization","@id":"https:\/\/www.smilers.com\/en\/#organization","name":"Smilers","url":"https:\/\/www.smilers.com\/en\/","logo":{"@type":"ImageObject","inLanguage":"pt-PT","@id":"https:\/\/www.smilers.com\/en\/#\/schema\/logo\/image\/","url":"https:\/\/www.smilers.com\/wp-content\/uploads\/2021\/08\/logo-detoure-noir.png","contentUrl":"https:\/\/www.smilers.com\/wp-content\/uploads\/2021\/08\/logo-detoure-noir.png","width":784,"height":169,"caption":"Smilers"},"image":{"@id":"https:\/\/www.smilers.com\/en\/#\/schema\/logo\/image\/"},"sameAs":["https:\/\/www.facebook.com\/SmilersAligners\/","https:\/\/www.instagram.com\/smilers_aligners\/?hl=fr","https:\/\/www.youtube.com\/channel\/UCBKtCNaiCfi8H-aHS7ZZdJQ"]}]}},"_links":{"self":[{"href":"https:\/\/www.smilers.com\/pt-pt\/wp-json\/wp\/v2\/pages\/4409","targetHints":{"allow":["GET"]}}],"collection":[{"href":"https:\/\/www.smilers.com\/pt-pt\/wp-json\/wp\/v2\/pages"}],"about":[{"href":"https:\/\/www.smilers.com\/pt-pt\/wp-json\/wp\/v2\/types\/page"}],"author":[{"embeddable":true,"href":"https:\/\/www.smilers.com\/pt-pt\/wp-json\/wp\/v2\/users\/1"}],"replies":[{"embeddable":true,"href":"https:\/\/www.smilers.com\/pt-pt\/wp-json\/wp\/v2\/comments?post=4409"}],"version-history":[{"count":15,"href":"https:\/\/www.smilers.com\/pt-pt\/wp-json\/wp\/v2\/pages\/4409\/revisions"}],"predecessor-version":[{"id":6789,"href":"https:\/\/www.smilers.com\/pt-pt\/wp-json\/wp\/v2\/pages\/4409\/revisions\/6789"}],"wp:attachment":[{"href":"https:\/\/www.smilers.com\/pt-pt\/wp-json\/wp\/v2\/media?parent=4409"}],"curies":[{"name":"wp","href":"https:\/\/api.w.org\/{rel}","templated":true}]}}