{"id":4424,"date":"2021-12-13T16:17:11","date_gmt":"2021-12-13T15:17:11","guid":{"rendered":"https:\/\/www.smilers.com\/garantia-do-made-in-france\/"},"modified":"2024-04-18T16:57:54","modified_gmt":"2024-04-18T14:57:54","slug":"garantia-do-made-in-france","status":"publish","type":"page","link":"https:\/\/www.smilers.com\/pt-pt\/garantia-do-made-in-france\/","title":{"rendered":"Garantia do Made In France"},"content":{"rendered":"<p>[vc_row content_placement=&#8221;middle&#8221; use_container=&#8221;yes&#8221; conter_content=&#8221;yes&#8221; el_class=&#8221;one-million&#8221;][vc_column width=&#8221;5\/6&#8243; offset=&#8221;vc_col-lg-offset-1 vc_col-lg-6 vc_col-md-offset-1 vc_col-md-10 vc_col-sm-offset-1 vc_col-xs-12&#8243;][ts_video_custom video_url=&#8221;https:\/\/www.smilers.com\/wp-content\/uploads\/2022\/01\/VIDEO-1-000-000-ALIGNEURS_05-2021-EN.mp4&#8243; video_class=&#8221;w-100 homepageVideo&#8221; poster_url=&#8221;https:\/\/www.smilers.com\/wp-content\/uploads\/2021\/09\/cover-1-million.png&#8221; video_ogg=&#8221;https:\/\/www.smilers.com\/wp-content\/uploads\/2022\/01\/VIDEO-1-000-000-ALIGNEURS_05-2021-_EN_.ogv&#8221; video_webm=&#8221;https:\/\/www.smilers.com\/wp-content\/uploads\/2022\/01\/VIDEO-1-000-000-ALIGNEURS_05-2021-_EN_.webm&#8221;][\/vc_column][vc_column css_animation=&#8221;fadeInRight&#8221; width=&#8221;5\/6&#8243; el_class=&#8221;side-text-column side-up behind&#8221; offset=&#8221;vc_col-lg-offset-0 vc_col-lg-4 vc_col-md-offset-1 vc_col-md-10 vc_col-sm-offset-1 vc_col-xs-12&#8243;][ts_side_text_block position=&#8221;right&#8221;]<\/p>\n<p style=\"text-align: left;\">A Smilers\u00ae \u00e9 uma <strong>empresa Made in France e familiar com valores fortes.<\/strong> \u00c9 <strong>especializada em ortodontia invis\u00edvel <\/strong>e mobiliza-se para oferecer a todos um <strong>sorriso elegante \u00e0 francesa<\/strong>.<\/p>\n<p>[\/ts_side_text_block][\/vc_column][\/vc_row][vc_row content_placement=&#8221;middle&#8221;][vc_column css_animation=&#8221;fadeInLeft&#8221; width=&#8221;5\/12&#8243; css=&#8221;.vc_custom_1630659160542{padding-right: 0px !important;padding-left: 0px !important;}&#8221; el_class=&#8221;right-article-no-hover smaller-height no-overlay&#8221;][ts_right_article title=&#8221;Garantia do <strong>Made In France*<\/strong>&#8221; image=&#8221;1049&#8243;]Somos o <strong>\u00fanico fabricante de alinhadores transparentes com certifica\u00e7\u00e3o <a href=\"https:\/\/www.originefrancegarantie.fr\/\">Origine France Garantie<\/a><\/strong>.<\/p>\n<p>Os alinhadores transparentes Smilers\u00ae s\u00e3o fabricados no sul de Fran\u00e7a. Mais precisamente, na nossa f\u00e1brica de alta tecnologia situada em <strong>Salon-de-Provence.<\/strong> Estamos muito orgulhosos da nossa f\u00e1brica ter obtido a <strong>certifica\u00e7\u00e3o ISO 13485. <\/strong>\u00c9 a prova da <a href=\"https:\/\/www.smilers.com\/pt-pt\/um-know-how-unico\/\"><strong>produ\u00e7\u00e3o qualitativa<\/strong><\/a> dos nossos alinhadores transparentes.[\/ts_right_article][\/vc_column][vc_column width=&#8221;7\/12&#8243; el_class=&#8221;five-arguments-background&#8221;][ts_about_text_content]<div class=\"pgc-sgb-cb wp-block-pgcsimplygalleryblock-grid \" data-gallery-id=\"19d07113\"><div class=\"sgb-preloader\" id=\"pr_19d07113\">\n\t<div class=\"sgb-square\" style=\"background:#d4d4d4\"><\/div>\n\t<div class=\"sgb-square\" style=\"background:#d4d4d4\"><\/div>\n\t<div class=\"sgb-square\" style=\"background:#d4d4d4\"><\/div>\n\t<div class=\"sgb-square\" style=\"background:#d4d4d4\"><\/div><\/div><div class=\"simply-gallery-amp pgc_sgb_slider \" style=\"display: none;\"><div class=\"sgb-gallery\"><div class=\"sgb-item\"><a href=\"https:\/\/www.smilers.com\/?attachment_id=2474\" target=\"_blank\"><img decoding=\"async\" alt=\"\" width=\"2052\" height=\"2350\" loading=\"lazy\" src=\"https:\/\/www.smilers.com\/wp-content\/uploads\/2021\/06\/made-in-france_smilers.jpg\" srcset=\",https:\/\/www.smilers.com\/wp-content\/uploads\/2021\/06\/made-in-france_smilers.jpg 2052w\" sizes=\"auto, 250px\"\/><\/a><\/div><div class=\"sgb-item\"><a href=\"https:\/\/www.smilers.com\/?attachment_id=859\" target=\"_blank\"><img decoding=\"async\" alt=\"aligneurs smilers fabrication\" width=\"300\" height=\"285\" loading=\"lazy\" src=\"https:\/\/www.smilers.com\/wp-content\/uploads\/2021\/06\/fabrication-machine-300x285.png\" srcset=\"https:\/\/www.smilers.com\/wp-content\/uploads\/2021\/06\/fabrication-machine-300x285.png 300w,https:\/\/www.smilers.com\/wp-content\/uploads\/2021\/06\/fabrication-machine-e1630500682683.png 316w\" sizes=\"auto, 250px\"\/><\/a><div class=\"sgb-item-caption\"><em>La fabrication des aligneurs et goutti\u00e8res dentaires Smilers\u00ae dans des usines made in France.<\/em><\/div><\/div><div class=\"sgb-item\"><video controls preload=\"none\"  src=\"https:\/\/www.smilers.com\/wp-content\/uploads\/2021\/06\/video-certification-iso.mp4\"><\/video><div class=\"sgb-item-caption\"><em>Les aligneurs et goutti\u00e8res dentaires Smilers\u00ae made in France certifi\u00e9s iso.<\/em><\/div><\/div><\/div><\/div><script type=\"application\/json\" class=\"sgb-data\">{\"sliderItemDownload\":false,\"thumbClickAction\":\"useLightbox\",\"thumbSpacing\":4,\"captions\":false,\"captionHAlign\":\"bottom\",\"collectionThumbSubMenuDownload\":false,\"galleryType\":\"pgc_sgb_grid\",\"galleryId\":\"19d07113\",\"images\":[{\"id\":2474,\"title\":\"made-in-france_smilers\",\"url\":\"https:\/\/www.smilers.com\/wp-content\/uploads\/2021\/06\/made-in-france_smilers.jpg\",\"link\":\"https:\/\/www.smilers.com\/?attachment_id=2474\",\"alt\":\"\",\"description\":\"\",\"caption\":\"\",\"mime\":\"image\/jpeg\",\"type\":\"image\",\"width\":2052,\"height\":2350,\"sizes\":{\"full\":{\"url\":\"https:\/\/www.smilers.com\/wp-content\/uploads\/2021\/06\/made-in-france_smilers.jpg\",\"height\":2350,\"width\":2052,\"orientation\":\"portrait\"}},\"meta\":false,\"postlink\":\"https:\/\/www.smilers.com\/?attachment_id=2474\"},{\"id\":859,\"title\":\"fabrication\",\"url\":\"https:\/\/www.smilers.com\/wp-content\/uploads\/2021\/06\/fabrication-machine-e1630500682683.png\",\"link\":\"https:\/\/www.smilers.com\/?attachment_id=859\",\"alt\":\"aligneurs smilers fabrication\",\"description\":\"\",\"caption\":\"La fabrication des aligneurs et goutti\u00e8res dentaires Smilers\u00ae dans des usines made in France.\",\"mime\":\"image\/png\",\"type\":\"image\",\"width\":316,\"height\":300,\"sizes\":{\"thumbnail\":{\"height\":150,\"width\":150,\"url\":\"https:\/\/www.smilers.com\/wp-content\/uploads\/2021\/06\/fabrication-machine-150x150.png\",\"orientation\":\"landscape\"},\"medium\":{\"height\":285,\"width\":300,\"url\":\"https:\/\/www.smilers.com\/wp-content\/uploads\/2021\/06\/fabrication-machine-300x285.png\",\"orientation\":\"landscape\"},\"full\":{\"url\":\"https:\/\/www.smilers.com\/wp-content\/uploads\/2021\/06\/fabrication-machine-e1630500682683.png\",\"height\":300,\"width\":316,\"orientation\":\"landscape\"}},\"meta\":false,\"postlink\":\"https:\/\/www.smilers.com\/?attachment_id=859\"},{\"id\":858,\"title\":\"video certification iso\",\"url\":\"https:\/\/www.smilers.com\/wp-content\/uploads\/2021\/06\/video-certification-iso.mp4\",\"link\":\"https:\/\/www.smilers.com\/?attachment_id=858\",\"alt\":\"\",\"description\":\"\",\"caption\":\"Les aligneurs et goutti\u00e8res dentaires Smilers\u00ae made in France certifi\u00e9s iso.\",\"mime\":\"video\/mp4\",\"type\":\"video\",\"image\":{\"src\":\"https:\/\/www.smilers.com\/wp-includes\/images\/media\/video.png\",\"width\":48,\"height\":64},\"thumb\":{\"src\":\"https:\/\/www.smilers.com\/wp-includes\/images\/media\/video.png\",\"width\":48,\"height\":64},\"width\":640,\"height\":640,\"fileLength\":\"0:19\",\"meta\":{\"artist\":false,\"album\":false,\"bitrate\":false,\"bitrate_mode\":false},\"postlink\":\"https:\/\/www.smilers.com\/?attachment_id=858\"}],\"itemsMetaDataCollection\":[{\"link\":\"\",\"linkTarget\":\"_self\",\"linkText\":\"\",\"poster\":{\"thumbnail\":{\"height\":150,\"width\":150,\"url\":\"https:\/\/www.smilers.com\/wp-content\/uploads\/2021\/06\/mdf-150x150.png\",\"orientation\":\"landscape\"},\"medium\":{\"height\":300,\"width\":300,\"url\":\"https:\/\/www.smilers.com\/wp-content\/uploads\/2021\/06\/mdf-300x300.png\",\"orientation\":\"landscape\"},\"full\":{\"url\":\"https:\/\/www.smilers.com\/wp-content\/uploads\/2021\/06\/mdf.png\",\"height\":622,\"width\":622,\"orientation\":\"landscape\"}},\"tags\":[],\"id\":\"858\"}],\"galleryTagsList\":[],\"galleryTagsListSrc\":[],\"galleryData\":\"{\\u0022copyRProtection\\u0022:false,\\u0022copyRAlert\\u0022:\\u0022Hello, this photo is mine!\\u0022,\\u0022sliderScrollNavi\\u0022:false,\\u0022sliderNextPrevAnimation\\u0022:\\u0022animation\\u0022,\\u0022galleryScrollPositionControll\\u0022:false,\\u0022sliderVideoAutoPlay\\u0022:false,\\u0022sliderVideoLoop\\u0022:false,\\u0022sliderItemCounterEnable\\u0022:true,\\u0022sliderCaptionSrc\\u0022:\\u0022caption\\u0022,\\u0022sliderItemTitleEnable\\u0022:false,\\u0022sliderItemTitleFontSize\\u0022:18,\\u0022sliderItemTitleTextColor\\u0022:\\u0022rgba(255,255,255,1)\\u0022,\\u0022itemCounterColor\\u0022:\\u0022rgba(255,255,255,1)\\u0022,\\u0022sliderThumbBarEnable\\u0022:true,\\u0022sliderThumbBarHoverColor\\u0022:\\u0022rgba(240,240,240,1)\\u0022,\\u0022sliderBgColor\\u0022:\\u0022rgba(0,0,0,0.8)\\u0022,\\u0022sliderPreloaderColor\\u0022:\\u0022rgba(240,240,240,1)\\u0022,\\u0022sliderHeaderFooterBgColor\\u0022:\\u0022rgba(0,0,0,0.4)\\u0022,\\u0022sliderNavigationColor\\u0022:\\u0022rgba(0,0,0,1)\\u0022,\\u0022sliderNavigationColorOver\\u0022:\\u0022rgba(255,255,255,1)\\u0022,\\u0022sliderNavigationIconColor\\u0022:\\u0022rgba(255,255,255,1)\\u0022,\\u0022sliderNavigationIconColorOver\\u0022:\\u0022rgba(0,0,0,1)\\u0022,\\u0022sliderSlideshow\\u0022:true,\\u0022sliderSlideshowDelay\\u0022:8,\\u0022slideshowIndicatorColor\\u0022:\\u0022rgba(255,255,255,1)\\u0022,\\u0022slideshowIndicatorColorBg\\u0022:\\u0022rgba(255,255,255,0.5)\\u0022,\\u0022sliderThumbSubMenuBackgroundColor\\u0022:\\u0022rgba(255,255,255,0)\\u0022,\\u0022sliderThumbSubMenuBackgroundColorOver\\u0022:\\u0022rgba(255,255,255,1)\\u0022,\\u0022sliderThumbSubMenuIconColor\\u0022:\\u0022rgba(255,255,255,1)\\u0022,\\u0022sliderThumbSubMenuIconHoverColor\\u0022:\\u0022rgba(0,0,0,1)\\u0022,\\u0022sliderSocialShareEnabled\\u0022:true,\\u0022sliderZoomEnable\\u0022:true,\\u0022sliderFullscreenEnabled\\u0022:true,\\u0022modaBgColor\\u0022:\\u0022rgba(0,0,0,0.8)\\u0022,\\u0022modalIconColor\\u0022:\\u0022rgba(255,255,255,1)\\u0022,\\u0022modalIconColorHover\\u0022:\\u0022rgba(255,255,255,0.8)\\u0022,\\u0022shareFacebook\\u0022:true,\\u0022shareTwitter\\u0022:true,\\u0022sharePinterest\\u0022:true,\\u0022sliderItemDownload\\u0022:false,\\u0022shareCopyLink\\u0022:true,\\u0022sharePost\\u0022:\\u0022sharelink\\u0022,\\u0022tagsFilter\\u0022:false,\\u0022tagCloudAll\\u0022:\\u0022All\\u0022,\\u0022tagCloudBgColor\\u0022:\\u0022rgba(153,153,153,1)\\u0022,\\u0022tagCloudBgColorOver\\u0022:\\u0022rgba(253,253,253,1)\\u0022,\\u0022tagCloudTextColor\\u0022:\\u0022rgba(253,253,253,1)\\u0022,\\u0022tagCloudTextColorOver\\u0022:\\u0022rgba(153,153,153,1)\\u0022,\\u0022tagCloudFontSize\\u0022:16,\\u0022deepLinking\\u0022:false,\\u0022useLightbox\\u0022:true,\\u0022thumbClickAction\\u0022:\\u0022useLightbox\\u0022,\\u0022numItemsDisplayed\\u0022:0,\\u0022lazyLoading\\u0022:true,\\u0022contentNoPadding\\u0022:false,\\u0022galleryPreloaderColor\\u0022:\\u0022rgba(230,230,230,1)\\u0022,\\u0022galleryBgColor\\u0022:\\u0022rgba(0,0,0,0)\\u0022,\\u0022galleryBorderRadius\\u0022:0,\\u0022customCSS\\u0022:\\u0022\\u0022,\\u0022collectionColumns\\u0022:3,\\u0022thumbHieghtRation\\u0022:1,\\u0022collectionThumbRecomendedWidth\\u0022:200,\\u0022thumbSpacing\\u0022:4,\\u0022externalLink\\u0022:true,\\u0022externalLinkDefName\\u0022:\\u0022Read More\\u0022,\\u0022externalLinkTextColor\\u0022:\\u0022rgba(0,0,0,1)\\u0022,\\u0022externalLinkBgColor\\u0022:\\u0022rgba(255,255,255,1)\\u0022,\\u0022externalLinkFontSize\\u0022:18,\\u0022captions\\u0022:false,\\u0022captionSrc\\u0022:\\u0022caption\\u0022,\\u0022captionHAlign\\u0022:\\u0022bottom\\u0022,\\u0022collectionthumbHoverTitleFontSize\\u0022:18,\\u0022collectionthumbRoundedCorners\\u0022:0,\\u0022collectionthumbHoverTitleTextColor\\u0022:\\u0022rgba(255,255,255,1)\\u0022,\\u0022collectionthumbHoverTitleTextBgColor\\u0022:\\u0022rgba(0,0,0,0.8)\\u0022,\\u0022collectionthumbHoverBgColor\\u0022:\\u0022rgba(0,0,0,0.4)\\u0022,\\u0022collectionThumbSubMenuDownload\\u0022:false,\\u0022collectionThumbSubMenuShare\\u0022:true,\\u0022collectionThumbSubMenuBgColor\\u0022:\\u0022rgba(0,0,0,0.4)\\u0022,\\u0022collectionThumbSubMenuBgColorHover\\u0022:\\u0022rgba(255,255,255,1)\\u0022,\\u0022collectionThumbSubMenuIconColor\\u0022:\\u0022rgba(255,255,255,1)\\u0022,\\u0022collectionThumbSubMenuIconColorHover\\u0022:\\u0022rgba(0,0,0,1)\\u0022,\\u0022galleryType\\u0022:\\u0022pgc_sgb_grid\\u0022,\\u0022align\\u0022:\\u0022\\u0022,\\u0022galleryId\\u0022:\\u002219d07113\\u0022,\\u0022tagsListCustomMode\\u0022:false,\\u0022initGalleryByFirstTag\\u0022:false,\\u0022deepLinkingForTag\\u0022:false,\\u0022galleryTagsList\\u0022:[],\\u0022useClobalSettings\\u0022:false,\\u0022orderBy\\u0022:\\u0022custom\\u0022,\\u0022settingsModalIsOpen\\u0022:false,\\u0022skin\\u0022:\\u0022grid\\u0022}\",\"openPopupId\":\"\"}<\/script><script>(function(){if(window.PGC_SGB && window.PGC_SGB.searcher){window.PGC_SGB.searcher.initBlocks()}})()<\/script><\/div>[\/ts_about_text_content][\/vc_column][\/vc_row][vc_row content_placement=&#8221;middle&#8221; use_container=&#8221;yes&#8221; conter_content=&#8221;yes&#8221; el_class=&#8221;hide-on-mobile&#8221;][vc_column css_animation=&#8221;fadeInLeft&#8221; width=&#8221;5\/12&#8243; el_class=&#8221;side-text-column&#8221; offset=&#8221;vc_hidden-md vc_hidden-sm vc_hidden-xs&#8221;][ts_side_text_block position=&#8221;left&#8221; title=&#8221;Uma <strong>empresa francesa<\/strong> que respeita os seus colaboradores&#8221;]A Smilers\u00ae \u00e9 uma empresa de dimens\u00e3o m\u00e9dia francesa especializada em ortodontia invis\u00edvel. Na Smilers\u00ae, produzimos em Fran\u00e7a, com <strong>condi\u00e7\u00f5es de trabalho favor\u00e1veis<\/strong> para o bem-estar dos nossos colaboradores. A nossa m\u00e3o de obra \u00e9 qualificada e maior e o seu bem-estar est\u00e1 no centro de todas as nossas preocupa\u00e7\u00f5es.[\/ts_side_text_block][\/vc_column][vc_column width=&#8221;7\/12&#8243; offset=&#8221;vc_hidden-md vc_hidden-sm vc_hidden-xs&#8221;][ts_side_image_left_custom image=&#8221;1182&#8243;][\/vc_column][\/vc_row][vc_row content_placement=&#8221;middle&#8221; use_container=&#8221;yes&#8221; conter_content=&#8221;yes&#8221; el_class=&#8221;hide-on-desktop&#8221;][vc_column width=&#8221;5\/6&#8243; offset=&#8221;vc_col-lg-offset-0 vc_col-lg-8 vc_hidden-lg vc_col-md-offset-1 vc_col-md-10 vc_col-sm-offset-1 vc_col-xs-12&#8243;][ts_side_image_left_custom image=&#8221;1182&#8243;][\/vc_column][vc_column css_animation=&#8221;fadeInRight&#8221; width=&#8221;5\/6&#8243; el_class=&#8221;side-text-column side-up&#8221; offset=&#8221;vc_col-lg-offset-0 vc_col-lg-4 vc_hidden-lg vc_col-md-offset-1 vc_col-md-10 vc_col-sm-offset-1 vc_col-xs-12&#8243;][ts_side_text_block position=&#8221;left&#8221; title=&#8221;Uma <strong>empresa francesa<\/strong> que respeita os seus colaboradores&#8221;]A Smilers\u00ae \u00e9 uma empresa de dimens\u00e3o m\u00e9dia francesa especializada em ortodontia invis\u00edvel. Na Smilers\u00ae, produzimos em Fran\u00e7a, com <strong>condi\u00e7\u00f5es de trabalho favor\u00e1veis<\/strong> para o bem-estar dos nossos colaboradores. A nossa m\u00e3o de obra \u00e9 qualificada e maior e o seu bem-estar est\u00e1 no centro das nossas preocupa\u00e7\u00f5es.[\/ts_side_text_block][\/vc_column][\/vc_row]<\/p>\n","protected":false},"excerpt":{"rendered":"<p>[vc_row content_placement=&#8221;middle&#8221; use_container=&#8221;yes&#8221; conter_content=&#8221;yes&#8221; el_class=&#8221;one-million&#8221;][vc_column width=&#8221;5\/6&#8243; offset=&#8221;vc_col-lg-offset-1 vc_col-lg-6 vc_col-md-offset-1 vc_col-md-10 vc_col-sm-offset-1 vc_col-xs-12&#8243;][ts_video_custom video_url=&#8221;https:\/\/www.smilers.com\/wp-content\/uploads\/2022\/01\/VIDEO-1-000-000-ALIGNEURS_05-2021-EN.mp4&#8243; video_class=&#8221;w-100 homepageVideo&#8221; poster_url=&#8221;https:\/\/www.smilers.com\/wp-content\/uploads\/2021\/09\/cover-1-million.png&#8221; video_ogg=&#8221;https:\/\/www.smilers.com\/wp-content\/uploads\/2022\/01\/VIDEO-1-000-000-ALIGNEURS_05-2021-_EN_.ogv&#8221; video_webm=&#8221;https:\/\/www.smilers.com\/wp-content\/uploads\/2022\/01\/VIDEO-1-000-000-ALIGNEURS_05-2021-_EN_.webm&#8221;][\/vc_column][vc_column css_animation=&#8221;fadeInRight&#8221; width=&#8221;5\/6&#8243; el_class=&#8221;side-text-column side-up behind&#8221; offset=&#8221;vc_col-lg-offset-0 vc_col-lg-4 vc_col-md-offset-1 vc_col-md-10 vc_col-sm-offset-1 vc_col-xs-12&#8243;][ts_side_text_block position=&#8221;right&#8221;] A Smilers\u00ae \u00e9 uma empresa Made in France e familiar com valores fortes. \u00c9 especializada em ortodontia invis\u00edvel e mobiliza-se para oferecer a todos um [&hellip;]<\/p>\n","protected":false},"author":1,"featured_media":0,"parent":0,"menu_order":0,"comment_status":"closed","ping_status":"closed","template":"page-portfolio.php","meta":{"pgc_sgb_lightbox_settings":"","footnotes":""},"class_list":["post-4424","page","type-page","status-publish","hentry"],"yoast_head":"<!-- This site is optimized with the Yoast SEO plugin v22.0 - https:\/\/yoast.com\/wordpress\/plugins\/seo\/ -->\n<title>Garantia do Made In France - Smilers<\/title>\n<meta name=\"description\" content=\"A garantia do Made in France | Smilers, o \u00fanico fabricante de alinhadores transparentes com o selo Origine France Garantie\" \/>\n<meta name=\"robots\" content=\"index, follow, max-snippet:-1, max-image-preview:large, max-video-preview:-1\" \/>\n<link rel=\"canonical\" href=\"https:\/\/www.smilers.com\/pt-pt\/garantia-do-made-in-france\/\" \/>\n<meta property=\"og:locale\" content=\"pt_PT\" \/>\n<meta property=\"og:type\" content=\"article\" \/>\n<meta property=\"og:title\" content=\"Garantia do Made In France - Smilers\" \/>\n<meta property=\"og:description\" content=\"A garantia do Made in France | Smilers, o \u00fanico fabricante de alinhadores transparentes com o selo Origine France Garantie\" \/>\n<meta property=\"og:url\" content=\"https:\/\/www.smilers.com\/pt-pt\/garantia-do-made-in-france\/\" \/>\n<meta property=\"og:site_name\" content=\"Smilers\" \/>\n<meta property=\"article:publisher\" content=\"https:\/\/www.facebook.com\/SmilersAligners\/\" \/>\n<meta property=\"article:modified_time\" content=\"2024-04-18T14:57:54+00:00\" \/>\n<meta name=\"twitter:card\" content=\"summary_large_image\" \/>\n<meta name=\"twitter:label1\" content=\"Tempo estimado de leitura\" \/>\n\t<meta name=\"twitter:data1\" content=\"3 minutos\" \/>\n<script type=\"application\/ld+json\" class=\"yoast-schema-graph\">{\"@context\":\"https:\/\/schema.org\",\"@graph\":[{\"@type\":\"WebPage\",\"@id\":\"https:\/\/www.smilers.com\/pt-pt\/garantia-do-made-in-france\/\",\"url\":\"https:\/\/www.smilers.com\/pt-pt\/garantia-do-made-in-france\/\",\"name\":\"Garantia do Made In France - Smilers\",\"isPartOf\":{\"@id\":\"https:\/\/www.smilers.com\/en\/#website\"},\"datePublished\":\"2021-12-13T15:17:11+00:00\",\"dateModified\":\"2024-04-18T14:57:54+00:00\",\"description\":\"A garantia do Made in France | Smilers, o \u00fanico fabricante de alinhadores transparentes com o selo Origine France Garantie\",\"breadcrumb\":{\"@id\":\"https:\/\/www.smilers.com\/pt-pt\/garantia-do-made-in-france\/#breadcrumb\"},\"inLanguage\":\"pt-PT\",\"potentialAction\":[{\"@type\":\"ReadAction\",\"target\":[\"https:\/\/www.smilers.com\/pt-pt\/garantia-do-made-in-france\/\"]}]},{\"@type\":\"BreadcrumbList\",\"@id\":\"https:\/\/www.smilers.com\/pt-pt\/garantia-do-made-in-france\/#breadcrumb\",\"itemListElement\":[{\"@type\":\"ListItem\",\"position\":1,\"name\":\"Accueil\",\"item\":\"https:\/\/www.smilers.com\/pt-pt\/\"},{\"@type\":\"ListItem\",\"position\":2,\"name\":\"Garantia do Made In France\"}]},{\"@type\":\"WebSite\",\"@id\":\"https:\/\/www.smilers.com\/en\/#website\",\"url\":\"https:\/\/www.smilers.com\/en\/\",\"name\":\"Smilers\",\"description\":\"Le sourire chic \u00e0 la fran\u00e7aise\",\"publisher\":{\"@id\":\"https:\/\/www.smilers.com\/en\/#organization\"},\"potentialAction\":[{\"@type\":\"SearchAction\",\"target\":{\"@type\":\"EntryPoint\",\"urlTemplate\":\"https:\/\/www.smilers.com\/en\/?s={search_term_string}\"},\"query-input\":\"required name=search_term_string\"}],\"inLanguage\":\"pt-PT\"},{\"@type\":\"Organization\",\"@id\":\"https:\/\/www.smilers.com\/en\/#organization\",\"name\":\"Smilers\",\"url\":\"https:\/\/www.smilers.com\/en\/\",\"logo\":{\"@type\":\"ImageObject\",\"inLanguage\":\"pt-PT\",\"@id\":\"https:\/\/www.smilers.com\/en\/#\/schema\/logo\/image\/\",\"url\":\"https:\/\/www.smilers.com\/wp-content\/uploads\/2021\/08\/logo-detoure-noir.png\",\"contentUrl\":\"https:\/\/www.smilers.com\/wp-content\/uploads\/2021\/08\/logo-detoure-noir.png\",\"width\":784,\"height\":169,\"caption\":\"Smilers\"},\"image\":{\"@id\":\"https:\/\/www.smilers.com\/en\/#\/schema\/logo\/image\/\"},\"sameAs\":[\"https:\/\/www.facebook.com\/SmilersAligners\/\",\"https:\/\/www.instagram.com\/smilers_aligners\/?hl=fr\",\"https:\/\/www.youtube.com\/channel\/UCBKtCNaiCfi8H-aHS7ZZdJQ\"]}]}<\/script>\n<!-- \/ Yoast SEO plugin. -->","yoast_head_json":{"title":"Garantia do Made In France - Smilers","description":"A garantia do Made in France | Smilers, o \u00fanico fabricante de alinhadores transparentes com o selo Origine France Garantie","robots":{"index":"index","follow":"follow","max-snippet":"max-snippet:-1","max-image-preview":"max-image-preview:large","max-video-preview":"max-video-preview:-1"},"canonical":"https:\/\/www.smilers.com\/pt-pt\/garantia-do-made-in-france\/","og_locale":"pt_PT","og_type":"article","og_title":"Garantia do Made In France - Smilers","og_description":"A garantia do Made in France | Smilers, o \u00fanico fabricante de alinhadores transparentes com o selo Origine France Garantie","og_url":"https:\/\/www.smilers.com\/pt-pt\/garantia-do-made-in-france\/","og_site_name":"Smilers","article_publisher":"https:\/\/www.facebook.com\/SmilersAligners\/","article_modified_time":"2024-04-18T14:57:54+00:00","twitter_card":"summary_large_image","twitter_misc":{"Tempo estimado de leitura":"3 minutos"},"schema":{"@context":"https:\/\/schema.org","@graph":[{"@type":"WebPage","@id":"https:\/\/www.smilers.com\/pt-pt\/garantia-do-made-in-france\/","url":"https:\/\/www.smilers.com\/pt-pt\/garantia-do-made-in-france\/","name":"Garantia do Made In France - Smilers","isPartOf":{"@id":"https:\/\/www.smilers.com\/en\/#website"},"datePublished":"2021-12-13T15:17:11+00:00","dateModified":"2024-04-18T14:57:54+00:00","description":"A garantia do Made in France | Smilers, o \u00fanico fabricante de alinhadores transparentes com o selo Origine France Garantie","breadcrumb":{"@id":"https:\/\/www.smilers.com\/pt-pt\/garantia-do-made-in-france\/#breadcrumb"},"inLanguage":"pt-PT","potentialAction":[{"@type":"ReadAction","target":["https:\/\/www.smilers.com\/pt-pt\/garantia-do-made-in-france\/"]}]},{"@type":"BreadcrumbList","@id":"https:\/\/www.smilers.com\/pt-pt\/garantia-do-made-in-france\/#breadcrumb","itemListElement":[{"@type":"ListItem","position":1,"name":"Accueil","item":"https:\/\/www.smilers.com\/pt-pt\/"},{"@type":"ListItem","position":2,"name":"Garantia do Made In France"}]},{"@type":"WebSite","@id":"https:\/\/www.smilers.com\/en\/#website","url":"https:\/\/www.smilers.com\/en\/","name":"Smilers","description":"Le sourire chic \u00e0 la fran\u00e7aise","publisher":{"@id":"https:\/\/www.smilers.com\/en\/#organization"},"potentialAction":[{"@type":"SearchAction","target":{"@type":"EntryPoint","urlTemplate":"https:\/\/www.smilers.com\/en\/?s={search_term_string}"},"query-input":"required name=search_term_string"}],"inLanguage":"pt-PT"},{"@type":"Organization","@id":"https:\/\/www.smilers.com\/en\/#organization","name":"Smilers","url":"https:\/\/www.smilers.com\/en\/","logo":{"@type":"ImageObject","inLanguage":"pt-PT","@id":"https:\/\/www.smilers.com\/en\/#\/schema\/logo\/image\/","url":"https:\/\/www.smilers.com\/wp-content\/uploads\/2021\/08\/logo-detoure-noir.png","contentUrl":"https:\/\/www.smilers.com\/wp-content\/uploads\/2021\/08\/logo-detoure-noir.png","width":784,"height":169,"caption":"Smilers"},"image":{"@id":"https:\/\/www.smilers.com\/en\/#\/schema\/logo\/image\/"},"sameAs":["https:\/\/www.facebook.com\/SmilersAligners\/","https:\/\/www.instagram.com\/smilers_aligners\/?hl=fr","https:\/\/www.youtube.com\/channel\/UCBKtCNaiCfi8H-aHS7ZZdJQ"]}]}},"_links":{"self":[{"href":"https:\/\/www.smilers.com\/pt-pt\/wp-json\/wp\/v2\/pages\/4424","targetHints":{"allow":["GET"]}}],"collection":[{"href":"https:\/\/www.smilers.com\/pt-pt\/wp-json\/wp\/v2\/pages"}],"about":[{"href":"https:\/\/www.smilers.com\/pt-pt\/wp-json\/wp\/v2\/types\/page"}],"author":[{"embeddable":true,"href":"https:\/\/www.smilers.com\/pt-pt\/wp-json\/wp\/v2\/users\/1"}],"replies":[{"embeddable":true,"href":"https:\/\/www.smilers.com\/pt-pt\/wp-json\/wp\/v2\/comments?post=4424"}],"version-history":[{"count":7,"href":"https:\/\/www.smilers.com\/pt-pt\/wp-json\/wp\/v2\/pages\/4424\/revisions"}],"predecessor-version":[{"id":29334,"href":"https:\/\/www.smilers.com\/pt-pt\/wp-json\/wp\/v2\/pages\/4424\/revisions\/29334"}],"wp:attachment":[{"href":"https:\/\/www.smilers.com\/pt-pt\/wp-json\/wp\/v2\/media?parent=4424"}],"curies":[{"name":"wp","href":"https:\/\/api.w.org\/{rel}","templated":true}]}}