{"id":4429,"date":"2021-12-13T16:19:22","date_gmt":"2021-12-13T15:19:22","guid":{"rendered":"https:\/\/www.smilers.com\/tratamento-medico\/"},"modified":"2024-04-18T17:31:39","modified_gmt":"2024-04-18T15:31:39","slug":"tratamento-medico","status":"publish","type":"page","link":"https:\/\/www.smilers.com\/pt-pt\/tratamento-medico\/","title":{"rendered":"Tratamento m\u00e9dico"},"content":{"rendered":"<p>[vc_row content_placement=&#8221;middle&#8221; use_container=&#8221;yes&#8221; conter_content=&#8221;yes&#8221; el_class=&#8221;hide-on-mobile&#8221;][vc_column css_animation=&#8221;fadeInLeft&#8221; width=&#8221;1\/2&#8243; el_class=&#8221;side-text-column&#8221; offset=&#8221;vc_hidden-md vc_hidden-sm vc_hidden-xs&#8221;][ts_side_text_block position=&#8221;left&#8221; image=&#8221;1046&#8243; title=&#8221;<strong>A experi\u00eancia m\u00e9dica no centro do nosso tratamento ortod\u00f4ntico invis\u00edvel<\/strong>&#8220;]Porque os dentes n\u00e3o voltam a crescer, <strong>\u00e9 essencial alinh\u00e1-los com a experi\u00eancia de um profissional e um tratamento m\u00e9dico.<\/strong><\/p>\n<p>Na Smilers\u00ae, para o seu bem-estar e seguran\u00e7a, as suas goteiras Smilers\u00ae, s\u00e3o elaboradas gra\u00e7as a uma <a href=\"https:\/\/www.smilers.com\/pt-pt\/como-e-realizado-o-tratamento-ortodontico-smilers\/\">dupla experi\u00eancia cl\u00ednica<\/a>: a do <strong>seu profissional de sa\u00fade<\/strong> e a dos <strong>nossos ortodontistas profissionais Smilers\u00ae<\/strong> que planeiam e acompanham o movimento dos seus dentes de acordo com o seu plano de tratamento. Esta dupla <strong>experi\u00eancia m\u00e9dica<\/strong> permite uma <strong>elevada qualidade do tratamento ortod\u00f4ntico Smilers\u00ae<\/strong>, e um <strong>acompanhamento premium<\/strong>.<\/p>\n<div class=\"note\" style=\"text-align: left;\"><em>O tratamento \u00e9 da responsabilidade do m\u00e9dico-dentista. A responsabilidade da Smilers\u00ae n\u00e3o pode ser acionada.<\/em><\/div>\n<p>[\/ts_side_text_block][\/vc_column][vc_column width=&#8221;1\/2&#8243; offset=&#8221;vc_hidden-md vc_hidden-sm vc_hidden-xs&#8221;][ts_side_image_left_custom image=&#8221;3892&#8243;][\/vc_column][\/vc_row][vc_row content_placement=&#8221;middle&#8221; use_container=&#8221;yes&#8221; conter_content=&#8221;yes&#8221; el_class=&#8221;hide-on-desktop&#8221;][vc_column width=&#8221;5\/6&#8243; offset=&#8221;vc_col-lg-offset-0 vc_col-lg-8 vc_hidden-lg vc_col-md-offset-1 vc_col-md-10 vc_col-sm-offset-1 vc_col-xs-12&#8243;][ts_side_image_left_custom image=&#8221;3892&#8243;][\/vc_column][vc_column css_animation=&#8221;fadeInRight&#8221; width=&#8221;5\/6&#8243; el_class=&#8221;side-text-column side-up&#8221; offset=&#8221;vc_col-lg-offset-0 vc_col-lg-4 vc_hidden-lg vc_col-md-offset-1 vc_col-md-10 vc_col-sm-offset-1 vc_col-xs-12&#8243;][ts_side_text_block position=&#8221;left&#8221; image=&#8221;1046&#8243; title=&#8221;<strong>A experi\u00eancia m\u00e9dica no centro do nosso tratamento ortod\u00f4ntico invis\u00edvel<\/strong>&#8220;]Porque os dentes n\u00e3o voltam a crescer, <strong>\u00e9 essencial alinh\u00e1-los com a experi\u00eancia de um profissional.<\/strong>[\/ts_side_text_block][\/vc_column][vc_column offset=&#8221;vc_hidden-lg&#8221;][ts_about_text_content]<\/p>\n<div class=\"note\" style=\"text-align: left;\"><em>O tratamento \u00e9 da responsabilidade do m\u00e9dico-dentista. A responsabilidade da Smilers\u00ae n\u00e3o pode ser acionada.<\/em><\/div>\n<p>[\/ts_about_text_content][\/vc_column][\/vc_row][vc_row full_width=&#8221;stretch_row_content&#8221; el_class=&#8221;hide-on-desktop&#8221;][vc_column css=&#8221;.vc_custom_1631292714350{padding-right: 0px !important;padding-left: 0px !important;}&#8221; offset=&#8221;vc_hidden-lg&#8221;][vc_single_image image=&#8221;3532&#8243; img_size=&#8221;full&#8221;][\/vc_column][vc_column offset=&#8221;vc_hidden-lg&#8221; el_class=&#8221;small-text&#8221;][vc_column_text]<\/p>\n<p style=\"text-align: left;\">Na Smilers\u00ae, para o seu bem-estar e seguran\u00e7a, as suas goteiras transparentes Smilers\u00aes\u00e3o elaboradas gra\u00e7as a uma <a href=\"https:\/\/www.smilers.com\/pt-pt\/como-e-realizado-o-tratamento-ortodontico-smilers\/\">dupla experi\u00eancia<\/a> cl\u00ednica: a do <strong>seu profissional de sa\u00fade<\/strong> e a dos <strong>nossos ortodontistas<\/strong> <strong>Smilers\u00ae<\/strong> que planeiam e acompanham o movimento dos seus dentes de acordo com o seu plano de tratamento. Esta dupla <strong>experi\u00eancia m\u00e9dica<\/strong> permite uma <strong>elevada qualidade do tratamento ortod\u00f4ntico Smilers\u00ae<\/strong>, e um <strong>acompanhamento premium<\/strong>.<\/p>\n<p>[\/vc_column_text][\/vc_column][\/vc_row]<\/p>\n","protected":false},"excerpt":{"rendered":"<p>[vc_row content_placement=&#8221;middle&#8221; use_container=&#8221;yes&#8221; conter_content=&#8221;yes&#8221; el_class=&#8221;hide-on-mobile&#8221;][vc_column css_animation=&#8221;fadeInLeft&#8221; width=&#8221;1\/2&#8243; el_class=&#8221;side-text-column&#8221; offset=&#8221;vc_hidden-md vc_hidden-sm vc_hidden-xs&#8221;][ts_side_text_block position=&#8221;left&#8221; image=&#8221;1046&#8243; title=&#8221;A experi\u00eancia m\u00e9dica no centro do nosso tratamento ortod\u00f4ntico invis\u00edvel&#8220;]Porque os dentes n\u00e3o voltam a crescer, \u00e9 essencial alinh\u00e1-los com a experi\u00eancia de um profissional e um tratamento m\u00e9dico. Na Smilers\u00ae, para o seu bem-estar e seguran\u00e7a, as suas goteiras Smilers\u00ae, s\u00e3o [&hellip;]<\/p>\n","protected":false},"author":1,"featured_media":0,"parent":0,"menu_order":0,"comment_status":"closed","ping_status":"closed","template":"page-portfolio.php","meta":{"pgc_sgb_lightbox_settings":"","footnotes":""},"class_list":["post-4429","page","type-page","status-publish","hentry"],"yoast_head":"<!-- This site is optimized with the Yoast SEO plugin v22.0 - https:\/\/yoast.com\/wordpress\/plugins\/seo\/ -->\n<title>Tratamento m\u00e9dico - Smilers<\/title>\n<meta name=\"description\" content=\"Cuidados m\u00e9dicos | A sua sa\u00fade e bem-estar no centro das nossas preocupa\u00e7\u00f5es | Descubra os nossos conhecimentos m\u00e9dicos\" \/>\n<meta name=\"robots\" content=\"index, follow, max-snippet:-1, max-image-preview:large, max-video-preview:-1\" \/>\n<link rel=\"canonical\" href=\"https:\/\/www.smilers.com\/pt-pt\/tratamento-medico\/\" \/>\n<meta property=\"og:locale\" content=\"pt_PT\" \/>\n<meta property=\"og:type\" content=\"article\" \/>\n<meta property=\"og:title\" content=\"Tratamento m\u00e9dico - Smilers\" \/>\n<meta property=\"og:description\" content=\"Cuidados m\u00e9dicos | A sua sa\u00fade e bem-estar no centro das nossas preocupa\u00e7\u00f5es | Descubra os nossos conhecimentos m\u00e9dicos\" \/>\n<meta property=\"og:url\" content=\"https:\/\/www.smilers.com\/pt-pt\/tratamento-medico\/\" \/>\n<meta property=\"og:site_name\" content=\"Smilers\" \/>\n<meta property=\"article:publisher\" content=\"https:\/\/www.facebook.com\/SmilersAligners\/\" \/>\n<meta property=\"article:modified_time\" content=\"2024-04-18T15:31:39+00:00\" \/>\n<meta name=\"twitter:card\" content=\"summary_large_image\" \/>\n<meta name=\"twitter:label1\" content=\"Tempo estimado de leitura\" \/>\n\t<meta name=\"twitter:data1\" content=\"2 minutos\" \/>\n<script type=\"application\/ld+json\" class=\"yoast-schema-graph\">{\"@context\":\"https:\/\/schema.org\",\"@graph\":[{\"@type\":\"WebPage\",\"@id\":\"https:\/\/www.smilers.com\/pt-pt\/tratamento-medico\/\",\"url\":\"https:\/\/www.smilers.com\/pt-pt\/tratamento-medico\/\",\"name\":\"Tratamento m\u00e9dico - Smilers\",\"isPartOf\":{\"@id\":\"https:\/\/www.smilers.com\/en\/#website\"},\"datePublished\":\"2021-12-13T15:19:22+00:00\",\"dateModified\":\"2024-04-18T15:31:39+00:00\",\"description\":\"Cuidados m\u00e9dicos | A sua sa\u00fade e bem-estar no centro das nossas preocupa\u00e7\u00f5es | Descubra os nossos conhecimentos m\u00e9dicos\",\"breadcrumb\":{\"@id\":\"https:\/\/www.smilers.com\/pt-pt\/tratamento-medico\/#breadcrumb\"},\"inLanguage\":\"pt-PT\",\"potentialAction\":[{\"@type\":\"ReadAction\",\"target\":[\"https:\/\/www.smilers.com\/pt-pt\/tratamento-medico\/\"]}]},{\"@type\":\"BreadcrumbList\",\"@id\":\"https:\/\/www.smilers.com\/pt-pt\/tratamento-medico\/#breadcrumb\",\"itemListElement\":[{\"@type\":\"ListItem\",\"position\":1,\"name\":\"Accueil\",\"item\":\"https:\/\/www.smilers.com\/pt-pt\/\"},{\"@type\":\"ListItem\",\"position\":2,\"name\":\"Tratamento m\u00e9dico\"}]},{\"@type\":\"WebSite\",\"@id\":\"https:\/\/www.smilers.com\/en\/#website\",\"url\":\"https:\/\/www.smilers.com\/en\/\",\"name\":\"Smilers\",\"description\":\"Le sourire chic \u00e0 la fran\u00e7aise\",\"publisher\":{\"@id\":\"https:\/\/www.smilers.com\/en\/#organization\"},\"potentialAction\":[{\"@type\":\"SearchAction\",\"target\":{\"@type\":\"EntryPoint\",\"urlTemplate\":\"https:\/\/www.smilers.com\/en\/?s={search_term_string}\"},\"query-input\":\"required name=search_term_string\"}],\"inLanguage\":\"pt-PT\"},{\"@type\":\"Organization\",\"@id\":\"https:\/\/www.smilers.com\/en\/#organization\",\"name\":\"Smilers\",\"url\":\"https:\/\/www.smilers.com\/en\/\",\"logo\":{\"@type\":\"ImageObject\",\"inLanguage\":\"pt-PT\",\"@id\":\"https:\/\/www.smilers.com\/en\/#\/schema\/logo\/image\/\",\"url\":\"https:\/\/www.smilers.com\/wp-content\/uploads\/2021\/08\/logo-detoure-noir.png\",\"contentUrl\":\"https:\/\/www.smilers.com\/wp-content\/uploads\/2021\/08\/logo-detoure-noir.png\",\"width\":784,\"height\":169,\"caption\":\"Smilers\"},\"image\":{\"@id\":\"https:\/\/www.smilers.com\/en\/#\/schema\/logo\/image\/\"},\"sameAs\":[\"https:\/\/www.facebook.com\/SmilersAligners\/\",\"https:\/\/www.instagram.com\/smilers_aligners\/?hl=fr\",\"https:\/\/www.youtube.com\/channel\/UCBKtCNaiCfi8H-aHS7ZZdJQ\"]}]}<\/script>\n<!-- \/ Yoast SEO plugin. -->","yoast_head_json":{"title":"Tratamento m\u00e9dico - Smilers","description":"Cuidados m\u00e9dicos | A sua sa\u00fade e bem-estar no centro das nossas preocupa\u00e7\u00f5es | Descubra os nossos conhecimentos m\u00e9dicos","robots":{"index":"index","follow":"follow","max-snippet":"max-snippet:-1","max-image-preview":"max-image-preview:large","max-video-preview":"max-video-preview:-1"},"canonical":"https:\/\/www.smilers.com\/pt-pt\/tratamento-medico\/","og_locale":"pt_PT","og_type":"article","og_title":"Tratamento m\u00e9dico - Smilers","og_description":"Cuidados m\u00e9dicos | A sua sa\u00fade e bem-estar no centro das nossas preocupa\u00e7\u00f5es | Descubra os nossos conhecimentos m\u00e9dicos","og_url":"https:\/\/www.smilers.com\/pt-pt\/tratamento-medico\/","og_site_name":"Smilers","article_publisher":"https:\/\/www.facebook.com\/SmilersAligners\/","article_modified_time":"2024-04-18T15:31:39+00:00","twitter_card":"summary_large_image","twitter_misc":{"Tempo estimado de leitura":"2 minutos"},"schema":{"@context":"https:\/\/schema.org","@graph":[{"@type":"WebPage","@id":"https:\/\/www.smilers.com\/pt-pt\/tratamento-medico\/","url":"https:\/\/www.smilers.com\/pt-pt\/tratamento-medico\/","name":"Tratamento m\u00e9dico - Smilers","isPartOf":{"@id":"https:\/\/www.smilers.com\/en\/#website"},"datePublished":"2021-12-13T15:19:22+00:00","dateModified":"2024-04-18T15:31:39+00:00","description":"Cuidados m\u00e9dicos | A sua sa\u00fade e bem-estar no centro das nossas preocupa\u00e7\u00f5es | Descubra os nossos conhecimentos m\u00e9dicos","breadcrumb":{"@id":"https:\/\/www.smilers.com\/pt-pt\/tratamento-medico\/#breadcrumb"},"inLanguage":"pt-PT","potentialAction":[{"@type":"ReadAction","target":["https:\/\/www.smilers.com\/pt-pt\/tratamento-medico\/"]}]},{"@type":"BreadcrumbList","@id":"https:\/\/www.smilers.com\/pt-pt\/tratamento-medico\/#breadcrumb","itemListElement":[{"@type":"ListItem","position":1,"name":"Accueil","item":"https:\/\/www.smilers.com\/pt-pt\/"},{"@type":"ListItem","position":2,"name":"Tratamento m\u00e9dico"}]},{"@type":"WebSite","@id":"https:\/\/www.smilers.com\/en\/#website","url":"https:\/\/www.smilers.com\/en\/","name":"Smilers","description":"Le sourire chic \u00e0 la fran\u00e7aise","publisher":{"@id":"https:\/\/www.smilers.com\/en\/#organization"},"potentialAction":[{"@type":"SearchAction","target":{"@type":"EntryPoint","urlTemplate":"https:\/\/www.smilers.com\/en\/?s={search_term_string}"},"query-input":"required name=search_term_string"}],"inLanguage":"pt-PT"},{"@type":"Organization","@id":"https:\/\/www.smilers.com\/en\/#organization","name":"Smilers","url":"https:\/\/www.smilers.com\/en\/","logo":{"@type":"ImageObject","inLanguage":"pt-PT","@id":"https:\/\/www.smilers.com\/en\/#\/schema\/logo\/image\/","url":"https:\/\/www.smilers.com\/wp-content\/uploads\/2021\/08\/logo-detoure-noir.png","contentUrl":"https:\/\/www.smilers.com\/wp-content\/uploads\/2021\/08\/logo-detoure-noir.png","width":784,"height":169,"caption":"Smilers"},"image":{"@id":"https:\/\/www.smilers.com\/en\/#\/schema\/logo\/image\/"},"sameAs":["https:\/\/www.facebook.com\/SmilersAligners\/","https:\/\/www.instagram.com\/smilers_aligners\/?hl=fr","https:\/\/www.youtube.com\/channel\/UCBKtCNaiCfi8H-aHS7ZZdJQ"]}]}},"_links":{"self":[{"href":"https:\/\/www.smilers.com\/pt-pt\/wp-json\/wp\/v2\/pages\/4429","targetHints":{"allow":["GET"]}}],"collection":[{"href":"https:\/\/www.smilers.com\/pt-pt\/wp-json\/wp\/v2\/pages"}],"about":[{"href":"https:\/\/www.smilers.com\/pt-pt\/wp-json\/wp\/v2\/types\/page"}],"author":[{"embeddable":true,"href":"https:\/\/www.smilers.com\/pt-pt\/wp-json\/wp\/v2\/users\/1"}],"replies":[{"embeddable":true,"href":"https:\/\/www.smilers.com\/pt-pt\/wp-json\/wp\/v2\/comments?post=4429"}],"version-history":[{"count":13,"href":"https:\/\/www.smilers.com\/pt-pt\/wp-json\/wp\/v2\/pages\/4429\/revisions"}],"predecessor-version":[{"id":6783,"href":"https:\/\/www.smilers.com\/pt-pt\/wp-json\/wp\/v2\/pages\/4429\/revisions\/6783"}],"wp:attachment":[{"href":"https:\/\/www.smilers.com\/pt-pt\/wp-json\/wp\/v2\/media?parent=4429"}],"curies":[{"name":"wp","href":"https:\/\/api.w.org\/{rel}","templated":true}]}}