{"id":4439,"date":"2021-12-13T16:22:40","date_gmt":"2021-12-13T15:22:40","guid":{"rendered":"https:\/\/www.smilers.com\/um-know-how-unico\/"},"modified":"2024-04-18T17:28:57","modified_gmt":"2024-04-18T15:28:57","slug":"um-know-how-unico","status":"publish","type":"page","link":"https:\/\/www.smilers.com\/pt-pt\/um-know-how-unico\/","title":{"rendered":"Um know-how \u00fanico"},"content":{"rendered":"<p>[vc_row content_placement=&#8221;middle&#8221; use_container=&#8221;yes&#8221; conter_content=&#8221;yes&#8221; el_id=&#8221;tecnologia \u00fanica&#8221;][vc_column width=&#8221;5\/6&#8243; offset=&#8221;vc_col-lg-offset-0 vc_col-lg-6 vc_col-md-offset-1 vc_col-md-10 vc_col-sm-offset-1 vc_col-xs-12&#8243;][ts_side_image_left_custom image=&#8221;2414&#8243;][\/vc_column][vc_column css_animation=&#8221;fadeInRight&#8221; width=&#8221;5\/6&#8243; el_class=&#8221;side-text-column side-up&#8221; offset=&#8221;vc_col-lg-offset-0 vc_col-lg-6 vc_col-md-offset-1 vc_col-md-10 vc_col-sm-offset-1 vc_col-xs-12&#8243;][ts_side_text_block position=&#8221;right&#8221; image=&#8221;1046&#8243; title=&#8221;<strong>Tecnologia<\/strong> Smilers\u00ae&#8221;]Adquirimos toda a nossa experi\u00eancia na impress\u00e3o 3D gra\u00e7as \u00e0 nossa experi\u00eancia e a um know-how \u00fanico nos setores <strong>aeroespacial<\/strong> e dos <strong>carros de corrida<\/strong>.<\/p>\n<p>De facto, uma das prioridades do nosso m\u00e9todo de produ\u00e7\u00e3o por estereolitografia aditiva \u00e9 produzir <a href=\"https:\/\/www.smilers.com\/pt-pt\/carater-estetico-dos-nossos-alinhadores\/\"><strong>alinhadores transparentes lisos<\/strong><\/a>.<\/p>\n<p>O nosso software de elabora\u00e7\u00e3o do plano de tratamento, combinado com uma programa\u00e7\u00e3o avan\u00e7ada das nossas m\u00e1quinas de corte, garante uma <strong>elevada precis\u00e3o de corte das extremidades<\/strong> dos nossos alinhadores transparentes Smilers\u00ae. Personalizado para cada paciente.[\/ts_side_text_block][\/vc_column][\/vc_row][vc_row content_placement=&#8221;middle&#8221; el_class=&#8221;clean&#8221; el_id=&#8221;goteira lisa&#8221;][vc_column offset=&#8221;vc_col-lg-8 vc_col-md-6 vc_col-xs-12&#8243;][\/vc_column][vc_column css_animation=&#8221;fadeInRight&#8221; css=&#8221;.vc_custom_1630591093040{padding-right: 0px !important;padding-left: 0px !important;}&#8221; el_class=&#8221;right-article-no-hover&#8221; offset=&#8221;vc_col-lg-4 vc_col-md-6 vc_col-xs-12&#8243;][ts_right_article title=&#8221;Alinhadores Smilers\u00ae <strong>lisos<\/strong>&#8221; image=&#8221;1052&#8243;]Uma impress\u00e3o com pouca irregularidade permite <strong>limitar os dep\u00f3sitos que ficam presos \u00e0s suas goteiras transparentes Smilers\u00ae<\/strong>.[\/ts_right_article][\/vc_column][\/vc_row][vc_row content_placement=&#8221;middle&#8221; use_container=&#8221;yes&#8221; conter_content=&#8221;yes&#8221; el_id=&#8221;alta-costura&#8221; el_class=&#8221;hide-on-mobile&#8221;][vc_column css_animation=&#8221;fadeInLeft&#8221; width=&#8221;5\/12&#8243; el_class=&#8221;side-text-column&#8221; offset=&#8221;vc_hidden-md vc_hidden-sm vc_hidden-xs&#8221;][ts_side_text_block position=&#8221;left&#8221; image=&#8221;1046&#8243; title=&#8221;Polimento de <strong>Alta-Costura<\/strong>&#8220;]Os seus alinhadores Smilers\u00ae s\u00e3o criados um a um por <strong>impress\u00e3o 3D<\/strong> nas nossas f\u00e1bricas em <strong>Salon de Provence<\/strong> de acordo com a <strong>tecnologia Smilers\u00ae. <\/strong>\u00a0Gra\u00e7as a ela, as nossas goteiras s\u00e3o <strong>transparentes<\/strong> e <strong>confort\u00e1veis<\/strong>.<\/p>\n<p>De seguida, as goteiras transparentes Smilers\u00ae s\u00e3o <strong>cortadas \u00e0 medida<\/strong> no seguimento da linha exata dos seus dentes. S\u00e3o <strong>polidas manualmente na nossa Oficina<\/strong> para que sejam <strong>confort\u00e1veis e transparentes durante todo o seu tratamento ortod\u00f4ntico.<\/strong> Do primeiro ao \u00faltimo dia que as usar.[\/ts_side_text_block][\/vc_column][vc_column width=&#8221;7\/12&#8243; offset=&#8221;vc_hidden-md vc_hidden-sm vc_hidden-xs&#8221;][ts_video_custom autoplay=&#8221;yes&#8221; video_url=&#8221;https:\/\/www.smilers.com\/wp-content\/uploads\/2022\/01\/VIDEO-LE-CHIC-A-LA-FRANCAISE-PART-II-ORFEVRERIE_10-2021-EN.mp4&#8243; video_class=&#8221;w-100&#8243; poster_url=&#8221;https:\/\/www.smilers.com\/wp-content\/uploads\/2021\/06\/catwalk-1840941_640-640&#215;426.jpg&#8221;][\/vc_column][\/vc_row][vc_row content_placement=&#8221;middle&#8221; use_container=&#8221;yes&#8221; conter_content=&#8221;yes&#8221; el_class=&#8221;hide-on-desktop&#8221; el_id=&#8221;alta-costura&#8221;][vc_column width=&#8221;5\/6&#8243; offset=&#8221;vc_col-lg-offset-0 vc_col-lg-8 vc_hidden-lg vc_col-md-offset-1 vc_col-md-10 vc_col-sm-offset-1 vc_col-xs-12&#8243;][ts_video_custom video_url=&#8221;https:\/\/www.smilers.com\/wp-content\/uploads\/2021\/06\/205438651_541181136906844_108230405296009900_n.mp4&#8243; video_class=&#8221;w-100&#8243; poster_url=&#8221;https:\/\/www.smilers.com\/wp-content\/uploads\/2021\/09\/cover-haute-couture.jpg&#8221;][\/vc_column][vc_column css_animation=&#8221;fadeInRight&#8221; width=&#8221;5\/6&#8243; el_class=&#8221;side-text-column side-up behind&#8221; offset=&#8221;vc_col-lg-offset-0 vc_col-lg-4 vc_hidden-lg vc_col-md-offset-1 vc_col-md-10 vc_col-sm-offset-1 vc_col-xs-12&#8243;][ts_side_text_block position=&#8221;left&#8221; image=&#8221;1046&#8243; title=&#8221;Polimento de <strong>Alta-Costura<\/strong>&#8220;]Os seus alinhadores Smilers\u00ae s\u00e3o criados um a um por <strong>impress\u00e3o 3D<\/strong> nas nossas f\u00e1bricas em <strong>Salon de Provence<\/strong> de acordo com a <strong>tecnologia Smilers\u00ae. <\/strong>\u00a0Gra\u00e7as a ela, as nossas goteiras s\u00e3o <strong>transparentes<\/strong> e <strong>confort\u00e1veis<\/strong>.<\/p>\n<p>De seguida, as goteiras transparentes Smilers\u00ae s\u00e3o <strong>cortadas \u00e0 medida<\/strong> no seguimento da linha exata dos seus dentes e s\u00e3o <strong>polidas manualmente na nossa Oficina<\/strong> para que sejam <strong>confort\u00e1veis e transparentes durante todo o seu tratamento ortod\u00f4ntico<\/strong>. Do primeiro ao \u00faltimo dia que as usar.[\/ts_side_text_block][\/vc_column][\/vc_row][vc_row content_placement=&#8221;middle&#8221; el_class=&#8221;washed&#8221; el_id=&#8221;goteira limpa&#8221;][vc_column css_animation=&#8221;fadeInLeft&#8221; css=&#8221;.vc_custom_1630591313088{padding-right: 0px !important;padding-left: 0px !important;}&#8221; el_class=&#8221;right-article-no-hover&#8221; offset=&#8221;vc_col-lg-4 vc_col-md-6 vc_col-xs-12&#8243;][ts_right_article title=&#8221;Uma etapa essencial: a limpeza das goteiras dent\u00e1rias transparentes Smilers\u00ae&#8221; image=&#8221;1052&#8243;]A <strong>preven\u00e7\u00e3o da contamina\u00e7\u00e3o<\/strong> \u00e9 mais importante do que nunca para os dentistas, os ortodontistas, as suas equipas e a sa\u00fade dos seus pacientes. Os alinhadores transparentes Smilers\u00ae s\u00e3o todos <strong>limpos ap\u00f3s a produ\u00e7\u00e3o<\/strong>.<\/p>\n<p>Isto pode parecer imprescind\u00edvel, e para n\u00f3s \u00e9&#8230; mas, no entanto, \u00e9 uma etapa que nem sempre \u00e9 realizada.[\/ts_right_article][\/vc_column][vc_column offset=&#8221;vc_col-lg-8 vc_col-md-6 vc_col-xs-12&#8243;][\/vc_column][\/vc_row]<\/p>\n","protected":false},"excerpt":{"rendered":"<p>[vc_row content_placement=&#8221;middle&#8221; use_container=&#8221;yes&#8221; conter_content=&#8221;yes&#8221; el_id=&#8221;tecnologia \u00fanica&#8221;][vc_column width=&#8221;5\/6&#8243; offset=&#8221;vc_col-lg-offset-0 vc_col-lg-6 vc_col-md-offset-1 vc_col-md-10 vc_col-sm-offset-1 vc_col-xs-12&#8243;][ts_side_image_left_custom image=&#8221;2414&#8243;][\/vc_column][vc_column css_animation=&#8221;fadeInRight&#8221; width=&#8221;5\/6&#8243; el_class=&#8221;side-text-column side-up&#8221; offset=&#8221;vc_col-lg-offset-0 vc_col-lg-6 vc_col-md-offset-1 vc_col-md-10 vc_col-sm-offset-1 vc_col-xs-12&#8243;][ts_side_text_block position=&#8221;right&#8221; image=&#8221;1046&#8243; title=&#8221;Tecnologia Smilers\u00ae&#8221;]Adquirimos toda a nossa experi\u00eancia na impress\u00e3o 3D gra\u00e7as \u00e0 nossa experi\u00eancia e a um know-how \u00fanico nos setores aeroespacial e dos carros de corrida. De facto, uma [&hellip;]<\/p>\n","protected":false},"author":1,"featured_media":0,"parent":0,"menu_order":0,"comment_status":"closed","ping_status":"closed","template":"page-portfolio.php","meta":{"pgc_sgb_lightbox_settings":"","footnotes":""},"class_list":["post-4439","page","type-page","status-publish","hentry"],"yoast_head":"<!-- This site is optimized with the Yoast SEO plugin v22.0 - https:\/\/yoast.com\/wordpress\/plugins\/seo\/ -->\n<title>Um know-how \u00fanico - Smilers<\/title>\n<meta name=\"description\" content=\"Experi\u00eancia exclusiva | Tecnologia Smilers, polimento de alta costura | Descubra como s\u00e3o concebidas as nossas caleiras\" \/>\n<meta name=\"robots\" content=\"index, follow, max-snippet:-1, max-image-preview:large, max-video-preview:-1\" \/>\n<link rel=\"canonical\" href=\"https:\/\/www.smilers.com\/pt-pt\/um-know-how-unico\/\" \/>\n<meta property=\"og:locale\" content=\"pt_PT\" \/>\n<meta property=\"og:type\" content=\"article\" \/>\n<meta property=\"og:title\" content=\"Um know-how \u00fanico - Smilers\" \/>\n<meta property=\"og:description\" content=\"Experi\u00eancia exclusiva | Tecnologia Smilers, polimento de alta costura | Descubra como s\u00e3o concebidas as nossas caleiras\" \/>\n<meta property=\"og:url\" content=\"https:\/\/www.smilers.com\/pt-pt\/um-know-how-unico\/\" \/>\n<meta property=\"og:site_name\" content=\"Smilers\" \/>\n<meta property=\"article:publisher\" content=\"https:\/\/www.facebook.com\/SmilersAligners\/\" \/>\n<meta property=\"article:modified_time\" content=\"2024-04-18T15:28:57+00:00\" \/>\n<meta name=\"twitter:card\" content=\"summary_large_image\" \/>\n<meta name=\"twitter:label1\" content=\"Tempo estimado de leitura\" \/>\n\t<meta name=\"twitter:data1\" content=\"3 minutos\" \/>\n<script type=\"application\/ld+json\" class=\"yoast-schema-graph\">{\"@context\":\"https:\/\/schema.org\",\"@graph\":[{\"@type\":\"WebPage\",\"@id\":\"https:\/\/www.smilers.com\/pt-pt\/um-know-how-unico\/\",\"url\":\"https:\/\/www.smilers.com\/pt-pt\/um-know-how-unico\/\",\"name\":\"Um know-how \u00fanico - Smilers\",\"isPartOf\":{\"@id\":\"https:\/\/www.smilers.com\/en\/#website\"},\"datePublished\":\"2021-12-13T15:22:40+00:00\",\"dateModified\":\"2024-04-18T15:28:57+00:00\",\"description\":\"Experi\u00eancia exclusiva | Tecnologia Smilers, polimento de alta costura | Descubra como s\u00e3o concebidas as nossas caleiras\",\"breadcrumb\":{\"@id\":\"https:\/\/www.smilers.com\/pt-pt\/um-know-how-unico\/#breadcrumb\"},\"inLanguage\":\"pt-PT\",\"potentialAction\":[{\"@type\":\"ReadAction\",\"target\":[\"https:\/\/www.smilers.com\/pt-pt\/um-know-how-unico\/\"]}]},{\"@type\":\"BreadcrumbList\",\"@id\":\"https:\/\/www.smilers.com\/pt-pt\/um-know-how-unico\/#breadcrumb\",\"itemListElement\":[{\"@type\":\"ListItem\",\"position\":1,\"name\":\"Accueil\",\"item\":\"https:\/\/www.smilers.com\/pt-pt\/\"},{\"@type\":\"ListItem\",\"position\":2,\"name\":\"Um know-how \u00fanico\"}]},{\"@type\":\"WebSite\",\"@id\":\"https:\/\/www.smilers.com\/en\/#website\",\"url\":\"https:\/\/www.smilers.com\/en\/\",\"name\":\"Smilers\",\"description\":\"Le sourire chic \u00e0 la fran\u00e7aise\",\"publisher\":{\"@id\":\"https:\/\/www.smilers.com\/en\/#organization\"},\"potentialAction\":[{\"@type\":\"SearchAction\",\"target\":{\"@type\":\"EntryPoint\",\"urlTemplate\":\"https:\/\/www.smilers.com\/en\/?s={search_term_string}\"},\"query-input\":\"required name=search_term_string\"}],\"inLanguage\":\"pt-PT\"},{\"@type\":\"Organization\",\"@id\":\"https:\/\/www.smilers.com\/en\/#organization\",\"name\":\"Smilers\",\"url\":\"https:\/\/www.smilers.com\/en\/\",\"logo\":{\"@type\":\"ImageObject\",\"inLanguage\":\"pt-PT\",\"@id\":\"https:\/\/www.smilers.com\/en\/#\/schema\/logo\/image\/\",\"url\":\"https:\/\/www.smilers.com\/wp-content\/uploads\/2021\/08\/logo-detoure-noir.png\",\"contentUrl\":\"https:\/\/www.smilers.com\/wp-content\/uploads\/2021\/08\/logo-detoure-noir.png\",\"width\":784,\"height\":169,\"caption\":\"Smilers\"},\"image\":{\"@id\":\"https:\/\/www.smilers.com\/en\/#\/schema\/logo\/image\/\"},\"sameAs\":[\"https:\/\/www.facebook.com\/SmilersAligners\/\",\"https:\/\/www.instagram.com\/smilers_aligners\/?hl=fr\",\"https:\/\/www.youtube.com\/channel\/UCBKtCNaiCfi8H-aHS7ZZdJQ\"]}]}<\/script>\n<!-- \/ Yoast SEO plugin. -->","yoast_head_json":{"title":"Um know-how \u00fanico - Smilers","description":"Experi\u00eancia exclusiva | Tecnologia Smilers, polimento de alta costura | Descubra como s\u00e3o concebidas as nossas caleiras","robots":{"index":"index","follow":"follow","max-snippet":"max-snippet:-1","max-image-preview":"max-image-preview:large","max-video-preview":"max-video-preview:-1"},"canonical":"https:\/\/www.smilers.com\/pt-pt\/um-know-how-unico\/","og_locale":"pt_PT","og_type":"article","og_title":"Um know-how \u00fanico - Smilers","og_description":"Experi\u00eancia exclusiva | Tecnologia Smilers, polimento de alta costura | Descubra como s\u00e3o concebidas as nossas caleiras","og_url":"https:\/\/www.smilers.com\/pt-pt\/um-know-how-unico\/","og_site_name":"Smilers","article_publisher":"https:\/\/www.facebook.com\/SmilersAligners\/","article_modified_time":"2024-04-18T15:28:57+00:00","twitter_card":"summary_large_image","twitter_misc":{"Tempo estimado de leitura":"3 minutos"},"schema":{"@context":"https:\/\/schema.org","@graph":[{"@type":"WebPage","@id":"https:\/\/www.smilers.com\/pt-pt\/um-know-how-unico\/","url":"https:\/\/www.smilers.com\/pt-pt\/um-know-how-unico\/","name":"Um know-how \u00fanico - Smilers","isPartOf":{"@id":"https:\/\/www.smilers.com\/en\/#website"},"datePublished":"2021-12-13T15:22:40+00:00","dateModified":"2024-04-18T15:28:57+00:00","description":"Experi\u00eancia exclusiva | Tecnologia Smilers, polimento de alta costura | Descubra como s\u00e3o concebidas as nossas caleiras","breadcrumb":{"@id":"https:\/\/www.smilers.com\/pt-pt\/um-know-how-unico\/#breadcrumb"},"inLanguage":"pt-PT","potentialAction":[{"@type":"ReadAction","target":["https:\/\/www.smilers.com\/pt-pt\/um-know-how-unico\/"]}]},{"@type":"BreadcrumbList","@id":"https:\/\/www.smilers.com\/pt-pt\/um-know-how-unico\/#breadcrumb","itemListElement":[{"@type":"ListItem","position":1,"name":"Accueil","item":"https:\/\/www.smilers.com\/pt-pt\/"},{"@type":"ListItem","position":2,"name":"Um know-how \u00fanico"}]},{"@type":"WebSite","@id":"https:\/\/www.smilers.com\/en\/#website","url":"https:\/\/www.smilers.com\/en\/","name":"Smilers","description":"Le sourire chic \u00e0 la fran\u00e7aise","publisher":{"@id":"https:\/\/www.smilers.com\/en\/#organization"},"potentialAction":[{"@type":"SearchAction","target":{"@type":"EntryPoint","urlTemplate":"https:\/\/www.smilers.com\/en\/?s={search_term_string}"},"query-input":"required name=search_term_string"}],"inLanguage":"pt-PT"},{"@type":"Organization","@id":"https:\/\/www.smilers.com\/en\/#organization","name":"Smilers","url":"https:\/\/www.smilers.com\/en\/","logo":{"@type":"ImageObject","inLanguage":"pt-PT","@id":"https:\/\/www.smilers.com\/en\/#\/schema\/logo\/image\/","url":"https:\/\/www.smilers.com\/wp-content\/uploads\/2021\/08\/logo-detoure-noir.png","contentUrl":"https:\/\/www.smilers.com\/wp-content\/uploads\/2021\/08\/logo-detoure-noir.png","width":784,"height":169,"caption":"Smilers"},"image":{"@id":"https:\/\/www.smilers.com\/en\/#\/schema\/logo\/image\/"},"sameAs":["https:\/\/www.facebook.com\/SmilersAligners\/","https:\/\/www.instagram.com\/smilers_aligners\/?hl=fr","https:\/\/www.youtube.com\/channel\/UCBKtCNaiCfi8H-aHS7ZZdJQ"]}]}},"_links":{"self":[{"href":"https:\/\/www.smilers.com\/pt-pt\/wp-json\/wp\/v2\/pages\/4439","targetHints":{"allow":["GET"]}}],"collection":[{"href":"https:\/\/www.smilers.com\/pt-pt\/wp-json\/wp\/v2\/pages"}],"about":[{"href":"https:\/\/www.smilers.com\/pt-pt\/wp-json\/wp\/v2\/types\/page"}],"author":[{"embeddable":true,"href":"https:\/\/www.smilers.com\/pt-pt\/wp-json\/wp\/v2\/users\/1"}],"replies":[{"embeddable":true,"href":"https:\/\/www.smilers.com\/pt-pt\/wp-json\/wp\/v2\/comments?post=4439"}],"version-history":[{"count":6,"href":"https:\/\/www.smilers.com\/pt-pt\/wp-json\/wp\/v2\/pages\/4439\/revisions"}],"predecessor-version":[{"id":6784,"href":"https:\/\/www.smilers.com\/pt-pt\/wp-json\/wp\/v2\/pages\/4439\/revisions\/6784"}],"wp:attachment":[{"href":"https:\/\/www.smilers.com\/pt-pt\/wp-json\/wp\/v2\/media?parent=4439"}],"curies":[{"name":"wp","href":"https:\/\/api.w.org\/{rel}","templated":true}]}}