{"id":4444,"date":"2021-12-13T16:24:16","date_gmt":"2021-12-13T15:24:16","guid":{"rendered":"https:\/\/www.smilers.com\/smilers-story\/"},"modified":"2024-04-18T17:16:32","modified_gmt":"2024-04-18T15:16:32","slug":"smilers-story","status":"publish","type":"page","link":"https:\/\/www.smilers.com\/pt-pt\/smilers-story\/","title":{"rendered":"Smilers\u00ae Story"},"content":{"rendered":"<p>[vc_row content_placement=&#8221;middle&#8221; use_container=&#8221;yes&#8221; conter_content=&#8221;yes&#8221; el_class=&#8221;hide-on-mobile&#8221;][vc_column css_animation=&#8221;fadeInLeft&#8221; width=&#8221;5\/12&#8243; el_class=&#8221;side-text-column&#8221; offset=&#8221;vc_hidden-md vc_hidden-sm vc_hidden-xs&#8221;][ts_side_text_block position=&#8221;left&#8221; image=&#8221;1046&#8243; title=&#8221;SmilerStory: o v\u00eddeo do antes e depois do tratamento ortod\u00f4ntico Smilers\u00ae&#8221;]O Smilers\u00ae Story \u00e9 um <strong>v\u00eddeo 3D da sua denti\u00e7\u00e3o.<\/strong> Permite-lhe visualizar uma modeliza\u00e7\u00e3o da <strong>evolu\u00e7\u00e3o do seu tratamento ortod\u00f4ntico<\/strong> Smilers\u00ae. Uma evolu\u00e7\u00e3o ao longo do tempo, de cada dente e de cada goteira.*<\/p>\n<p>Ser-lhe-\u00e1 mostrado pelo seu dentista ou ortodontista, que tamb\u00e9m poder\u00e1 envi\u00e1-lo para si.<\/p>\n<p>Desta forma, pode <a href=\"https:\/\/www.smilers.com\/pt-pt\/testemunhos\/\"><strong>planear o seu futuro sorriso<\/strong> Smilers\u00ae<\/a> e defini-lo melhor com o seu m\u00e9dico-dentista.[\/ts_side_text_block][\/vc_column][vc_column width=&#8221;7\/12&#8243; offset=&#8221;vc_hidden-md vc_hidden-sm vc_hidden-xs&#8221;][ts_video_custom autoplay=&#8221;yes&#8221; video_url=&#8221;https:\/\/www.smilers.com\/wp-content\/uploads\/2021\/10\/smilers-story_Zj8emyPm.mp4&#8243; video_class=&#8221;w-100&#8243;][\/vc_column][vc_column offset=&#8221;vc_hidden-md vc_hidden-sm vc_hidden-xs&#8221;][ts_about_text_content]<\/p>\n<p style=\"text-align: left;\"><em class=\"note\">*Este v\u00eddeo \u00e9 uma simula\u00e7\u00e3o do tratamento. O cumprimento das instru\u00e7\u00f5es de utiliza\u00e7\u00e3o do dispositivo e do plano de tratamento pelo profissional de sa\u00fade \u00e9 essencial para obter o resultado pretendido. Por vezes, podem ser necess\u00e1rias fases adicionais.<\/em><\/p>\n<p>[\/ts_about_text_content][\/vc_column][\/vc_row][vc_row full_width=&#8221;stretch_row_content&#8221; content_placement=&#8221;middle&#8221; use_container=&#8221;yes&#8221; conter_content=&#8221;yes&#8221; el_class=&#8221;hide-on-desktop smilers-story&#8221;][vc_column width=&#8221;5\/6&#8243; offset=&#8221;vc_col-lg-offset-0 vc_col-lg-8 vc_hidden-lg vc_col-md-offset-1 vc_col-md-10 vc_col-sm-offset-1 vc_col-xs-12&#8243;][ts_video_custom video_url=&#8221;https:\/\/www.smilers.com\/wp-content\/uploads\/2021\/08\/video-smilers-story.mp4&#8243; video_class=&#8221;w-100 homepageVideo&#8221; poster_url=&#8221;https:\/\/www.smilers.com\/wp-content\/uploads\/2021\/09\/cover-story.png&#8221;][\/vc_column][vc_column css_animation=&#8221;fadeInRight&#8221; width=&#8221;5\/6&#8243; el_class=&#8221;side-text-column side-up behind&#8221; offset=&#8221;vc_col-lg-offset-0 vc_col-lg-4 vc_hidden-lg vc_col-md-offset-1 vc_col-md-10 vc_col-sm-offset-1 vc_col-xs-12&#8243;][ts_side_text_block position=&#8221;left&#8221; image=&#8221;1046&#8243; title=&#8221;SmilerStory: o v\u00eddeo do antes e depois do tratamento ortod\u00f4ntico Smilers\u00ae&#8221;]O Smilers\u00ae Story \u00e9 um <strong>v\u00eddeo 3D da sua denti\u00e7\u00e3o.<\/strong> Permite-lhe visualizar uma modeliza\u00e7\u00e3o da <strong>evolu\u00e7\u00e3o do seu tratamento ortod\u00f4ntico<\/strong> Smilers\u00ae. Uma evolu\u00e7\u00e3o ao longo do tempo, de cada dente e de cada goteira.*<\/p>\n<p>Ser-lhe-\u00e1 mostrado pelo seu dentista ou ortodontista, que tamb\u00e9m poder\u00e1 envi\u00e1-lo para si.<\/p>\n<p>Desta forma, pode <a href=\"https:\/\/www.smilers.com\/pt-pt\/testemunhos\/\"><strong>planear o seu futuro sorriso<\/strong> Smilers\u00ae<\/a> e defini-lo melhor com o seu m\u00e9dico-dentista.[\/ts_side_text_block][\/vc_column][vc_column offset=&#8221;vc_hidden-lg&#8221;][ts_about_text_content]<\/p>\n<p style=\"text-align: left;\"><em class=\"note\">*Este v\u00eddeo \u00e9 uma simula\u00e7\u00e3o do tratamento. O cumprimento das instru\u00e7\u00f5es de utiliza\u00e7\u00e3o do dispositivo e do plano de tratamento pelo profissional de sa\u00fade \u00e9 essencial para obter o resultado pretendido. Por vezes, podem ser necess\u00e1rias fases adicionais.<\/em><\/p>\n<p>[\/ts_about_text_content][\/vc_column][\/vc_row]<\/p>\n","protected":false},"excerpt":{"rendered":"<p>[vc_row content_placement=&#8221;middle&#8221; use_container=&#8221;yes&#8221; conter_content=&#8221;yes&#8221; el_class=&#8221;hide-on-mobile&#8221;][vc_column css_animation=&#8221;fadeInLeft&#8221; width=&#8221;5\/12&#8243; el_class=&#8221;side-text-column&#8221; offset=&#8221;vc_hidden-md vc_hidden-sm vc_hidden-xs&#8221;][ts_side_text_block position=&#8221;left&#8221; image=&#8221;1046&#8243; title=&#8221;SmilerStory: o v\u00eddeo do antes e depois do tratamento ortod\u00f4ntico Smilers\u00ae&#8221;]O Smilers\u00ae Story \u00e9 um v\u00eddeo 3D da sua denti\u00e7\u00e3o. Permite-lhe visualizar uma modeliza\u00e7\u00e3o da evolu\u00e7\u00e3o do seu tratamento ortod\u00f4ntico Smilers\u00ae. Uma evolu\u00e7\u00e3o ao longo do tempo, de cada dente e de [&hellip;]<\/p>\n","protected":false},"author":1,"featured_media":0,"parent":0,"menu_order":0,"comment_status":"closed","ping_status":"closed","template":"page-portfolio.php","meta":{"pgc_sgb_lightbox_settings":"","footnotes":""},"class_list":["post-4444","page","type-page","status-publish","hentry"],"yoast_head":"<!-- This site is optimized with the Yoast SEO plugin v22.0 - https:\/\/yoast.com\/wordpress\/plugins\/seo\/ -->\n<title>Smilers\u00ae Story - Smilers<\/title>\n<meta name=\"description\" content=\"Smilers Story | O v\u00eddeo do tratamento ortod\u00f4ntico Smilers\u00ae antes e depois mostra um modelo da evolu\u00e7\u00e3o dos seus dentes.\" \/>\n<meta name=\"robots\" content=\"index, follow, max-snippet:-1, max-image-preview:large, max-video-preview:-1\" \/>\n<link rel=\"canonical\" href=\"https:\/\/www.smilers.com\/pt-pt\/smilers-story\/\" \/>\n<meta property=\"og:locale\" content=\"pt_PT\" \/>\n<meta property=\"og:type\" content=\"article\" \/>\n<meta property=\"og:title\" content=\"Smilers\u00ae Story - Smilers\" \/>\n<meta property=\"og:description\" content=\"Smilers Story | O v\u00eddeo do tratamento ortod\u00f4ntico Smilers\u00ae antes e depois mostra um modelo da evolu\u00e7\u00e3o dos seus dentes.\" \/>\n<meta property=\"og:url\" content=\"https:\/\/www.smilers.com\/pt-pt\/smilers-story\/\" \/>\n<meta property=\"og:site_name\" content=\"Smilers\" \/>\n<meta property=\"article:publisher\" content=\"https:\/\/www.facebook.com\/SmilersAligners\/\" \/>\n<meta property=\"article:modified_time\" content=\"2024-04-18T15:16:32+00:00\" \/>\n<meta name=\"twitter:card\" content=\"summary_large_image\" \/>\n<meta name=\"twitter:label1\" content=\"Tempo estimado de leitura\" \/>\n\t<meta name=\"twitter:data1\" content=\"2 minutos\" \/>\n<script type=\"application\/ld+json\" class=\"yoast-schema-graph\">{\"@context\":\"https:\/\/schema.org\",\"@graph\":[{\"@type\":\"WebPage\",\"@id\":\"https:\/\/www.smilers.com\/pt-pt\/smilers-story\/\",\"url\":\"https:\/\/www.smilers.com\/pt-pt\/smilers-story\/\",\"name\":\"Smilers\u00ae Story - Smilers\",\"isPartOf\":{\"@id\":\"https:\/\/www.smilers.com\/en\/#website\"},\"datePublished\":\"2021-12-13T15:24:16+00:00\",\"dateModified\":\"2024-04-18T15:16:32+00:00\",\"description\":\"Smilers Story | O v\u00eddeo do tratamento ortod\u00f4ntico Smilers\u00ae antes e depois mostra um modelo da evolu\u00e7\u00e3o dos seus dentes.\",\"breadcrumb\":{\"@id\":\"https:\/\/www.smilers.com\/pt-pt\/smilers-story\/#breadcrumb\"},\"inLanguage\":\"pt-PT\",\"potentialAction\":[{\"@type\":\"ReadAction\",\"target\":[\"https:\/\/www.smilers.com\/pt-pt\/smilers-story\/\"]}]},{\"@type\":\"BreadcrumbList\",\"@id\":\"https:\/\/www.smilers.com\/pt-pt\/smilers-story\/#breadcrumb\",\"itemListElement\":[{\"@type\":\"ListItem\",\"position\":1,\"name\":\"Accueil\",\"item\":\"https:\/\/www.smilers.com\/pt-pt\/\"},{\"@type\":\"ListItem\",\"position\":2,\"name\":\"Smilers\u00ae Story\"}]},{\"@type\":\"WebSite\",\"@id\":\"https:\/\/www.smilers.com\/en\/#website\",\"url\":\"https:\/\/www.smilers.com\/en\/\",\"name\":\"Smilers\",\"description\":\"Le sourire chic \u00e0 la fran\u00e7aise\",\"publisher\":{\"@id\":\"https:\/\/www.smilers.com\/en\/#organization\"},\"potentialAction\":[{\"@type\":\"SearchAction\",\"target\":{\"@type\":\"EntryPoint\",\"urlTemplate\":\"https:\/\/www.smilers.com\/en\/?s={search_term_string}\"},\"query-input\":\"required name=search_term_string\"}],\"inLanguage\":\"pt-PT\"},{\"@type\":\"Organization\",\"@id\":\"https:\/\/www.smilers.com\/en\/#organization\",\"name\":\"Smilers\",\"url\":\"https:\/\/www.smilers.com\/en\/\",\"logo\":{\"@type\":\"ImageObject\",\"inLanguage\":\"pt-PT\",\"@id\":\"https:\/\/www.smilers.com\/en\/#\/schema\/logo\/image\/\",\"url\":\"https:\/\/www.smilers.com\/wp-content\/uploads\/2021\/08\/logo-detoure-noir.png\",\"contentUrl\":\"https:\/\/www.smilers.com\/wp-content\/uploads\/2021\/08\/logo-detoure-noir.png\",\"width\":784,\"height\":169,\"caption\":\"Smilers\"},\"image\":{\"@id\":\"https:\/\/www.smilers.com\/en\/#\/schema\/logo\/image\/\"},\"sameAs\":[\"https:\/\/www.facebook.com\/SmilersAligners\/\",\"https:\/\/www.instagram.com\/smilers_aligners\/?hl=fr\",\"https:\/\/www.youtube.com\/channel\/UCBKtCNaiCfi8H-aHS7ZZdJQ\"]}]}<\/script>\n<!-- \/ Yoast SEO plugin. -->","yoast_head_json":{"title":"Smilers\u00ae Story - Smilers","description":"Smilers Story | O v\u00eddeo do tratamento ortod\u00f4ntico Smilers\u00ae antes e depois mostra um modelo da evolu\u00e7\u00e3o dos seus dentes.","robots":{"index":"index","follow":"follow","max-snippet":"max-snippet:-1","max-image-preview":"max-image-preview:large","max-video-preview":"max-video-preview:-1"},"canonical":"https:\/\/www.smilers.com\/pt-pt\/smilers-story\/","og_locale":"pt_PT","og_type":"article","og_title":"Smilers\u00ae Story - Smilers","og_description":"Smilers Story | O v\u00eddeo do tratamento ortod\u00f4ntico Smilers\u00ae antes e depois mostra um modelo da evolu\u00e7\u00e3o dos seus dentes.","og_url":"https:\/\/www.smilers.com\/pt-pt\/smilers-story\/","og_site_name":"Smilers","article_publisher":"https:\/\/www.facebook.com\/SmilersAligners\/","article_modified_time":"2024-04-18T15:16:32+00:00","twitter_card":"summary_large_image","twitter_misc":{"Tempo estimado de leitura":"2 minutos"},"schema":{"@context":"https:\/\/schema.org","@graph":[{"@type":"WebPage","@id":"https:\/\/www.smilers.com\/pt-pt\/smilers-story\/","url":"https:\/\/www.smilers.com\/pt-pt\/smilers-story\/","name":"Smilers\u00ae Story - Smilers","isPartOf":{"@id":"https:\/\/www.smilers.com\/en\/#website"},"datePublished":"2021-12-13T15:24:16+00:00","dateModified":"2024-04-18T15:16:32+00:00","description":"Smilers Story | O v\u00eddeo do tratamento ortod\u00f4ntico Smilers\u00ae antes e depois mostra um modelo da evolu\u00e7\u00e3o dos seus dentes.","breadcrumb":{"@id":"https:\/\/www.smilers.com\/pt-pt\/smilers-story\/#breadcrumb"},"inLanguage":"pt-PT","potentialAction":[{"@type":"ReadAction","target":["https:\/\/www.smilers.com\/pt-pt\/smilers-story\/"]}]},{"@type":"BreadcrumbList","@id":"https:\/\/www.smilers.com\/pt-pt\/smilers-story\/#breadcrumb","itemListElement":[{"@type":"ListItem","position":1,"name":"Accueil","item":"https:\/\/www.smilers.com\/pt-pt\/"},{"@type":"ListItem","position":2,"name":"Smilers\u00ae Story"}]},{"@type":"WebSite","@id":"https:\/\/www.smilers.com\/en\/#website","url":"https:\/\/www.smilers.com\/en\/","name":"Smilers","description":"Le sourire chic \u00e0 la fran\u00e7aise","publisher":{"@id":"https:\/\/www.smilers.com\/en\/#organization"},"potentialAction":[{"@type":"SearchAction","target":{"@type":"EntryPoint","urlTemplate":"https:\/\/www.smilers.com\/en\/?s={search_term_string}"},"query-input":"required name=search_term_string"}],"inLanguage":"pt-PT"},{"@type":"Organization","@id":"https:\/\/www.smilers.com\/en\/#organization","name":"Smilers","url":"https:\/\/www.smilers.com\/en\/","logo":{"@type":"ImageObject","inLanguage":"pt-PT","@id":"https:\/\/www.smilers.com\/en\/#\/schema\/logo\/image\/","url":"https:\/\/www.smilers.com\/wp-content\/uploads\/2021\/08\/logo-detoure-noir.png","contentUrl":"https:\/\/www.smilers.com\/wp-content\/uploads\/2021\/08\/logo-detoure-noir.png","width":784,"height":169,"caption":"Smilers"},"image":{"@id":"https:\/\/www.smilers.com\/en\/#\/schema\/logo\/image\/"},"sameAs":["https:\/\/www.facebook.com\/SmilersAligners\/","https:\/\/www.instagram.com\/smilers_aligners\/?hl=fr","https:\/\/www.youtube.com\/channel\/UCBKtCNaiCfi8H-aHS7ZZdJQ"]}]}},"_links":{"self":[{"href":"https:\/\/www.smilers.com\/pt-pt\/wp-json\/wp\/v2\/pages\/4444","targetHints":{"allow":["GET"]}}],"collection":[{"href":"https:\/\/www.smilers.com\/pt-pt\/wp-json\/wp\/v2\/pages"}],"about":[{"href":"https:\/\/www.smilers.com\/pt-pt\/wp-json\/wp\/v2\/types\/page"}],"author":[{"embeddable":true,"href":"https:\/\/www.smilers.com\/pt-pt\/wp-json\/wp\/v2\/users\/1"}],"replies":[{"embeddable":true,"href":"https:\/\/www.smilers.com\/pt-pt\/wp-json\/wp\/v2\/comments?post=4444"}],"version-history":[{"count":5,"href":"https:\/\/www.smilers.com\/pt-pt\/wp-json\/wp\/v2\/pages\/4444\/revisions"}],"predecessor-version":[{"id":6782,"href":"https:\/\/www.smilers.com\/pt-pt\/wp-json\/wp\/v2\/pages\/4444\/revisions\/6782"}],"wp:attachment":[{"href":"https:\/\/www.smilers.com\/pt-pt\/wp-json\/wp\/v2\/media?parent=4444"}],"curies":[{"name":"wp","href":"https:\/\/api.w.org\/{rel}","templated":true}]}}