{"id":4470,"date":"2021-12-13T16:31:57","date_gmt":"2021-12-13T15:31:57","guid":{"rendered":"https:\/\/www.smilers.com\/acelere-o-tratamento\/"},"modified":"2024-04-18T15:20:30","modified_gmt":"2024-04-18T13:20:30","slug":"acelere-o-tratamento","status":"publish","type":"page","link":"https:\/\/www.smilers.com\/pt-pt\/acelere-o-tratamento\/","title":{"rendered":"Acelere o tratamento"},"content":{"rendered":"<p>[vc_row content_placement=&#8221;middle&#8221; use_container=&#8221;yes&#8221; conter_content=&#8221;yes&#8221;][vc_column css_animation=&#8221;none&#8221; width=&#8221;5\/6&#8243; offset=&#8221;vc_col-lg-offset-0 vc_col-lg-7 vc_col-md-offset-1 vc_col-md-10 vc_col-sm-offset-1 vc_col-xs-12&#8243;][ts_side_image_left_custom image=&#8221;1714&#8243;][\/vc_column][vc_column css_animation=&#8221;fadeInRight&#8221; width=&#8221;5\/6&#8243; el_class=&#8221;side-text-column&#8221; offset=&#8221;vc_col-lg-offset-0 vc_col-lg-5 vc_col-md-offset-1 vc_col-md-10 vc_col-sm-offset-1 vc_col-xs-12&#8243;][ts_side_text_block_atp position=&#8221;right&#8221; new_tab=&#8221;yes&#8221; title=&#8221;Fotobiomodula\u00e7\u00e3o: <strong>ATP38\u00ae<\/strong>&#8221; image=&#8221;1801&#8243; link=&#8221;https:\/\/www.atp38.com\/patient&#8221;]Acelere o seu <a href=\"https:\/\/www.smilers.com\/pt-pt\/o-meu-dia-a-dia\/\">tratamento ortod\u00f4ntico Smilers\u00ae com a fotobiomodula\u00e7\u00e3o<\/a>. Como funciona em concreto?[\/ts_side_text_block_atp][\/vc_column][\/vc_row][vc_row content_placement=&#8221;middle&#8221; el_class=&#8221;photobiostim right-article-no-hover&#8221;][vc_column offset=&#8221;vc_col-lg-offset-0 vc_col-lg-8 vc_col-md-6 vc_col-xs-12&#8243;][\/vc_column][vc_column css_animation=&#8221;fadeInRight&#8221; offset=&#8221;vc_col-lg-4 vc_col-md-6 vc_col-xs-12&#8243; el_class=&#8221;right-article-no-hover&#8221; css=&#8221;.vc_custom_1630593581231{padding-right: 0px !important;padding-left: 0px !important;}&#8221;][ts_right_article]<\/p>\n<p style=\"text-align: left;\">A <strong>fotobiomodula\u00e7\u00e3o &#8211; ou Low Light Level Therapy (LLLT)<\/strong> &#8211; \u00e9 um modo de tratamento at\u00e9rmico e n\u00e3o invasivo que assenta na utiliza\u00e7\u00e3o de <strong>sete comprimentos de ondas diferentes<\/strong> correspondente a um campo de a\u00e7\u00e3o muito preciso. Os fot\u00f5es penetram na pele e s\u00e3o absorvidos pelas c\u00e9lulas. Esta <strong>produ\u00e7\u00e3o de energia <\/strong> contribui, desta forma, para a <strong>regenera\u00e7\u00e3o celular<\/strong>. Esta aplica\u00e7\u00e3o cient\u00edfica da luz nas zonas do corpo permite:<\/p>\n<ul style=\"text-align: left;\">\n<li><strong>Aliviar a dor<\/strong><\/li>\n<li><strong>Acelerar a cicatriza\u00e7\u00e3o<\/strong><\/li>\n<li><strong>Tratar a inflama\u00e7\u00e3o.<\/strong><\/li>\n<\/ul>\n<p style=\"text-align: left;\">Caso o seu dentista trabalhe com um aparelho de fotoestimula\u00e7\u00e3o, pode beneficiar da acelera\u00e7\u00e3o do seu tratamento ortod\u00f4ntico Smilers\u00ae!<\/p>\n<p style=\"text-align: left;\">Independentemente da sua idade, qualquer pessoa pode realizar um tratamento, exceto em casos particulares: n\u00e3o hesite em aconselhar-se com o seu m\u00e9dico-dentista sobre as precau\u00e7\u00f5es e contraindica\u00e7\u00f5es.<\/p>\n<p>[\/ts_right_article][\/vc_column][\/vc_row][vc_row content_placement=&#8221;middle&#8221; use_container=&#8221;yes&#8221; conter_content=&#8221;yes&#8221; el_class=&#8221;hide-on-mobile&#8221;][vc_column css_animation=&#8221;fadeInLeft&#8221; width=&#8221;5\/12&#8243; el_class=&#8221;side-text-column&#8221; offset=&#8221;vc_hidden-md vc_hidden-sm vc_hidden-xs&#8221;][ts_side_text_block_atp position=&#8221;left&#8221; title=&#8221;<strong>Redu\u00e7\u00e3o da dura\u00e7\u00e3o do tratamento<\/strong>&#8221; image=&#8221;1801&#8243;]<\/p>\n<div>Estudos cl\u00ednicos[1] [2]demonstram que as sess\u00f5es de fotoestimula\u00e7\u00e3o podem permitir reduzir a dura\u00e7\u00e3o de um tratamento ortod\u00f4ntico.<\/div>\n<p>[\/ts_side_text_block_atp][\/vc_column][vc_column width=&#8221;7\/12&#8243; offset=&#8221;vc_hidden-md vc_hidden-sm vc_hidden-xs&#8221;][ts_side_image_left_custom image=&#8221;1699&#8243;][\/vc_column][vc_column][ts_about_text_content]<\/p>\n<div class=\"note\"><em>[1]Al-Dboush, Ra\u2019ed, Anahita Naseri Esfahani, et Tarek El-Bialy. \u00abImpact of photobiomodulation and low-intensity pulsed ultrasound adjunctive interventions on orthodontic treatment duration during clear aligner therapy\u00bb: The Angle Orthodontist 91, n\u1d52 5 (septembre 2021): 619 25. &#8211; [2]Caccianiga, G., C. Crestale, M. Cozzani, A. Piras, S. Mutinelli, A. Lo Giudice, et G. Cordasco. \u00abLow-Level Laser Therapy and Invisible Removal Aligners\u00bb. Journal of Biological Regulators and Homeostatic Agents 30, n\u1d52 2 Suppl 1 (juin 2016): 107 13.<\/em><\/div>\n<p>[\/ts_about_text_content][\/vc_column][\/vc_row][vc_row content_placement=&#8221;middle&#8221; use_container=&#8221;yes&#8221; conter_content=&#8221;yes&#8221; el_class=&#8221;hide-on-desktop&#8221;][vc_column width=&#8221;5\/6&#8243; offset=&#8221;vc_col-lg-offset-0 vc_col-lg-8 vc_hidden-lg vc_col-md-offset-1 vc_col-md-10 vc_col-sm-offset-1 vc_col-xs-12&#8243;][ts_side_image_left_custom image=&#8221;1699&#8243;][\/vc_column][vc_column css_animation=&#8221;fadeInRight&#8221; width=&#8221;5\/6&#8243; el_class=&#8221;side-text-column&#8221; offset=&#8221;vc_col-lg-offset-0 vc_col-lg-4 vc_hidden-lg vc_col-md-offset-1 vc_col-md-10 vc_col-sm-offset-1 vc_col-xs-12&#8243;][ts_side_text_block_atp position=&#8221;left&#8221; title=&#8221;<strong>Redu\u00e7\u00e3o da dura\u00e7\u00e3o do tratamento<\/strong>&#8221; image=&#8221;1801&#8243;]<\/p>\n<div>Estudos cl\u00ednicos[1] [2]demonstram que as sess\u00f5es de fotoestimula\u00e7\u00e3o podem permitir reduzir a dura\u00e7\u00e3o de um tratamento ortod\u00f4ntico.<\/div>\n<p>[\/ts_side_text_block_atp][\/vc_column][vc_column][ts_about_text_content]<\/p>\n<div class=\"note\"><em>[1]Al-Dboush, Ra\u2019ed, Anahita Naseri Esfahani, et Tarek El-Bialy. \u00abImpact of photobiomodulation and low-intensity pulsed ultrasound adjunctive interventions on orthodontic treatment duration during clear aligner therapy\u00bb: The Angle Orthodontist 91, n\u1d52 5 (septembre 2021): 619 25. &#8211; [2]Caccianiga, G., C. Crestale, M. Cozzani, A. Piras, S. Mutinelli, A. Lo Giudice, et G. Cordasco. \u00abLow-Level Laser Therapy and Invisible Removal Aligners\u00bb. Journal of Biological Regulators and Homeostatic Agents 30, n\u1d52 2 Suppl 1 (juin 2016): 107 13.<\/em><\/div>\n<p>[\/ts_about_text_content][\/vc_column][\/vc_row][vc_row full_width=&#8221;stretch_row_content_no_spaces&#8221; content_placement=&#8221;middle&#8221; css=&#8221;.vc_custom_1632840733229{background-color: #040303 !important;}&#8221;][vc_column width=&#8221;1\/2&#8243; css=&#8221;.vc_custom_1632840675368{background-color: #040303 !important;}&#8221;][ts_about_text_content]<\/p>\n<h3 style=\"text-align: center; color: white;\"><a href=\"https:\/\/www.atp38.com\/patient\">ATP38\u00ae<\/a>, o aliado de Madonna<\/h3>\n<p style=\"text-align: center;\"><img loading=\"lazy\" decoding=\"async\" class=\"size-full wp-image-3116 aligncenter\" src=\"https:\/\/www.smilers.com\/wp-content\/uploads\/2021\/06\/separateur-gold.jpg\" alt=\"\" width=\"150\" height=\"4\" \/><\/p>\n<p>[\/ts_about_text_content][\/vc_column][vc_column width=&#8221;1\/2&#8243; css=&#8221;.vc_custom_1632840455348{background-color: #040303 !important;}&#8221;][ts_video_custom autoplay=&#8221;yes&#8221; video_url=&#8221;https:\/\/www.smilers.com\/wp-content\/uploads\/2021\/09\/smilers_madonna.mov&#8221; video_class=&#8221;w-100&#8243;][\/vc_column][\/vc_row]<\/p>\n","protected":false},"excerpt":{"rendered":"<p>[vc_row content_placement=&#8221;middle&#8221; use_container=&#8221;yes&#8221; conter_content=&#8221;yes&#8221;][vc_column css_animation=&#8221;none&#8221; width=&#8221;5\/6&#8243; offset=&#8221;vc_col-lg-offset-0 vc_col-lg-7 vc_col-md-offset-1 vc_col-md-10 vc_col-sm-offset-1 vc_col-xs-12&#8243;][ts_side_image_left_custom image=&#8221;1714&#8243;][\/vc_column][vc_column css_animation=&#8221;fadeInRight&#8221; width=&#8221;5\/6&#8243; el_class=&#8221;side-text-column&#8221; offset=&#8221;vc_col-lg-offset-0 vc_col-lg-5 vc_col-md-offset-1 vc_col-md-10 vc_col-sm-offset-1 vc_col-xs-12&#8243;][ts_side_text_block_atp position=&#8221;right&#8221; new_tab=&#8221;yes&#8221; title=&#8221;Fotobiomodula\u00e7\u00e3o: ATP38\u00ae&#8221; image=&#8221;1801&#8243; link=&#8221;https:\/\/www.atp38.com\/patient&#8221;]Acelere o seu tratamento ortod\u00f4ntico Smilers\u00ae com a fotobiomodula\u00e7\u00e3o. Como funciona em concreto?[\/ts_side_text_block_atp][\/vc_column][\/vc_row][vc_row content_placement=&#8221;middle&#8221; el_class=&#8221;photobiostim right-article-no-hover&#8221;][vc_column offset=&#8221;vc_col-lg-offset-0 vc_col-lg-8 vc_col-md-6 vc_col-xs-12&#8243;][\/vc_column][vc_column css_animation=&#8221;fadeInRight&#8221; offset=&#8221;vc_col-lg-4 vc_col-md-6 vc_col-xs-12&#8243; el_class=&#8221;right-article-no-hover&#8221; css=&#8221;.vc_custom_1630593581231{padding-right: 0px !important;padding-left: [&hellip;]<\/p>\n","protected":false},"author":1,"featured_media":0,"parent":0,"menu_order":0,"comment_status":"closed","ping_status":"closed","template":"page-portfolio.php","meta":{"pgc_sgb_lightbox_settings":"","footnotes":""},"class_list":["post-4470","page","type-page","status-publish","hentry"],"yoast_head":"<!-- This site is optimized with the Yoast SEO plugin v22.0 - https:\/\/yoast.com\/wordpress\/plugins\/seo\/ -->\n<title>Acelere o tratamento - Smilers<\/title>\n<meta name=\"description\" content=\"Acelerar o tratamento | ATP38 | Fotobiomodula\u00e7\u00e3o | Descubra como acelerar e curar mais rapidamente o seu tratamento dent\u00e1rio\" \/>\n<meta name=\"robots\" content=\"index, follow, max-snippet:-1, max-image-preview:large, max-video-preview:-1\" \/>\n<link rel=\"canonical\" href=\"https:\/\/www.smilers.com\/pt-pt\/acelere-o-tratamento\/\" \/>\n<meta property=\"og:locale\" content=\"pt_PT\" \/>\n<meta property=\"og:type\" content=\"article\" \/>\n<meta property=\"og:title\" content=\"Acelere o tratamento - Smilers\" \/>\n<meta property=\"og:description\" content=\"Acelerar o tratamento | ATP38 | Fotobiomodula\u00e7\u00e3o | Descubra como acelerar e curar mais rapidamente o seu tratamento dent\u00e1rio\" \/>\n<meta property=\"og:url\" content=\"https:\/\/www.smilers.com\/pt-pt\/acelere-o-tratamento\/\" \/>\n<meta property=\"og:site_name\" content=\"Smilers\" \/>\n<meta property=\"article:publisher\" content=\"https:\/\/www.facebook.com\/SmilersAligners\/\" \/>\n<meta property=\"article:modified_time\" content=\"2024-04-18T13:20:30+00:00\" \/>\n<meta property=\"og:image\" content=\"https:\/\/www.smilers.com\/wp-content\/uploads\/2021\/06\/separateur-gold.jpg\" \/>\n<meta name=\"twitter:card\" content=\"summary_large_image\" \/>\n<meta name=\"twitter:label1\" content=\"Tempo estimado de leitura\" \/>\n\t<meta name=\"twitter:data1\" content=\"3 minutos\" \/>\n<script type=\"application\/ld+json\" class=\"yoast-schema-graph\">{\"@context\":\"https:\/\/schema.org\",\"@graph\":[{\"@type\":\"WebPage\",\"@id\":\"https:\/\/www.smilers.com\/pt-pt\/acelere-o-tratamento\/\",\"url\":\"https:\/\/www.smilers.com\/pt-pt\/acelere-o-tratamento\/\",\"name\":\"Acelere o tratamento - Smilers\",\"isPartOf\":{\"@id\":\"https:\/\/www.smilers.com\/en\/#website\"},\"datePublished\":\"2021-12-13T15:31:57+00:00\",\"dateModified\":\"2024-04-18T13:20:30+00:00\",\"description\":\"Acelerar o tratamento | ATP38 | Fotobiomodula\u00e7\u00e3o | Descubra como acelerar e curar mais rapidamente o seu tratamento dent\u00e1rio\",\"breadcrumb\":{\"@id\":\"https:\/\/www.smilers.com\/pt-pt\/acelere-o-tratamento\/#breadcrumb\"},\"inLanguage\":\"pt-PT\",\"potentialAction\":[{\"@type\":\"ReadAction\",\"target\":[\"https:\/\/www.smilers.com\/pt-pt\/acelere-o-tratamento\/\"]}]},{\"@type\":\"BreadcrumbList\",\"@id\":\"https:\/\/www.smilers.com\/pt-pt\/acelere-o-tratamento\/#breadcrumb\",\"itemListElement\":[{\"@type\":\"ListItem\",\"position\":1,\"name\":\"Accueil\",\"item\":\"https:\/\/www.smilers.com\/pt-pt\/\"},{\"@type\":\"ListItem\",\"position\":2,\"name\":\"Acelere o tratamento\"}]},{\"@type\":\"WebSite\",\"@id\":\"https:\/\/www.smilers.com\/en\/#website\",\"url\":\"https:\/\/www.smilers.com\/en\/\",\"name\":\"Smilers\",\"description\":\"Le sourire chic \u00e0 la fran\u00e7aise\",\"publisher\":{\"@id\":\"https:\/\/www.smilers.com\/en\/#organization\"},\"potentialAction\":[{\"@type\":\"SearchAction\",\"target\":{\"@type\":\"EntryPoint\",\"urlTemplate\":\"https:\/\/www.smilers.com\/en\/?s={search_term_string}\"},\"query-input\":\"required name=search_term_string\"}],\"inLanguage\":\"pt-PT\"},{\"@type\":\"Organization\",\"@id\":\"https:\/\/www.smilers.com\/en\/#organization\",\"name\":\"Smilers\",\"url\":\"https:\/\/www.smilers.com\/en\/\",\"logo\":{\"@type\":\"ImageObject\",\"inLanguage\":\"pt-PT\",\"@id\":\"https:\/\/www.smilers.com\/en\/#\/schema\/logo\/image\/\",\"url\":\"https:\/\/www.smilers.com\/wp-content\/uploads\/2021\/08\/logo-detoure-noir.png\",\"contentUrl\":\"https:\/\/www.smilers.com\/wp-content\/uploads\/2021\/08\/logo-detoure-noir.png\",\"width\":784,\"height\":169,\"caption\":\"Smilers\"},\"image\":{\"@id\":\"https:\/\/www.smilers.com\/en\/#\/schema\/logo\/image\/\"},\"sameAs\":[\"https:\/\/www.facebook.com\/SmilersAligners\/\",\"https:\/\/www.instagram.com\/smilers_aligners\/?hl=fr\",\"https:\/\/www.youtube.com\/channel\/UCBKtCNaiCfi8H-aHS7ZZdJQ\"]}]}<\/script>\n<!-- \/ Yoast SEO plugin. -->","yoast_head_json":{"title":"Acelere o tratamento - Smilers","description":"Acelerar o tratamento | ATP38 | Fotobiomodula\u00e7\u00e3o | Descubra como acelerar e curar mais rapidamente o seu tratamento dent\u00e1rio","robots":{"index":"index","follow":"follow","max-snippet":"max-snippet:-1","max-image-preview":"max-image-preview:large","max-video-preview":"max-video-preview:-1"},"canonical":"https:\/\/www.smilers.com\/pt-pt\/acelere-o-tratamento\/","og_locale":"pt_PT","og_type":"article","og_title":"Acelere o tratamento - Smilers","og_description":"Acelerar o tratamento | ATP38 | Fotobiomodula\u00e7\u00e3o | Descubra como acelerar e curar mais rapidamente o seu tratamento dent\u00e1rio","og_url":"https:\/\/www.smilers.com\/pt-pt\/acelere-o-tratamento\/","og_site_name":"Smilers","article_publisher":"https:\/\/www.facebook.com\/SmilersAligners\/","article_modified_time":"2024-04-18T13:20:30+00:00","og_image":[{"url":"https:\/\/www.smilers.com\/wp-content\/uploads\/2021\/06\/separateur-gold.jpg"}],"twitter_card":"summary_large_image","twitter_misc":{"Tempo estimado de leitura":"3 minutos"},"schema":{"@context":"https:\/\/schema.org","@graph":[{"@type":"WebPage","@id":"https:\/\/www.smilers.com\/pt-pt\/acelere-o-tratamento\/","url":"https:\/\/www.smilers.com\/pt-pt\/acelere-o-tratamento\/","name":"Acelere o tratamento - Smilers","isPartOf":{"@id":"https:\/\/www.smilers.com\/en\/#website"},"datePublished":"2021-12-13T15:31:57+00:00","dateModified":"2024-04-18T13:20:30+00:00","description":"Acelerar o tratamento | ATP38 | Fotobiomodula\u00e7\u00e3o | Descubra como acelerar e curar mais rapidamente o seu tratamento dent\u00e1rio","breadcrumb":{"@id":"https:\/\/www.smilers.com\/pt-pt\/acelere-o-tratamento\/#breadcrumb"},"inLanguage":"pt-PT","potentialAction":[{"@type":"ReadAction","target":["https:\/\/www.smilers.com\/pt-pt\/acelere-o-tratamento\/"]}]},{"@type":"BreadcrumbList","@id":"https:\/\/www.smilers.com\/pt-pt\/acelere-o-tratamento\/#breadcrumb","itemListElement":[{"@type":"ListItem","position":1,"name":"Accueil","item":"https:\/\/www.smilers.com\/pt-pt\/"},{"@type":"ListItem","position":2,"name":"Acelere o tratamento"}]},{"@type":"WebSite","@id":"https:\/\/www.smilers.com\/en\/#website","url":"https:\/\/www.smilers.com\/en\/","name":"Smilers","description":"Le sourire chic \u00e0 la fran\u00e7aise","publisher":{"@id":"https:\/\/www.smilers.com\/en\/#organization"},"potentialAction":[{"@type":"SearchAction","target":{"@type":"EntryPoint","urlTemplate":"https:\/\/www.smilers.com\/en\/?s={search_term_string}"},"query-input":"required name=search_term_string"}],"inLanguage":"pt-PT"},{"@type":"Organization","@id":"https:\/\/www.smilers.com\/en\/#organization","name":"Smilers","url":"https:\/\/www.smilers.com\/en\/","logo":{"@type":"ImageObject","inLanguage":"pt-PT","@id":"https:\/\/www.smilers.com\/en\/#\/schema\/logo\/image\/","url":"https:\/\/www.smilers.com\/wp-content\/uploads\/2021\/08\/logo-detoure-noir.png","contentUrl":"https:\/\/www.smilers.com\/wp-content\/uploads\/2021\/08\/logo-detoure-noir.png","width":784,"height":169,"caption":"Smilers"},"image":{"@id":"https:\/\/www.smilers.com\/en\/#\/schema\/logo\/image\/"},"sameAs":["https:\/\/www.facebook.com\/SmilersAligners\/","https:\/\/www.instagram.com\/smilers_aligners\/?hl=fr","https:\/\/www.youtube.com\/channel\/UCBKtCNaiCfi8H-aHS7ZZdJQ"]}]}},"_links":{"self":[{"href":"https:\/\/www.smilers.com\/pt-pt\/wp-json\/wp\/v2\/pages\/4470","targetHints":{"allow":["GET"]}}],"collection":[{"href":"https:\/\/www.smilers.com\/pt-pt\/wp-json\/wp\/v2\/pages"}],"about":[{"href":"https:\/\/www.smilers.com\/pt-pt\/wp-json\/wp\/v2\/types\/page"}],"author":[{"embeddable":true,"href":"https:\/\/www.smilers.com\/pt-pt\/wp-json\/wp\/v2\/users\/1"}],"replies":[{"embeddable":true,"href":"https:\/\/www.smilers.com\/pt-pt\/wp-json\/wp\/v2\/comments?post=4470"}],"version-history":[{"count":10,"href":"https:\/\/www.smilers.com\/pt-pt\/wp-json\/wp\/v2\/pages\/4470\/revisions"}],"predecessor-version":[{"id":4647,"href":"https:\/\/www.smilers.com\/pt-pt\/wp-json\/wp\/v2\/pages\/4470\/revisions\/4647"}],"wp:attachment":[{"href":"https:\/\/www.smilers.com\/pt-pt\/wp-json\/wp\/v2\/media?parent=4470"}],"curies":[{"name":"wp","href":"https:\/\/api.w.org\/{rel}","templated":true}]}}