{"id":4476,"date":"2021-12-13T16:34:09","date_gmt":"2021-12-13T15:34:09","guid":{"rendered":"https:\/\/www.smilers.com\/mencoes-legais\/"},"modified":"2025-08-04T10:11:21","modified_gmt":"2025-08-04T08:11:21","slug":"mencoes-legais","status":"publish","type":"page","link":"https:\/\/www.smilers.com\/pt-pt\/mencoes-legais\/","title":{"rendered":"Men\u00e7\u00f5es legais"},"content":{"rendered":"<p>[vc_row][vc_column][vc_column_text]<\/p>\n<p style=\"text-align: center;\"><strong>Men\u00e7\u00f5es legais Smilers\u00ae<\/strong><\/p>\n<p>\u2028Est\u00e1, de momento, conectado ao site da Biotech Dental Smilers. 305, All\u00e9es de Craponne &#8211; 13300 Salon de Provence &#8211; Fran\u00e7a. S.A.S com capital de 125 000 \u20ac. RCS Salon de Provence: 801 674 375 &#8211; SIRET: 801 674 375 00010 &#8211; N.\u00ba IVA: FR 93 80 167 437 5. Imagens n\u00e3o contratuais.<\/p>\n<p>Fabricante: Biotech Dental Smilers. Dispositivos m\u00e9dicos por medida de classe IIa, destinados ao alinhamento dent\u00e1rio. Ler atentamente as instru\u00e7\u00f5es presentes no manual. N\u00e3o reembolsado pela Seguran\u00e7a Social.<br \/>\nDirigente: Philippe VERAN<br \/>\nDiretor da Publica\u00e7\u00e3o: Philippe VERAN<\/p>\n<p><strong>Conce\u00e7\u00e3o e desenvolvimento do site<\/strong><br \/>\nGrupo Biotech Dental Smilers<\/p>\n<p><strong>Servidor<\/strong><br \/>\nJulien\/Vivien: Indique aqui o nome e os dados do nosso servidor Smilers\u00ae.<\/p>\n<p><strong>Direitos de propriedade intelectual<\/strong><br \/>\nOs produtos, nomes de produtos ou de servi\u00e7os, os logotipos, imagens, v\u00eddeos, documentos&#8230; e qualquer outro s\u00edmbolo distintivo da empresa Biotech Dental, que s\u00e3o apresentados no Site s\u00e3o protegidos pelas leis francesas, europeias ou qualquer outra lei aplic\u00e1vel.<\/p>\n<p>Qualquer utiliza\u00e7\u00e3o ou reprodu\u00e7\u00e3o n\u00e3o autorizada \u00e9 estritamente proibida.<\/p>\n<p><strong>Links externos<\/strong><br \/>\nEste site cont\u00e9m links para sites de terceiros (\u00ablinks externos\u00bb). Estes sites s\u00e3o responsabilidade do seu respetivo operador. A presen\u00e7a de links externos no site n\u00e3o significa que a Biotech Dental subscreva os conte\u00fados presentes nas hiperliga\u00e7\u00f5es. Na primeira liga\u00e7\u00e3o, a Biotech Dental verificou que os conte\u00fados associados aos links externos n\u00e3o violam a legisla\u00e7\u00e3o em vigor. At\u00e9 agora, n\u00e3o foi constatada qualquer viola\u00e7\u00e3o da lei. A Biotech Dental n\u00e3o tem influ\u00eancia na conce\u00e7\u00e3o atual e futura nem nos conte\u00fados das p\u00e1ginas associadas. Em contrapartida, em caso de viola\u00e7\u00e3o da lei comunicada ao grupo, a Biotech Dental elimina os links correspondentes o mais rapidamente poss\u00edvel.<\/p>\n<p><strong>Dados pessoais <\/strong><\/p>\n<p>Perante o desenvolvimento das novas ferramentas de comunica\u00e7\u00e3o, \u00e9 necess\u00e1rio prestar uma aten\u00e7\u00e3o especial \u00e0 prote\u00e7\u00e3o da vida privada. A Biotech Dental Smilers\u00ae, na sua qualidade de respons\u00e1vel pelo tratamento, compromete-se a respeitar a confidencialidade das informa\u00e7\u00f5es pessoais que recolhe e a legisla\u00e7\u00e3o em vigor quanto ao tratamento dos dados pessoais, nomeadamente o Regulamento Geral sobre a Prote\u00e7\u00e3o dos Dados pessoais europeu n.\u00ba 2016\/679 (\u00abRGPD\u00bb). A presente pol\u00edtica (bem como as nossas condi\u00e7\u00f5es gerais de venda) tem como objetivo inform\u00e1-lo sobre as nossas pr\u00e1ticas relativamente \u00e0 recolha, utiliza\u00e7\u00e3o e partilha das informa\u00e7\u00f5es que nos fornece atrav\u00e9s da nossa plataforma acess\u00edvel a partir do site https:\/\/www.smilers.com (doravante denominado, o \u00abSite\u00bb). Apresenta a forma como tratamos os dados pessoais que recolhemos e que nos fornece. Recomendamos que a leia atentamente.<\/p>\n<p><strong>1.Informa\u00e7\u00f5es recolhidas<\/strong><br \/>\nQuando utiliza o nosso Site, transmite-nos informa\u00e7\u00f5es, nomeadamente para identific\u00e1-lo (os \u00abDados Pessoais\u00bb). Podem, nomeadamente, incluir:<\/p>\n<ul>\n<li style=\"list-style-type: none;\">\n<ul>\n<li>Os dados necess\u00e1rios para a inscri\u00e7\u00e3o no servi\u00e7o fornecido no nosso site. Estes dados s\u00e3o, nomeadamente, o seu nome e apelido, e-mail, morada, sexo, n\u00famero de telefone e palavra-passe. Estas informa\u00e7\u00f5es s\u00e3o obrigat\u00f3rias. Caso contr\u00e1rio, n\u00e3o podemos fornecer os produtos e\/ou servi\u00e7os propostos pelo nosso Site e n\u00e3o ser\u00e1 autorizado a criar uma conta no nosso Site.<\/li>\n<li>Dados relativamente aos pedidos de informa\u00e7\u00f5es. Quando nos envia uma quest\u00e3o, por e-mail ou por telefone, podemos recolher o seu nome e e-mail. Estas informa\u00e7\u00f5es permitem-nos responder \u00e0 sua quest\u00e3o e entrar em contacto consigo.<\/li>\n<li>Dados relativos \u00e0 sua utiliza\u00e7\u00e3o dos nossos servi\u00e7os online. Os nossos servi\u00e7os online recolhem dados de navega\u00e7\u00e3o que permitir identificar o seu dispositivo quando consulta o nosso Site. Neste caso, podemos recolher o seu endere\u00e7o de IP do dispositivo ligado \u00e0 internet, o tipo de navegador e o sistema operativo utilizado, bem como outros dados tratados automaticamente tal como o seu fornecedor de servi\u00e7os de internet, o site a partir do qual acede ao nosso Site, o n\u00famero de p\u00e1ginas consultadas no nosso Site, a utiliza\u00e7\u00e3o do nosso Site, a dura\u00e7\u00e3o de consulta de cada p\u00e1gina do nosso Site, etc. Estes dados podem ser utilizados para garantir o funcionamento do nosso Site, a cria\u00e7\u00e3o dos nossos servi\u00e7os e o acompanhamento da an\u00e1lise da utiliza\u00e7\u00e3o do nosso Site. A presente sec\u00e7\u00e3o fornece exemplos de dados pessoais que podemos recolher no nosso Site e a poss\u00edvel utiliza\u00e7\u00e3o destes dados pessoais. Se n\u00e3o desejar que recolhemos os seus dados pessoais, n\u00e3o os indique, n\u00e3o utilize os nossos servi\u00e7os e n\u00e3o aceda ao nosso Site. Com o seu consentimento pr\u00e9vio, podemos transmitir os seus dados pessoais aos nossos parceiros comerciais, membros do grupo Biotech Dental.<\/li>\n<\/ul>\n<\/li>\n<\/ul>\n<p><strong>2. Respons\u00e1vel pelo tratamento dos dados pessoais<\/strong><br \/>\nO respons\u00e1vel pelo tratamento dos seus dados pessoais \u00e9: Biotech Dental Smilers, 305, All\u00e9es de Craponne &#8211; 13300 Salon de Provence &#8211; Fran\u00e7a. S.A.S com capital de 125 000 \u20ac<br \/>\nRCS Salon de Provence: 801 674 375 &#8211; SIRET: 801 674 375 00010 &#8211; N.\u00ba IVA: FR 93 80 167 437 5<br \/>\nE-mail de contacto: info@smilers.com<br \/>\nN\u00famero de telefone: +33 (0)4 13 22 82 40<br \/>\nO nosso delegado da prote\u00e7\u00e3o dos dados \u00e9: Aur\u00e9lia DUBOIS (<a href=\"mailto:dpo.bd@biotech-dental.com\">dpo.bd@biotech-dental.com<\/a>).<\/p>\n<p><strong>3. Modalidade de recolha dos dados pessoais<\/strong><br \/>\nRecolha passiva: quando consulta e navega no nosso Site, a recolha de dados pessoais pode ser realizada de forma passiva visto que n\u00e3o \u00e9 informado de que os dados em quest\u00e3o s\u00e3o recolhidos durantes estas consultas. As informa\u00e7\u00f5es recolhidas podem, nomeadamente, incluir os seguintes elementos: endere\u00e7o de IP dos visitantes do Site, informa\u00e7\u00f5es associadas ao endere\u00e7o de IP, endere\u00e7o MAC (Media Access Control) do sistema, informa\u00e7\u00f5es sobre a configura\u00e7\u00e3o da rede, etc. Tamb\u00e9m recorremos \u00e0 tecnologia designada de \u00abcookies\u00bb para recolher informa\u00e7\u00f5es an\u00f3nimas sobre os visitantes. Os cookies s\u00e3o dados de identifica\u00e7\u00e3o alfanum\u00e9ricos que s\u00e3o transferidos para o disco r\u00edgido do computador do utilizador atrav\u00e9s do seu browser. Ao faz\u00ea-lo, podemos personalizar as suas futuras consultas e permitir-lhe poupar tempo na sua navega\u00e7\u00e3o. \u00c9 poss\u00edvel impedir que os cookies sejam utilizados no seu browser ao desativar esta funcionalidade. Recolha direta: tamb\u00e9m podemos solicitar-se determinadas informa\u00e7\u00f5es caso n\u00e3o as forne\u00e7a atrav\u00e9s do Site. Por exemplo, caso entre em contacto connosco para beneficiar de produtos e servi\u00e7os, colocar quest\u00f5es ou apresentar observa\u00e7\u00f5es ou coment\u00e1riossobre o Site o os nossos produtos e servi\u00e7os, podemos registar as informa\u00e7\u00f5es comunicadas, nomeadamente eventuais dados pessoais, para tratar eficazmente o seu pedido. Caso n\u00e3o deseje que os seus dados pessoais sejam recolhidos, n\u00e3o os comunique.<\/p>\n<p><strong>4. Dura\u00e7\u00e3o de conserva\u00e7\u00e3o dos dados pessoais<\/strong><br \/>\nOs dados pessoais recolhidos no nosso Site s\u00e3o arquivados durante um per\u00edodo de 5 anos ap\u00f3s a \u00faltima utiliza\u00e7\u00e3o do nosso Site sem preju\u00edzo das obriga\u00e7\u00f5es de conserva\u00e7\u00e3o ou dos prazos de prescri\u00e7\u00e3o. S\u00e3o conservados durante um per\u00edodo de 3 anos para fins comerciais. Algumas categorias de dados pessoais podem ser conservados durante per\u00edodos diferentes e, nomeadamente, os dados financeiros que s\u00e3o conservados durante o per\u00edodo exigido pelas leis aplic\u00e1veis em mat\u00e9ria fiscal e contabil\u00edstica. Em termos de contabilidade, s\u00e3o conservados durante um per\u00edodo de 10 anos a partir do encerramento do exerc\u00edcio contabil\u00edstico.<\/p>\n<p><strong>5. Utiliza\u00e7\u00e3o dos dados pessoais recolhidos<\/strong><br \/>\nUtilizamos os dados recolhidos para:<\/p>\n<ul>\n<li>Realizar contratos celebrados entre e n\u00f3s e o utilizador ou entre n\u00f3s e os nossos parceiros comerciais e para fornecer-lhe informa\u00e7\u00f5es e produtos e\/ou servi\u00e7os solicitados: tratamento necess\u00e1rio para a realiza\u00e7\u00e3o das nossas obriga\u00e7\u00f5es contratuais respetivas,<\/li>\n<li>Inform\u00e1-lo dos nossos produtos e\/ou servi\u00e7os por e-mail ou qualquer outro meio de comunica\u00e7\u00e3o: tratamento necess\u00e1rio para a execu\u00e7\u00e3o das nossas obriga\u00e7\u00f5es contratuais respetivas. \u00c9 realizado com o seu consentimento<\/li>\n<li>Inform\u00e1-lo das altera\u00e7\u00f5es realizadas aos nossos produtos e\/ou servi\u00e7o: tratamento necess\u00e1rio para a execu\u00e7\u00e3o das nossas obriga\u00e7\u00f5es contratuais respetivas, o cumprimento das nossas obriga\u00e7\u00f5es legais e\/ou a constata\u00e7\u00e3o, o exerc\u00edcio ou a defesa de um direito em tribunal,<\/li>\n<li>Melhorar e otimizar as nossas Plataformas, nomeadamente para garantir que a exibi\u00e7\u00e3o dos nossos conte\u00fados \u00e9 adequada ao seu dispositivo; tratamento com base no nosso interesse leg\u00edtimo (fornecer-lhe conte\u00fados pertinentes),<\/li>\n<li>Ajudar-nos a manter um ambiente saud\u00e1vel e seguro nas nossas Plataformas: tratamento com base no nosso interesse leg\u00edtimo (garantir a seguran\u00e7a das nossas Plataformas), necess\u00e1rio para o cumprimento das nossas obriga\u00e7\u00f5es legais e\/ou necess\u00e1rio para a constata\u00e7\u00e3o, o exerc\u00edcio ou a defesa de um direito em tribunal.<\/li>\n<\/ul>\n<p><strong>6. Partilha de dados pessoais<\/strong><br \/>\nQuando a legisla\u00e7\u00e3o e a regulamenta\u00e7\u00e3o o exigirem, solicitamos o seu consentimento antes de comunicar as informa\u00e7\u00f5es que lhe dizem respeito. No entanto, em determinados casos, o seu consentimento \u00e9 fornecido no \u00e2mbito do contrato celebrado entre n\u00f3s. Os seus dados pessoais destinam-se \u00e0s empresas do grupo BIOTECH DENTAL, aos seus fornecedores de servi\u00e7os sediados na Uni\u00e3o Europeia ou em pa\u00edses terceiros e, se aplic\u00e1vel, aos seus parceiros. Comprometemo-nos a n\u00e3o vender, alugar ou divulgar os seus dados pessoais a outras entidades sem o seu consentimento ou em caso de oposi\u00e7\u00e3o da sua parte.<\/p>\n<p><strong>7. Direitos relativos aos dados pessoais<\/strong><br \/>\nNos termos dos artigos 15 a 22 do Regulamento Geral sobre a Prote\u00e7\u00e3o dos dados de 27 de abril de 2016, sob reserva de cumprir as condi\u00e7\u00f5es definidas nestes artigos, pode:<\/p>\n<ul>\n<li>Aceder a todos os seus dados pessoais<\/li>\n<li>Retificar dados incorretos e\/ou incompletos<\/li>\n<li>Solicitar a elimina\u00e7\u00e3o dos seus dados. Sob reserva de comprovar a sua identidade e, quando for tecnicamente poss\u00edvel, pode solicitar a portabilidade dos seus dados de car\u00e1ter pessoal. Tamb\u00e9m pode solicitar que os tratamentos sejam objeto de uma limita\u00e7\u00e3o e opor-se, a qualquer momento, ao tratamento destes dados por motivos relacionados com a sua situa\u00e7\u00e3o pessoal. No entanto, o respons\u00e1vel pode indeferir o seu pedido sempre que apresentar motivos leg\u00edtimos e imperiosos que prevalecem sobre os direitos e liberdades do utilizador ou para a constata\u00e7\u00e3o, o exerc\u00edcio ou a defesa dos seus direitos em tribunal. O respons\u00e1vel indica que este direito de oposi\u00e7\u00e3o tamb\u00e9m pode ser exercido pelo utilizador quando os dados s\u00e3o tratados apenas para fins comerciais. Al\u00e9m disso, quando o tratamento tem como \u00fanico fundamento o consentimento dado pelo utilizador, este \u00faltimo pode, a qualquer momento, retirar o mesmo.<\/li>\n<\/ul>\n<p>Para poder exercer estes direitos, pode indic\u00e1-lo por carta: Biotech Dental Smilers &#8211; 305, All\u00e9es de Craponne \u2013 13300 Salon-de-Provence ou e-mail: info@smilers.com<\/p>\n<p><strong>8. Seguran\u00e7a dos dados pessoais<\/strong><br \/>\n\u00c9 importante para n\u00f3s garantir a seguran\u00e7a dos dados que nos transmite. De forma a impedir qualquer acesso, utiliza\u00e7\u00e3o, altera\u00e7\u00e3o, destrui\u00e7\u00e3o, perda, dano ou divulga\u00e7\u00e3o n\u00e3o autorizada e proteger os dados recolhidos, foram tomadas medidas t\u00e9cnicas e organizacionais adequadas. Os dados pessoais que recolhemos s\u00e3o conservados num local seguro. Os nossos colaboradores devem respeitar a confidencialidade das suas informa\u00e7\u00f5es. Para garantir a seguran\u00e7a dos seus dados pessoais, tom\u00e1mos as seguintes medidas: Protocolo SSL (Secure Sockets Layer), \u2022 Backup inform\u00e1tico. Comprometemo-nos a manter um n\u00edvel elevado de confidencialidade integrando as \u00faltimas inova\u00e7\u00f5es tecnol\u00f3gicas que permitem garantir a confidencialidade das suas transa\u00e7\u00f5es. No entanto, como nenhum mecanismo oferece uma seguran\u00e7a m\u00e1xima, existe sempre um n\u00edvel de risco quando utiliza a internet para transmitir informa\u00e7\u00f5es pessoais. No caso de viola\u00e7\u00e3o dos seus dados de car\u00e1ter pessoal, somos obrigados a notificar a autoridade de controlo competente e a inform\u00e1-lo, o mais rapidamente poss\u00edvel, de qualquer viola\u00e7\u00e3o de dados pessoais que possam criar um grande risco para os seus direitos e liberdades, para permitir-lhe tomar medidas \u00fateis.<\/p>\n<p><strong>09. Transfer\u00eancia de Dados Pessoais fora da Uni\u00e3o Europeia<\/strong><br \/>\nRegra geral, conservamos os seus dados pessoais na Uni\u00e3o Europeia. Se, em determinados casos, os seus dados pessoais devem ser transferidos para fora da Uni\u00e3o Europeia, certificamo-nos de que esta transfer\u00eancia \u00e9 realizada em conformidade com a regulamenta\u00e7\u00e3o aplic\u00e1vel e que garante um n\u00edvel de prote\u00e7\u00e3o suficiente da vida privada e dos direitos fundamentais das pessoas.<\/p>\n<p><strong>10. Altera\u00e7\u00e3o da pol\u00edtica de confidencialidade<\/strong><br \/>\nO Site e a nossa atividade podem sofrer altera\u00e7\u00f5es. Desta forma (e por outros motivos comerciais e\/ou tecnol\u00f3gicos), podemos ser levados a alterar a presente pol\u00edtica de confidencialidade. Reservamo-nos o direito de atualizar, alterar ou emendar a presente pol\u00edtica de confidencialidade a qualquer momento e se aplic\u00e1vel, sem notifica\u00e7\u00e3o pr\u00e9via. Convidamo-lo a consultar esta pol\u00edtica regularmente e, mais particularmente, antes de comunicar dados pessoais. Se considerarmos que as altera\u00e7\u00f5es previstas constituem uma revis\u00e3o aprofundada desta pol\u00edtica de confidencialidade, informaremos no Site os utilizadores sobre estas altera\u00e7\u00f5es, de forma a permitir-lhes tomar algumas medidas antes da realiza\u00e7\u00e3o destas altera\u00e7\u00f5es. Em determinados casos, tamb\u00e9m podemos enviar um e-mail para notificar os utilizadores registados sobre as futuras altera\u00e7\u00f5es. A \u00faltima atualiza\u00e7\u00e3o da presente pol\u00edtica de confidencialidade foi realizada na data acima mencionada. A continua\u00e7\u00e3o da utiliza\u00e7\u00e3o dos Sites ap\u00f3s a aplica\u00e7\u00e3o das altera\u00e7\u00f5es ou das revis\u00f5es realizadas a esta pol\u00edtica de confidencialidade equivale \u00e0 aceita\u00e7\u00e3o das disposi\u00e7\u00f5es da pol\u00edtica revista, conforme agora aplicada.<\/p>\n<p>Elaborado em Salon-de-Provence, no dia 1 de agosto de 2021.[\/vc_column_text][\/vc_column][\/vc_row]<\/p>\n","protected":false},"excerpt":{"rendered":"<p>[vc_row][vc_column][vc_column_text] Men\u00e7\u00f5es legais Smilers\u00ae \u2028Est\u00e1, de momento, conectado ao site da Biotech Dental Smilers. 305, All\u00e9es de Craponne &#8211; 13300 Salon de Provence &#8211; Fran\u00e7a. S.A.S com capital de 125 000 \u20ac. RCS Salon de Provence: 801 674 375 &#8211; SIRET: 801 674 375 00010 &#8211; N.\u00ba IVA: FR 93 80 167 437 5. Imagens [&hellip;]<\/p>\n","protected":false},"author":1,"featured_media":0,"parent":0,"menu_order":0,"comment_status":"closed","ping_status":"closed","template":"","meta":{"pgc_sgb_lightbox_settings":"","footnotes":""},"class_list":["post-4476","page","type-page","status-publish","hentry"],"yoast_head":"<!-- This site is optimized with the Yoast SEO plugin v22.0 - https:\/\/yoast.com\/wordpress\/plugins\/seo\/ -->\n<title>Men\u00e7\u00f5es legais - Smilers<\/title>\n<meta name=\"description\" content=\"Informa\u00e7\u00f5es jur\u00eddicas | Conce\u00e7\u00e3o e desenvolvimento | Fornecedor de alojamento | Direitos de propriedade | Descubra as nossas informa\u00e7\u00f5es\" \/>\n<meta name=\"robots\" content=\"index, follow, max-snippet:-1, max-image-preview:large, max-video-preview:-1\" \/>\n<link rel=\"canonical\" href=\"https:\/\/www.smilers.com\/pt-pt\/mencoes-legais\/\" \/>\n<meta property=\"og:locale\" content=\"pt_PT\" \/>\n<meta property=\"og:type\" content=\"article\" \/>\n<meta property=\"og:title\" content=\"Men\u00e7\u00f5es legais - Smilers\" \/>\n<meta property=\"og:description\" content=\"Informa\u00e7\u00f5es jur\u00eddicas | Conce\u00e7\u00e3o e desenvolvimento | Fornecedor de alojamento | Direitos de propriedade | Descubra as nossas informa\u00e7\u00f5es\" \/>\n<meta property=\"og:url\" content=\"https:\/\/www.smilers.com\/pt-pt\/mencoes-legais\/\" \/>\n<meta property=\"og:site_name\" content=\"Smilers\" \/>\n<meta property=\"article:publisher\" content=\"https:\/\/www.facebook.com\/SmilersAligners\/\" \/>\n<meta property=\"article:modified_time\" content=\"2025-08-04T08:11:21+00:00\" \/>\n<meta name=\"twitter:card\" content=\"summary_large_image\" \/>\n<meta name=\"twitter:label1\" content=\"Tempo estimado de leitura\" \/>\n\t<meta name=\"twitter:data1\" content=\"11 minutos\" \/>\n<script type=\"application\/ld+json\" class=\"yoast-schema-graph\">{\"@context\":\"https:\/\/schema.org\",\"@graph\":[{\"@type\":\"WebPage\",\"@id\":\"https:\/\/www.smilers.com\/pt-pt\/mencoes-legais\/\",\"url\":\"https:\/\/www.smilers.com\/pt-pt\/mencoes-legais\/\",\"name\":\"Men\u00e7\u00f5es legais - Smilers\",\"isPartOf\":{\"@id\":\"https:\/\/www.smilers.com\/en\/#website\"},\"datePublished\":\"2021-12-13T15:34:09+00:00\",\"dateModified\":\"2025-08-04T08:11:21+00:00\",\"description\":\"Informa\u00e7\u00f5es jur\u00eddicas | Conce\u00e7\u00e3o e desenvolvimento | Fornecedor de alojamento | Direitos de propriedade | Descubra as nossas informa\u00e7\u00f5es\",\"breadcrumb\":{\"@id\":\"https:\/\/www.smilers.com\/pt-pt\/mencoes-legais\/#breadcrumb\"},\"inLanguage\":\"pt-PT\",\"potentialAction\":[{\"@type\":\"ReadAction\",\"target\":[\"https:\/\/www.smilers.com\/pt-pt\/mencoes-legais\/\"]}]},{\"@type\":\"BreadcrumbList\",\"@id\":\"https:\/\/www.smilers.com\/pt-pt\/mencoes-legais\/#breadcrumb\",\"itemListElement\":[{\"@type\":\"ListItem\",\"position\":1,\"name\":\"Accueil\",\"item\":\"https:\/\/www.smilers.com\/pt-pt\/\"},{\"@type\":\"ListItem\",\"position\":2,\"name\":\"Men\u00e7\u00f5es legais\"}]},{\"@type\":\"WebSite\",\"@id\":\"https:\/\/www.smilers.com\/en\/#website\",\"url\":\"https:\/\/www.smilers.com\/en\/\",\"name\":\"Smilers\",\"description\":\"Le sourire chic \u00e0 la fran\u00e7aise\",\"publisher\":{\"@id\":\"https:\/\/www.smilers.com\/en\/#organization\"},\"potentialAction\":[{\"@type\":\"SearchAction\",\"target\":{\"@type\":\"EntryPoint\",\"urlTemplate\":\"https:\/\/www.smilers.com\/en\/?s={search_term_string}\"},\"query-input\":\"required name=search_term_string\"}],\"inLanguage\":\"pt-PT\"},{\"@type\":\"Organization\",\"@id\":\"https:\/\/www.smilers.com\/en\/#organization\",\"name\":\"Smilers\",\"url\":\"https:\/\/www.smilers.com\/en\/\",\"logo\":{\"@type\":\"ImageObject\",\"inLanguage\":\"pt-PT\",\"@id\":\"https:\/\/www.smilers.com\/en\/#\/schema\/logo\/image\/\",\"url\":\"https:\/\/www.smilers.com\/wp-content\/uploads\/2021\/08\/logo-detoure-noir.png\",\"contentUrl\":\"https:\/\/www.smilers.com\/wp-content\/uploads\/2021\/08\/logo-detoure-noir.png\",\"width\":784,\"height\":169,\"caption\":\"Smilers\"},\"image\":{\"@id\":\"https:\/\/www.smilers.com\/en\/#\/schema\/logo\/image\/\"},\"sameAs\":[\"https:\/\/www.facebook.com\/SmilersAligners\/\",\"https:\/\/www.instagram.com\/smilers_aligners\/?hl=fr\",\"https:\/\/www.youtube.com\/channel\/UCBKtCNaiCfi8H-aHS7ZZdJQ\"]}]}<\/script>\n<!-- \/ Yoast SEO plugin. -->","yoast_head_json":{"title":"Men\u00e7\u00f5es legais - Smilers","description":"Informa\u00e7\u00f5es jur\u00eddicas | Conce\u00e7\u00e3o e desenvolvimento | Fornecedor de alojamento | Direitos de propriedade | Descubra as nossas informa\u00e7\u00f5es","robots":{"index":"index","follow":"follow","max-snippet":"max-snippet:-1","max-image-preview":"max-image-preview:large","max-video-preview":"max-video-preview:-1"},"canonical":"https:\/\/www.smilers.com\/pt-pt\/mencoes-legais\/","og_locale":"pt_PT","og_type":"article","og_title":"Men\u00e7\u00f5es legais - Smilers","og_description":"Informa\u00e7\u00f5es jur\u00eddicas | Conce\u00e7\u00e3o e desenvolvimento | Fornecedor de alojamento | Direitos de propriedade | Descubra as nossas informa\u00e7\u00f5es","og_url":"https:\/\/www.smilers.com\/pt-pt\/mencoes-legais\/","og_site_name":"Smilers","article_publisher":"https:\/\/www.facebook.com\/SmilersAligners\/","article_modified_time":"2025-08-04T08:11:21+00:00","twitter_card":"summary_large_image","twitter_misc":{"Tempo estimado de leitura":"11 minutos"},"schema":{"@context":"https:\/\/schema.org","@graph":[{"@type":"WebPage","@id":"https:\/\/www.smilers.com\/pt-pt\/mencoes-legais\/","url":"https:\/\/www.smilers.com\/pt-pt\/mencoes-legais\/","name":"Men\u00e7\u00f5es legais - Smilers","isPartOf":{"@id":"https:\/\/www.smilers.com\/en\/#website"},"datePublished":"2021-12-13T15:34:09+00:00","dateModified":"2025-08-04T08:11:21+00:00","description":"Informa\u00e7\u00f5es jur\u00eddicas | Conce\u00e7\u00e3o e desenvolvimento | Fornecedor de alojamento | Direitos de propriedade | Descubra as nossas informa\u00e7\u00f5es","breadcrumb":{"@id":"https:\/\/www.smilers.com\/pt-pt\/mencoes-legais\/#breadcrumb"},"inLanguage":"pt-PT","potentialAction":[{"@type":"ReadAction","target":["https:\/\/www.smilers.com\/pt-pt\/mencoes-legais\/"]}]},{"@type":"BreadcrumbList","@id":"https:\/\/www.smilers.com\/pt-pt\/mencoes-legais\/#breadcrumb","itemListElement":[{"@type":"ListItem","position":1,"name":"Accueil","item":"https:\/\/www.smilers.com\/pt-pt\/"},{"@type":"ListItem","position":2,"name":"Men\u00e7\u00f5es legais"}]},{"@type":"WebSite","@id":"https:\/\/www.smilers.com\/en\/#website","url":"https:\/\/www.smilers.com\/en\/","name":"Smilers","description":"Le sourire chic \u00e0 la fran\u00e7aise","publisher":{"@id":"https:\/\/www.smilers.com\/en\/#organization"},"potentialAction":[{"@type":"SearchAction","target":{"@type":"EntryPoint","urlTemplate":"https:\/\/www.smilers.com\/en\/?s={search_term_string}"},"query-input":"required name=search_term_string"}],"inLanguage":"pt-PT"},{"@type":"Organization","@id":"https:\/\/www.smilers.com\/en\/#organization","name":"Smilers","url":"https:\/\/www.smilers.com\/en\/","logo":{"@type":"ImageObject","inLanguage":"pt-PT","@id":"https:\/\/www.smilers.com\/en\/#\/schema\/logo\/image\/","url":"https:\/\/www.smilers.com\/wp-content\/uploads\/2021\/08\/logo-detoure-noir.png","contentUrl":"https:\/\/www.smilers.com\/wp-content\/uploads\/2021\/08\/logo-detoure-noir.png","width":784,"height":169,"caption":"Smilers"},"image":{"@id":"https:\/\/www.smilers.com\/en\/#\/schema\/logo\/image\/"},"sameAs":["https:\/\/www.facebook.com\/SmilersAligners\/","https:\/\/www.instagram.com\/smilers_aligners\/?hl=fr","https:\/\/www.youtube.com\/channel\/UCBKtCNaiCfi8H-aHS7ZZdJQ"]}]}},"_links":{"self":[{"href":"https:\/\/www.smilers.com\/pt-pt\/wp-json\/wp\/v2\/pages\/4476","targetHints":{"allow":["GET"]}}],"collection":[{"href":"https:\/\/www.smilers.com\/pt-pt\/wp-json\/wp\/v2\/pages"}],"about":[{"href":"https:\/\/www.smilers.com\/pt-pt\/wp-json\/wp\/v2\/types\/page"}],"author":[{"embeddable":true,"href":"https:\/\/www.smilers.com\/pt-pt\/wp-json\/wp\/v2\/users\/1"}],"replies":[{"embeddable":true,"href":"https:\/\/www.smilers.com\/pt-pt\/wp-json\/wp\/v2\/comments?post=4476"}],"version-history":[{"count":10,"href":"https:\/\/www.smilers.com\/pt-pt\/wp-json\/wp\/v2\/pages\/4476\/revisions"}],"predecessor-version":[{"id":43728,"href":"https:\/\/www.smilers.com\/pt-pt\/wp-json\/wp\/v2\/pages\/4476\/revisions\/43728"}],"wp:attachment":[{"href":"https:\/\/www.smilers.com\/pt-pt\/wp-json\/wp\/v2\/media?parent=4476"}],"curies":[{"name":"wp","href":"https:\/\/api.w.org\/{rel}","templated":true}]}}