{"id":4480,"date":"2021-12-13T16:35:51","date_gmt":"2021-12-13T15:35:51","guid":{"rendered":"https:\/\/www.smilers.com\/respeito-pelo-meio-ambiente\/"},"modified":"2024-04-18T17:12:34","modified_gmt":"2024-04-18T15:12:34","slug":"respeito-pelo-meio-ambiente","status":"publish","type":"page","link":"https:\/\/www.smilers.com\/pt-pt\/respeito-pelo-meio-ambiente\/","title":{"rendered":"Respeito pelo meio ambiente"},"content":{"rendered":"<p>[vc_row content_placement=&#8221;middle&#8221; use_container=&#8221;yes&#8221; conter_content=&#8221;yes&#8221;][vc_column offset=&#8221;vc_col-lg-offset-0 vc_col-lg-8 vc_col-md-offset-1 vc_col-md-10 vc_col-sm-offset-0 vc_col-xs-12&#8243;][ts_side_image_left_custom image=&#8221;2567&#8243;][\/vc_column][vc_column css_animation=&#8221;fadeInRight&#8221; width=&#8221;5\/6&#8243; el_class=&#8221;side-text-column side-up&#8221; offset=&#8221;vc_col-lg-offset-0 vc_col-lg-4 vc_col-md-offset-1 vc_col-md-10 vc_col-sm-offset-1 vc_col-xs-12&#8243;][ts_side_text_block position=&#8221;right&#8221; title=&#8221;REDUZIR A NOSSA PEGADA DE CARBONO&#8221; image=&#8221;1052&#8243;]Se voc\u00ea mora na Fran\u00e7a, os nossos alinhadores n\u00e3o d\u00e3o a volta ao mundo para chegar at\u00e9 si: <a href=\"https:\/\/www.smilers.com\/pt-pt\/um-know-how-unico\/\"><strong>produzimos apenas em Fran\u00e7a<\/strong>.<\/a>[\/ts_side_text_block][\/vc_column][\/vc_row][vc_row full_width=&#8221;stretch_row_content&#8221; content_placement=&#8221;middle&#8221; anchor_wrap_section=&#8221;no&#8221; el_id=&#8221;respeito pelo meio ambiente&#8221; el_class=&#8221;respect-environnement&#8221;][vc_column css_animation=&#8221;fadeInLeft&#8221; el_class=&#8221;right-article-no-hover&#8221; css=&#8221;.vc_custom_1633681522473{padding-right: 0px !important;padding-left: 0px !important;}&#8221; offset=&#8221;vc_col-lg-4 vc_col-md-6 vc_col-xs-12&#8243;][ts_right_article title=&#8221;Respeito pelo <strong>meio ambiente<\/strong>&#8221; image=&#8221;1052&#8243;]O futuro est\u00e1 nas nossas m\u00e3os. A Smilers\u00ae tem como objetivo <strong>reduzir a sua pegada ecol\u00f3gica<\/strong> e o seu impacto no meio ambiente ao desenvolver <strong>a\u00e7\u00f5es sustent\u00e1veis<\/strong>, da escolha dos materiais \u00e0s diferentes etapas do processo de fabrico.<\/p>\n<p>Os nossos alinhadores transparentes Smilers\u00ae s\u00e3o concebidos <strong>sem bisfenol<\/strong>, a sua embalagem \u00e9 recicl\u00e1vel e o nosso material promocional \u00e9 impresso com <strong>tinta vegetal<\/strong> respeitadora do meio ambiente.[\/ts_right_article][\/vc_column][vc_column offset=&#8221;vc_col-lg-8 vc_col-md-6 vc_col-xs-12&#8243;][\/vc_column][\/vc_row]<\/p>\n","protected":false},"excerpt":{"rendered":"<p>[vc_row content_placement=&#8221;middle&#8221; use_container=&#8221;yes&#8221; conter_content=&#8221;yes&#8221;][vc_column offset=&#8221;vc_col-lg-offset-0 vc_col-lg-8 vc_col-md-offset-1 vc_col-md-10 vc_col-sm-offset-0 vc_col-xs-12&#8243;][ts_side_image_left_custom image=&#8221;2567&#8243;][\/vc_column][vc_column css_animation=&#8221;fadeInRight&#8221; width=&#8221;5\/6&#8243; el_class=&#8221;side-text-column side-up&#8221; offset=&#8221;vc_col-lg-offset-0 vc_col-lg-4 vc_col-md-offset-1 vc_col-md-10 vc_col-sm-offset-1 vc_col-xs-12&#8243;][ts_side_text_block position=&#8221;right&#8221; title=&#8221;REDUZIR A NOSSA PEGADA DE CARBONO&#8221; image=&#8221;1052&#8243;]Se voc\u00ea mora na Fran\u00e7a, os nossos alinhadores n\u00e3o d\u00e3o a volta ao mundo para chegar at\u00e9 si: produzimos apenas em Fran\u00e7a.[\/ts_side_text_block][\/vc_column][\/vc_row][vc_row full_width=&#8221;stretch_row_content&#8221; content_placement=&#8221;middle&#8221; anchor_wrap_section=&#8221;no&#8221; el_id=&#8221;respeito pelo [&hellip;]<\/p>\n","protected":false},"author":1,"featured_media":0,"parent":0,"menu_order":0,"comment_status":"closed","ping_status":"closed","template":"","meta":{"pgc_sgb_lightbox_settings":"","footnotes":""},"class_list":["post-4480","page","type-page","status-publish","hentry"],"yoast_head":"<!-- This site is optimized with the Yoast SEO plugin v22.0 - https:\/\/yoast.com\/wordpress\/plugins\/seo\/ -->\n<title>Respeito pelo meio ambiente - Smilers<\/title>\n<meta name=\"description\" content=\"Respeito pelo ambiente | SmilersCARES| Para uma pr\u00e1tica dent\u00e1ria e um tratamento ortod\u00f4ntico mais \u00e9ticos e eco-respons\u00e1veis\" \/>\n<meta name=\"robots\" content=\"index, follow, max-snippet:-1, max-image-preview:large, max-video-preview:-1\" \/>\n<link rel=\"canonical\" href=\"https:\/\/www.smilers.com\/pt-pt\/respeito-pelo-meio-ambiente\/\" \/>\n<meta property=\"og:locale\" content=\"pt_PT\" \/>\n<meta property=\"og:type\" content=\"article\" \/>\n<meta property=\"og:title\" content=\"Respeito pelo meio ambiente - Smilers\" \/>\n<meta property=\"og:description\" content=\"Respeito pelo ambiente | SmilersCARES| Para uma pr\u00e1tica dent\u00e1ria e um tratamento ortod\u00f4ntico mais \u00e9ticos e eco-respons\u00e1veis\" \/>\n<meta property=\"og:url\" content=\"https:\/\/www.smilers.com\/pt-pt\/respeito-pelo-meio-ambiente\/\" \/>\n<meta property=\"og:site_name\" content=\"Smilers\" \/>\n<meta property=\"article:publisher\" content=\"https:\/\/www.facebook.com\/SmilersAligners\/\" \/>\n<meta property=\"article:modified_time\" content=\"2024-04-18T15:12:34+00:00\" \/>\n<meta name=\"twitter:card\" content=\"summary_large_image\" \/>\n<meta name=\"twitter:label1\" content=\"Tempo estimado de leitura\" \/>\n\t<meta name=\"twitter:data1\" content=\"2 minutos\" \/>\n<script type=\"application\/ld+json\" class=\"yoast-schema-graph\">{\"@context\":\"https:\/\/schema.org\",\"@graph\":[{\"@type\":\"WebPage\",\"@id\":\"https:\/\/www.smilers.com\/pt-pt\/respeito-pelo-meio-ambiente\/\",\"url\":\"https:\/\/www.smilers.com\/pt-pt\/respeito-pelo-meio-ambiente\/\",\"name\":\"Respeito pelo meio ambiente - Smilers\",\"isPartOf\":{\"@id\":\"https:\/\/www.smilers.com\/en\/#website\"},\"datePublished\":\"2021-12-13T15:35:51+00:00\",\"dateModified\":\"2024-04-18T15:12:34+00:00\",\"description\":\"Respeito pelo ambiente | SmilersCARES| Para uma pr\u00e1tica dent\u00e1ria e um tratamento ortod\u00f4ntico mais \u00e9ticos e eco-respons\u00e1veis\",\"breadcrumb\":{\"@id\":\"https:\/\/www.smilers.com\/pt-pt\/respeito-pelo-meio-ambiente\/#breadcrumb\"},\"inLanguage\":\"pt-PT\",\"potentialAction\":[{\"@type\":\"ReadAction\",\"target\":[\"https:\/\/www.smilers.com\/pt-pt\/respeito-pelo-meio-ambiente\/\"]}]},{\"@type\":\"BreadcrumbList\",\"@id\":\"https:\/\/www.smilers.com\/pt-pt\/respeito-pelo-meio-ambiente\/#breadcrumb\",\"itemListElement\":[{\"@type\":\"ListItem\",\"position\":1,\"name\":\"Accueil\",\"item\":\"https:\/\/www.smilers.com\/pt-pt\/\"},{\"@type\":\"ListItem\",\"position\":2,\"name\":\"Respeito pelo meio ambiente\"}]},{\"@type\":\"WebSite\",\"@id\":\"https:\/\/www.smilers.com\/en\/#website\",\"url\":\"https:\/\/www.smilers.com\/en\/\",\"name\":\"Smilers\",\"description\":\"Le sourire chic \u00e0 la fran\u00e7aise\",\"publisher\":{\"@id\":\"https:\/\/www.smilers.com\/en\/#organization\"},\"potentialAction\":[{\"@type\":\"SearchAction\",\"target\":{\"@type\":\"EntryPoint\",\"urlTemplate\":\"https:\/\/www.smilers.com\/en\/?s={search_term_string}\"},\"query-input\":\"required name=search_term_string\"}],\"inLanguage\":\"pt-PT\"},{\"@type\":\"Organization\",\"@id\":\"https:\/\/www.smilers.com\/en\/#organization\",\"name\":\"Smilers\",\"url\":\"https:\/\/www.smilers.com\/en\/\",\"logo\":{\"@type\":\"ImageObject\",\"inLanguage\":\"pt-PT\",\"@id\":\"https:\/\/www.smilers.com\/en\/#\/schema\/logo\/image\/\",\"url\":\"https:\/\/www.smilers.com\/wp-content\/uploads\/2021\/08\/logo-detoure-noir.png\",\"contentUrl\":\"https:\/\/www.smilers.com\/wp-content\/uploads\/2021\/08\/logo-detoure-noir.png\",\"width\":784,\"height\":169,\"caption\":\"Smilers\"},\"image\":{\"@id\":\"https:\/\/www.smilers.com\/en\/#\/schema\/logo\/image\/\"},\"sameAs\":[\"https:\/\/www.facebook.com\/SmilersAligners\/\",\"https:\/\/www.instagram.com\/smilers_aligners\/?hl=fr\",\"https:\/\/www.youtube.com\/channel\/UCBKtCNaiCfi8H-aHS7ZZdJQ\"]}]}<\/script>\n<!-- \/ Yoast SEO plugin. -->","yoast_head_json":{"title":"Respeito pelo meio ambiente - Smilers","description":"Respeito pelo ambiente | SmilersCARES| Para uma pr\u00e1tica dent\u00e1ria e um tratamento ortod\u00f4ntico mais \u00e9ticos e eco-respons\u00e1veis","robots":{"index":"index","follow":"follow","max-snippet":"max-snippet:-1","max-image-preview":"max-image-preview:large","max-video-preview":"max-video-preview:-1"},"canonical":"https:\/\/www.smilers.com\/pt-pt\/respeito-pelo-meio-ambiente\/","og_locale":"pt_PT","og_type":"article","og_title":"Respeito pelo meio ambiente - Smilers","og_description":"Respeito pelo ambiente | SmilersCARES| Para uma pr\u00e1tica dent\u00e1ria e um tratamento ortod\u00f4ntico mais \u00e9ticos e eco-respons\u00e1veis","og_url":"https:\/\/www.smilers.com\/pt-pt\/respeito-pelo-meio-ambiente\/","og_site_name":"Smilers","article_publisher":"https:\/\/www.facebook.com\/SmilersAligners\/","article_modified_time":"2024-04-18T15:12:34+00:00","twitter_card":"summary_large_image","twitter_misc":{"Tempo estimado de leitura":"2 minutos"},"schema":{"@context":"https:\/\/schema.org","@graph":[{"@type":"WebPage","@id":"https:\/\/www.smilers.com\/pt-pt\/respeito-pelo-meio-ambiente\/","url":"https:\/\/www.smilers.com\/pt-pt\/respeito-pelo-meio-ambiente\/","name":"Respeito pelo meio ambiente - Smilers","isPartOf":{"@id":"https:\/\/www.smilers.com\/en\/#website"},"datePublished":"2021-12-13T15:35:51+00:00","dateModified":"2024-04-18T15:12:34+00:00","description":"Respeito pelo ambiente | SmilersCARES| Para uma pr\u00e1tica dent\u00e1ria e um tratamento ortod\u00f4ntico mais \u00e9ticos e eco-respons\u00e1veis","breadcrumb":{"@id":"https:\/\/www.smilers.com\/pt-pt\/respeito-pelo-meio-ambiente\/#breadcrumb"},"inLanguage":"pt-PT","potentialAction":[{"@type":"ReadAction","target":["https:\/\/www.smilers.com\/pt-pt\/respeito-pelo-meio-ambiente\/"]}]},{"@type":"BreadcrumbList","@id":"https:\/\/www.smilers.com\/pt-pt\/respeito-pelo-meio-ambiente\/#breadcrumb","itemListElement":[{"@type":"ListItem","position":1,"name":"Accueil","item":"https:\/\/www.smilers.com\/pt-pt\/"},{"@type":"ListItem","position":2,"name":"Respeito pelo meio ambiente"}]},{"@type":"WebSite","@id":"https:\/\/www.smilers.com\/en\/#website","url":"https:\/\/www.smilers.com\/en\/","name":"Smilers","description":"Le sourire chic \u00e0 la fran\u00e7aise","publisher":{"@id":"https:\/\/www.smilers.com\/en\/#organization"},"potentialAction":[{"@type":"SearchAction","target":{"@type":"EntryPoint","urlTemplate":"https:\/\/www.smilers.com\/en\/?s={search_term_string}"},"query-input":"required name=search_term_string"}],"inLanguage":"pt-PT"},{"@type":"Organization","@id":"https:\/\/www.smilers.com\/en\/#organization","name":"Smilers","url":"https:\/\/www.smilers.com\/en\/","logo":{"@type":"ImageObject","inLanguage":"pt-PT","@id":"https:\/\/www.smilers.com\/en\/#\/schema\/logo\/image\/","url":"https:\/\/www.smilers.com\/wp-content\/uploads\/2021\/08\/logo-detoure-noir.png","contentUrl":"https:\/\/www.smilers.com\/wp-content\/uploads\/2021\/08\/logo-detoure-noir.png","width":784,"height":169,"caption":"Smilers"},"image":{"@id":"https:\/\/www.smilers.com\/en\/#\/schema\/logo\/image\/"},"sameAs":["https:\/\/www.facebook.com\/SmilersAligners\/","https:\/\/www.instagram.com\/smilers_aligners\/?hl=fr","https:\/\/www.youtube.com\/channel\/UCBKtCNaiCfi8H-aHS7ZZdJQ"]}]}},"_links":{"self":[{"href":"https:\/\/www.smilers.com\/pt-pt\/wp-json\/wp\/v2\/pages\/4480","targetHints":{"allow":["GET"]}}],"collection":[{"href":"https:\/\/www.smilers.com\/pt-pt\/wp-json\/wp\/v2\/pages"}],"about":[{"href":"https:\/\/www.smilers.com\/pt-pt\/wp-json\/wp\/v2\/types\/page"}],"author":[{"embeddable":true,"href":"https:\/\/www.smilers.com\/pt-pt\/wp-json\/wp\/v2\/users\/1"}],"replies":[{"embeddable":true,"href":"https:\/\/www.smilers.com\/pt-pt\/wp-json\/wp\/v2\/comments?post=4480"}],"version-history":[{"count":7,"href":"https:\/\/www.smilers.com\/pt-pt\/wp-json\/wp\/v2\/pages\/4480\/revisions"}],"predecessor-version":[{"id":5120,"href":"https:\/\/www.smilers.com\/pt-pt\/wp-json\/wp\/v2\/pages\/4480\/revisions\/5120"}],"wp:attachment":[{"href":"https:\/\/www.smilers.com\/pt-pt\/wp-json\/wp\/v2\/media?parent=4480"}],"curies":[{"name":"wp","href":"https:\/\/api.w.org\/{rel}","templated":true}]}}