{"id":4486,"date":"2021-12-13T16:38:57","date_gmt":"2021-12-13T15:38:57","guid":{"rendered":"https:\/\/www.smilers.com\/carater-estetico-dos-nossos-alinhadores\/"},"modified":"2024-04-18T16:55:24","modified_gmt":"2024-04-18T14:55:24","slug":"carater-estetico-dos-nossos-alinhadores","status":"publish","type":"page","link":"https:\/\/www.smilers.com\/pt-pt\/carater-estetico-dos-nossos-alinhadores\/","title":{"rendered":"Car\u00e1ter est\u00e9tico dos nossos alinhadores"},"content":{"rendered":"<p>[vc_row content_placement=&#8221;middle&#8221; use_container=&#8221;yes&#8221; conter_content=&#8221;yes&#8221;][vc_column width=&#8221;1\/2&#8243; offset=&#8221;vc_col-lg-offset-0 vc_col-lg-6 vc_col-md-offset-0 vc_col-md-12 vc_col-sm-offset-0 vc_col-xs-12&#8243;][ts_side_image_left_custom image=&#8221;4984&#8243;][\/vc_column][vc_column css_animation=&#8221;fadeInRight&#8221; width=&#8221;1\/2&#8243; offset=&#8221;vc_col-lg-6 vc_col-md-12 vc_col-xs-12&#8243; el_class=&#8221;side-text-column side-up&#8221;][ts_side_text_block position=&#8221;right&#8221; title=&#8221;Uma impress\u00e3o lisa: transpar\u00eancia, aus\u00eancia de dep\u00f3sitos e est\u00e9tica&#8221; image=&#8221;1046&#8243;]Alinhadores Smilers\u00ae comparado com um alinhador comum, ap\u00f3s uma semana imergido em caf\u00e9.[\/ts_side_text_block][\/vc_column][\/vc_row][vc_row content_placement=&#8221;middle&#8221; css=&#8221;.vc_custom_1632838097720{background-color: #040303 !important;}&#8221;][vc_column css_animation=&#8221;fadeInLeft&#8221; width=&#8221;1\/2&#8243; css=&#8221;.vc_custom_1635974580094{padding-right: 0px !important;padding-left: 0px !important;}&#8221; offset=&#8221;vc_col-lg-5 vc_col-md-6 vc_col-xs-12&#8243; el_class=&#8221;right-article-no-hover no-overlay smaller-height&#8221;][ts_right_article title=&#8221;Um material transparente e biocompat\u00edvel&#8221; image=&#8221;1052&#8243;]<\/p>\n<p style=\"font-weight: 400;\">O nosso PETG \u00e9\u00a0<b><strong>biocompat\u00edvel<\/strong><\/b>\u00a0e\u00a0<b><strong>sem bisfenol<\/strong><\/b>. A sua rigidez e <a href=\"https:\/\/www.smilers.com\/pt-pt\/um-know-how-unico\/\">os nossos m\u00e9todos de fabrico<\/a> <b><strong>maximizam a superf\u00edcie de contacto<\/strong><\/b>\u00a0com os dentes durante todo o tratamento.<\/p>\n<p>[\/ts_right_article][\/vc_column][vc_column width=&#8221;1\/2&#8243; offset=&#8221;vc_col-lg-7 vc_col-md-6 vc_col-xs-12&#8243;][vc_single_image image=&#8221;3552&#8243; img_size=&#8221;full&#8221; alignment=&#8221;center&#8221;][\/vc_column][\/vc_row]<\/p>\n","protected":false},"excerpt":{"rendered":"<p>[vc_row content_placement=&#8221;middle&#8221; use_container=&#8221;yes&#8221; conter_content=&#8221;yes&#8221;][vc_column width=&#8221;1\/2&#8243; offset=&#8221;vc_col-lg-offset-0 vc_col-lg-6 vc_col-md-offset-0 vc_col-md-12 vc_col-sm-offset-0 vc_col-xs-12&#8243;][ts_side_image_left_custom image=&#8221;4984&#8243;][\/vc_column][vc_column css_animation=&#8221;fadeInRight&#8221; width=&#8221;1\/2&#8243; offset=&#8221;vc_col-lg-6 vc_col-md-12 vc_col-xs-12&#8243; el_class=&#8221;side-text-column side-up&#8221;][ts_side_text_block position=&#8221;right&#8221; title=&#8221;Uma impress\u00e3o lisa: transpar\u00eancia, aus\u00eancia de dep\u00f3sitos e est\u00e9tica&#8221; image=&#8221;1046&#8243;]Alinhadores Smilers\u00ae comparado com um alinhador comum, ap\u00f3s uma semana imergido em caf\u00e9.[\/ts_side_text_block][\/vc_column][\/vc_row][vc_row content_placement=&#8221;middle&#8221; css=&#8221;.vc_custom_1632838097720{background-color: #040303 !important;}&#8221;][vc_column css_animation=&#8221;fadeInLeft&#8221; width=&#8221;1\/2&#8243; css=&#8221;.vc_custom_1635974580094{padding-right: 0px !important;padding-left: 0px !important;}&#8221; offset=&#8221;vc_col-lg-5 vc_col-md-6 [&hellip;]<\/p>\n","protected":false},"author":1,"featured_media":0,"parent":0,"menu_order":0,"comment_status":"closed","ping_status":"closed","template":"page-portfolio.php","meta":{"pgc_sgb_lightbox_settings":"","footnotes":""},"class_list":["post-4486","page","type-page","status-publish","hentry"],"yoast_head":"<!-- This site is optimized with the Yoast SEO plugin v22.0 - https:\/\/yoast.com\/wordpress\/plugins\/seo\/ -->\n<title>Car\u00e1ter est\u00e9tico dos nossos alinhadores - Smilers<\/title>\n<meta name=\"description\" content=\"Est\u00e9tica dos nossos alinhadores | Um material biocompat\u00edvel | Saiba mais sobre a composi\u00e7\u00e3o dos nossos alinhadores transparentes\" \/>\n<meta name=\"robots\" content=\"index, follow, max-snippet:-1, max-image-preview:large, max-video-preview:-1\" \/>\n<link rel=\"canonical\" href=\"https:\/\/www.smilers.com\/pt-pt\/carater-estetico-dos-nossos-alinhadores\/\" \/>\n<meta property=\"og:locale\" content=\"pt_PT\" \/>\n<meta property=\"og:type\" content=\"article\" \/>\n<meta property=\"og:title\" content=\"Car\u00e1ter est\u00e9tico dos nossos alinhadores - Smilers\" \/>\n<meta property=\"og:description\" content=\"Est\u00e9tica dos nossos alinhadores | Um material biocompat\u00edvel | Saiba mais sobre a composi\u00e7\u00e3o dos nossos alinhadores transparentes\" \/>\n<meta property=\"og:url\" content=\"https:\/\/www.smilers.com\/pt-pt\/carater-estetico-dos-nossos-alinhadores\/\" \/>\n<meta property=\"og:site_name\" content=\"Smilers\" \/>\n<meta property=\"article:publisher\" content=\"https:\/\/www.facebook.com\/SmilersAligners\/\" \/>\n<meta property=\"article:modified_time\" content=\"2024-04-18T14:55:24+00:00\" \/>\n<meta name=\"twitter:card\" content=\"summary_large_image\" \/>\n<meta name=\"twitter:label1\" content=\"Tempo estimado de leitura\" \/>\n\t<meta name=\"twitter:data1\" content=\"1 minuto\" \/>\n<script type=\"application\/ld+json\" class=\"yoast-schema-graph\">{\"@context\":\"https:\/\/schema.org\",\"@graph\":[{\"@type\":\"WebPage\",\"@id\":\"https:\/\/www.smilers.com\/pt-pt\/carater-estetico-dos-nossos-alinhadores\/\",\"url\":\"https:\/\/www.smilers.com\/pt-pt\/carater-estetico-dos-nossos-alinhadores\/\",\"name\":\"Car\u00e1ter est\u00e9tico dos nossos alinhadores - Smilers\",\"isPartOf\":{\"@id\":\"https:\/\/www.smilers.com\/en\/#website\"},\"datePublished\":\"2021-12-13T15:38:57+00:00\",\"dateModified\":\"2024-04-18T14:55:24+00:00\",\"description\":\"Est\u00e9tica dos nossos alinhadores | Um material biocompat\u00edvel | Saiba mais sobre a composi\u00e7\u00e3o dos nossos alinhadores transparentes\",\"breadcrumb\":{\"@id\":\"https:\/\/www.smilers.com\/pt-pt\/carater-estetico-dos-nossos-alinhadores\/#breadcrumb\"},\"inLanguage\":\"pt-PT\",\"potentialAction\":[{\"@type\":\"ReadAction\",\"target\":[\"https:\/\/www.smilers.com\/pt-pt\/carater-estetico-dos-nossos-alinhadores\/\"]}]},{\"@type\":\"BreadcrumbList\",\"@id\":\"https:\/\/www.smilers.com\/pt-pt\/carater-estetico-dos-nossos-alinhadores\/#breadcrumb\",\"itemListElement\":[{\"@type\":\"ListItem\",\"position\":1,\"name\":\"Accueil\",\"item\":\"https:\/\/www.smilers.com\/pt-pt\/\"},{\"@type\":\"ListItem\",\"position\":2,\"name\":\"Car\u00e1ter est\u00e9tico dos nossos alinhadores\"}]},{\"@type\":\"WebSite\",\"@id\":\"https:\/\/www.smilers.com\/en\/#website\",\"url\":\"https:\/\/www.smilers.com\/en\/\",\"name\":\"Smilers\",\"description\":\"Le sourire chic \u00e0 la fran\u00e7aise\",\"publisher\":{\"@id\":\"https:\/\/www.smilers.com\/en\/#organization\"},\"potentialAction\":[{\"@type\":\"SearchAction\",\"target\":{\"@type\":\"EntryPoint\",\"urlTemplate\":\"https:\/\/www.smilers.com\/en\/?s={search_term_string}\"},\"query-input\":\"required name=search_term_string\"}],\"inLanguage\":\"pt-PT\"},{\"@type\":\"Organization\",\"@id\":\"https:\/\/www.smilers.com\/en\/#organization\",\"name\":\"Smilers\",\"url\":\"https:\/\/www.smilers.com\/en\/\",\"logo\":{\"@type\":\"ImageObject\",\"inLanguage\":\"pt-PT\",\"@id\":\"https:\/\/www.smilers.com\/en\/#\/schema\/logo\/image\/\",\"url\":\"https:\/\/www.smilers.com\/wp-content\/uploads\/2021\/08\/logo-detoure-noir.png\",\"contentUrl\":\"https:\/\/www.smilers.com\/wp-content\/uploads\/2021\/08\/logo-detoure-noir.png\",\"width\":784,\"height\":169,\"caption\":\"Smilers\"},\"image\":{\"@id\":\"https:\/\/www.smilers.com\/en\/#\/schema\/logo\/image\/\"},\"sameAs\":[\"https:\/\/www.facebook.com\/SmilersAligners\/\",\"https:\/\/www.instagram.com\/smilers_aligners\/?hl=fr\",\"https:\/\/www.youtube.com\/channel\/UCBKtCNaiCfi8H-aHS7ZZdJQ\"]}]}<\/script>\n<!-- \/ Yoast SEO plugin. -->","yoast_head_json":{"title":"Car\u00e1ter est\u00e9tico dos nossos alinhadores - Smilers","description":"Est\u00e9tica dos nossos alinhadores | Um material biocompat\u00edvel | Saiba mais sobre a composi\u00e7\u00e3o dos nossos alinhadores transparentes","robots":{"index":"index","follow":"follow","max-snippet":"max-snippet:-1","max-image-preview":"max-image-preview:large","max-video-preview":"max-video-preview:-1"},"canonical":"https:\/\/www.smilers.com\/pt-pt\/carater-estetico-dos-nossos-alinhadores\/","og_locale":"pt_PT","og_type":"article","og_title":"Car\u00e1ter est\u00e9tico dos nossos alinhadores - Smilers","og_description":"Est\u00e9tica dos nossos alinhadores | Um material biocompat\u00edvel | Saiba mais sobre a composi\u00e7\u00e3o dos nossos alinhadores transparentes","og_url":"https:\/\/www.smilers.com\/pt-pt\/carater-estetico-dos-nossos-alinhadores\/","og_site_name":"Smilers","article_publisher":"https:\/\/www.facebook.com\/SmilersAligners\/","article_modified_time":"2024-04-18T14:55:24+00:00","twitter_card":"summary_large_image","twitter_misc":{"Tempo estimado de leitura":"1 minuto"},"schema":{"@context":"https:\/\/schema.org","@graph":[{"@type":"WebPage","@id":"https:\/\/www.smilers.com\/pt-pt\/carater-estetico-dos-nossos-alinhadores\/","url":"https:\/\/www.smilers.com\/pt-pt\/carater-estetico-dos-nossos-alinhadores\/","name":"Car\u00e1ter est\u00e9tico dos nossos alinhadores - Smilers","isPartOf":{"@id":"https:\/\/www.smilers.com\/en\/#website"},"datePublished":"2021-12-13T15:38:57+00:00","dateModified":"2024-04-18T14:55:24+00:00","description":"Est\u00e9tica dos nossos alinhadores | Um material biocompat\u00edvel | Saiba mais sobre a composi\u00e7\u00e3o dos nossos alinhadores transparentes","breadcrumb":{"@id":"https:\/\/www.smilers.com\/pt-pt\/carater-estetico-dos-nossos-alinhadores\/#breadcrumb"},"inLanguage":"pt-PT","potentialAction":[{"@type":"ReadAction","target":["https:\/\/www.smilers.com\/pt-pt\/carater-estetico-dos-nossos-alinhadores\/"]}]},{"@type":"BreadcrumbList","@id":"https:\/\/www.smilers.com\/pt-pt\/carater-estetico-dos-nossos-alinhadores\/#breadcrumb","itemListElement":[{"@type":"ListItem","position":1,"name":"Accueil","item":"https:\/\/www.smilers.com\/pt-pt\/"},{"@type":"ListItem","position":2,"name":"Car\u00e1ter est\u00e9tico dos nossos alinhadores"}]},{"@type":"WebSite","@id":"https:\/\/www.smilers.com\/en\/#website","url":"https:\/\/www.smilers.com\/en\/","name":"Smilers","description":"Le sourire chic \u00e0 la fran\u00e7aise","publisher":{"@id":"https:\/\/www.smilers.com\/en\/#organization"},"potentialAction":[{"@type":"SearchAction","target":{"@type":"EntryPoint","urlTemplate":"https:\/\/www.smilers.com\/en\/?s={search_term_string}"},"query-input":"required name=search_term_string"}],"inLanguage":"pt-PT"},{"@type":"Organization","@id":"https:\/\/www.smilers.com\/en\/#organization","name":"Smilers","url":"https:\/\/www.smilers.com\/en\/","logo":{"@type":"ImageObject","inLanguage":"pt-PT","@id":"https:\/\/www.smilers.com\/en\/#\/schema\/logo\/image\/","url":"https:\/\/www.smilers.com\/wp-content\/uploads\/2021\/08\/logo-detoure-noir.png","contentUrl":"https:\/\/www.smilers.com\/wp-content\/uploads\/2021\/08\/logo-detoure-noir.png","width":784,"height":169,"caption":"Smilers"},"image":{"@id":"https:\/\/www.smilers.com\/en\/#\/schema\/logo\/image\/"},"sameAs":["https:\/\/www.facebook.com\/SmilersAligners\/","https:\/\/www.instagram.com\/smilers_aligners\/?hl=fr","https:\/\/www.youtube.com\/channel\/UCBKtCNaiCfi8H-aHS7ZZdJQ"]}]}},"_links":{"self":[{"href":"https:\/\/www.smilers.com\/pt-pt\/wp-json\/wp\/v2\/pages\/4486","targetHints":{"allow":["GET"]}}],"collection":[{"href":"https:\/\/www.smilers.com\/pt-pt\/wp-json\/wp\/v2\/pages"}],"about":[{"href":"https:\/\/www.smilers.com\/pt-pt\/wp-json\/wp\/v2\/types\/page"}],"author":[{"embeddable":true,"href":"https:\/\/www.smilers.com\/pt-pt\/wp-json\/wp\/v2\/users\/1"}],"replies":[{"embeddable":true,"href":"https:\/\/www.smilers.com\/pt-pt\/wp-json\/wp\/v2\/comments?post=4486"}],"version-history":[{"count":6,"href":"https:\/\/www.smilers.com\/pt-pt\/wp-json\/wp\/v2\/pages\/4486\/revisions"}],"predecessor-version":[{"id":4996,"href":"https:\/\/www.smilers.com\/pt-pt\/wp-json\/wp\/v2\/pages\/4486\/revisions\/4996"}],"wp:attachment":[{"href":"https:\/\/www.smilers.com\/pt-pt\/wp-json\/wp\/v2\/media?parent=4486"}],"curies":[{"name":"wp","href":"https:\/\/api.w.org\/{rel}","templated":true}]}}