{"id":6380,"date":"2022-01-24T19:05:16","date_gmt":"2022-01-24T18:05:16","guid":{"rendered":"https:\/\/www.smilers.com\/suis-je-eligible\/"},"modified":"2024-04-18T17:18:57","modified_gmt":"2024-04-18T15:18:57","slug":"suis-je-eligible","status":"publish","type":"page","link":"https:\/\/www.smilers.com\/pt-pt\/suis-je-eligible\/","title":{"rendered":"\u00c9 PARA MIM?"},"content":{"rendered":"<p>[vc_row][vc_column][vc_row_inner css=&#8221;.vc_custom_1644478909802{margin-bottom: 30px !important;}&#8221;][vc_column_inner][ts_about_text_content]<\/p>\n<h2>\u00c9 PARA MIM?<\/h2>\n<p>[\/ts_about_text_content][\/vc_column_inner][\/vc_row_inner][vc_row_inner][vc_column_inner][ts_about_text_content]Bem-vindo \u00e0 Ferramenta de Avalia\u00e7\u00e3o Smilers, um servi\u00e7o 100% gratuito e digital.<\/p>\n<p>Descubra em poucos cliques se o tratamento Smilers \u00e9 adequado para si.<\/p>\n<p>Etapas de avalia\u00e7\u00e3o<\/p>\n<ol>\n<li>Preencha a nossa ferramenta de avalia\u00e7\u00e3o online: fotografias, question\u00e1rio e detalhes de contacto.<\/li>\n<li>A Equipa Smilers analisa o seu caso dentro de 48 horas (dias \u00fateis).<\/li>\n<li>Se for eleg\u00edvel, marque uma consulta com um M\u00e9dico Dentista Smilers.<\/li>\n<li>Aproveite do seu novo sorriso \/li&gt;<\/li>\n<\/ol>\n<p>[\/ts_about_text_content][\/vc_column_inner][\/vc_row_inner][\/vc_column][\/vc_row][vc_row][vc_column][vc_raw_html]JTNDZGl2JTIwY2xhc3MlM0QlMjJibGFjay1saW5rLWRpdiUyMiUzRSUwQSUzQ2RpdiUyMGNsYXNzJTNEJTIyYmxhY2stbGluayUyMiUzRSUzQ2ElMjBocmVmJTNEJTIyaHR0cHMlM0ElMkYlMkZ3d3cuc21pbGVycy5jb20lMkZlbiUyRmVsaWdpYmxlLWZvcm11bGFpcmUlMkYlMjIlM0VMZXQlMjdzJTIwc3RhcnQlM0MlMkZhJTNFJTNDJTJGZGl2JTNFJTBBJTNDJTJGZGl2JTNF[\/vc_raw_html][\/vc_column][\/vc_row]<\/p>\n","protected":false},"excerpt":{"rendered":"<p>[vc_row][vc_column][vc_row_inner css=&#8221;.vc_custom_1644478909802{margin-bottom: 30px !important;}&#8221;][vc_column_inner][ts_about_text_content] \u00c9 PARA MIM? [\/ts_about_text_content][\/vc_column_inner][\/vc_row_inner][vc_row_inner][vc_column_inner][ts_about_text_content]Bem-vindo \u00e0 Ferramenta de Avalia\u00e7\u00e3o Smilers, um servi\u00e7o 100% gratuito e digital. Descubra em poucos cliques se o tratamento Smilers \u00e9 adequado para si. Etapas de avalia\u00e7\u00e3o Preencha a nossa ferramenta de avalia\u00e7\u00e3o online: fotografias, question\u00e1rio e detalhes de contacto. A Equipa Smilers analisa o seu caso dentro [&hellip;]<\/p>\n","protected":false},"author":1,"featured_media":0,"parent":0,"menu_order":0,"comment_status":"closed","ping_status":"closed","template":"","meta":{"pgc_sgb_lightbox_settings":"","footnotes":""},"class_list":["post-6380","page","type-page","status-publish","hentry"],"yoast_head":"<!-- This site is optimized with the Yoast SEO plugin v22.0 - https:\/\/yoast.com\/wordpress\/plugins\/seo\/ -->\n<title>\u00c9 PARA MIM? - Smilers<\/title>\n<meta name=\"description\" content=\"Descubra em apenas alguns segundos se \u00e9 eleg\u00edvel utilizando o nosso servi\u00e7o digital gratuito\" \/>\n<meta name=\"robots\" content=\"index, follow, max-snippet:-1, max-image-preview:large, max-video-preview:-1\" \/>\n<link rel=\"canonical\" href=\"https:\/\/www.smilers.com\/pt-pt\/suis-je-eligible\/\" \/>\n<meta property=\"og:locale\" content=\"pt_PT\" \/>\n<meta property=\"og:type\" content=\"article\" \/>\n<meta property=\"og:title\" content=\"\u00c9 PARA MIM? - Smilers\" \/>\n<meta property=\"og:description\" content=\"Descubra em apenas alguns segundos se \u00e9 eleg\u00edvel utilizando o nosso servi\u00e7o digital gratuito\" \/>\n<meta property=\"og:url\" content=\"https:\/\/www.smilers.com\/pt-pt\/suis-je-eligible\/\" \/>\n<meta property=\"og:site_name\" content=\"Smilers\" \/>\n<meta property=\"article:publisher\" content=\"https:\/\/www.facebook.com\/SmilersAligners\/\" \/>\n<meta property=\"article:modified_time\" content=\"2024-04-18T15:18:57+00:00\" \/>\n<meta name=\"twitter:card\" content=\"summary_large_image\" \/>\n<meta name=\"twitter:label1\" content=\"Tempo estimado de leitura\" \/>\n\t<meta name=\"twitter:data1\" content=\"1 minuto\" \/>\n<script type=\"application\/ld+json\" class=\"yoast-schema-graph\">{\"@context\":\"https:\/\/schema.org\",\"@graph\":[{\"@type\":\"WebPage\",\"@id\":\"https:\/\/www.smilers.com\/pt-pt\/suis-je-eligible\/\",\"url\":\"https:\/\/www.smilers.com\/pt-pt\/suis-je-eligible\/\",\"name\":\"\u00c9 PARA MIM? - Smilers\",\"isPartOf\":{\"@id\":\"https:\/\/www.smilers.com\/en\/#website\"},\"datePublished\":\"2022-01-24T18:05:16+00:00\",\"dateModified\":\"2024-04-18T15:18:57+00:00\",\"description\":\"Descubra em apenas alguns segundos se \u00e9 eleg\u00edvel utilizando o nosso servi\u00e7o digital gratuito\",\"breadcrumb\":{\"@id\":\"https:\/\/www.smilers.com\/pt-pt\/suis-je-eligible\/#breadcrumb\"},\"inLanguage\":\"pt-PT\",\"potentialAction\":[{\"@type\":\"ReadAction\",\"target\":[\"https:\/\/www.smilers.com\/pt-pt\/suis-je-eligible\/\"]}]},{\"@type\":\"BreadcrumbList\",\"@id\":\"https:\/\/www.smilers.com\/pt-pt\/suis-je-eligible\/#breadcrumb\",\"itemListElement\":[{\"@type\":\"ListItem\",\"position\":1,\"name\":\"Accueil\",\"item\":\"https:\/\/www.smilers.com\/pt-pt\/\"},{\"@type\":\"ListItem\",\"position\":2,\"name\":\"\u00c9 PARA MIM?\"}]},{\"@type\":\"WebSite\",\"@id\":\"https:\/\/www.smilers.com\/en\/#website\",\"url\":\"https:\/\/www.smilers.com\/en\/\",\"name\":\"Smilers\",\"description\":\"Le sourire chic \u00e0 la fran\u00e7aise\",\"publisher\":{\"@id\":\"https:\/\/www.smilers.com\/en\/#organization\"},\"potentialAction\":[{\"@type\":\"SearchAction\",\"target\":{\"@type\":\"EntryPoint\",\"urlTemplate\":\"https:\/\/www.smilers.com\/en\/?s={search_term_string}\"},\"query-input\":\"required name=search_term_string\"}],\"inLanguage\":\"pt-PT\"},{\"@type\":\"Organization\",\"@id\":\"https:\/\/www.smilers.com\/en\/#organization\",\"name\":\"Smilers\",\"url\":\"https:\/\/www.smilers.com\/en\/\",\"logo\":{\"@type\":\"ImageObject\",\"inLanguage\":\"pt-PT\",\"@id\":\"https:\/\/www.smilers.com\/en\/#\/schema\/logo\/image\/\",\"url\":\"https:\/\/www.smilers.com\/wp-content\/uploads\/2021\/08\/logo-detoure-noir.png\",\"contentUrl\":\"https:\/\/www.smilers.com\/wp-content\/uploads\/2021\/08\/logo-detoure-noir.png\",\"width\":784,\"height\":169,\"caption\":\"Smilers\"},\"image\":{\"@id\":\"https:\/\/www.smilers.com\/en\/#\/schema\/logo\/image\/\"},\"sameAs\":[\"https:\/\/www.facebook.com\/SmilersAligners\/\",\"https:\/\/www.instagram.com\/smilers_aligners\/?hl=fr\",\"https:\/\/www.youtube.com\/channel\/UCBKtCNaiCfi8H-aHS7ZZdJQ\"]}]}<\/script>\n<!-- \/ Yoast SEO plugin. -->","yoast_head_json":{"title":"\u00c9 PARA MIM? - Smilers","description":"Descubra em apenas alguns segundos se \u00e9 eleg\u00edvel utilizando o nosso servi\u00e7o digital gratuito","robots":{"index":"index","follow":"follow","max-snippet":"max-snippet:-1","max-image-preview":"max-image-preview:large","max-video-preview":"max-video-preview:-1"},"canonical":"https:\/\/www.smilers.com\/pt-pt\/suis-je-eligible\/","og_locale":"pt_PT","og_type":"article","og_title":"\u00c9 PARA MIM? - Smilers","og_description":"Descubra em apenas alguns segundos se \u00e9 eleg\u00edvel utilizando o nosso servi\u00e7o digital gratuito","og_url":"https:\/\/www.smilers.com\/pt-pt\/suis-je-eligible\/","og_site_name":"Smilers","article_publisher":"https:\/\/www.facebook.com\/SmilersAligners\/","article_modified_time":"2024-04-18T15:18:57+00:00","twitter_card":"summary_large_image","twitter_misc":{"Tempo estimado de leitura":"1 minuto"},"schema":{"@context":"https:\/\/schema.org","@graph":[{"@type":"WebPage","@id":"https:\/\/www.smilers.com\/pt-pt\/suis-je-eligible\/","url":"https:\/\/www.smilers.com\/pt-pt\/suis-je-eligible\/","name":"\u00c9 PARA MIM? - Smilers","isPartOf":{"@id":"https:\/\/www.smilers.com\/en\/#website"},"datePublished":"2022-01-24T18:05:16+00:00","dateModified":"2024-04-18T15:18:57+00:00","description":"Descubra em apenas alguns segundos se \u00e9 eleg\u00edvel utilizando o nosso servi\u00e7o digital gratuito","breadcrumb":{"@id":"https:\/\/www.smilers.com\/pt-pt\/suis-je-eligible\/#breadcrumb"},"inLanguage":"pt-PT","potentialAction":[{"@type":"ReadAction","target":["https:\/\/www.smilers.com\/pt-pt\/suis-je-eligible\/"]}]},{"@type":"BreadcrumbList","@id":"https:\/\/www.smilers.com\/pt-pt\/suis-je-eligible\/#breadcrumb","itemListElement":[{"@type":"ListItem","position":1,"name":"Accueil","item":"https:\/\/www.smilers.com\/pt-pt\/"},{"@type":"ListItem","position":2,"name":"\u00c9 PARA MIM?"}]},{"@type":"WebSite","@id":"https:\/\/www.smilers.com\/en\/#website","url":"https:\/\/www.smilers.com\/en\/","name":"Smilers","description":"Le sourire chic \u00e0 la fran\u00e7aise","publisher":{"@id":"https:\/\/www.smilers.com\/en\/#organization"},"potentialAction":[{"@type":"SearchAction","target":{"@type":"EntryPoint","urlTemplate":"https:\/\/www.smilers.com\/en\/?s={search_term_string}"},"query-input":"required name=search_term_string"}],"inLanguage":"pt-PT"},{"@type":"Organization","@id":"https:\/\/www.smilers.com\/en\/#organization","name":"Smilers","url":"https:\/\/www.smilers.com\/en\/","logo":{"@type":"ImageObject","inLanguage":"pt-PT","@id":"https:\/\/www.smilers.com\/en\/#\/schema\/logo\/image\/","url":"https:\/\/www.smilers.com\/wp-content\/uploads\/2021\/08\/logo-detoure-noir.png","contentUrl":"https:\/\/www.smilers.com\/wp-content\/uploads\/2021\/08\/logo-detoure-noir.png","width":784,"height":169,"caption":"Smilers"},"image":{"@id":"https:\/\/www.smilers.com\/en\/#\/schema\/logo\/image\/"},"sameAs":["https:\/\/www.facebook.com\/SmilersAligners\/","https:\/\/www.instagram.com\/smilers_aligners\/?hl=fr","https:\/\/www.youtube.com\/channel\/UCBKtCNaiCfi8H-aHS7ZZdJQ"]}]}},"_links":{"self":[{"href":"https:\/\/www.smilers.com\/pt-pt\/wp-json\/wp\/v2\/pages\/6380","targetHints":{"allow":["GET"]}}],"collection":[{"href":"https:\/\/www.smilers.com\/pt-pt\/wp-json\/wp\/v2\/pages"}],"about":[{"href":"https:\/\/www.smilers.com\/pt-pt\/wp-json\/wp\/v2\/types\/page"}],"author":[{"embeddable":true,"href":"https:\/\/www.smilers.com\/pt-pt\/wp-json\/wp\/v2\/users\/1"}],"replies":[{"embeddable":true,"href":"https:\/\/www.smilers.com\/pt-pt\/wp-json\/wp\/v2\/comments?post=6380"}],"version-history":[{"count":11,"href":"https:\/\/www.smilers.com\/pt-pt\/wp-json\/wp\/v2\/pages\/6380\/revisions"}],"predecessor-version":[{"id":8718,"href":"https:\/\/www.smilers.com\/pt-pt\/wp-json\/wp\/v2\/pages\/6380\/revisions\/8718"}],"wp:attachment":[{"href":"https:\/\/www.smilers.com\/pt-pt\/wp-json\/wp\/v2\/media?parent=6380"}],"curies":[{"name":"wp","href":"https:\/\/api.w.org\/{rel}","templated":true}]}}